{"id":766,"date":"2021-09-03T12:28:14","date_gmt":"2021-09-03T10:28:14","guid":{"rendered":"http:\/\/icar.cnrs.fr\/corinte\/?page_id=766"},"modified":"2021-09-24T11:30:18","modified_gmt":"2021-09-24T09:30:18","slug":"conception-du-plan-de-gestion-des-donnees-et-science-ouverte","status":"publish","type":"page","link":"https:\/\/icar.cnrs.fr\/corinte\/demarches-juridiques\/conception-du-plan-de-gestion-des-donnees-et-science-ouverte\/","title":{"rendered":"Conception du plan de gestion des donn\u00e9es et science ouverte"},"content":{"rendered":"<p>&nbsp;<\/p>\n<p><span style=\"font-weight: 400\">La mise \u00e0 disposition des donn\u00e9es et des outils pour les explorer \u00e0 la communaut\u00e9 scientifique fait partie des bonnes pratiques que le chercheur doit garantir d\u00e8s le d\u00e9but de tout projet de recherche ou recueil de donn\u00e9es et actualiser au cours des diff\u00e9rentes \u00e9tapes jusqu\u2019\u00e0 la diffusion elle-m\u00eame. Cette pratique est vivement encourag\u00e9e par les instances \u00e9valuatrices des projets qui \u00e9ditent un guide que nous vous invitons \u00e0 consulter au fur et \u00e0 mesure de ses actualisations, par exemple avec le guide PGD sur le site de l\u2019ANR (<\/span><span style=\"color: #0000ff\"><a style=\"color: #0000ff\" href=\"https:\/\/anr.fr\"><span style=\"font-weight: 400\">https:\/\/anr.fr<\/span><\/a><\/span><span style=\"font-weight: 400\">) ou Horizon Europe (<\/span><span style=\"color: #0000ff\"><a style=\"color: #0000ff\" href=\"https:\/\/www.horizon-europe.gouv.fr\/\"><span style=\"font-weight: 400\">https:\/\/www.horizon-europe.gouv.fr\/<\/span><\/a><\/span><span style=\"font-weight: 400\">) dans le cadre des projets europ\u00e9ens.<\/span><\/p>\n<p><span style=\"font-weight: 400\">Cette notion est corr\u00e9l\u00e9e aux principes FAIR (Findable Accessible Interoperable Reusable) qui r\u00e9gissent les bonnes pratiques en mati\u00e8re de donn\u00e9es, une donn\u00e9e scientifique n\u2019\u00e9tant pas consid\u00e9r\u00e9e comme valide que si elle peut \u00eatre v\u00e9rifi\u00e9e par les pairs et r\u00e9utilis\u00e9e pour poursuivre les recherches \u00e0 partir des travaux ant\u00e9rieurs. La science ouverte cherche en effet aussi bien \u00e0 rendre accessible les publications scientifiques que les donn\u00e9es de recherche pour garantir la continuit\u00e9 des travaux.<\/span><\/p>\n<p><span style=\"font-weight: 400\">L\u2019objectif du plan de gestion des donn\u00e9es est de consigner, d\u00e8s la conception du projet, l\u2019ensemble des donn\u00e9es qui seront recueillies, leurs caract\u00e9ristiques, leurs conditions d\u2019utilisation et leur diffusion pendant et apr\u00e8s le projet.<\/span><\/p>\n<h3><span style=\"color: #33cccc\"><b>Place du PGD et de l\u2019Open Science dans le projet<\/b><\/span><\/h3>\n<p><span style=\"font-weight: 400\">Nous attirons votre attention sur le fait que vous ne pouvez pas attendre l\u2019\u00e9tape de diffusion pour vous en charger, vous seriez alors confront\u00e9 \u00e0 des descripteurs (ou m\u00e9tadonn\u00e9es) absents qui rendraient vos donn\u00e9es difficiles \u00e0 comprendre, et donc \u00e0 r\u00e9utiliser, par des chercheurs d\u2019un autre domaine ou bien \u00e0 des autorisations des locuteurs.trices qui seraient insuffisantes pour donner l\u2019acc\u00e8s aux enregistrements \u00e0 des membres externes au projet.<\/span><\/p>\n<h3><span style=\"color: #33cccc\"><b>PGD et donn\u00e9es g\u00e9n\u00e9rales<\/b><\/span><\/h3>\n<p><span style=\"font-weight: 400\">Dans une premi\u00e8re \u00e9tape, il faut identifier la nature des donn\u00e9es, leur condition d\u2019obtention, leur format, leur volume, les m\u00e9tadonn\u00e9es associ\u00e9es,\u00a0 les\u00a0 donn\u00e9es\u00a0 r\u00e9utilisables, le(s) logiciel(s) requis,\u00a0 puis sugg\u00e9rer des r\u00e9utilisations possibles, en particulier si c\u2019est d\u00e9j\u00e0 le cas.<\/span><\/p>\n<h3><span style=\"color: #33cccc\"><b>PGD et Aspects juridiques<\/b><\/span><\/h3>\n<p><span style=\"font-weight: 400\">A travers des questions cibl\u00e9es, le Plan de Gestion des Donn\u00e9es permet de r\u00e9pondre pr\u00e9cis\u00e9ment aux questions juridiques li\u00e9es aux donn\u00e9es collect\u00e9es, pour guider les chercheurs dans leurs \u00e9ventuelles restrictions d\u2019acc\u00e8s, sans \u00e9tiqueter syst\u00e9matiquement l\u2019ensemble des donn\u00e9es comme sensibles. Des licences d\u2019utilisation connues sur le plan international et faisant l\u2019objet de description compl\u00e8te seront propos\u00e9es.<\/span><\/p>\n<p><span style=\"font-weight: 400\">Un autre \u00e9l\u00e9ment de r\u00e9ponse concerne le consortium qui r\u00e9git un projet et la responsabilit\u00e9 de chacun de ces acteurs.<\/span><\/p>\n<p><b>PGD : quelques questions pour l\u2019\u00e9laborer<\/b><\/p>\n<ul>\n<li style=\"font-weight: 400\"><span style=\"font-weight: 400\">Y a-t-il une obligation de partage (ou \u00e0 l\u2019inverse une interdiction ou une restriction) ?<\/span><\/li>\n<li style=\"font-weight: 400\"><span style=\"font-weight: 400\">Quelles donn\u00e9es seront partag\u00e9es \u00e0 l\u2019issue du projet ? Si toutes les donn\u00e9es ne sont pas disponibles de la m\u00eame fa\u00e7on, ou en m\u00eame temps, le pr\u00e9ciser.<\/span><\/li>\n<li style=\"font-weight: 400\"><span style=\"font-weight: 400\">Quelles sont les r\u00e9utilisations potentielles de ces donn\u00e9es ?<\/span><\/li>\n<li style=\"font-weight: 400\"><span style=\"font-weight: 400\">La lecture des donn\u00e9es n\u00e9cessite-t-elle le recours \u00e0 un logiciel ou un outil sp\u00e9cifique ? Si oui, lequel et comment y acc\u00e9der ?<\/span><\/li>\n<li style=\"font-weight: 400\"><span style=\"font-weight: 400\">Comment les donn\u00e9es seront-elles partag\u00e9es ? Comment les donn\u00e9es sont-elles rendues accessibles ? <span style=\"color: #ff0000\"><span style=\"color: #000000\">(voir la section<\/span> <span style=\"color: #0000ff\"><a style=\"color: #0000ff\" href=\"https:\/\/icar.cnrs.fr\/corinte\/les-infrastructures-numeriques-de-mutualisation-de-corpus\/\">Les infrastructures num\u00e9riques de mutualisation de corpus<\/a><\/span><\/span>).<\/span><\/li>\n<li style=\"font-weight: 400\"><span style=\"font-weight: 400\">Avec qui\u00a0 les donn\u00e9es seront-elles partag\u00e9es ? Sous quelle licence ? Quelles seront les proc\u00e9dures d\u2019acc\u00e8s : ouverture \u00e0 tous ou \u00e0 un groupe sp\u00e9cifique, type de contr\u00f4le ? <span style=\"color: #ff0000\">(Voir : Choisir une licence)<\/span><\/span><\/li>\n<li style=\"font-weight: 400\"><span style=\"font-weight: 400\">A partir de quand, et pendant combien de temps, les donn\u00e9es seront-elles partag\u00e9es ?<\/span><\/li>\n<\/ul>\n<p><b>Ressources disponibles\u00a0<\/b><\/p>\n<p><span style=\"font-weight: 400\">Certains mod\u00e8les de Plans de gestion des donn\u00e9es sont disponibles sur Internet pour permettre aux autres chercheurs de les adapter \u00e0 leurs\u00a0 besoins propres, ainsi que des logiciels pour faciliter le\u00a0 \u201cd\u00e9roulement\u201d des diff\u00e9rentes \u00e9tapes. Actuellement, on peut citer :<\/span><\/p>\n<ul>\n<li style=\"font-weight: 400\"><span style=\"font-weight: 400\">la pr\u00e9sentation \u201c<span style=\"color: #800080\">Guidelines on FAIR data management in Horizon 2020<\/span>\u201d\u00a0;<\/span><\/li>\n<li style=\"font-weight: 400\"><span style=\"font-weight: 400\">la pr\u00e9sentation de la science ouverte et du PGD sur le site de l\u2019<span style=\"color: #0000ff\"><a style=\"color: #0000ff\" href=\"https:\/\/anr.fr\/fr\/lanr-et-la-recherche\/engagements-et-valeurs\/la-science-ouverte\/\">ANR<\/a><\/span> \u00a0;<\/span><\/li>\n<li style=\"font-weight: 400\"><span style=\"font-weight: 400\">le site <a href=\"https:\/\/dmp.opidor.fr\/\"><span style=\"color: #0000ff\">DMP OPIDOR<\/span><\/a> (DMP Data management Plan est la version anglaise du PGD) propose des mod\u00e8les de PGD pour des jeux de donn\u00e9es de diff\u00e9rentes natures\u00a0 et h\u00e9berge, entre autres, le mod\u00e8le de PGD de l\u2019ANR\u00a0;<\/span><\/li>\n<li style=\"font-weight: 400\"><span style=\"font-weight: 400\">les <a href=\"https:\/\/anr.fr\/fr\/ressources\/webinaires\/\"><span style=\"color: #0000ff\">webinaires<\/span><\/a> de l\u2019ANR, des institutions ou l\u2019<span style=\"color: #0000ff\"><a style=\"color: #0000ff\" href=\"https:\/\/tour.opidor.fr\/\">OPIDOR Tour<\/a><\/span> qui circule dans les diff\u00e9rentes villes universitaires en France<\/span><\/li>\n<\/ul>\n<p><span style=\"color: #000000\"><b>PGD de structure<\/b><\/span><\/p>\n<p><span style=\"font-weight: 400\">En parall\u00e8le des Plans de Gestion des Donn\u00e9es pour les projets, d\u2019autres types de Plans de Gestion des Donn\u00e9es (pour les donn\u00e9es elles-m\u00eames, pour les structures, etc.) sont en train d\u2019\u00e9merger \u2026 \u00c0 Suivre<\/span><\/p>\n","protected":false},"excerpt":{"rendered":"<p>&nbsp; La mise \u00e0 disposition des donn\u00e9es et des outils pour les explorer \u00e0 la communaut\u00e9 scientifique fait partie des bonnes pratiques que le chercheur doit garantir d\u00e8s le d\u00e9but&#8230;<\/p>\n","protected":false},"author":28,"featured_media":0,"parent":719,"menu_order":0,"comment_status":"closed","ping_status":"closed","template":"","meta":{"inline_featured_image":false,"footnotes":""},"class_list":["post-766","page","type-page","status-publish","hentry"],"_links":{"self":[{"href":"https:\/\/icar.cnrs.fr\/corinte\/wp-json\/wp\/v2\/pages\/766","targetHints":{"allow":["GET"]}}],"collection":[{"href":"https:\/\/icar.cnrs.fr\/corinte\/wp-json\/wp\/v2\/pages"}],"about":[{"href":"https:\/\/icar.cnrs.fr\/corinte\/wp-json\/wp\/v2\/types\/page"}],"author":[{"embeddable":true,"href":"https:\/\/icar.cnrs.fr\/corinte\/wp-json\/wp\/v2\/users\/28"}],"replies":[{"embeddable":true,"href":"https:\/\/icar.cnrs.fr\/corinte\/wp-json\/wp\/v2\/comments?post=766"}],"version-history":[{"count":4,"href":"https:\/\/icar.cnrs.fr\/corinte\/wp-json\/wp\/v2\/pages\/766\/revisions"}],"predecessor-version":[{"id":990,"href":"https:\/\/icar.cnrs.fr\/corinte\/wp-json\/wp\/v2\/pages\/766\/revisions\/990"}],"up":[{"embeddable":true,"href":"https:\/\/icar.cnrs.fr\/corinte\/wp-json\/wp\/v2\/pages\/719"}],"wp:attachment":[{"href":"https:\/\/icar.cnrs.fr\/corinte\/wp-json\/wp\/v2\/media?parent=766"}],"curies":[{"name":"wp","href":"https:\/\/api.w.org\/{rel}","templated":true}]}}