{"id":778,"date":"2021-09-03T13:56:35","date_gmt":"2021-09-03T11:56:35","guid":{"rendered":"http:\/\/icar.cnrs.fr\/corinte\/?page_id=778"},"modified":"2021-09-21T11:04:15","modified_gmt":"2021-09-21T09:04:15","slug":"redaction-des-autorisations-denregistrement-en-lien-avec-les-services-juridiques-des-etablissements","status":"publish","type":"page","link":"https:\/\/icar.cnrs.fr\/corinte\/demarches-juridiques\/redaction-des-autorisations-denregistrement-en-lien-avec-les-services-juridiques-des-etablissements\/","title":{"rendered":"R\u00e9daction des autorisations d\u2019enregistrement en lien avec les services juridiques des \u00e9tablissements"},"content":{"rendered":"<p>La collecte et le traitement de donn\u00e9es personnelles, en tant que telles, sont interdits par la loi. Cependant, le RGPD (R\u00e8glement G\u00e9n\u00e9ral sur la Protection des donn\u00e9es) pr\u00e9voit un r\u00e9gime d\u00e9rogatoire pour les activit\u00e9s de recherche scientifique, destin\u00e9 \u00e0 faciliter les traitements de ces donn\u00e9es. Dans ce cas, il n\u2019est pas n\u00e9cessaire de faire signer une autorisation aux enqu\u00eat\u00e9s, mais ils doivent obligatoirement \u00eatre <span style=\"color: #0000ff\"><a style=\"color: #0000ff\" href=\"https:\/\/icar.cnrs.fr\/corinte\/informer-consentement-eclaire\/\">inform\u00e9s du traitement<\/a><\/span> qui sera fait de leurs donn\u00e9es.<\/p>\n<blockquote><p>Par ailleurs, si cette collecte passe par l\u2019enregistrement de la voix ou de l\u2019image des personnes (donn\u00e9es enregistr\u00e9es ou vid\u00e9o-enregistr\u00e9es), c\u2019est alors le <strong>droit \u00e0 l\u2019image<\/strong> (et au respect de la vie priv\u00e9e) qui s\u2019applique. Dans le droit fran\u00e7ais, chaque individu a un droit exclusif sur son image et sur l\u2019utilisation qui en est faite. Il est donc n\u00e9cessaire de recueillir le consentement d\u2019une personne avant de diffuser son image.<\/p><\/blockquote>\n<p>Ce consentement doit passer par la signature d\u2019un formulaire <strong>\u00e9crit<\/strong> qui doit contenir un certain nombre d\u2019informations l\u00e9gales et d\u00e9crire, en des termes juridiques, toutes les utilisations qui seront faites des donn\u00e9es. Etablir ce document en garantissant sa conformit\u00e9 rend n\u00e9cessaire de solliciter l\u2019aide <span style=\"color: #0000ff\"><span style=\"color: #000000\">d\u2019un service juridique ou du<\/span> <a style=\"color: #0000ff\" href=\"https:\/\/icar.cnrs.fr\/corinte\/demarches-juridiques\/declaration-de-traitement-de-donnees-a-caractere-personnel\/\">d\u00e9l\u00e9gu\u00e9 \u00e0 la protection des donn\u00e9es<\/a><\/span> d\u2019un \u00e9tablissement de tutelle.<\/p>\n<blockquote><p>Ce document, pr\u00e9sent\u00e9 plus en d\u00e9tail dans la session <span style=\"color: #0000ff\"><a style=\"color: #0000ff\" href=\"https:\/\/icar.cnrs.fr\/corinte\/autorisation-de-droit-a-limage\/\"><strong>Autorisation de droit \u00e0 l&rsquo;image<\/strong><\/a><\/span>, doit notamment contenir :<\/p>\n<ul>\n<li>l&rsquo;identit\u00e9 du responsable de traitement (\u00e0 savoir le\/la directeur\/directrice du laboratoire),<\/li>\n<li>les finalit\u00e9s poursuivies par le traitement,<\/li>\n<li>les destinataires des donn\u00e9es,<\/li>\n<li>la dur\u00e9e de conservation des donn\u00e9es,<\/li>\n<li>les coordonn\u00e9es du DPD (D\u00e9l\u00e9gu\u00e9 \u00e0 la Protection des Donn\u00e9es) et du contact pour les questions sur la protection des donn\u00e9es,<\/li>\n<li>les droits des enqu\u00eat\u00e9s d&rsquo;opposition (refuser l\u2019utilisation de leurs donn\u00e9es personnelles), d&rsquo;acc\u00e8s (demander l\u2019acc\u00e8s aux donn\u00e9es personnelles les concernant), de rectification (modifier des informations inexactes ou incompl\u00e8tes les concernant), d\u2019effacement (demander d\u2019effacer les donn\u00e9es collect\u00e9es), de limitation du traitement (donner un acc\u00e8s limit\u00e9 et sur demande uniquement) et de portabilit\u00e9 (obtenir et r\u00e9utiliser une copie de leurs donn\u00e9es) ainsi que les modalit\u00e9s d&rsquo;exercice de ces droits,<\/li>\n<li>la base juridique du traitement de donn\u00e9es (lic\u00e9it\u00e9),<\/li>\n<li>et le droit d\u2019introduire une r\u00e9clamation aupr\u00e8s la CNIL.<\/li>\n<\/ul>\n<\/blockquote>\n","protected":false},"excerpt":{"rendered":"<p>La collecte et le traitement de donn\u00e9es personnelles, en tant que telles, sont interdits par la loi. Cependant, le RGPD (R\u00e8glement G\u00e9n\u00e9ral sur la Protection des donn\u00e9es) pr\u00e9voit un r\u00e9gime&#8230;<\/p>\n","protected":false},"author":28,"featured_media":0,"parent":719,"menu_order":3,"comment_status":"closed","ping_status":"closed","template":"","meta":{"inline_featured_image":false,"footnotes":""},"class_list":["post-778","page","type-page","status-publish","hentry"],"_links":{"self":[{"href":"https:\/\/icar.cnrs.fr\/corinte\/wp-json\/wp\/v2\/pages\/778","targetHints":{"allow":["GET"]}}],"collection":[{"href":"https:\/\/icar.cnrs.fr\/corinte\/wp-json\/wp\/v2\/pages"}],"about":[{"href":"https:\/\/icar.cnrs.fr\/corinte\/wp-json\/wp\/v2\/types\/page"}],"author":[{"embeddable":true,"href":"https:\/\/icar.cnrs.fr\/corinte\/wp-json\/wp\/v2\/users\/28"}],"replies":[{"embeddable":true,"href":"https:\/\/icar.cnrs.fr\/corinte\/wp-json\/wp\/v2\/comments?post=778"}],"version-history":[{"count":6,"href":"https:\/\/icar.cnrs.fr\/corinte\/wp-json\/wp\/v2\/pages\/778\/revisions"}],"predecessor-version":[{"id":924,"href":"https:\/\/icar.cnrs.fr\/corinte\/wp-json\/wp\/v2\/pages\/778\/revisions\/924"}],"up":[{"embeddable":true,"href":"https:\/\/icar.cnrs.fr\/corinte\/wp-json\/wp\/v2\/pages\/719"}],"wp:attachment":[{"href":"https:\/\/icar.cnrs.fr\/corinte\/wp-json\/wp\/v2\/media?parent=778"}],"curies":[{"name":"wp","href":"https:\/\/api.w.org\/{rel}","templated":true}]}}