{"id":15416,"date":"2026-01-25T16:43:02","date_gmt":"2026-01-25T15:43:02","guid":{"rendered":"https:\/\/icar.cnrs.fr\/dicoplantin\/?page_id=15416"},"modified":"2026-01-25T18:21:58","modified_gmt":"2026-01-25T17:21:58","slug":"actualites-mp","status":"publish","type":"page","link":"https:\/\/icar.cnrs.fr\/dicoplantin\/actualites-mp\/","title":{"rendered":"ACTUALIT\u00c9S mp"},"content":{"rendered":"<h1 style=\"text-align: center;\"><span style=\"color: #ff0000;\">ACTUALIT\u00c9S<\/span><\/h1>\n<hr \/>\n<h2><span style=\"color: #ff0000;\"><strong>Buenos Aires, Martes 18 de Noviembre<\/strong><\/span><\/h2>\n<p><a href=\"https:\/\/icar.cnrs.fr\/dicoplantin\/wp-content\/uploads\/2025\/11\/5-SAEL-V5.-ENVOI-18-11-25_19h-1.pptx\"><strong><span style=\"font-size: 12pt;\">Tiempos de miedo<\/span><\/strong><\/a><strong>\u00a0<\/strong><\/p>\n<p><strong>Conferencia SAEL (18-11-25)<\/strong><\/p>\n<hr \/>\n<h2><span style=\"color: #ff0000;\"><strong>Bogot\u00e1, 3 a 7 de\u00a0 Noviembre, Universidad F. J. de Caldas,<br \/>\nDoctorado Interinstitucional\u00a0<\/strong><\/span><\/h2>\n<p><strong>CONFERENCIA, martes, 2 de noviembre 2025<br \/>\n<a href=\"https:\/\/icar.cnrs.fr\/dicoplantin\/wp-content\/uploads\/2025\/11\/1-Conferencia-11-11-24.pptx\">Razonamieno Natural<\/a>\u00a0 [Documento provisional]<\/strong><\/p>\n<p><strong>SEMINARIO (1) mi\u00e9rc., 3 de noviembre 2025<br \/>\n<a href=\"https:\/\/icar.cnrs.fr\/dicoplantin\/wp-content\/uploads\/2025\/11\/Sit_arg_ES_Re_.V2.docx\">Situaci\u00f3n_argumentativa<\/a> (id.)<br \/>\nDocumento de estudio:\u00a0 <a href=\"https:\/\/icar.cnrs.fr\/dicoplantin\/wp-content\/uploads\/2025\/11\/1-Beeching_sociol-7-9-esp.pdf\">Beeching_ES (id.)<\/a><\/strong><\/p>\n<p><strong>SEMINARIO (2) jue., 4 de noviembre 2025<br \/>\n<a href=\"https:\/\/icar.cnrs.fr\/membre\/cplantin\/emotion\/\">M\u00f3dulos para el estudio de la emoci\u00f3n<\/a> \/ Modules pour l&rsquo;\u00e9tude de l&rsquo;\u00e9motion<br \/>\nDocumento: <a href=\"https:\/\/icar.cnrs.fr\/dicoplantin\/wp-content\/uploads\/2025\/11\/0.-Plantin_BRdE.pdf\">Chr. Plantin Les bonnes raisons des \u00e9motions.pdf<\/a><br \/>\n<\/strong><strong><a href=\"https:\/\/icar.cnrs.fr\/dicoplantin\/wp-content\/uploads\/2025\/11\/Emociones-2025.pptx\">Emociones 2025.pptx<\/a><\/strong><\/p>\n<p>&nbsp;<\/p>\n<p><img loading=\"lazy\" decoding=\"async\" class=\"alignnone wp-image-15038\" src=\"https:\/\/icar.cnrs.fr\/dicoplantin\/wp-content\/uploads\/2025\/10\/Capture-de\u0301cran-2025-10-15-a\u0300-20.33.22-1-300x11.png\" alt=\"\" width=\"655\" height=\"24\" srcset=\"https:\/\/icar.cnrs.fr\/dicoplantin\/wp-content\/uploads\/2025\/10\/Capture-de\u0301cran-2025-10-15-a\u0300-20.33.22-1-300x11.png 300w, https:\/\/icar.cnrs.fr\/dicoplantin\/wp-content\/uploads\/2025\/10\/Capture-de\u0301cran-2025-10-15-a\u0300-20.33.22-1-1024x38.png 1024w, https:\/\/icar.cnrs.fr\/dicoplantin\/wp-content\/uploads\/2025\/10\/Capture-de\u0301cran-2025-10-15-a\u0300-20.33.22-1-768x29.png 768w, https:\/\/icar.cnrs.fr\/dicoplantin\/wp-content\/uploads\/2025\/10\/Capture-de\u0301cran-2025-10-15-a\u0300-20.33.22-1-624x23.png 624w, https:\/\/icar.cnrs.fr\/dicoplantin\/wp-content\/uploads\/2025\/10\/Capture-de\u0301cran-2025-10-15-a\u0300-20.33.22-1.png 1074w\" sizes=\"auto, (max-width: 655px) 100vw, 655px\" \/><\/p>\n<div id=\"page\" class=\"hfeed\">\n<header id=\"branding\" role=\"banner\">\n<hgroup><\/hgroup>\n<nav id=\"access\" role=\"navigation\">\n<div class=\"menu-actualites-container\">\n<ul id=\"menu-actualites\" class=\"menu\">\n<li id=\"menu-item-1312\" class=\"menu-item menu-item-type-post_type menu-item-object-page menu-item-1312\"><a href=\"https:\/\/icar.cnrs.fr\/membre\/cplantin\/emotion\/\">\u00c9MOTIONS dans la parole<\/a><\/li>\n<li id=\"menu-item-22\" class=\"menu-item menu-item-type-post_type menu-item-object-page menu-item-22\"><a href=\"https:\/\/icar.cnrs.fr\/membre\/cplantin\/publications\/\">ACTUALIT\u00c9S &amp;\u00a0PUBLICATIONS<\/a><\/li>\n<li id=\"menu-item-18\" class=\"menu-item menu-item-type-post_type menu-item-object-page menu-item-home menu-item-18\"><a href=\"https:\/\/icar.cnrs.fr\/membre\/cplantin\/\">CONTACT<\/a><\/li>\n<\/ul>\n<\/div>\n<\/nav>\n<\/header>\n<div id=\"main\">\n<div id=\"primary\">\n<div id=\"content\" role=\"main\">\n<article id=\"post-182\" class=\"post-182 page type-page status-publish hentry\">\n<div class=\"entry-content\">\n<h2>Num\u00e9ro sp\u00e9cial de la revue R\u00e9tor<\/h2>\n<h1><img loading=\"lazy\" decoding=\"async\" class=\"size-medium wp-image-2508 aligncenter\" src=\"https:\/\/icar.cnrs.fr\/membre\/cplantin\/wp-content\/uploads\/sites\/107\/2024\/01\/Capture-d\u2019e\u0301cran-2024-01-17-a\u0300-12.11.07-199x300.png\" sizes=\"auto, (max-width: 199px) 100vw, 199px\" srcset=\"https:\/\/icar.cnrs.fr\/membre\/cplantin\/wp-content\/uploads\/sites\/107\/2024\/01\/Capture-d\u2019e\u0301cran-2024-01-17-a\u0300-12.11.07-199x300.png 199w, https:\/\/icar.cnrs.fr\/membre\/cplantin\/wp-content\/uploads\/sites\/107\/2024\/01\/Capture-d\u2019e\u0301cran-2024-01-17-a\u0300-12.11.07.png 520w\" alt=\"\" width=\"199\" height=\"300\" \/><\/h1>\n<h1><\/h1>\n<h1>S\u00e9minaires et conf\u00e9rences<\/h1>\n<h2><strong><em>202<\/em><\/strong>1<\/h2>\n<p><strong>\u2014Argumentation as everyday reasoning<\/strong><\/p>\n<p>Colloque international <em>Empirical Approaches to Argumentation 25 oct. \u2014 Organis\u00e9 par <strong>Christian Plantin<\/strong>, ICAR et <strong>Shier Ju<\/strong>, Institute of Logic and Cognition SYT University, Guangdong \/ Canton, Chine. Visio-Conf\u00e9rence.<\/em><\/p>\n<h2><strong><em>2022 <\/em><\/strong><\/h2>\n<h2><strong>\u2014Seminario <em>Educaci\u00f3n, Argumentaci\u00f3n Emoci\u00f3n<\/em><\/strong><\/h2>\n<p><em>Universidad Francisco Jos\u00e9 de Caldas, Bogot\u00e1, Colombia<br \/>\n<\/em><em>Doctorado Interinstitucional en educaci\u00f3n \u2014 <\/em>Li\u0301neas del E\u0301nfasis de Lenguaje y Educacio\u0301n \u2014 Pra D. Calder\u00f3n, Pra O. Le\u00f3n Corredor\u00a0 \u2014 <em>15 -18 nov.<\/em> 2022<\/p>\n<h2>\u2014 Conferencia <em>Argumentaci\u00f3n, Emoci\u00f3n y Culturas.<\/em><\/h2>\n<p><em>Universidad Francisco Jos\u00e9 de Caldas, Bogot\u00e1, Colombia, 15 nov. 2022<\/em><\/p>\n<h2 class=\"x1heor9g x1qlqyl8 x1pd3egz x1a2a7pz\"><strong>\u2014<\/strong><span class=\"x193iq5w xeuugli x13faqbe x1vvkbs xlh3980 xvmahel x1n0sxbx x1lliihq x1s928wv xhkezso x1gmr53x x1cpjm7i x1fgarty x1943h6x xudqn12 x3x7a5m x6prxxf xvq8zen xo1l8bm xzsf02u x1yc453h\" dir=\"auto\"><strong>Seminario <em>La Argumentaci\u00f3n ret\u00f3rica<\/em> <\/strong><\/span><\/h2>\n<p class=\"x1heor9g x1qlqyl8 x1pd3egz x1a2a7pz\"><span class=\"x193iq5w xeuugli x13faqbe x1vvkbs xlh3980 xvmahel x1n0sxbx x1lliihq x1s928wv xhkezso x1gmr53x x1cpjm7i x1fgarty x1943h6x xudqn12 x3x7a5m x6prxxf xvq8zen xo1l8bm xzsf02u x1yc453h\" dir=\"auto\">Seminario de la Asociaci\u00f3n Mexicana de Ret\u00f3rica<\/span>.<br \/>\n<span class=\"x193iq5w xeuugli x13faqbe x1vvkbs xlh3980 xvmahel x1n0sxbx x1lliihq x1s928wv xhkezso x1gmr53x x1cpjm7i x1fgarty x1943h6x xtoi2st x41vudc xngnso2 x1qb5hxa x1xlr1w8 xzsf02u x2b8uid\" dir=\"auto\"><span class=\"x1lliihq x6ikm8r x10wlt62 x1n2onr6 xlyipyv xuxw1ft\">Instituto de Investigaciones Filol\u00f3gicas, <\/span><\/span>UNAM, M\u00e9xico<\/p>\n<p><strong>7 d\u00e9c 2022\u2014 Conferencia <em>La Argumentacion a trav\u00e9s de las lenguas y culturas<\/em><\/strong><\/p>\n<p><span class=\"x193iq5w xeuugli x13faqbe x1vvkbs xlh3980 xvmahel x1n0sxbx x1lliihq x1s928wv xhkezso x1gmr53x x1cpjm7i x1fgarty x1943h6x xudqn12 x3x7a5m x6prxxf xvq8zen xo1l8bm xzsf02u x1yc453h\" dir=\"auto\">Coloquio de la Asociaci\u00f3n Mexicana de Ret\u00f3rica<\/span><\/p>\n<hr \/>\n<p><img loading=\"lazy\" decoding=\"async\" class=\"wp-image-1078 aligncenter\" src=\"https:\/\/icar.cnrs.fr\/membre\/cplantin\/wp-content\/uploads\/sites\/107\/2021\/05\/Capture-d\u2019e\u0301cran-2021-05-09-a\u0300-15.23.30-300x80.png\" alt=\"\" width=\"165\" height=\"49\" \/><\/p>\n<p><img loading=\"lazy\" decoding=\"async\" class=\" wp-image-1076 aligncenter\" src=\"https:\/\/icar.cnrs.fr\/membre\/cplantin\/wp-content\/uploads\/sites\/107\/2021\/05\/Tapa_ok-212x300.png\" alt=\"\" width=\"207\" height=\"291\" \/><\/p>\n<h1><strong>\u00a0m\u00e1s informaci\u00f3n en<br \/>\n<\/strong><a href=\"http:\/\/www.unmeditora.unm.edu.ar\/\" target=\"_blank\" rel=\"noopener\">http:\/\/www.unmeditora.unm.edu.ar\/<\/a><\/h1>\n<hr \/>\n<h2><strong><img loading=\"lazy\" decoding=\"async\" class=\"alignnone wp-image-978\" src=\"https:\/\/icar.cnrs.fr\/membre\/cplantin\/wp-content\/uploads\/sites\/107\/2021\/04\/Capture-d\u2019e\u0301cran-2021-04-25-a\u0300-09.42.45-300x225.png\" alt=\"\" width=\"94\" height=\"73\" \/><\/strong><\/h2>\n<div class=\"cadregris\">\n<h1><strong>Chr. Plantin (ed.)<br \/>\n<em>Argumentation through languages and culture<\/em>s<br \/>\n<em>Argumentation <\/em>35,1 (2021) \u2014 Special issue<\/strong><\/h1>\n<p><strong>\u00a0Christian Plantin<br \/>\n<\/strong><a href=\"https:\/\/www.springerprofessional.de\/en\/argumentation-through-languages-and-cultures\/18328468\"><strong>Argumentation Through Languages and Cultures<\/strong><\/a><\/p>\n<p><strong>Shi-er Ju, Zhi-xi Chen, Yang He<\/strong><br \/>\n<strong><u><a href=\"https:\/\/www.springerprofessional.de\/en\/political-argumentation-by-reciting-poems-in-the-spring-and-autu\/18120798\">Political Argumentation by Reciting Poems in the Spring and Autumn Period of Ancient China<\/a><\/u><\/strong><\/p>\n<p><strong>Marie-H\u00e9l\u00e8ne Gorisse<\/strong><br \/>\n<strong><u><a href=\"https:\/\/www.springerprofessional.de\/en\/jain-philosophers-in-the-debating-hall-of-classical-india\/18216780\">Jain Philosophers in the Debating Hall of Classical India<\/a><\/u><\/strong><\/p>\n<p><strong><u>Christian Plantin, Nicole Tersis <\/u><\/strong><br \/>\n<strong><u><a href=\"https:\/\/www.springerprofessional.de\/en\/attack-defense-and-counter-attack-in-the-inuit-duel-songs-of-amm\/18330550\">Attack, Defense and Counter-Attack in the Inuit Duel Songs of Ammassalik<\/a><\/u><\/strong><\/p>\n<p><strong>Muhammad Iqbal, Shahid Rahman<\/strong><br \/>\n<strong><u><a href=\"https:\/\/www.springerprofessional.de\/en\/arsyad-al-banjari-s-dialectical-model-for-integrating-indonesian\/18221128\">Arsyad Al-Banjari\u2019s Dialectical Model for Integrating Indonesian Traditional Uses into Islamic Law. Arguments on Manyanggar, Mambuang Pasilih and Lahang<\/a><\/u><\/strong><\/p>\n<p><strong><img loading=\"lazy\" decoding=\"async\" class=\"alignnone wp-image-971\" src=\"https:\/\/icar.cnrs.fr\/membre\/cplantin\/wp-content\/uploads\/sites\/107\/2021\/04\/Capture-d\u2019e\u0301cran-2021-04-21-a\u0300-14.52.47-300x65.png\" alt=\"\" width=\"569\" height=\"133\" \/><\/strong><\/p>\n<h2>ARTICLES<\/h2>\n<p><strong>2021 <\/strong> Christian Plantin <strong><a href=\"https:\/\/icar.cnrs.fr\/membre\/cplantin\/wp-content\/uploads\/sites\/107\/2021\/04\/Le\u0301motion-comme-donditions-interactionnelle-CP-2021-2.pdf\">L\u2019e\u0301motion comme condition interactionnelle<\/a><br \/>\n<\/strong>In Virginie Andr\u00e9, Manuel Rebuschi, <em>Que pre\u0302tons-nous aux machines ? Approches interdisciplinaires des interactions homme-robot.<\/em> Presses universitaires de Nancy \u2013 Editions Universitaires de Lorraine (\u00e0 para\u00eetre)<\/p>\n<p><strong>2021 \u2014 <\/strong>Christian Plantin, Rubens Damasceno Morais<strong><br \/>\n<a href=\"http:\/\/www.entrepalavras.ufc.br\/revista\/index.php\/Revista\/article\/view\/2102\">O dicion\u00e1rio como ferramenta para o ensino de argumenta\u00e7\u00e3o.<\/a><br \/>\n<\/strong><a href=\"https:\/\/icar.cnrs.fr\/membre\/cplantin\/wp-content\/uploads\/sites\/107\/2021\/06\/2021-Entrepalavras.pdf\"><em><span id=\"page279R_mcid59\" class=\"markedContent\"><span dir=\"ltr\">Entrepalavras<\/span><\/span><\/em><\/a><span id=\"page279R_mcid60\" class=\"markedContent\"><span dir=\"ltr\">, <\/span><\/span><span id=\"page279R_mcid61\" class=\"markedContent\"><span dir=\"ltr\">Fortaleza, v. 11, n. esp., p. 1-20, 2021. <\/span><\/span><span id=\"page279R_mcid62\" class=\"markedContent\"><span dir=\"ltr\">DOI: 10.22168\/2237-6321-2102.<\/span><\/span><\/p>\n<p><strong>2021<\/strong>Christian Plantin <strong><a href=\"https:\/\/icar.cnrs.fr\/membre\/cplantin\/wp-content\/uploads\/sites\/107\/2021\/12\/2021-Metaphor_vulnerabilities-unrevised.pdf\">On the argumentative vulnerabilities of metaphor<\/a><\/strong><br \/>\nIn Paola Paissa, Ruggero Druetta, Michelangelo Conoscenti, Martin Solly (eds) <em>Metaphor and Conflict \/ M\u00e9taphore et Conflit <\/em>Peter Lang, Bern, p. 77-98.<\/p>\n<p><strong>2020 \u2014 <a href=\"https:\/\/doi.org\/10.22329\/il.v39i4.6043\">Tense Arguments. Questions, Exclamations, Emotions.<\/a><\/strong><br \/>\n<em>Informal Logic<\/em>, 39, 4. 347-371.<u><\/u><\/p>\n<h2><\/h2>\n<h2><strong>CONF\u00c9RENCE<\/strong><\/h2>\n<p>2021 <a href=\"https:\/\/icar.cnrs.fr\/membre\/cplantin\/sael-subjectividad\/\"><strong><em>Di\u00e1logo argumentativo, subjectividad afectiva,<br \/>\nsubjectividad epist\u00e9mica<\/em><\/strong><\/a><\/p>\n<p><strong>XVII Congreso de la Sociedad Argentina de Estudio <\/strong><strong>Lingu\u0308i\u0301stico<\/strong><br \/>\n<strong> 17 al 21 de mayo 2021<\/strong><\/p>\n<\/div>\n<\/div>\n<\/article>\n<\/div>\n<\/div>\n<\/div>\n<\/div>\n","protected":false},"excerpt":{"rendered":"<p>ACTUALIT\u00c9S Buenos Aires, Martes 18 de Noviembre Tiempos de miedo\u00a0 Conferencia SAEL (18-11-25) Bogot\u00e1, 3 a 7 de\u00a0 Noviembre, Universidad F. J. de Caldas, Doctorado Interinstitucional\u00a0 CONFERENCIA, martes, 2 de noviembre 2025 Razonamieno Natural\u00a0 [Documento provisional] SEMINARIO (1) mi\u00e9rc., 3 de noviembre 2025 Situaci\u00f3n_argumentativa (id.) Documento de estudio:\u00a0 Beeching_ES (id.) SEMINARIO (2) jue., 4 de [&hellip;]<\/p>\n","protected":false},"author":2,"featured_media":0,"parent":0,"menu_order":0,"comment_status":"closed","ping_status":"closed","template":"","meta":{"footnotes":""},"class_list":["post-15416","page","type-page","status-publish","hentry"],"_links":{"self":[{"href":"https:\/\/icar.cnrs.fr\/dicoplantin\/wp-json\/wp\/v2\/pages\/15416","targetHints":{"allow":["GET"]}}],"collection":[{"href":"https:\/\/icar.cnrs.fr\/dicoplantin\/wp-json\/wp\/v2\/pages"}],"about":[{"href":"https:\/\/icar.cnrs.fr\/dicoplantin\/wp-json\/wp\/v2\/types\/page"}],"author":[{"embeddable":true,"href":"https:\/\/icar.cnrs.fr\/dicoplantin\/wp-json\/wp\/v2\/users\/2"}],"replies":[{"embeddable":true,"href":"https:\/\/icar.cnrs.fr\/dicoplantin\/wp-json\/wp\/v2\/comments?post=15416"}],"version-history":[{"count":4,"href":"https:\/\/icar.cnrs.fr\/dicoplantin\/wp-json\/wp\/v2\/pages\/15416\/revisions"}],"predecessor-version":[{"id":15455,"href":"https:\/\/icar.cnrs.fr\/dicoplantin\/wp-json\/wp\/v2\/pages\/15416\/revisions\/15455"}],"wp:attachment":[{"href":"https:\/\/icar.cnrs.fr\/dicoplantin\/wp-json\/wp\/v2\/media?parent=15416"}],"curies":[{"name":"wp","href":"https:\/\/api.w.org\/{rel}","templated":true}]}}