{"id":15493,"date":"2026-01-27T13:45:49","date_gmt":"2026-01-27T12:45:49","guid":{"rendered":"https:\/\/icar.cnrs.fr\/dicoplantin\/?page_id=15493"},"modified":"2026-04-20T20:54:45","modified_gmt":"2026-04-20T18:54:45","slug":"accueil-np","status":"publish","type":"page","link":"https:\/\/icar.cnrs.fr\/dicoplantin\/","title":{"rendered":"ACCUEIL np"},"content":{"rendered":"<div class=\"entry-content\">\n<div class=\"cadregris\">\n<h2><strong>Christian Plantin<br \/>\n<\/strong><\/h2>\n<p><strong>Je suis Directeur de Recherche Honoraire du CNRS<br \/>\n<\/strong>Section 34, Sciences du langage<\/p>\n<h2><img loading=\"lazy\" decoding=\"async\" class=\"wp-image-380 size-full alignright\" src=\"https:\/\/icar.cnrs.fr\/membre\/cplantin\/wp-content\/uploads\/sites\/107\/2018\/04\/Capture-d\u2019\u00e9cran-2018-04-30-\u00e0-18.39.37.png\" alt=\"\" width=\"139\" height=\"154\" \/><\/h2>\n<p><strong>Ancien Directeur de l\u2019UMR\u00a0ICAR<br \/>\n<\/strong><strong><em>Interactions, Corpus, Apprentissages, Repr\u00e9sentations<br \/>\n<\/em><\/strong>CNRS, Universit\u00e9 Lumi\u00e8re Lyon 2, \u00c9cole Normale Sup\u00e9rieure de Lyon<\/p>\n<p><strong>Ce blog permet d\u2019acc\u00e9der \u00e0 la plupart de mes publications.<br \/>\n<\/strong><strong><em>Si vous ne trouvez pas le texte que vous cherchez, merci de le demander!<\/em><\/strong><\/p>\n<\/div>\n<h2><strong><img loading=\"lazy\" decoding=\"async\" class=\"alignnone wp-image-961\" src=\"https:\/\/icar.cnrs.fr\/membre\/cplantin\/wp-content\/uploads\/sites\/107\/2021\/04\/Capture-d\u2019e\u0301cran-2021-04-21-a\u0300-16.45.22-300x36.png\" alt=\"\" width=\"633\" height=\"76\" \/><\/strong><\/h2>\n<p><em><strong>Honorary Research Director<\/strong><\/em> at the French National Centre for Scientific Research<em>Centre national de la recherche scientifique<\/em>, CNRS, section 34, Language sciences.<br \/>\n<strong>Member<\/strong> and<strong> former Director<\/strong> of the Research Unit <a href=\"http:\/\/icar.univ-lyon2.fr\">ICAR\u00a0<em>Interactions, Corpus, Apprentissages, Repr\u00e9sentations<\/em><\/a>, (Interactions, Corpora, Learning, Representations)<br \/>\n<strong>My fields of research:<br \/>\n<\/strong>\u2014 <strong>Argumentation<\/strong> in language, discourse and interaction<br \/>\n\u2014 <strong>Emotion<\/strong> as an interactive condition<\/p>\n<hr \/>\n<h1 style=\"text-align: center;\"><span style=\"color: #000000; font-size: 10pt;\">I.<br \/>\nArgumentation<\/span><\/h1>\n<h2><a href=\"https:\/\/icar.cnrs.fr\/dicoplantin\/toutes-les-publications-na\/\"><span style=\"font-size: 10pt;\"><span style=\"color: #0000ff;\">PUBLICATIONS SUR L&rsquo;ARGUMENTATION<\/span><\/span><\/a><\/h2>\n<h2 style=\"padding-left: 40px;\"><span style=\"font-size: 10pt;\"><strong><em><a href=\"https:\/\/icar.cnrs.fr\/dicoplantin\/entrees\/\"><span style=\"color: #0000ff;\">DICTIONNAIRE DE L\u2019ARGUMENTATION \u2013 2025<\/span><\/a><br \/>\n<\/em><\/strong><a href=\"https:\/\/icar.cnrs.fr\/dicoplantin\/eng_dictionary-of-argumentation\/\"><strong><em><span style=\"color: #0000ff;\">DICTIONARY OF ARGUMENTATION \u2013 2025<\/span><\/em><\/strong><\/a><\/span><\/h2>\n<h2 style=\"padding-left: 40px;\"><a href=\"https:\/\/icar.cnrs.fr\/dicoplantin\/toutes-les-publications-na\/\"><span style=\"font-size: 12pt;\"><span style=\"color: #0000ff;\">Autres publications sur l&rsquo;argumentation<\/span><\/span><\/a><\/h2>\n<hr \/>\n<h1 style=\"text-align: center;\"><span style=\"color: #000000; font-size: 10pt;\">II.<br \/>\n<\/span><span style=\"font-size: 10pt;\">Argumentation through languages and cultures<br \/>\n<\/span><span style=\"font-size: 10pt;\"><a href=\"https:\/\/icar.cnrs.fr\/dicoplantin\/atc-mp\/\"><span style=\"color: #ff0000;\"><span style=\"color: #0000ff;\"><strong><span style=\"color: #0000ff;\">Argumentative Passages Translated from Classical C<\/span><\/strong><\/span><strong><span style=\"color: #0000ff;\">hinese Texts<\/span><br \/>\n<span style=\"color: #0000ff;\">ATC<\/span><\/strong><\/span><\/a><\/span><\/h1>\n<hr \/>\n<h2 style=\"text-align: center;\"><span style=\"color: #000000; font-size: 10pt;\">III.<\/span><br \/>\n<a href=\"https:\/\/icar.cnrs.fr\/dicoplantin\/emo-etudes-emotions-parole-v2\/\"><span style=\"font-size: 10pt;\"><span style=\"color: #ff0000;\"><span style=\"color: #0000ff;\">LES \u00c9MOTIONS DANS LA PAROLE<\/span><\/span><\/span><\/a><\/h2>\n<hr \/>\n<h2 style=\"text-align: center;\"><span style=\"font-size: 10pt;\"><span style=\"color: #ff0000;\"><span style=\"color: #000000;\">IV.<\/span><br \/>\n<span style=\"color: #000000;\">PUBLICATIONS<\/span><br \/>\n<\/span><span style=\"color: #0000ff;\">Actualit\u00e9s<\/span><\/span><br \/>\n<span style=\"font-size: 10pt;\"><a href=\"https:\/\/icar.cnrs.fr\/dicoplantin\/toutes-les-publications-na\/\"><span style=\"color: #0000ff;\">Toutes les publications<\/span><\/a><\/span><\/h2>\n<\/div>\n","protected":false},"excerpt":{"rendered":"<p>Christian Plantin Je suis Directeur de Recherche Honoraire du CNRS Section 34, Sciences du langage Ancien Directeur de l\u2019UMR\u00a0ICAR Interactions, Corpus, Apprentissages, Repr\u00e9sentations CNRS, Universit\u00e9 Lumi\u00e8re Lyon 2, \u00c9cole Normale Sup\u00e9rieure de Lyon Ce blog permet d\u2019acc\u00e9der \u00e0 la plupart de mes publications. Si vous ne trouvez pas le texte que vous cherchez, merci de [&hellip;]<\/p>\n","protected":false},"author":2,"featured_media":0,"parent":0,"menu_order":0,"comment_status":"closed","ping_status":"closed","template":"","meta":{"footnotes":""},"class_list":["post-15493","page","type-page","status-publish","hentry"],"_links":{"self":[{"href":"https:\/\/icar.cnrs.fr\/dicoplantin\/wp-json\/wp\/v2\/pages\/15493","targetHints":{"allow":["GET"]}}],"collection":[{"href":"https:\/\/icar.cnrs.fr\/dicoplantin\/wp-json\/wp\/v2\/pages"}],"about":[{"href":"https:\/\/icar.cnrs.fr\/dicoplantin\/wp-json\/wp\/v2\/types\/page"}],"author":[{"embeddable":true,"href":"https:\/\/icar.cnrs.fr\/dicoplantin\/wp-json\/wp\/v2\/users\/2"}],"replies":[{"embeddable":true,"href":"https:\/\/icar.cnrs.fr\/dicoplantin\/wp-json\/wp\/v2\/comments?post=15493"}],"version-history":[{"count":20,"href":"https:\/\/icar.cnrs.fr\/dicoplantin\/wp-json\/wp\/v2\/pages\/15493\/revisions"}],"predecessor-version":[{"id":15752,"href":"https:\/\/icar.cnrs.fr\/dicoplantin\/wp-json\/wp\/v2\/pages\/15493\/revisions\/15752"}],"wp:attachment":[{"href":"https:\/\/icar.cnrs.fr\/dicoplantin\/wp-json\/wp\/v2\/media?parent=15493"}],"curies":[{"name":"wp","href":"https:\/\/api.w.org\/{rel}","templated":true}]}}