{"id":319,"date":"2024-07-22T20:52:01","date_gmt":"2024-07-22T18:52:01","guid":{"rendered":"https:\/\/icar.cnrs.fr\/interfac-tsa\/?page_id=319"},"modified":"2024-12-03T16:55:15","modified_gmt":"2024-12-03T15:55:15","slug":"demander-a-quelquun-de-faire-quelque-chose","status":"publish","type":"page","link":"https:\/\/icar.cnrs.fr\/interfac-tsa\/demander-a-quelquun-de-faire-quelque-chose\/","title":{"rendered":"Demander \u00e0 quelqu&rsquo;un de faire quelque chose"},"content":{"rendered":"\t\t<div data-elementor-type=\"wp-page\" data-elementor-id=\"319\" class=\"elementor elementor-319\">\n\t\t\t\t<div class=\"elementor-element elementor-element-3157d80 e-flex e-con-boxed e-con e-parent\" data-id=\"3157d80\" data-element_type=\"container\">\n\t\t\t\t\t<div class=\"e-con-inner\">\n\t\t\t\t<div class=\"elementor-element elementor-element-8f6bed1 elementor-widget__width-initial e-transform elementor-widget elementor-widget-text-editor\" data-id=\"8f6bed1\" data-element_type=\"widget\" data-settings=\"{&quot;_transform_translateX_effect&quot;:{&quot;unit&quot;:&quot;px&quot;,&quot;size&quot;:&quot;&quot;,&quot;sizes&quot;:[]},&quot;_transform_translateX_effect_tablet&quot;:{&quot;unit&quot;:&quot;px&quot;,&quot;size&quot;:&quot;&quot;,&quot;sizes&quot;:[]},&quot;_transform_translateX_effect_mobile&quot;:{&quot;unit&quot;:&quot;px&quot;,&quot;size&quot;:&quot;&quot;,&quot;sizes&quot;:[]},&quot;_transform_translateY_effect&quot;:{&quot;unit&quot;:&quot;px&quot;,&quot;size&quot;:&quot;&quot;,&quot;sizes&quot;:[]},&quot;_transform_translateY_effect_tablet&quot;:{&quot;unit&quot;:&quot;px&quot;,&quot;size&quot;:&quot;&quot;,&quot;sizes&quot;:[]},&quot;_transform_translateY_effect_mobile&quot;:{&quot;unit&quot;:&quot;px&quot;,&quot;size&quot;:&quot;&quot;,&quot;sizes&quot;:[]}}\" data-widget_type=\"text-editor.default\">\n\t\t\t\t<div class=\"elementor-widget-container\">\n\t\t\t<style>\/*! elementor - v3.21.0 - 26-05-2024 *\/\n.elementor-widget-text-editor.elementor-drop-cap-view-stacked .elementor-drop-cap{background-color:#69727d;color:#fff}.elementor-widget-text-editor.elementor-drop-cap-view-framed .elementor-drop-cap{color:#69727d;border:3px solid;background-color:transparent}.elementor-widget-text-editor:not(.elementor-drop-cap-view-default) .elementor-drop-cap{margin-top:8px}.elementor-widget-text-editor:not(.elementor-drop-cap-view-default) .elementor-drop-cap-letter{width:1em;height:1em}.elementor-widget-text-editor .elementor-drop-cap{float:left;text-align:center;line-height:1;font-size:50px}.elementor-widget-text-editor .elementor-drop-cap-letter{display:inline-block}<\/style>\t\t\t\t<p style=\"text-align: justify;\">La carte mentale ci-dessous vous permet de visualiser les aspects importants de l&rsquo;interaction \u00e0 prendre en compte lorsque l&rsquo;on <strong>demande \u00e0 quelqu&rsquo;un de faire quelque chose. <\/strong>Le graphique est <strong>interactif<\/strong>, vous pourrez acc\u00e9der aux donn\u00e9es et aux explications en <strong>cliquant sur les ic\u00f4nes&nbsp;main.<\/strong><\/p>\t\t\t\t\t\t<\/div>\n\t\t\t\t<\/div>\n\t\t\t\t\t<\/div>\n\t\t\t\t<\/div>\n\t\t<div class=\"elementor-element elementor-element-45a49df e-flex e-con-boxed e-con e-parent\" data-id=\"45a49df\" data-element_type=\"container\">\n\t\t\t\t\t<div class=\"e-con-inner\">\n\t\t\t\t<div class=\"elementor-element elementor-element-f6a2c90 elementor-widget elementor-widget-shortcode\" data-id=\"f6a2c90\" data-element_type=\"widget\" data-widget_type=\"shortcode.default\">\n\t\t\t\t<div class=\"elementor-widget-container\">\n\t\t\t\t\t<div class=\"elementor-shortcode\"><div class=\"h5p-iframe-wrapper\"><iframe id=\"h5p-iframe-12\" class=\"h5p-iframe\" data-content-id=\"12\" style=\"height:1px\" src=\"about:blank\" frameBorder=\"0\" scrolling=\"no\" title=\"Demander_a_qqun_de_faire_qqchose\"><\/iframe><\/div><\/div>\n\t\t\t\t<\/div>\n\t\t\t\t<\/div>\n\t\t\t\t\t<\/div>\n\t\t\t\t<\/div>\n\t\t\t\t<\/div>\n\t\t","protected":false},"excerpt":{"rendered":"<p>La carte mentale ci-dessous vous permet de visualiser les aspects importants de l&rsquo;interaction \u00e0 prendre en compte lorsque l&rsquo;on demande \u00e0 quelqu&rsquo;un de faire quelque chose. Le graphique est interactif, vous pourrez acc\u00e9der aux donn\u00e9es et aux explications en cliquant &hellip; <a href=\"https:\/\/icar.cnrs.fr\/interfac-tsa\/demander-a-quelquun-de-faire-quelque-chose\/\">Continuer la lecture <span class=\"meta-nav\">&rarr;<\/span><\/a><\/p>\n","protected":false},"author":3,"featured_media":846,"parent":0,"menu_order":0,"comment_status":"closed","ping_status":"closed","template":"","meta":{"footnotes":""},"class_list":["post-319","page","type-page","status-publish","has-post-thumbnail","hentry"],"_links":{"self":[{"href":"https:\/\/icar.cnrs.fr\/interfac-tsa\/wp-json\/wp\/v2\/pages\/319","targetHints":{"allow":["GET"]}}],"collection":[{"href":"https:\/\/icar.cnrs.fr\/interfac-tsa\/wp-json\/wp\/v2\/pages"}],"about":[{"href":"https:\/\/icar.cnrs.fr\/interfac-tsa\/wp-json\/wp\/v2\/types\/page"}],"author":[{"embeddable":true,"href":"https:\/\/icar.cnrs.fr\/interfac-tsa\/wp-json\/wp\/v2\/users\/3"}],"replies":[{"embeddable":true,"href":"https:\/\/icar.cnrs.fr\/interfac-tsa\/wp-json\/wp\/v2\/comments?post=319"}],"version-history":[{"count":23,"href":"https:\/\/icar.cnrs.fr\/interfac-tsa\/wp-json\/wp\/v2\/pages\/319\/revisions"}],"predecessor-version":[{"id":977,"href":"https:\/\/icar.cnrs.fr\/interfac-tsa\/wp-json\/wp\/v2\/pages\/319\/revisions\/977"}],"wp:featuredmedia":[{"embeddable":true,"href":"https:\/\/icar.cnrs.fr\/interfac-tsa\/wp-json\/wp\/v2\/media\/846"}],"wp:attachment":[{"href":"https:\/\/icar.cnrs.fr\/interfac-tsa\/wp-json\/wp\/v2\/media?parent=319"}],"curies":[{"name":"wp","href":"https:\/\/api.w.org\/{rel}","templated":true}]}}