{"id":38,"date":"2024-06-16T21:22:16","date_gmt":"2024-06-16T19:22:16","guid":{"rendered":"https:\/\/icar.cnrs.fr\/interfac-tsa\/?page_id=38"},"modified":"2025-04-23T15:52:37","modified_gmt":"2025-04-23T13:52:37","slug":"le-projet","status":"publish","type":"page","link":"https:\/\/icar.cnrs.fr\/interfac-tsa\/","title":{"rendered":"Le projet"},"content":{"rendered":"\t\t<div data-elementor-type=\"wp-page\" data-elementor-id=\"38\" class=\"elementor elementor-38\">\n\t\t\t\t<div class=\"elementor-element elementor-element-d12babe e-flex e-con-boxed e-con e-parent\" data-id=\"d12babe\" data-element_type=\"container\">\n\t\t\t\t\t<div class=\"e-con-inner\">\n\t\t\t\t<div class=\"elementor-element elementor-element-7a744c2 elementor-widget elementor-widget-text-editor\" data-id=\"7a744c2\" data-element_type=\"widget\" data-widget_type=\"text-editor.default\">\n\t\t\t\t<div class=\"elementor-widget-container\">\n\t\t\t<style>\/*! elementor - v3.21.0 - 26-05-2024 *\/\n.elementor-widget-text-editor.elementor-drop-cap-view-stacked .elementor-drop-cap{background-color:#69727d;color:#fff}.elementor-widget-text-editor.elementor-drop-cap-view-framed .elementor-drop-cap{color:#69727d;border:3px solid;background-color:transparent}.elementor-widget-text-editor:not(.elementor-drop-cap-view-default) .elementor-drop-cap{margin-top:8px}.elementor-widget-text-editor:not(.elementor-drop-cap-view-default) .elementor-drop-cap-letter{width:1em;height:1em}.elementor-widget-text-editor .elementor-drop-cap{float:left;text-align:center;line-height:1;font-size:50px}.elementor-widget-text-editor .elementor-drop-cap-letter{display:inline-block}<\/style>\t\t\t\t<p><strong>INTERFAC-TSA : Aider les \u00e9tudiants pr\u00e9sentant des troubles du spectre de l&rsquo;autisme (TSA) \u00e0 interagir plus facilement<\/strong><\/p>\t\t\t\t\t\t<\/div>\n\t\t\t\t<\/div>\n\t\t\t\t\t<\/div>\n\t\t\t\t<\/div>\n\t\t<div class=\"elementor-element elementor-element-59362ce8 e-flex e-con-boxed e-con e-parent\" data-id=\"59362ce8\" data-element_type=\"container\">\n\t\t\t\t\t<div class=\"e-con-inner\">\n\t\t\t\t<div class=\"elementor-element elementor-element-5863269 elementor-widget elementor-widget-text-editor\" data-id=\"5863269\" data-element_type=\"widget\" data-widget_type=\"text-editor.default\">\n\t\t\t\t<div class=\"elementor-widget-container\">\n\t\t\t\t\t\t\t<ul>\n<li>Que vous soyez <strong>\u00e9tudiant, personnel d&rsquo;universit\u00e9 ou enseignant<\/strong><\/li>\n<li>Que vous <strong>pr\u00e9sentiez des TSA\u00a0<\/strong><\/li>\n<li>Que vous<strong> interagissiez avec des \u00e9tudiants ou coll\u00e8gues pr\u00e9sentant des TSA<\/strong><\/li>\n<li>Ou simplement <strong>si ce sujet vous int\u00e9resse<\/strong> &#8230;<\/li>\n<\/ul>\n<p>Nous vous invitons \u00e0 d\u00e9couvrir les onglets<a href=\"https:\/\/icar.cnrs.fr\/interfac-tsa\/pour-commencer\/\"><strong> Pour commencer<\/strong><\/a> et\/ou le module <a href=\"https:\/\/icar.cnrs.fr\/interfac-tsa\/mieux-comprendre-les-tsa\/\"><strong>Mieux comprendre les TSA<\/strong><\/a>.<\/p>\n<p>Vous pourrez acc\u00e9der \u00e0 des ressources suppl\u00e9mentaires dans l&rsquo;onglet <a href=\"https:\/\/icar.cnrs.fr\/interfac-tsa\/les-rubriques\/\"><strong>Les Rubriques<\/strong><\/a>.<\/p>\n<p>N&rsquo;oubliez pas de nous donner votre avis, de nous faire part de vos suggestions ou attentes dans l&rsquo;onglet <a href=\"https:\/\/icar.cnrs.fr\/interfac-tsa\/participez\/\"><strong>Participez<\/strong><\/a> et de <strong>diffuser ce site<\/strong>.<\/p>\n<p>\u00a0<\/p>\t\t\t\t\t\t<\/div>\n\t\t\t\t<\/div>\n\t\t\t\t<div class=\"elementor-element elementor-element-220c2e83 elementor-widget elementor-widget-text-editor\" data-id=\"220c2e83\" data-element_type=\"widget\" data-widget_type=\"text-editor.default\">\n\t\t\t\t<div class=\"elementor-widget-container\">\n\t\t\t\t\t\t\t<!-- wp:paragraph --><!-- \/wp:paragraph --><!-- wp:paragraph -->\n<p>En partenariat avec un r\u00e9seau mobilis\u00e9 autour des troubles du spectre de l&rsquo;autisme (TSA), ce projet entend explorer <strong>si les donn\u00e9es \u00e9cologiques et les r\u00e9sultats des travaux de recherche en interaction<\/strong> pourraient permettre de construire des ressources adapt\u00e9es \u00e0 la diversit\u00e9 des TSA afin <strong>d&rsquo;aider ces \u00e9tudiant\u00b7e\u00b7s \u00e0 interagir plus facilement au quotidien, \u00e0 l\u2019universit\u00e9 et dans leur vie \u00e9tudiante.\u00a0<\/strong><br \/>En effet, les interactions demandent une attention permanente pour d\u00e9tecter, assimiler et r\u00e9pondre de mani\u00e8re appropri\u00e9e aux r\u00e9actions de ses interlocuteurs, dans les situations sociales du quotidien, priv\u00e9es ou professionnelles. Dans le cas des \u00e9tudiant\u00b7e\u00b7s pr\u00e9sentant des troubles du spectre de l&rsquo;autisme (TSA) qui doivent d\u00e9j\u00e0 int\u00e9grer un environnement sonore, visuel et olfactif potentiellement perturbant, ces changements de structures posent davantage de difficult\u00e9s pouvant aller jusqu&rsquo;\u00e0 l&rsquo;\u00e9puisement et au d\u00e9crochage (Pellenq &amp; Mamelli 2022). Dans ce projet exploratoire, nous souhaitons les aider \u00e0 <strong>d\u00e9velopper des strat\u00e9gies afin de mieux d\u00e9crypter et appr\u00e9hender la dynamique des interactions.<\/strong><\/p>\n<!-- \/wp:paragraph --><!-- wp:paragraph -->\n<p>\u00a0<\/p>\n<!-- \/wp:paragraph -->\t\t\t\t\t\t<\/div>\n\t\t\t\t<\/div>\n\t\t\t\t\t<\/div>\n\t\t\t\t<\/div>\n\t\t<div class=\"elementor-element elementor-element-4c619bb e-flex e-con-boxed e-con e-parent\" data-id=\"4c619bb\" data-element_type=\"container\">\n\t\t\t\t\t<div class=\"e-con-inner\">\n\t\t\t\t<div class=\"elementor-element elementor-element-a03b879 elementor-widget elementor-widget-text-editor\" data-id=\"a03b879\" data-element_type=\"widget\" data-widget_type=\"text-editor.default\">\n\t\t\t\t<div class=\"elementor-widget-container\">\n\t\t\t\t\t\t\t<p><span style=\"text-decoration: underline;\"><strong>Equipe projet<\/strong><\/span> :<\/p>\n<ul>\n<li>Carole Etienne (responsable), Laboratoire ICAR, CNRS et ENS Lyon<\/li>\n<li>Camille Marty, Universit\u00e9 de Lorraine<\/li>\n<li>Virginie Andr\u00e9, Laboratoire ATILF, Universit\u00e9 de Lorraine et CNRS<\/li>\n<\/ul>\n<p><span style=\"text-decoration: underline;\"><strong>Equipe conseil<\/strong><\/span> :<\/p>\n<ul>\n<li>Ang\u00e9lique Henault, Charg\u00e9e de mission handicap, Universit\u00e9 Catholique de Lyon\u00a0 UCLy<\/li>\n<li>Thibaut Chambriard, Charg\u00e9 de mission handicap ENS de Lyon<\/li>\n<li>Caroline Combes, <span class=\"fonction\">M\u00e9decin Directrice du Service de Sant\u00e9 Etudiant,<\/span> ENS de Lyon<\/li>\n<li>Isabel Colon de Carvajal, Laboratoire ICAR, CNRS et ENS Lyon<\/li>\n<\/ul>\n<p><span style=\"text-decoration: underline;\"><strong>Ing\u00e9nieure p\u00e9dagogique<\/strong><\/span> :<\/p>\n<p>Camille Marty, Universit\u00e9 de Lorraine<\/p>\t\t\t\t\t\t<\/div>\n\t\t\t\t<\/div>\n\t\t\t\t\t<\/div>\n\t\t\t\t<\/div>\n\t\t<div class=\"elementor-element elementor-element-bb74b94 e-flex e-con-boxed e-con e-parent\" data-id=\"bb74b94\" data-element_type=\"container\">\n\t\t\t\t\t<div class=\"e-con-inner\">\n\t\t\t\t<div class=\"elementor-element elementor-element-650c64f elementor-widget-divider--view-line elementor-widget elementor-widget-divider\" data-id=\"650c64f\" data-element_type=\"widget\" data-widget_type=\"divider.default\">\n\t\t\t\t<div class=\"elementor-widget-container\">\n\t\t\t<style>\/*! elementor - v3.21.0 - 26-05-2024 *\/\n.elementor-widget-divider{--divider-border-style:none;--divider-border-width:1px;--divider-color:#0c0d0e;--divider-icon-size:20px;--divider-element-spacing:10px;--divider-pattern-height:24px;--divider-pattern-size:20px;--divider-pattern-url:none;--divider-pattern-repeat:repeat-x}.elementor-widget-divider .elementor-divider{display:flex}.elementor-widget-divider .elementor-divider__text{font-size:15px;line-height:1;max-width:95%}.elementor-widget-divider .elementor-divider__element{margin:0 var(--divider-element-spacing);flex-shrink:0}.elementor-widget-divider .elementor-icon{font-size:var(--divider-icon-size)}.elementor-widget-divider .elementor-divider-separator{display:flex;margin:0;direction:ltr}.elementor-widget-divider--view-line_icon .elementor-divider-separator,.elementor-widget-divider--view-line_text .elementor-divider-separator{align-items:center}.elementor-widget-divider--view-line_icon .elementor-divider-separator:after,.elementor-widget-divider--view-line_icon .elementor-divider-separator:before,.elementor-widget-divider--view-line_text .elementor-divider-separator:after,.elementor-widget-divider--view-line_text .elementor-divider-separator:before{display:block;content:\"\";border-block-end:0;flex-grow:1;border-block-start:var(--divider-border-width) var(--divider-border-style) var(--divider-color)}.elementor-widget-divider--element-align-left .elementor-divider .elementor-divider-separator>.elementor-divider__svg:first-of-type{flex-grow:0;flex-shrink:100}.elementor-widget-divider--element-align-left .elementor-divider-separator:before{content:none}.elementor-widget-divider--element-align-left .elementor-divider__element{margin-left:0}.elementor-widget-divider--element-align-right .elementor-divider .elementor-divider-separator>.elementor-divider__svg:last-of-type{flex-grow:0;flex-shrink:100}.elementor-widget-divider--element-align-right .elementor-divider-separator:after{content:none}.elementor-widget-divider--element-align-right .elementor-divider__element{margin-right:0}.elementor-widget-divider--element-align-start .elementor-divider .elementor-divider-separator>.elementor-divider__svg:first-of-type{flex-grow:0;flex-shrink:100}.elementor-widget-divider--element-align-start .elementor-divider-separator:before{content:none}.elementor-widget-divider--element-align-start .elementor-divider__element{margin-inline-start:0}.elementor-widget-divider--element-align-end .elementor-divider .elementor-divider-separator>.elementor-divider__svg:last-of-type{flex-grow:0;flex-shrink:100}.elementor-widget-divider--element-align-end .elementor-divider-separator:after{content:none}.elementor-widget-divider--element-align-end .elementor-divider__element{margin-inline-end:0}.elementor-widget-divider:not(.elementor-widget-divider--view-line_text):not(.elementor-widget-divider--view-line_icon) .elementor-divider-separator{border-block-start:var(--divider-border-width) var(--divider-border-style) var(--divider-color)}.elementor-widget-divider--separator-type-pattern{--divider-border-style:none}.elementor-widget-divider--separator-type-pattern.elementor-widget-divider--view-line .elementor-divider-separator,.elementor-widget-divider--separator-type-pattern:not(.elementor-widget-divider--view-line) .elementor-divider-separator:after,.elementor-widget-divider--separator-type-pattern:not(.elementor-widget-divider--view-line) .elementor-divider-separator:before,.elementor-widget-divider--separator-type-pattern:not([class*=elementor-widget-divider--view]) .elementor-divider-separator{width:100%;min-height:var(--divider-pattern-height);-webkit-mask-size:var(--divider-pattern-size) 100%;mask-size:var(--divider-pattern-size) 100%;-webkit-mask-repeat:var(--divider-pattern-repeat);mask-repeat:var(--divider-pattern-repeat);background-color:var(--divider-color);-webkit-mask-image:var(--divider-pattern-url);mask-image:var(--divider-pattern-url)}.elementor-widget-divider--no-spacing{--divider-pattern-size:auto}.elementor-widget-divider--bg-round{--divider-pattern-repeat:round}.rtl .elementor-widget-divider .elementor-divider__text{direction:rtl}.e-con-inner>.elementor-widget-divider,.e-con>.elementor-widget-divider{width:var(--container-widget-width,100%);--flex-grow:var(--container-widget-flex-grow)}<\/style>\t\t<div class=\"elementor-divider\">\n\t\t\t<span class=\"elementor-divider-separator\">\n\t\t\t\t\t\t<\/span>\n\t\t<\/div>\n\t\t\t\t<\/div>\n\t\t\t\t<\/div>\n\t\t\t\t\t<\/div>\n\t\t\t\t<\/div>\n\t\t<div class=\"elementor-element elementor-element-c8040bb e-flex e-con-boxed e-con e-parent\" data-id=\"c8040bb\" data-element_type=\"container\">\n\t\t\t\t\t<div class=\"e-con-inner\">\n\t\t\t\t<div class=\"elementor-element elementor-element-1428c5e elementor-widget elementor-widget-spacer\" data-id=\"1428c5e\" data-element_type=\"widget\" data-widget_type=\"spacer.default\">\n\t\t\t\t<div class=\"elementor-widget-container\">\n\t\t\t<style>\/*! elementor - v3.21.0 - 26-05-2024 *\/\n.elementor-column .elementor-spacer-inner{height:var(--spacer-size)}.e-con{--container-widget-width:100%}.e-con-inner>.elementor-widget-spacer,.e-con>.elementor-widget-spacer{width:var(--container-widget-width,var(--spacer-size));--align-self:var(--container-widget-align-self,initial);--flex-shrink:0}.e-con-inner>.elementor-widget-spacer>.elementor-widget-container,.e-con>.elementor-widget-spacer>.elementor-widget-container{height:100%;width:100%}.e-con-inner>.elementor-widget-spacer>.elementor-widget-container>.elementor-spacer,.e-con>.elementor-widget-spacer>.elementor-widget-container>.elementor-spacer{height:100%}.e-con-inner>.elementor-widget-spacer>.elementor-widget-container>.elementor-spacer>.elementor-spacer-inner,.e-con>.elementor-widget-spacer>.elementor-widget-container>.elementor-spacer>.elementor-spacer-inner{height:var(--container-widget-height,var(--spacer-size))}.e-con-inner>.elementor-widget-spacer.elementor-widget-empty,.e-con>.elementor-widget-spacer.elementor-widget-empty{position:relative;min-height:22px;min-width:22px}.e-con-inner>.elementor-widget-spacer.elementor-widget-empty .elementor-widget-empty-icon,.e-con>.elementor-widget-spacer.elementor-widget-empty .elementor-widget-empty-icon{position:absolute;top:0;bottom:0;left:0;right:0;margin:auto;padding:0;width:22px;height:22px}<\/style>\t\t<div class=\"elementor-spacer\">\n\t\t\t<div class=\"elementor-spacer-inner\"><\/div>\n\t\t<\/div>\n\t\t\t\t<\/div>\n\t\t\t\t<\/div>\n\t\t\t\t\t<\/div>\n\t\t\t\t<\/div>\n\t\t<div class=\"elementor-element elementor-element-576443f e-flex e-con-boxed e-con e-parent\" data-id=\"576443f\" data-element_type=\"container\">\n\t\t\t\t\t<div class=\"e-con-inner\">\n\t\t<div class=\"elementor-element elementor-element-7351493 e-con-full e-flex e-con e-child\" data-id=\"7351493\" data-element_type=\"container\">\n\t\t\t\t<div class=\"elementor-element elementor-element-92899fa elementor-align-center elementor-invisible elementor-widget elementor-widget-button\" data-id=\"92899fa\" data-element_type=\"widget\" data-settings=\"{&quot;_animation&quot;:&quot;slideInLeft&quot;}\" data-widget_type=\"button.default\">\n\t\t\t\t<div class=\"elementor-widget-container\">\n\t\t\t\t\t<div class=\"elementor-button-wrapper\">\n\t\t\t<a class=\"elementor-button elementor-button-link elementor-size-sm\" href=\"https:\/\/icar.cnrs.fr\/interfac-tsa\/pour-commencer\/\">\n\t\t\t\t\t\t<span class=\"elementor-button-content-wrapper\">\n\t\t\t\t\t\t\t\t\t<span class=\"elementor-button-text\">D\u00e9couvrir les ressources <\/span>\n\t\t\t\t\t<\/span>\n\t\t\t\t\t<\/a>\n\t\t<\/div>\n\t\t\t\t<\/div>\n\t\t\t\t<\/div>\n\t\t\t\t<\/div>\n\t\t<div class=\"elementor-element elementor-element-99ded97 e-con-full e-flex e-con e-child\" data-id=\"99ded97\" data-element_type=\"container\">\n\t\t\t\t<div class=\"elementor-element elementor-element-190d3cd elementor-align-center elementor-invisible elementor-widget elementor-widget-button\" data-id=\"190d3cd\" data-element_type=\"widget\" data-settings=\"{&quot;_animation&quot;:&quot;slideInRight&quot;}\" data-widget_type=\"button.default\">\n\t\t\t\t<div class=\"elementor-widget-container\">\n\t\t\t\t\t<div class=\"elementor-button-wrapper\">\n\t\t\t<a class=\"elementor-button elementor-button-link elementor-size-sm\" href=\"https:\/\/icar.cnrs.fr\/interfac-tsa\/mieux-comprendre-les-tsa\/\">\n\t\t\t\t\t\t<span class=\"elementor-button-content-wrapper\">\n\t\t\t\t\t\t\t\t\t<span class=\"elementor-button-text\">Mieux comprendre les TSA<\/span>\n\t\t\t\t\t<\/span>\n\t\t\t\t\t<\/a>\n\t\t<\/div>\n\t\t\t\t<\/div>\n\t\t\t\t<\/div>\n\t\t\t\t<\/div>\n\t\t\t\t\t<\/div>\n\t\t\t\t<\/div>\n\t\t<div class=\"elementor-element elementor-element-676918f e-flex e-con-boxed e-con e-parent\" data-id=\"676918f\" data-element_type=\"container\">\n\t\t\t\t\t<div class=\"e-con-inner\">\n\t\t\t\t<div class=\"elementor-element elementor-element-a877fcb elementor-widget elementor-widget-spacer\" data-id=\"a877fcb\" data-element_type=\"widget\" data-widget_type=\"spacer.default\">\n\t\t\t\t<div class=\"elementor-widget-container\">\n\t\t\t\t\t<div class=\"elementor-spacer\">\n\t\t\t<div class=\"elementor-spacer-inner\"><\/div>\n\t\t<\/div>\n\t\t\t\t<\/div>\n\t\t\t\t<\/div>\n\t\t\t\t\t<\/div>\n\t\t\t\t<\/div>\n\t\t<div class=\"elementor-element elementor-element-de8c471 e-flex e-con-boxed e-con e-parent\" data-id=\"de8c471\" data-element_type=\"container\">\n\t\t\t\t\t<div class=\"e-con-inner\">\n\t\t\t\t\t<\/div>\n\t\t\t\t<\/div>\n\t\t\t\t<\/div>\n\t\t","protected":false},"excerpt":{"rendered":"<p>INTERFAC-TSA : Aider les \u00e9tudiants pr\u00e9sentant des troubles du spectre de l&rsquo;autisme (TSA) \u00e0 interagir plus facilement Que vous soyez \u00e9tudiant, personnel d&rsquo;universit\u00e9 ou enseignant Que vous pr\u00e9sentiez des TSA\u00a0 Que vous interagissiez avec des \u00e9tudiants ou coll\u00e8gues pr\u00e9sentant des &hellip; <a href=\"https:\/\/icar.cnrs.fr\/interfac-tsa\/\">Continuer la lecture <span class=\"meta-nav\">&rarr;<\/span><\/a><\/p>\n","protected":false},"author":3,"featured_media":846,"parent":0,"menu_order":0,"comment_status":"closed","ping_status":"closed","template":"sidebar-page.php","meta":{"footnotes":""},"class_list":["post-38","page","type-page","status-publish","has-post-thumbnail","hentry"],"_links":{"self":[{"href":"https:\/\/icar.cnrs.fr\/interfac-tsa\/wp-json\/wp\/v2\/pages\/38","targetHints":{"allow":["GET"]}}],"collection":[{"href":"https:\/\/icar.cnrs.fr\/interfac-tsa\/wp-json\/wp\/v2\/pages"}],"about":[{"href":"https:\/\/icar.cnrs.fr\/interfac-tsa\/wp-json\/wp\/v2\/types\/page"}],"author":[{"embeddable":true,"href":"https:\/\/icar.cnrs.fr\/interfac-tsa\/wp-json\/wp\/v2\/users\/3"}],"replies":[{"embeddable":true,"href":"https:\/\/icar.cnrs.fr\/interfac-tsa\/wp-json\/wp\/v2\/comments?post=38"}],"version-history":[{"count":88,"href":"https:\/\/icar.cnrs.fr\/interfac-tsa\/wp-json\/wp\/v2\/pages\/38\/revisions"}],"predecessor-version":[{"id":1153,"href":"https:\/\/icar.cnrs.fr\/interfac-tsa\/wp-json\/wp\/v2\/pages\/38\/revisions\/1153"}],"wp:featuredmedia":[{"embeddable":true,"href":"https:\/\/icar.cnrs.fr\/interfac-tsa\/wp-json\/wp\/v2\/media\/846"}],"wp:attachment":[{"href":"https:\/\/icar.cnrs.fr\/interfac-tsa\/wp-json\/wp\/v2\/media?parent=38"}],"curies":[{"name":"wp","href":"https:\/\/api.w.org\/{rel}","templated":true}]}}