{"id":742,"date":"2024-10-16T13:39:44","date_gmt":"2024-10-16T11:39:44","guid":{"rendered":"https:\/\/icar.cnrs.fr\/interfac-tsa\/?page_id=742"},"modified":"2026-02-27T15:13:34","modified_gmt":"2026-02-27T14:13:34","slug":"commander-dans-un-bar-ou-un-restaurant","status":"publish","type":"page","link":"https:\/\/icar.cnrs.fr\/interfac-tsa\/commander-dans-un-bar-ou-un-restaurant\/","title":{"rendered":"Commander dans un bar ou un restaurant"},"content":{"rendered":"\t\t<div data-elementor-type=\"wp-page\" data-elementor-id=\"742\" class=\"elementor elementor-742\">\n\t\t\t\t<div class=\"elementor-element elementor-element-8d053c5 e-con-full e-flex e-con e-parent\" data-id=\"8d053c5\" data-element_type=\"container\">\n\t\t\t\t<div class=\"elementor-element elementor-element-8a310d5 elementor-widget__width-initial e-transform elementor-widget elementor-widget-text-editor\" data-id=\"8a310d5\" data-element_type=\"widget\" data-settings=\"{&quot;_transform_translateX_effect&quot;:{&quot;unit&quot;:&quot;px&quot;,&quot;size&quot;:&quot;&quot;,&quot;sizes&quot;:[]},&quot;_transform_translateX_effect_tablet&quot;:{&quot;unit&quot;:&quot;px&quot;,&quot;size&quot;:&quot;&quot;,&quot;sizes&quot;:[]},&quot;_transform_translateX_effect_mobile&quot;:{&quot;unit&quot;:&quot;px&quot;,&quot;size&quot;:&quot;&quot;,&quot;sizes&quot;:[]},&quot;_transform_translateY_effect&quot;:{&quot;unit&quot;:&quot;px&quot;,&quot;size&quot;:&quot;&quot;,&quot;sizes&quot;:[]},&quot;_transform_translateY_effect_tablet&quot;:{&quot;unit&quot;:&quot;px&quot;,&quot;size&quot;:&quot;&quot;,&quot;sizes&quot;:[]},&quot;_transform_translateY_effect_mobile&quot;:{&quot;unit&quot;:&quot;px&quot;,&quot;size&quot;:&quot;&quot;,&quot;sizes&quot;:[]}}\" data-widget_type=\"text-editor.default\">\n\t\t\t\t<div class=\"elementor-widget-container\">\n\t\t\t<style>\/*! elementor - v3.21.0 - 26-05-2024 *\/\n.elementor-widget-text-editor.elementor-drop-cap-view-stacked .elementor-drop-cap{background-color:#69727d;color:#fff}.elementor-widget-text-editor.elementor-drop-cap-view-framed .elementor-drop-cap{color:#69727d;border:3px solid;background-color:transparent}.elementor-widget-text-editor:not(.elementor-drop-cap-view-default) .elementor-drop-cap{margin-top:8px}.elementor-widget-text-editor:not(.elementor-drop-cap-view-default) .elementor-drop-cap-letter{width:1em;height:1em}.elementor-widget-text-editor .elementor-drop-cap{float:left;text-align:center;line-height:1;font-size:50px}.elementor-widget-text-editor .elementor-drop-cap-letter{display:inline-block}<\/style>\t\t\t\t<p style=\"text-align: justify;\">Le sch\u00e9ma ci-dessous vous permet de visualiser les aspects importants de l&rsquo;interaction \u00e0 prendre en compte lorsque l&rsquo;on <b>commande dans un bar ou un restaurant<\/b>. Il s&rsquo;agit d&rsquo;une vue d&rsquo;ensemble, <strong>ce graphique n&rsquo;est pas cliquable<\/strong>, vous pourrez acc\u00e9der aux donn\u00e9es et aux explications dans la pr\u00e9sentation d\u00e9taill\u00e9e qui le suit.<\/p>\t\t\t\t\t\t<\/div>\n\t\t\t\t<\/div>\n\t\t\t\t<div class=\"elementor-element elementor-element-56914aa e-transform elementor-widget elementor-widget-image\" data-id=\"56914aa\" data-element_type=\"widget\" data-settings=\"{&quot;_transform_scaleX_effect&quot;:{&quot;unit&quot;:&quot;px&quot;,&quot;size&quot;:&quot;&quot;,&quot;sizes&quot;:[]},&quot;_transform_scaleX_effect_tablet&quot;:{&quot;unit&quot;:&quot;px&quot;,&quot;size&quot;:&quot;&quot;,&quot;sizes&quot;:[]},&quot;_transform_scaleX_effect_mobile&quot;:{&quot;unit&quot;:&quot;px&quot;,&quot;size&quot;:&quot;&quot;,&quot;sizes&quot;:[]},&quot;_transform_scaleY_effect&quot;:{&quot;unit&quot;:&quot;px&quot;,&quot;size&quot;:&quot;&quot;,&quot;sizes&quot;:[]},&quot;_transform_scaleY_effect_tablet&quot;:{&quot;unit&quot;:&quot;px&quot;,&quot;size&quot;:&quot;&quot;,&quot;sizes&quot;:[]},&quot;_transform_scaleY_effect_mobile&quot;:{&quot;unit&quot;:&quot;px&quot;,&quot;size&quot;:&quot;&quot;,&quot;sizes&quot;:[]}}\" data-widget_type=\"image.default\">\n\t\t\t\t<div class=\"elementor-widget-container\">\n\t\t\t<style>\/*! elementor - v3.21.0 - 26-05-2024 *\/\n.elementor-widget-image{text-align:center}.elementor-widget-image a{display:inline-block}.elementor-widget-image a img[src$=\".svg\"]{width:48px}.elementor-widget-image img{vertical-align:middle;display:inline-block}<\/style>\t\t\t\t\t\t\t\t\t\t<img fetchpriority=\"high\" decoding=\"async\" width=\"1280\" height=\"720\" src=\"https:\/\/icar.cnrs.fr\/interfac-tsa\/wp-content\/uploads\/2024\/10\/commande_restau_bar-1.jpg\" class=\"attachment-full size-full wp-image-756\" alt=\"\" srcset=\"https:\/\/icar.cnrs.fr\/interfac-tsa\/wp-content\/uploads\/2024\/10\/commande_restau_bar-1.jpg 1280w, https:\/\/icar.cnrs.fr\/interfac-tsa\/wp-content\/uploads\/2024\/10\/commande_restau_bar-1-300x169.jpg 300w, https:\/\/icar.cnrs.fr\/interfac-tsa\/wp-content\/uploads\/2024\/10\/commande_restau_bar-1-1024x576.jpg 1024w, https:\/\/icar.cnrs.fr\/interfac-tsa\/wp-content\/uploads\/2024\/10\/commande_restau_bar-1-768x432.jpg 768w, https:\/\/icar.cnrs.fr\/interfac-tsa\/wp-content\/uploads\/2024\/10\/commande_restau_bar-1-500x281.jpg 500w\" sizes=\"(max-width: 1280px) 100vw, 1280px\" \/>\t\t\t\t\t\t\t\t\t\t\t\t\t<\/div>\n\t\t\t\t<\/div>\n\t\t\t\t<div class=\"elementor-element elementor-element-7da42b4 elementor-widget-divider--view-line elementor-widget elementor-widget-divider\" data-id=\"7da42b4\" data-element_type=\"widget\" data-widget_type=\"divider.default\">\n\t\t\t\t<div class=\"elementor-widget-container\">\n\t\t\t<style>\/*! elementor - v3.21.0 - 26-05-2024 *\/\n.elementor-widget-divider{--divider-border-style:none;--divider-border-width:1px;--divider-color:#0c0d0e;--divider-icon-size:20px;--divider-element-spacing:10px;--divider-pattern-height:24px;--divider-pattern-size:20px;--divider-pattern-url:none;--divider-pattern-repeat:repeat-x}.elementor-widget-divider .elementor-divider{display:flex}.elementor-widget-divider .elementor-divider__text{font-size:15px;line-height:1;max-width:95%}.elementor-widget-divider .elementor-divider__element{margin:0 var(--divider-element-spacing);flex-shrink:0}.elementor-widget-divider .elementor-icon{font-size:var(--divider-icon-size)}.elementor-widget-divider .elementor-divider-separator{display:flex;margin:0;direction:ltr}.elementor-widget-divider--view-line_icon .elementor-divider-separator,.elementor-widget-divider--view-line_text .elementor-divider-separator{align-items:center}.elementor-widget-divider--view-line_icon .elementor-divider-separator:after,.elementor-widget-divider--view-line_icon .elementor-divider-separator:before,.elementor-widget-divider--view-line_text .elementor-divider-separator:after,.elementor-widget-divider--view-line_text .elementor-divider-separator:before{display:block;content:\"\";border-block-end:0;flex-grow:1;border-block-start:var(--divider-border-width) var(--divider-border-style) var(--divider-color)}.elementor-widget-divider--element-align-left .elementor-divider .elementor-divider-separator>.elementor-divider__svg:first-of-type{flex-grow:0;flex-shrink:100}.elementor-widget-divider--element-align-left .elementor-divider-separator:before{content:none}.elementor-widget-divider--element-align-left .elementor-divider__element{margin-left:0}.elementor-widget-divider--element-align-right .elementor-divider .elementor-divider-separator>.elementor-divider__svg:last-of-type{flex-grow:0;flex-shrink:100}.elementor-widget-divider--element-align-right .elementor-divider-separator:after{content:none}.elementor-widget-divider--element-align-right .elementor-divider__element{margin-right:0}.elementor-widget-divider--element-align-start .elementor-divider .elementor-divider-separator>.elementor-divider__svg:first-of-type{flex-grow:0;flex-shrink:100}.elementor-widget-divider--element-align-start .elementor-divider-separator:before{content:none}.elementor-widget-divider--element-align-start .elementor-divider__element{margin-inline-start:0}.elementor-widget-divider--element-align-end .elementor-divider .elementor-divider-separator>.elementor-divider__svg:last-of-type{flex-grow:0;flex-shrink:100}.elementor-widget-divider--element-align-end .elementor-divider-separator:after{content:none}.elementor-widget-divider--element-align-end .elementor-divider__element{margin-inline-end:0}.elementor-widget-divider:not(.elementor-widget-divider--view-line_text):not(.elementor-widget-divider--view-line_icon) .elementor-divider-separator{border-block-start:var(--divider-border-width) var(--divider-border-style) var(--divider-color)}.elementor-widget-divider--separator-type-pattern{--divider-border-style:none}.elementor-widget-divider--separator-type-pattern.elementor-widget-divider--view-line .elementor-divider-separator,.elementor-widget-divider--separator-type-pattern:not(.elementor-widget-divider--view-line) .elementor-divider-separator:after,.elementor-widget-divider--separator-type-pattern:not(.elementor-widget-divider--view-line) .elementor-divider-separator:before,.elementor-widget-divider--separator-type-pattern:not([class*=elementor-widget-divider--view]) .elementor-divider-separator{width:100%;min-height:var(--divider-pattern-height);-webkit-mask-size:var(--divider-pattern-size) 100%;mask-size:var(--divider-pattern-size) 100%;-webkit-mask-repeat:var(--divider-pattern-repeat);mask-repeat:var(--divider-pattern-repeat);background-color:var(--divider-color);-webkit-mask-image:var(--divider-pattern-url);mask-image:var(--divider-pattern-url)}.elementor-widget-divider--no-spacing{--divider-pattern-size:auto}.elementor-widget-divider--bg-round{--divider-pattern-repeat:round}.rtl .elementor-widget-divider .elementor-divider__text{direction:rtl}.e-con-inner>.elementor-widget-divider,.e-con>.elementor-widget-divider{width:var(--container-widget-width,100%);--flex-grow:var(--container-widget-flex-grow)}<\/style>\t\t<div class=\"elementor-divider\">\n\t\t\t<span class=\"elementor-divider-separator\">\n\t\t\t\t\t\t<\/span>\n\t\t<\/div>\n\t\t\t\t<\/div>\n\t\t\t\t<\/div>\n\t\t\t\t<\/div>\n\t\t<div class=\"elementor-element elementor-element-827605d e-flex e-con-boxed e-con e-parent\" data-id=\"827605d\" data-element_type=\"container\">\n\t\t\t\t\t<div class=\"e-con-inner\">\n\t\t<div class=\"elementor-element elementor-element-ae828ab e-flex e-con-boxed e-con e-child\" data-id=\"ae828ab\" data-element_type=\"container\">\n\t\t\t\t\t<div class=\"e-con-inner\">\n\t\t\t\t<div class=\"elementor-element elementor-element-fb422e4 elementor-widget elementor-widget-text-editor\" data-id=\"fb422e4\" data-element_type=\"widget\" data-widget_type=\"text-editor.default\">\n\t\t\t\t<div class=\"elementor-widget-container\">\n\t\t\t\t\t\t\t<p>La pr\u00e9sentation qui vous est propos\u00e9e pour continuer contient des exemples vid\u00e9o qui vous permettront d&rsquo;analyser <strong>les \u00e9tapes cl\u00e9s<\/strong> et <strong>certaines sp\u00e9cificit\u00e9s<\/strong> de la commande dans un bar ou un restaurant. Pour naviguer entre les diff\u00e9rentes diapositives, vous pouvez utiliser la barre de navigation et les fl\u00e8ches. Vous pouvez aussi afficher les diapositives en mode plein \u00e9cran en cliquant sur l&rsquo;ic\u00f4ne des deux fl\u00e8ches oppos\u00e9es en bas \u00e0 droite.<\/p>\t\t\t\t\t\t<\/div>\n\t\t\t\t<\/div>\n\t\t\t\t<div class=\"elementor-element elementor-element-d746bd0 elementor-widget elementor-widget-image\" data-id=\"d746bd0\" data-element_type=\"widget\" data-widget_type=\"image.default\">\n\t\t\t\t<div class=\"elementor-widget-container\">\n\t\t\t\t\t\t\t\t\t\t\t\t\t<img decoding=\"async\" width=\"584\" height=\"81\" src=\"https:\/\/icar.cnrs.fr\/interfac-tsa\/wp-content\/uploads\/2024\/07\/Capture-decran-2024-07-22-235507.png\" class=\"attachment-large size-large wp-image-338\" alt=\"\" srcset=\"https:\/\/icar.cnrs.fr\/interfac-tsa\/wp-content\/uploads\/2024\/07\/Capture-decran-2024-07-22-235507.png 817w, https:\/\/icar.cnrs.fr\/interfac-tsa\/wp-content\/uploads\/2024\/07\/Capture-decran-2024-07-22-235507-300x41.png 300w, https:\/\/icar.cnrs.fr\/interfac-tsa\/wp-content\/uploads\/2024\/07\/Capture-decran-2024-07-22-235507-768x106.png 768w, https:\/\/icar.cnrs.fr\/interfac-tsa\/wp-content\/uploads\/2024\/07\/Capture-decran-2024-07-22-235507-500x69.png 500w\" sizes=\"(max-width: 584px) 100vw, 584px\" \/>\t\t\t\t\t\t\t\t\t\t\t\t\t<\/div>\n\t\t\t\t<\/div>\n\t\t\t\t\t<\/div>\n\t\t\t\t<\/div>\n\t\t\t\t\t<\/div>\n\t\t\t\t<\/div>\n\t\t<div class=\"elementor-element elementor-element-ab876b7 e-flex e-con-boxed e-con e-parent\" data-id=\"ab876b7\" data-element_type=\"container\">\n\t\t\t\t\t<div class=\"e-con-inner\">\n\t\t<div class=\"elementor-element elementor-element-f083abe e-flex e-con-boxed e-con e-child\" data-id=\"f083abe\" data-element_type=\"container\">\n\t\t\t\t\t<div class=\"e-con-inner\">\n\t\t\t\t<div class=\"elementor-element elementor-element-35ac22d elementor-widget elementor-widget-text-editor\" data-id=\"35ac22d\" data-element_type=\"widget\" data-widget_type=\"text-editor.default\">\n\t\t\t\t<div class=\"elementor-widget-container\">\n\t\t\t\t\t\t\t<p>En dessous de la pr\u00e9sentation, vous retrouverez <strong>une fiche t\u00e9l\u00e9chargeable en PDF<\/strong> qui contient :<\/p>\n<ul>\n<li>Un r\u00e9sum\u00e9 des \u00e9tapes cl\u00e9s de l&rsquo;interaction ;<\/li>\n<li>Des \u00e9l\u00e9ments d&rsquo;analyse centr\u00e9s autour des formulations langagi\u00e8res utiles (exemple: les proc\u00e9d\u00e9s d&rsquo;att\u00e9nuation pour commander).<\/li>\n<\/ul>\t\t\t\t\t\t<\/div>\n\t\t\t\t<\/div>\n\t\t\t\t\t<\/div>\n\t\t\t\t<\/div>\n\t\t\t\t\t<\/div>\n\t\t\t\t<\/div>\n\t\t<div class=\"elementor-element elementor-element-51aa14c e-flex e-con-boxed e-con e-parent\" data-id=\"51aa14c\" data-element_type=\"container\">\n\t\t\t\t\t<div class=\"e-con-inner\">\n\t\t\t\t<div class=\"elementor-element elementor-element-726b87c elementor-widget elementor-widget-shortcode\" data-id=\"726b87c\" data-element_type=\"widget\" data-widget_type=\"shortcode.default\">\n\t\t\t\t<div class=\"elementor-widget-container\">\n\t\t\t\t\t<div class=\"elementor-shortcode\"><div class=\"h5p-iframe-wrapper\"><iframe id=\"h5p-iframe-35\" class=\"h5p-iframe\" data-content-id=\"35\" style=\"height:1px\" src=\"about:blank\" frameBorder=\"0\" scrolling=\"no\" title=\"Commander_dans_un_bar_restaurant\"><\/iframe><\/div><\/div>\n\t\t\t\t<\/div>\n\t\t\t\t<\/div>\n\t\t\t\t\t<\/div>\n\t\t\t\t<\/div>\n\t\t<div class=\"elementor-element elementor-element-3e8ba25 e-flex e-con-boxed e-con e-parent\" data-id=\"3e8ba25\" data-element_type=\"container\">\n\t\t\t\t\t<div class=\"e-con-inner\">\n\t\t<div class=\"elementor-element elementor-element-b079d07 e-flex e-con-boxed e-con e-child\" data-id=\"b079d07\" data-element_type=\"container\">\n\t\t\t\t\t<div class=\"e-con-inner\">\n\t\t\t\t<div class=\"elementor-element elementor-element-bee7137 elementor-widget-divider--view-line elementor-widget elementor-widget-divider\" data-id=\"bee7137\" data-element_type=\"widget\" data-widget_type=\"divider.default\">\n\t\t\t\t<div class=\"elementor-widget-container\">\n\t\t\t\t\t<div class=\"elementor-divider\">\n\t\t\t<span class=\"elementor-divider-separator\">\n\t\t\t\t\t\t<\/span>\n\t\t<\/div>\n\t\t\t\t<\/div>\n\t\t\t\t<\/div>\n\t\t\t\t\t<\/div>\n\t\t\t\t<\/div>\n\t\t\t\t\t<\/div>\n\t\t\t\t<\/div>\n\t\t<div class=\"elementor-element elementor-element-24d8c85 e-flex e-con-boxed e-con e-parent\" data-id=\"24d8c85\" data-element_type=\"container\">\n\t\t\t\t\t<div class=\"e-con-inner\">\n\t\t<div class=\"elementor-element elementor-element-5e9d48a e-flex e-con-boxed e-con e-child\" data-id=\"5e9d48a\" data-element_type=\"container\">\n\t\t\t\t\t<div class=\"e-con-inner\">\n\t\t<div class=\"elementor-element elementor-element-90a58dc e-con-full e-flex e-con e-child\" data-id=\"90a58dc\" data-element_type=\"container\">\n\t\t\t\t<div class=\"elementor-element elementor-element-7ddf3f6 elementor-widget elementor-widget-image\" data-id=\"7ddf3f6\" data-element_type=\"widget\" data-widget_type=\"image.default\">\n\t\t\t\t<div class=\"elementor-widget-container\">\n\t\t\t\t\t\t\t\t\t\t\t\t\t\t<a href=\"https:\/\/icar.cnrs.fr\/interfac-tsa\/wp-content\/uploads\/2024\/10\/Rv_telephone_rendez-vous.pdf\">\n\t\t\t\t\t\t\t<img decoding=\"async\" width=\"150\" height=\"150\" src=\"https:\/\/icar.cnrs.fr\/interfac-tsa\/wp-content\/uploads\/2024\/07\/ampoule-1-150x150.png\" class=\"attachment-thumbnail size-thumbnail wp-image-208\" alt=\"\" srcset=\"https:\/\/icar.cnrs.fr\/interfac-tsa\/wp-content\/uploads\/2024\/07\/ampoule-1-150x150.png 150w, https:\/\/icar.cnrs.fr\/interfac-tsa\/wp-content\/uploads\/2024\/07\/ampoule-1-300x300.png 300w, https:\/\/icar.cnrs.fr\/interfac-tsa\/wp-content\/uploads\/2024\/07\/ampoule-1.png 512w\" sizes=\"(max-width: 150px) 100vw, 150px\" \/>\t\t\t\t\t\t\t\t<\/a>\n\t\t\t\t\t\t\t\t\t\t\t\t\t<\/div>\n\t\t\t\t<\/div>\n\t\t\t\t<\/div>\n\t\t<div class=\"elementor-element elementor-element-1bd9fde e-con-full e-flex e-con e-child\" data-id=\"1bd9fde\" data-element_type=\"container\">\n\t\t\t\t<div class=\"elementor-element elementor-element-f28b892 elementor-widget elementor-widget-text-editor\" data-id=\"f28b892\" data-element_type=\"widget\" data-widget_type=\"text-editor.default\">\n\t\t\t\t<div class=\"elementor-widget-container\">\n\t\t\t\t\t\t\t<p>La fiche <em><a href=\"https:\/\/icar.cnrs.fr\/interfac-tsa\/wp-content\/uploads\/2025\/01\/commande_bar_resto.pdf\">\u00ab\u00a0Commander dans un bar \/ restaurant\u00a0\u00bb<\/a><\/em><\/p>\t\t\t\t\t\t<\/div>\n\t\t\t\t<\/div>\n\t\t\t\t<\/div>\n\t\t\t\t\t<\/div>\n\t\t\t\t<\/div>\n\t\t\t\t\t<\/div>\n\t\t\t\t<\/div>\n\t\t<div class=\"elementor-element elementor-element-c979244 e-flex e-con-boxed e-con e-parent\" data-id=\"c979244\" data-element_type=\"container\">\n\t\t\t\t\t<div class=\"e-con-inner\">\n\t\t\t\t<div class=\"elementor-element elementor-element-96bffac elementor-widget elementor-widget-spacer\" data-id=\"96bffac\" data-element_type=\"widget\" data-widget_type=\"spacer.default\">\n\t\t\t\t<div class=\"elementor-widget-container\">\n\t\t\t<style>\/*! elementor - v3.21.0 - 26-05-2024 *\/\n.elementor-column .elementor-spacer-inner{height:var(--spacer-size)}.e-con{--container-widget-width:100%}.e-con-inner>.elementor-widget-spacer,.e-con>.elementor-widget-spacer{width:var(--container-widget-width,var(--spacer-size));--align-self:var(--container-widget-align-self,initial);--flex-shrink:0}.e-con-inner>.elementor-widget-spacer>.elementor-widget-container,.e-con>.elementor-widget-spacer>.elementor-widget-container{height:100%;width:100%}.e-con-inner>.elementor-widget-spacer>.elementor-widget-container>.elementor-spacer,.e-con>.elementor-widget-spacer>.elementor-widget-container>.elementor-spacer{height:100%}.e-con-inner>.elementor-widget-spacer>.elementor-widget-container>.elementor-spacer>.elementor-spacer-inner,.e-con>.elementor-widget-spacer>.elementor-widget-container>.elementor-spacer>.elementor-spacer-inner{height:var(--container-widget-height,var(--spacer-size))}.e-con-inner>.elementor-widget-spacer.elementor-widget-empty,.e-con>.elementor-widget-spacer.elementor-widget-empty{position:relative;min-height:22px;min-width:22px}.e-con-inner>.elementor-widget-spacer.elementor-widget-empty .elementor-widget-empty-icon,.e-con>.elementor-widget-spacer.elementor-widget-empty .elementor-widget-empty-icon{position:absolute;top:0;bottom:0;left:0;right:0;margin:auto;padding:0;width:22px;height:22px}<\/style>\t\t<div class=\"elementor-spacer\">\n\t\t\t<div class=\"elementor-spacer-inner\"><\/div>\n\t\t<\/div>\n\t\t\t\t<\/div>\n\t\t\t\t<\/div>\n\t\t\t\t\t<\/div>\n\t\t\t\t<\/div>\n\t\t\t\t<\/div>\n\t\t","protected":false},"excerpt":{"rendered":"<p>Le sch\u00e9ma ci-dessous vous permet de visualiser les aspects importants de l&rsquo;interaction \u00e0 prendre en compte lorsque l&rsquo;on commande dans un bar ou un restaurant. Il s&rsquo;agit d&rsquo;une vue d&rsquo;ensemble, ce graphique n&rsquo;est pas cliquable, vous pourrez acc\u00e9der aux donn\u00e9es &hellip; <a href=\"https:\/\/icar.cnrs.fr\/interfac-tsa\/commander-dans-un-bar-ou-un-restaurant\/\">Continuer la lecture <span class=\"meta-nav\">&rarr;<\/span><\/a><\/p>\n","protected":false},"author":3,"featured_media":0,"parent":0,"menu_order":0,"comment_status":"closed","ping_status":"closed","template":"","meta":{"footnotes":""},"class_list":["post-742","page","type-page","status-publish","hentry"],"_links":{"self":[{"href":"https:\/\/icar.cnrs.fr\/interfac-tsa\/wp-json\/wp\/v2\/pages\/742","targetHints":{"allow":["GET"]}}],"collection":[{"href":"https:\/\/icar.cnrs.fr\/interfac-tsa\/wp-json\/wp\/v2\/pages"}],"about":[{"href":"https:\/\/icar.cnrs.fr\/interfac-tsa\/wp-json\/wp\/v2\/types\/page"}],"author":[{"embeddable":true,"href":"https:\/\/icar.cnrs.fr\/interfac-tsa\/wp-json\/wp\/v2\/users\/3"}],"replies":[{"embeddable":true,"href":"https:\/\/icar.cnrs.fr\/interfac-tsa\/wp-json\/wp\/v2\/comments?post=742"}],"version-history":[{"count":25,"href":"https:\/\/icar.cnrs.fr\/interfac-tsa\/wp-json\/wp\/v2\/pages\/742\/revisions"}],"predecessor-version":[{"id":1117,"href":"https:\/\/icar.cnrs.fr\/interfac-tsa\/wp-json\/wp\/v2\/pages\/742\/revisions\/1117"}],"wp:attachment":[{"href":"https:\/\/icar.cnrs.fr\/interfac-tsa\/wp-json\/wp\/v2\/media?parent=742"}],"curies":[{"name":"wp","href":"https:\/\/api.w.org\/{rel}","templated":true}]}}