{"id":1170,"date":"2022-04-22T12:41:57","date_gmt":"2022-04-22T10:41:57","guid":{"rendered":"http:\/\/icar.cnrs.fr\/interfare\/?page_id=1170"},"modified":"2023-03-23T12:24:37","modified_gmt":"2023-03-23T11:24:37","slug":"donner-parole-scolaire-tour-de-table","status":"publish","type":"page","link":"https:\/\/icar.cnrs.fr\/interfare\/donner-parole-scolaire-tour-de-table\/","title":{"rendered":"Donner la parole Scolaire Tour de Table"},"content":{"rendered":"\t\t<div data-elementor-type=\"wp-page\" data-elementor-id=\"1170\" class=\"elementor elementor-1170\">\n\t\t\t\t\t\t\t\t\t<section class=\"elementor-section elementor-top-section elementor-element elementor-element-5ec7f1f5 elementor-section-boxed elementor-section-height-default elementor-section-height-default\" data-id=\"5ec7f1f5\" data-element_type=\"section\">\n\t\t\t\t\t\t<div class=\"elementor-container elementor-column-gap-default\">\n\t\t\t\t\t<div class=\"elementor-column elementor-col-100 elementor-top-column elementor-element elementor-element-9746fc6\" data-id=\"9746fc6\" data-element_type=\"column\">\n\t\t\t<div class=\"elementor-widget-wrap elementor-element-populated\">\n\t\t\t\t\t\t\t\t<div class=\"elementor-element elementor-element-36eb3f89 elementor-widget elementor-widget-text-editor\" data-id=\"36eb3f89\" data-element_type=\"widget\" data-widget_type=\"text-editor.default\">\n\t\t\t\t<div class=\"elementor-widget-container\">\n\t\t\t<style>\/*! elementor - v3.6.0 - 21-03-2022 *\/\n.elementor-widget-text-editor.elementor-drop-cap-view-stacked .elementor-drop-cap{background-color:#818a91;color:#fff}.elementor-widget-text-editor.elementor-drop-cap-view-framed .elementor-drop-cap{color:#818a91;border:3px solid;background-color:transparent}.elementor-widget-text-editor:not(.elementor-drop-cap-view-default) .elementor-drop-cap{margin-top:8px}.elementor-widget-text-editor:not(.elementor-drop-cap-view-default) .elementor-drop-cap-letter{width:1em;height:1em}.elementor-widget-text-editor .elementor-drop-cap{float:left;text-align:center;line-height:1;font-size:50px}.elementor-widget-text-editor .elementor-drop-cap-letter{display:inline-block}<\/style>\t\t\t\t<p><a href=\"https:\/\/icar.cnrs.fr\/interfare\/les-rubriques\/\">Les rubriques<\/a> &gt; Gestion de la parole &gt; <a href=\"https:\/\/icar.cnrs.fr\/interfare\/donner-la-parole\/\">Donner la parole<\/a><\/p>\t\t\t\t\t\t<\/div>\n\t\t\t\t<\/div>\n\t\t\t\t<div class=\"elementor-element elementor-element-3548bfc8 elementor-widget elementor-widget-heading\" data-id=\"3548bfc8\" data-element_type=\"widget\" data-widget_type=\"heading.default\">\n\t\t\t\t<div class=\"elementor-widget-container\">\n\t\t\t<style>\/*! elementor - v3.6.0 - 21-03-2022 *\/\n.elementor-heading-title{padding:0;margin:0;line-height:1}.elementor-widget-heading .elementor-heading-title[class*=elementor-size-]>a{color:inherit;font-size:inherit;line-height:inherit}.elementor-widget-heading .elementor-heading-title.elementor-size-small{font-size:15px}.elementor-widget-heading .elementor-heading-title.elementor-size-medium{font-size:19px}.elementor-widget-heading .elementor-heading-title.elementor-size-large{font-size:29px}.elementor-widget-heading .elementor-heading-title.elementor-size-xl{font-size:39px}.elementor-widget-heading .elementor-heading-title.elementor-size-xxl{font-size:59px}<\/style><h2 class=\"elementor-heading-title elementor-size-default\">Donner la parole r\u00e9union bilan en primaire<span><\/span><\/h2>\t\t<\/div>\n\t\t\t\t<\/div>\n\t\t\t\t<div class=\"elementor-element elementor-element-5b8caf68 elementor-widget elementor-widget-heading\" data-id=\"5b8caf68\" data-element_type=\"widget\" data-widget_type=\"heading.default\">\n\t\t\t\t<div class=\"elementor-widget-container\">\n\t\t\t<h3 class=\"elementor-heading-title elementor-size-default\"><i>\"on essaie de faire un petit tour de table \u2026. tu continues\"<\/i><\/h3>\t\t<\/div>\n\t\t\t\t<\/div>\n\t\t\t\t<div class=\"elementor-element elementor-element-46c43db5 elementor-widget elementor-widget-heading\" data-id=\"46c43db5\" data-element_type=\"widget\" data-widget_type=\"heading.default\">\n\t\t\t\t<div class=\"elementor-widget-container\">\n\t\t\t<h2 class=\"elementor-heading-title elementor-size-default\"><b>R\u00e9union<\/b><\/h2>\t\t<\/div>\n\t\t\t\t<\/div>\n\t\t\t\t<div class=\"elementor-element elementor-element-234d9e13 elementor-widget elementor-widget-text-editor\" data-id=\"234d9e13\" data-element_type=\"widget\" data-widget_type=\"text-editor.default\">\n\t\t\t\t<div class=\"elementor-widget-container\">\n\t\t\t\t\t\t\t<p><span class=\"textstyle17\">R\u00e9union bilan sur l\u2019accompagnement scolaire de certains \u00e9l\u00e8ves de primaire. L1 anime la r\u00e9union. Cet extrait a lieu six minutes apr\u00e8s le d\u00e9but de la r\u00e9union<\/span><\/p>\t\t\t\t\t\t<\/div>\n\t\t\t\t<\/div>\n\t\t\t\t<div class=\"elementor-element elementor-element-3c24f07b elementor-widget elementor-widget-heading\" data-id=\"3c24f07b\" data-element_type=\"widget\" data-widget_type=\"heading.default\">\n\t\t\t\t<div class=\"elementor-widget-container\">\n\t\t\t<h2 class=\"elementor-heading-title elementor-size-default\"><b>Contexte<\/b><\/h2>\t\t<\/div>\n\t\t\t\t<\/div>\n\t\t\t\t<div class=\"elementor-element elementor-element-634d8e71 elementor-widget elementor-widget-text-editor\" data-id=\"634d8e71\" data-element_type=\"widget\" data-widget_type=\"text-editor.default\">\n\t\t\t\t<div class=\"elementor-widget-container\">\n\t\t\t\t\t\t\t<p><span style=\"color: #3d607a;\">L1, animatrice, cl\u00f4t le sujet en cours avant de proposer de faire un tour de table.<br \/><\/span><\/p>\t\t\t\t\t\t<\/div>\n\t\t\t\t<\/div>\n\t\t\t\t\t<\/div>\n\t\t<\/div>\n\t\t\t\t\t\t\t<\/div>\n\t\t<\/section>\n\t\t\t\t<section class=\"elementor-section elementor-top-section elementor-element elementor-element-3b3b879d elementor-section-boxed elementor-section-height-default elementor-section-height-default\" data-id=\"3b3b879d\" data-element_type=\"section\">\n\t\t\t\t\t\t<div class=\"elementor-container elementor-column-gap-default\">\n\t\t\t\t\t<div class=\"elementor-column elementor-col-100 elementor-top-column elementor-element elementor-element-58b5f12\" data-id=\"58b5f12\" data-element_type=\"column\">\n\t\t\t<div class=\"elementor-widget-wrap elementor-element-populated\">\n\t\t\t\t\t\t\t\t<div class=\"elementor-element elementor-element-1ec551e1 elementor-widget elementor-widget-text-editor\" data-id=\"1ec551e1\" data-element_type=\"widget\" data-widget_type=\"text-editor.default\">\n\t\t\t\t<div class=\"elementor-widget-container\">\n\t\t\t\t\t\t\t<p><strong><a class=\"maxbutton-2 maxbutton maxbutton-audio\" href=\"https:\/\/icar.cnrs.fr\/interfare\/wp-content\/uploads\/INTERFARE_DonnerParole_AssociationScolaire_Tourdetable.wav\" download=\"\"><span class='mb-text'>Audio<\/span><\/a> <\/strong><\/p><p><!--[if lt IE 9]><script>document.createElement('audio');<\/script><![endif]-->\n<audio class=\"wp-audio-shortcode\" id=\"audio-1170-1\" preload=\"none\" style=\"width: 100%;\" controls=\"controls\"><source type=\"audio\/wav\" src=\"https:\/\/icar.cnrs.fr\/interfare\/wp-content\/uploads\/INTERFARE_DonnerParole_AssociationScolaire_Tourdetable.wav?_=1\" \/><a href=\"https:\/\/icar.cnrs.fr\/interfare\/wp-content\/uploads\/INTERFARE_DonnerParole_AssociationScolaire_Tourdetable.wav\">https:\/\/icar.cnrs.fr\/interfare\/wp-content\/uploads\/INTERFARE_DonnerParole_AssociationScolaire_Tourdetable.wav<\/a><\/audio><\/p>\t\t\t\t\t\t<\/div>\n\t\t\t\t<\/div>\n\t\t\t\t\t<\/div>\n\t\t<\/div>\n\t\t\t\t\t\t\t<\/div>\n\t\t<\/section>\n\t\t\t\t<section class=\"elementor-section elementor-top-section elementor-element elementor-element-423493ae elementor-section-boxed elementor-section-height-default elementor-section-height-default\" data-id=\"423493ae\" data-element_type=\"section\">\n\t\t\t\t\t\t<div class=\"elementor-container elementor-column-gap-default\">\n\t\t\t\t\t<div class=\"elementor-column elementor-col-100 elementor-top-column elementor-element elementor-element-671ee3d5\" data-id=\"671ee3d5\" data-element_type=\"column\">\n\t\t\t<div class=\"elementor-widget-wrap elementor-element-populated\">\n\t\t\t\t\t\t\t\t<div class=\"elementor-element elementor-element-283aa484 elementor-widget elementor-widget-toggle\" data-id=\"283aa484\" data-element_type=\"widget\" data-widget_type=\"toggle.default\">\n\t\t\t\t<div class=\"elementor-widget-container\">\n\t\t\t<style>\/*! elementor - v3.6.0 - 21-03-2022 *\/\n.elementor-toggle{text-align:left}.elementor-toggle .elementor-tab-title{font-weight:700;line-height:1;margin:0;padding:15px;border-bottom:1px solid #d4d4d4;cursor:pointer;outline:none}.elementor-toggle .elementor-tab-title .elementor-toggle-icon{display:inline-block;width:1em}.elementor-toggle .elementor-tab-title .elementor-toggle-icon svg{-webkit-margin-start:-5px;margin-inline-start:-5px;width:1em;height:1em}.elementor-toggle .elementor-tab-title .elementor-toggle-icon.elementor-toggle-icon-right{float:right;text-align:right}.elementor-toggle .elementor-tab-title .elementor-toggle-icon.elementor-toggle-icon-left{float:left;text-align:left}.elementor-toggle .elementor-tab-title .elementor-toggle-icon .elementor-toggle-icon-closed{display:block}.elementor-toggle .elementor-tab-title .elementor-toggle-icon .elementor-toggle-icon-opened{display:none}.elementor-toggle .elementor-tab-title.elementor-active{border-bottom:none}.elementor-toggle .elementor-tab-title.elementor-active .elementor-toggle-icon-closed{display:none}.elementor-toggle .elementor-tab-title.elementor-active .elementor-toggle-icon-opened{display:block}.elementor-toggle .elementor-tab-content{padding:15px;border-bottom:1px solid #d4d4d4;display:none}@media (max-width:767px){.elementor-toggle .elementor-tab-title{padding:12px}.elementor-toggle .elementor-tab-content{padding:12px 10px}}<\/style>\t\t<div class=\"elementor-toggle\" role=\"tablist\">\n\t\t\t\t\t\t\t<div class=\"elementor-toggle-item\">\n\t\t\t\t\t<h3 id=\"elementor-tab-title-6741\" class=\"elementor-tab-title\" data-tab=\"1\" role=\"tab\" aria-controls=\"elementor-tab-content-6741\" aria-expanded=\"false\">\n\t\t\t\t\t\t\t\t\t\t\t\t<span class=\"elementor-toggle-icon elementor-toggle-icon-left\" aria-hidden=\"true\">\n\t\t\t\t\t\t\t\t\t\t\t\t\t\t\t<span class=\"elementor-toggle-icon-closed\"><i class=\"fas fa-caret-right\"><\/i><\/span>\n\t\t\t\t\t\t\t\t<span class=\"elementor-toggle-icon-opened\"><i class=\"elementor-toggle-icon-opened fas fa-caret-up\"><\/i><\/span>\n\t\t\t\t\t\t\t\t\t\t\t\t\t<\/span>\n\t\t\t\t\t\t\t\t\t\t\t\t<a href=\"\" class=\"elementor-toggle-title\">La  transcription<\/a>\n\t\t\t\t\t<\/h3>\n\n\t\t\t\t\t<div id=\"elementor-tab-content-6741\" class=\"elementor-tab-content elementor-clearfix\" data-tab=\"1\" role=\"tabpanel\" aria-labelledby=\"elementor-tab-title-6741\"><p><\/p>\n<p><span style=\"font-size: 12pt;\"><i>L1&nbsp;<\/i>&nbsp;&nbsp; voil\u00e0 est ce que vous avez des choses \u00e0 redire <a href=\"https:\/\/icar.cnrs.fr\/interfare\/quelques_expressions\/#par_rapport_a\"><b>par rapport \u00e0 \u00e7a<\/b><\/a> (pause) <b>on essaie de <a href=\"https:\/\/icar.cnrs.fr\/interfare\/quelques_expressions\/#tour_de_table\" target=\"_blank\" rel=\"noopener\">faire un petit <\/a><\/b><b><a href=\"https:\/\/icar.cnrs.fr\/interfare\/quelques_expressions\/#tour_de_table\" target=\"_blank\" rel=\"noopener\">tour de table<\/a><\/b> histoire que tout le <br><\/span><\/p>\n<p><span style=\"font-size: 12pt;\">&nbsp;&nbsp;&nbsp;&nbsp;&nbsp;&nbsp; monde puisse avoir la parole ((toux))&nbsp; par rapport ((toux)) au point de de fonctionnement les enfants les devoirs le mat\u00e9riel les <br><\/span><\/p>\n<p><span style=\"font-size: 12pt;\">&nbsp;&nbsp;&nbsp;&nbsp;&nbsp;&nbsp;&nbsp; comportements les \u00e9l\u00e8ves en difficult\u00e9s (pause) <b><i>Pr\u00e9nom1<\/i> tu commences&nbsp;<\/b><\/span><\/p>\n<p><span style=\"font-size: 12pt;\"><i>L2<\/i>&nbsp;&nbsp;&nbsp; ok alors ben moi \u00e7a se passe <a href=\"https:\/\/icar.cnrs.fr\/interfare\/quelques_expressions\/#a_peu_pres\"><b>\u00e0 peu pr\u00e8s<\/b><\/a> bien donc ben sauf le probl\u00e8me avec <i>Pr\u00e9nom2<\/i> o\u00f9<b> <a href=\"https:\/\/icar.cnrs.fr\/interfare\/quelques_expressions\/#avoir_du_mal\">j&rsquo;ai du mal<\/a><\/b> euh \u00e0 <\/span><span style=\"font-size: 14pt;\"><span style=\"font-size: 12pt;\">l&rsquo;encadrer parce qu&rsquo;il veut <br><\/span><\/span><\/p>\n<p><span style=\"font-size: 14pt;\"><span style=\"font-size: 12pt;\">&nbsp;&nbsp;&nbsp;&nbsp;&nbsp;&nbsp;&nbsp;&nbsp; faire un peu tout ce qu&rsquo;il veut<\/span><b><br><\/b><\/span><\/p><\/div>\n\t\t\t\t<\/div>\n\t\t\t\t\t\t\t\t<\/div>\n\t\t\t\t<\/div>\n\t\t\t\t<\/div>\n\t\t\t\t\t<\/div>\n\t\t<\/div>\n\t\t\t\t\t\t\t<\/div>\n\t\t<\/section>\n\t\t\t\t<section class=\"elementor-section elementor-top-section elementor-element elementor-element-67b83cc9 elementor-section-boxed elementor-section-height-default elementor-section-height-default\" data-id=\"67b83cc9\" data-element_type=\"section\">\n\t\t\t\t\t\t<div class=\"elementor-container elementor-column-gap-default\">\n\t\t\t\t\t<div class=\"elementor-column elementor-col-100 elementor-top-column elementor-element elementor-element-1632a335\" data-id=\"1632a335\" data-element_type=\"column\">\n\t\t\t<div class=\"elementor-widget-wrap elementor-element-populated\">\n\t\t\t\t\t\t\t\t<div class=\"elementor-element elementor-element-27c5d06f elementor-widget elementor-widget-toggle\" data-id=\"27c5d06f\" data-element_type=\"widget\" data-widget_type=\"toggle.default\">\n\t\t\t\t<div class=\"elementor-widget-container\">\n\t\t\t\t\t<div class=\"elementor-toggle\" role=\"tablist\">\n\t\t\t\t\t\t\t<div class=\"elementor-toggle-item\">\n\t\t\t\t\t<h3 id=\"elementor-tab-title-6671\" class=\"elementor-tab-title\" data-tab=\"1\" role=\"tab\" aria-controls=\"elementor-tab-content-6671\" aria-expanded=\"false\">\n\t\t\t\t\t\t\t\t\t\t\t\t<span class=\"elementor-toggle-icon elementor-toggle-icon-left\" aria-hidden=\"true\">\n\t\t\t\t\t\t\t\t\t\t\t\t\t\t\t<span class=\"elementor-toggle-icon-closed\"><i class=\"fas fa-caret-right\"><\/i><\/span>\n\t\t\t\t\t\t\t\t<span class=\"elementor-toggle-icon-opened\"><i class=\"elementor-toggle-icon-opened fas fa-caret-up\"><\/i><\/span>\n\t\t\t\t\t\t\t\t\t\t\t\t\t<\/span>\n\t\t\t\t\t\t\t\t\t\t\t\t<a href=\"\" class=\"elementor-toggle-title\">Les explications<\/a>\n\t\t\t\t\t<\/h3>\n\n\t\t\t\t\t<div id=\"elementor-tab-content-6671\" class=\"elementor-tab-content elementor-clearfix\" data-tab=\"1\" role=\"tabpanel\" aria-labelledby=\"elementor-tab-title-6671\"><ul><li><b><i>\u201cvoil\u00e0\u201d<\/i> <\/b>: conclut le sujet pr\u00e9c\u00e9dent<\/li><li><b>\u00ab\u00a0<i>des choses \u00e0 redire<\/i>\u00ab\u00a0<\/b> redire a le sens de revoir, compl\u00e9ter ou critiquer<\/li><li>\u00a0<b><i>\u201con essaie de faire un petit tour de table\u201d<\/i> <\/b>: pr\u00e9cise que chaque personne va avoir la parole dans l&rsquo;ordre dans lequel elles sont install\u00e9es autour de la table, on doit par contre indiquer qui commence, \u00ab\u00a0un petit\u00a0\u00bb indique qu&rsquo;il ne doit pas prendre trop de temps et rassure les personnes qui vont parler<\/li><li><b>\u00ab\u00a0<i>histoire que<\/i>\u00a0\u00bb\u00a0<\/b> pour que<\/li><li>\u00a0\u00ab\u00a0<i><b>Pr\u00e9nom1 tu commences<\/b><\/i>\u00ab\u00a0d\u00e9signe la premi\u00e8re personne qui va parler en l&rsquo;appelant par son pr\u00e9nom<\/li><li>\u00ab\u00a0<i><b>ok alors ben moi<\/b><\/i>\u00a0\u00bb prise de parole avec le marqueur \u00ab\u00a0<i>alors<\/i>\u00a0\u00bb d\u00e9j\u00e0 vu en d\u00e9but de r\u00e9union ou bien pour changer de sujet, poursuit avec \u00ab\u00a0<i>moi<\/i>\u00a0\u00bb alors qu&rsquo;il a la parole pour justement expliquer comment \u00e7a se passe pour lui<\/li><li>\u00ab\u00a0<b><i>j&rsquo;ai du mal<\/i><\/b>\u00a0\u00bb : j&rsquo;ai des difficult\u00e9s<\/li><\/ul><p>parler<\/p><\/div>\n\t\t\t\t<\/div>\n\t\t\t\t\t\t\t\t<\/div>\n\t\t\t\t<\/div>\n\t\t\t\t<\/div>\n\t\t\t\t\t<\/div>\n\t\t<\/div>\n\t\t\t\t\t\t\t<\/div>\n\t\t<\/section>\n\t\t\t\t<section class=\"elementor-section elementor-top-section elementor-element elementor-element-647aa29 elementor-section-boxed elementor-section-height-default elementor-section-height-default\" data-id=\"647aa29\" data-element_type=\"section\">\n\t\t\t\t\t\t<div class=\"elementor-container elementor-column-gap-default\">\n\t\t\t\t\t<div class=\"elementor-column elementor-col-100 elementor-top-column elementor-element elementor-element-4949727\" data-id=\"4949727\" data-element_type=\"column\">\n\t\t\t<div class=\"elementor-widget-wrap elementor-element-populated\">\n\t\t\t\t\t\t\t\t<div class=\"elementor-element elementor-element-f56d6f0 elementor-button-info elementor-align-left elementor-widget__width-inherit elementor-widget elementor-widget-button\" data-id=\"f56d6f0\" data-element_type=\"widget\" data-widget_type=\"button.default\">\n\t\t\t\t<div class=\"elementor-widget-container\">\n\t\t\t\t\t<div class=\"elementor-button-wrapper\">\n\t\t\t<a href=\"https:\/\/icar.cnrs.fr\/interfare\/donner-la-parole-exercice-petit-tour-de-table-tu-continues\" target=\"_blank\" class=\"elementor-button-link elementor-button elementor-size-sm\" role=\"button\">\n\t\t\t\t\t\t<span class=\"elementor-button-content-wrapper\">\n\t\t\t\t\t\t<span class=\"elementor-button-text\">Les exercices : \u00e0 vous de jouer !<\/span>\n\t\t<\/span>\n\t\t\t\t\t<\/a>\n\t\t<\/div>\n\t\t\t\t<\/div>\n\t\t\t\t<\/div>\n\t\t\t\t\t<\/div>\n\t\t<\/div>\n\t\t\t\t\t\t\t<\/div>\n\t\t<\/section>\n\t\t\t\t\t\t\t<\/div>\n\t\t","protected":false},"excerpt":{"rendered":"<p>Les rubriques &gt; Gestion de la parole &gt; Donner la parole Donner la parole r\u00e9union bilan en primaire \u00ab\u00a0on essaie de faire un petit tour de table \u2026. tu continues\u00a0\u00bb R\u00e9union R\u00e9union bilan sur l\u2019accompagnement scolaire de certains \u00e9l\u00e8ves de primaire. L1 anime la r\u00e9union. Cet extrait a lieu six minutes apr\u00e8s le d\u00e9but de [&hellip;]<\/p>\n","protected":false},"author":2,"featured_media":0,"parent":0,"menu_order":0,"comment_status":"closed","ping_status":"closed","template":"","meta":{"footnotes":""},"_links":{"self":[{"href":"https:\/\/icar.cnrs.fr\/interfare\/wp-json\/wp\/v2\/pages\/1170"}],"collection":[{"href":"https:\/\/icar.cnrs.fr\/interfare\/wp-json\/wp\/v2\/pages"}],"about":[{"href":"https:\/\/icar.cnrs.fr\/interfare\/wp-json\/wp\/v2\/types\/page"}],"author":[{"embeddable":true,"href":"https:\/\/icar.cnrs.fr\/interfare\/wp-json\/wp\/v2\/users\/2"}],"replies":[{"embeddable":true,"href":"https:\/\/icar.cnrs.fr\/interfare\/wp-json\/wp\/v2\/comments?post=1170"}],"version-history":[{"count":0,"href":"https:\/\/icar.cnrs.fr\/interfare\/wp-json\/wp\/v2\/pages\/1170\/revisions"}],"wp:attachment":[{"href":"https:\/\/icar.cnrs.fr\/interfare\/wp-json\/wp\/v2\/media?parent=1170"}],"curies":[{"name":"wp","href":"https:\/\/api.w.org\/{rel}","templated":true}]}}