{"id":12,"date":"2022-01-20T18:55:58","date_gmt":"2022-01-20T17:55:58","guid":{"rendered":"http:\/\/icar.cnrs.fr\/interfare\/?page_id=12"},"modified":"2023-06-09T10:12:26","modified_gmt":"2023-06-09T08:12:26","slug":"les-rubriques","status":"publish","type":"page","link":"https:\/\/icar.cnrs.fr\/interfare\/les-rubriques\/","title":{"rendered":"Les rubriques"},"content":{"rendered":"\t\t<div data-elementor-type=\"wp-page\" data-elementor-id=\"12\" class=\"elementor elementor-12\">\n\t\t\t\t\t\t\t\t\t<section class=\"elementor-section elementor-top-section elementor-element elementor-element-e8750fc elementor-section-content-top elementor-section-stretched elementor-section-boxed elementor-section-height-default elementor-section-height-default\" data-id=\"e8750fc\" data-element_type=\"section\" data-settings=\"{&quot;stretch_section&quot;:&quot;section-stretched&quot;}\">\n\t\t\t\t\t\t<div class=\"elementor-container elementor-column-gap-default\">\n\t\t\t\t\t<div class=\"elementor-column elementor-col-100 elementor-top-column elementor-element elementor-element-fd6018e\" data-id=\"fd6018e\" data-element_type=\"column\">\n\t\t\t<div class=\"elementor-widget-wrap elementor-element-populated\">\n\t\t\t\t\t\t\t\t<div class=\"elementor-element elementor-element-b4d7d46 elementor-widget__width-initial elementor-view-default elementor-widget elementor-widget-icon\" data-id=\"b4d7d46\" data-element_type=\"widget\" data-widget_type=\"icon.default\">\n\t\t\t\t<div class=\"elementor-widget-container\">\n\t\t\t\t\t<div class=\"elementor-icon-wrapper\">\n\t\t\t<div class=\"elementor-icon\">\n\t\t\t<i aria-hidden=\"true\" class=\"far fa-comment\"><\/i>\t\t\t<\/div>\n\t\t<\/div>\n\t\t\t\t<\/div>\n\t\t\t\t<\/div>\n\t\t\t\t<div class=\"elementor-element elementor-element-911abba elementor-widget__width-initial elementor-widget elementor-widget-heading\" data-id=\"911abba\" data-element_type=\"widget\" data-widget_type=\"heading.default\">\n\t\t\t\t<div class=\"elementor-widget-container\">\n\t\t\t<style>\/*! elementor - v3.6.0 - 21-03-2022 *\/\n.elementor-heading-title{padding:0;margin:0;line-height:1}.elementor-widget-heading .elementor-heading-title[class*=elementor-size-]>a{color:inherit;font-size:inherit;line-height:inherit}.elementor-widget-heading .elementor-heading-title.elementor-size-small{font-size:15px}.elementor-widget-heading .elementor-heading-title.elementor-size-medium{font-size:19px}.elementor-widget-heading .elementor-heading-title.elementor-size-large{font-size:29px}.elementor-widget-heading .elementor-heading-title.elementor-size-xl{font-size:39px}.elementor-widget-heading .elementor-heading-title.elementor-size-xxl{font-size:59px}<\/style><span class=\"elementor-heading-title elementor-size-medium\">Vous pouvez acc\u00e9der directement \u00e0 la rubrique en cliquant dans le sch\u00e9ma<\/span>\t\t<\/div>\n\t\t\t\t<\/div>\n\t\t\t\t\t<\/div>\n\t\t<\/div>\n\t\t\t\t\t\t\t<\/div>\n\t\t<\/section>\n\t\t\t\t<section class=\"elementor-section elementor-top-section elementor-element elementor-element-267ea77 elementor-section-content-top elementor-section-stretched elementor-section-boxed elementor-section-height-default elementor-section-height-default\" data-id=\"267ea77\" data-element_type=\"section\" data-settings=\"{&quot;stretch_section&quot;:&quot;section-stretched&quot;}\">\n\t\t\t\t\t\t<div class=\"elementor-container elementor-column-gap-default\">\n\t\t\t\t\t<div class=\"elementor-column elementor-col-100 elementor-top-column elementor-element elementor-element-2d3922c\" data-id=\"2d3922c\" data-element_type=\"column\">\n\t\t\t<div class=\"elementor-widget-wrap elementor-element-populated\">\n\t\t\t\t\t\t\t\t<div class=\"elementor-element elementor-element-c5ad0fa elementor-widget elementor-widget-heading\" data-id=\"c5ad0fa\" data-element_type=\"widget\" data-widget_type=\"heading.default\">\n\t\t\t\t<div class=\"elementor-widget-container\">\n\t\t\t<h1 class=\"elementor-heading-title elementor-size-large\"><span>Diff\u00e9rentes rubriques pour se familiariser avec les r\u00e9unions en contexte<\/span><\/h1>\t\t<\/div>\n\t\t\t\t<\/div>\n\t\t\t\t\t<\/div>\n\t\t<\/div>\n\t\t\t\t\t\t\t<\/div>\n\t\t<\/section>\n\t\t\t\t<section class=\"elementor-section elementor-top-section elementor-element elementor-element-6df08b9 elementor-section-content-top elementor-section-height-min-height elementor-section-boxed elementor-section-height-default elementor-section-items-middle\" data-id=\"6df08b9\" data-element_type=\"section\">\n\t\t\t\t\t\t<div class=\"elementor-container elementor-column-gap-no\">\n\t\t\t\t\t<div class=\"elementor-column elementor-col-33 elementor-top-column elementor-element elementor-element-d6f8a95\" data-id=\"d6f8a95\" data-element_type=\"column\">\n\t\t\t<div class=\"elementor-widget-wrap elementor-element-populated\">\n\t\t\t\t\t\t\t\t<div class=\"elementor-element elementor-element-a10088e elementor-widget elementor-widget-text-editor\" data-id=\"a10088e\" data-element_type=\"widget\" data-widget_type=\"text-editor.default\">\n\t\t\t\t<div class=\"elementor-widget-container\">\n\t\t\t<style>\/*! elementor - v3.6.0 - 21-03-2022 *\/\n.elementor-widget-text-editor.elementor-drop-cap-view-stacked .elementor-drop-cap{background-color:#818a91;color:#fff}.elementor-widget-text-editor.elementor-drop-cap-view-framed .elementor-drop-cap{color:#818a91;border:3px solid;background-color:transparent}.elementor-widget-text-editor:not(.elementor-drop-cap-view-default) .elementor-drop-cap{margin-top:8px}.elementor-widget-text-editor:not(.elementor-drop-cap-view-default) .elementor-drop-cap-letter{width:1em;height:1em}.elementor-widget-text-editor .elementor-drop-cap{float:left;text-align:center;line-height:1;font-size:50px}.elementor-widget-text-editor .elementor-drop-cap-letter{display:inline-block}<\/style>\t\t\t\t\t\t\t\t\t\t<\/div>\n\t\t\t\t<\/div>\n\t\t\t\t<div class=\"elementor-element elementor-element-3164634 elementor-widget__width-initial elementor-invisible elementor-widget elementor-widget-text-editor\" data-id=\"3164634\" data-element_type=\"widget\" data-settings=\"{&quot;_animation&quot;:&quot;zoomIn&quot;}\" data-widget_type=\"text-editor.default\">\n\t\t\t\t<div class=\"elementor-widget-container\">\n\t\t\t\t\t\t\t<p style=\"text-align: center;\"><span style=\"text-decoration: none; font-size: 14pt;\"><span style=\"color: #d80707;\">Organisation<\/span><\/span><a style=\"text-decoration: none;\" href=\"http:\/\/clapi.icar.cnrs.fr\/FLE\/Interfare\/rubriques.html\"><br \/><\/a><a href=\"https:\/\/icar.cnrs.fr\/interfare\/debut-de-reunion\/\"><span style=\"font-size: 14pt;\">D\u00e9but de r\u00e9union<\/span><\/a><br \/><a href=\"https:\/\/icar.cnrs.fr\/interfare\/changement-de-sujet\/\"><span style=\"font-size: 14pt;\">Changement de sujet<\/span><\/a><br \/><span style=\"font-size: 14pt;\"><a href=\"https:\/\/icar.cnrs.fr\/interfare\/fin-de-reunion\/\">Fin de r\u00e9union<\/a><\/span><\/p>\t\t\t\t\t\t<\/div>\n\t\t\t\t<\/div>\n\t\t\t\t<div class=\"elementor-element elementor-element-bb8673d elementor-widget__width-initial elementor-invisible elementor-widget elementor-widget-text-editor\" data-id=\"bb8673d\" data-element_type=\"widget\" data-settings=\"{&quot;_animation&quot;:&quot;zoomIn&quot;}\" data-widget_type=\"text-editor.default\">\n\t\t\t\t<div class=\"elementor-widget-container\">\n\t\t\t\t\t\t\t<p style=\"text-align: center;\"><span style=\"text-decoration: none; font-size: 14pt;\"><span style=\"color: #d80707;\">Mieux s&rsquo;exprimer<\/span><\/span><a style=\"text-decoration: none;\" href=\"http:\/\/clapi.icar.cnrs.fr\/FLE\/Interfare\/rubriques.html\"><br \/><\/a><a href=\"https:\/\/icar.cnrs.fr\/interfare\/dire-quon-a-pas-compris\/\"><span style=\"font-size: 14pt;\">Dire qu&rsquo;on n&rsquo;a pas compris<\/span><\/a><br \/><a href=\"https:\/\/icar.cnrs.fr\/interfare\/chercher-ses-mots\/\"><span style=\"font-size: 14pt;\">Chercher ses mot<\/span><span style=\"font-size: 14pt;\">s<\/span><\/a><br \/><a href=\"https:\/\/icar.cnrs.fr\/interfare\/preciser-le-sens\/\"><span style=\"font-size: 14pt;\">Pr\u00e9ciser le sens<\/span><\/a><\/p>\t\t\t\t\t\t<\/div>\n\t\t\t\t<\/div>\n\t\t\t\t<div class=\"elementor-element elementor-element-68e6e12 elementor-widget__width-initial elementor-invisible elementor-widget elementor-widget-text-editor\" data-id=\"68e6e12\" data-element_type=\"widget\" data-settings=\"{&quot;_animation&quot;:&quot;bounceIn&quot;}\" data-widget_type=\"text-editor.default\">\n\t\t\t\t<div class=\"elementor-widget-container\">\n\t\t\t\t\t\t\t<p style=\"text-align: center;\"><span style=\"text-decoration: none; font-size: 14pt;\"><span style=\"color: #d80707;\">Faire r\u00e9f\u00e9rence<\/span><\/span><\/p><p style=\"text-align: center;\"><span style=\"font-size: 14pt;\"><a href=\"https:\/\/icar.cnrs.fr\/interfare\/faire-reference-au-temps\/\">au temps : date, d\u00e9lai<\/a> <br \/><\/span><\/p><p style=\"text-align: center;\"><a href=\"https:\/\/icar.cnrs.fr\/interfare\/faire-reference-aux-autres\/\"><span style=\"font-size: 12pt;\"><span style=\"font-size: 14pt;\">aux autres : personne, service, fonction, direction<\/span><\/span><\/a><\/p>\t\t\t\t\t\t<\/div>\n\t\t\t\t<\/div>\n\t\t\t\t\t<\/div>\n\t\t<\/div>\n\t\t\t\t<div class=\"elementor-column elementor-col-33 elementor-top-column elementor-element elementor-element-0657f0e\" data-id=\"0657f0e\" data-element_type=\"column\">\n\t\t\t<div class=\"elementor-widget-wrap elementor-element-populated\">\n\t\t\t\t\t\t\t\t<div class=\"elementor-element elementor-element-973cf30 elementor-widget__width-initial elementor-widget elementor-widget-text-editor\" data-id=\"973cf30\" data-element_type=\"widget\" data-widget_type=\"text-editor.default\">\n\t\t\t\t<div class=\"elementor-widget-container\">\n\t\t\t\t\t\t\t<p><span class=\"textstyle17\" style=\"font-size: 18pt;\">Comprendre ce qui se passe <strong>r\u00e9ellement<\/strong> en r\u00e9union pour pouvoir participer et mettre en \u0153uvre les d\u00e9cisions prises<\/span><\/p>\t\t\t\t\t\t<\/div>\n\t\t\t\t<\/div>\n\t\t\t\t\t<\/div>\n\t\t<\/div>\n\t\t\t\t<div class=\"elementor-column elementor-col-33 elementor-top-column elementor-element elementor-element-805a2db\" data-id=\"805a2db\" data-element_type=\"column\">\n\t\t\t<div class=\"elementor-widget-wrap elementor-element-populated\">\n\t\t\t\t\t\t\t\t<div class=\"elementor-element elementor-element-b32026d elementor-invisible elementor-widget elementor-widget-text-editor\" data-id=\"b32026d\" data-element_type=\"widget\" data-settings=\"{&quot;_animation&quot;:&quot;zoomIn&quot;}\" data-widget_type=\"text-editor.default\">\n\t\t\t\t<div class=\"elementor-widget-container\">\n\t\t\t\t\t\t\t<p style=\"text-align: center;\"><span style=\"text-decoration: none; font-size: 14pt;\"><span style=\"color: #d80707;\">Gestion de la parole<\/span><\/span><\/p><p style=\"text-align: center;\"><span style=\"font-size: 14pt;\"><a href=\"https:\/\/icar.cnrs.fr\/interfare\/prendre-la-parole\">Prendre la parole<\/a><span class=\"textstyle13\"><br \/><a href=\"https:\/\/icar.cnrs.fr\/interfare\/donner-la-parole\/\">Donner la parole<\/a><\/span><\/span><\/p>\t\t\t\t\t\t<\/div>\n\t\t\t\t<\/div>\n\t\t\t\t<div class=\"elementor-element elementor-element-6cbe7e6 elementor-invisible elementor-widget elementor-widget-text-editor\" data-id=\"6cbe7e6\" data-element_type=\"widget\" data-settings=\"{&quot;_animation&quot;:&quot;zoomIn&quot;}\" data-widget_type=\"text-editor.default\">\n\t\t\t\t<div class=\"elementor-widget-container\">\n\t\t\t\t\t\t\t<p style=\"text-align: center;\"><span style=\"text-decoration: none; font-size: 14pt;\"><span style=\"color: #d80707;\">Participer aux discussions<\/span><\/span><\/p><p style=\"text-align: center;\"><a href=\"https:\/\/icar.cnrs.fr\/interfare\/evaluation\/\"><span style=\"font-size: 14pt;\"><span class=\"textstyle13\">L&rsquo;\u00e9valuation<\/span><\/span><\/a><\/p><p style=\"text-align: center;\"><a href=\"https:\/\/icar.cnrs.fr\/interfare\/accord\/\"><span style=\"font-size: 14pt;\"><span class=\"textstyle13\">L&rsquo;accord<\/span><\/span><\/a><\/p><p style=\"text-align: center;\"><a href=\"https:\/\/icar.cnrs.fr\/interfare\/desaccord\/\"><span style=\"font-size: 14pt;\"><span class=\"textstyle13\">Le d\u00e9saccord<\/span><\/span><\/a><\/p><p style=\"text-align: center;\"><a href=\"https:\/\/icar.cnrs.fr\/interfare\/negociation\/\"><span style=\"font-size: 14pt;\"><span class=\"textstyle13\">La n\u00e9gociation<\/span><\/span><\/a><\/p><p style=\"text-align: center;\"><a href=\"https:\/\/icar.cnrs.fr\/interfare\/prise-de-decision\/\"><span style=\"font-size: 14pt;\"><span class=\"textstyle13\">La prise de d\u00e9cision<\/span><\/span><\/a><\/p>\t\t\t\t\t\t<\/div>\n\t\t\t\t<\/div>\n\t\t\t\t<div class=\"elementor-element elementor-element-f7b297b elementor-invisible elementor-widget elementor-widget-text-editor\" data-id=\"f7b297b\" data-element_type=\"widget\" data-settings=\"{&quot;_animation&quot;:&quot;zoomIn&quot;}\" data-widget_type=\"text-editor.default\">\n\t\t\t\t<div class=\"elementor-widget-container\">\n\t\t\t\t\t\t\t<p style=\"text-align: center;\"><span style=\"text-decoration: none; font-size: 14pt;\"><span style=\"color: #d80707;\">Quelques difficult\u00e9s<\/span><\/span><\/p><p style=\"text-align: center;\"><span style=\"font-size: 14pt;\"><a href=\"https:\/\/icar.cnrs.fr\/interfare\/oui-non\/\">\u00ab\u00a0oui non\u00a0\u00bb<\/a><span class=\"textstyle13\"><br \/><a href=\"https:\/\/icar.cnrs.fr\/interfare\/reconnaitre-lhumour\/\">Reconnaitre l&rsquo;humour<\/a><\/span><\/span><\/p>\t\t\t\t\t\t<\/div>\n\t\t\t\t<\/div>\n\t\t\t\t\t<\/div>\n\t\t<\/div>\n\t\t\t\t\t\t\t<\/div>\n\t\t<\/section>\n\t\t\t\t<section class=\"elementor-section elementor-top-section elementor-element elementor-element-6c778c0 elementor-section-boxed elementor-section-height-default elementor-section-height-default\" data-id=\"6c778c0\" data-element_type=\"section\">\n\t\t\t\t\t\t<div class=\"elementor-container elementor-column-gap-default\">\n\t\t\t\t\t<div class=\"elementor-column elementor-col-100 elementor-top-column elementor-element elementor-element-7442779\" data-id=\"7442779\" data-element_type=\"column\">\n\t\t\t<div class=\"elementor-widget-wrap elementor-element-populated\">\n\t\t\t\t\t\t\t\t<div class=\"elementor-element elementor-element-0ca2d17 elementor-widget elementor-widget-text-editor\" data-id=\"0ca2d17\" data-element_type=\"widget\" data-widget_type=\"text-editor.default\">\n\t\t\t\t<div class=\"elementor-widget-container\">\n\t\t\t\t\t\t\t<p><span class=\"texte_comic_15\">Toutes les ressources sont r\u00e9utilisables \u00e0 l&rsquo;identique ou modifiables mais <b>pour des usages NON COMMERCIAUX et avec CITATION de la source (INTERFARE, http:\/\/icar.cnrs.fr\/Interfare)<\/b>, elles peuvent \u00eatre redistribu\u00e9es dans les m\u00eames conditions selon la licence Creative Common 4.0 International (CC BY-NC-SA 4.0). <\/span><\/p>\t\t\t\t\t\t<\/div>\n\t\t\t\t<\/div>\n\t\t\t\t\t<\/div>\n\t\t<\/div>\n\t\t\t\t\t\t\t<\/div>\n\t\t<\/section>\n\t\t\t\t\t\t\t<\/div>\n\t\t","protected":false},"excerpt":{"rendered":"<p>Vous pouvez acc\u00e9der directement \u00e0 la rubrique en cliquant dans le sch\u00e9ma Diff\u00e9rentes rubriques pour se familiariser avec les r\u00e9unions en contexte OrganisationD\u00e9but de r\u00e9unionChangement de sujetFin de r\u00e9union Mieux s&rsquo;exprimerDire qu&rsquo;on n&rsquo;a pas comprisChercher ses motsPr\u00e9ciser le sens Faire r\u00e9f\u00e9rence au temps : date, d\u00e9lai aux autres : personne, service, fonction, direction Comprendre ce [&hellip;]<\/p>\n","protected":false},"author":2,"featured_media":0,"parent":0,"menu_order":0,"comment_status":"closed","ping_status":"closed","template":"","meta":{"footnotes":""},"_links":{"self":[{"href":"https:\/\/icar.cnrs.fr\/interfare\/wp-json\/wp\/v2\/pages\/12"}],"collection":[{"href":"https:\/\/icar.cnrs.fr\/interfare\/wp-json\/wp\/v2\/pages"}],"about":[{"href":"https:\/\/icar.cnrs.fr\/interfare\/wp-json\/wp\/v2\/types\/page"}],"author":[{"embeddable":true,"href":"https:\/\/icar.cnrs.fr\/interfare\/wp-json\/wp\/v2\/users\/2"}],"replies":[{"embeddable":true,"href":"https:\/\/icar.cnrs.fr\/interfare\/wp-json\/wp\/v2\/comments?post=12"}],"version-history":[{"count":0,"href":"https:\/\/icar.cnrs.fr\/interfare\/wp-json\/wp\/v2\/pages\/12\/revisions"}],"wp:attachment":[{"href":"https:\/\/icar.cnrs.fr\/interfare\/wp-json\/wp\/v2\/media?parent=12"}],"curies":[{"name":"wp","href":"https:\/\/api.w.org\/{rel}","templated":true}]}}