{"id":1388,"date":"2022-05-02T18:01:36","date_gmt":"2022-05-02T16:01:36","guid":{"rendered":"http:\/\/icar.cnrs.fr\/interfare\/?page_id=1388"},"modified":"2023-03-23T12:09:09","modified_gmt":"2023-03-23T11:09:09","slug":"donner-la-parole-publicitaires-vas-y","status":"publish","type":"page","link":"https:\/\/icar.cnrs.fr\/interfare\/donner-la-parole-publicitaires-vas-y\/","title":{"rendered":"Donner la parole Publicitaires vas-y"},"content":{"rendered":"\t\t<div data-elementor-type=\"wp-page\" data-elementor-id=\"1388\" class=\"elementor elementor-1388\">\n\t\t\t\t\t\t\t\t\t<section class=\"elementor-section elementor-top-section elementor-element elementor-element-c12319 elementor-section-boxed elementor-section-height-default elementor-section-height-default\" data-id=\"c12319\" data-element_type=\"section\">\n\t\t\t\t\t\t<div class=\"elementor-container elementor-column-gap-default\">\n\t\t\t\t\t<div class=\"elementor-column elementor-col-100 elementor-top-column elementor-element elementor-element-6deecd3a\" data-id=\"6deecd3a\" data-element_type=\"column\">\n\t\t\t<div class=\"elementor-widget-wrap elementor-element-populated\">\n\t\t\t\t\t\t\t\t<div class=\"elementor-element elementor-element-16b78bf elementor-widget elementor-widget-text-editor\" data-id=\"16b78bf\" data-element_type=\"widget\" data-widget_type=\"text-editor.default\">\n\t\t\t\t<div class=\"elementor-widget-container\">\n\t\t\t<style>\/*! elementor - v3.6.0 - 21-03-2022 *\/\n.elementor-widget-text-editor.elementor-drop-cap-view-stacked .elementor-drop-cap{background-color:#818a91;color:#fff}.elementor-widget-text-editor.elementor-drop-cap-view-framed .elementor-drop-cap{color:#818a91;border:3px solid;background-color:transparent}.elementor-widget-text-editor:not(.elementor-drop-cap-view-default) .elementor-drop-cap{margin-top:8px}.elementor-widget-text-editor:not(.elementor-drop-cap-view-default) .elementor-drop-cap-letter{width:1em;height:1em}.elementor-widget-text-editor .elementor-drop-cap{float:left;text-align:center;line-height:1;font-size:50px}.elementor-widget-text-editor .elementor-drop-cap-letter{display:inline-block}<\/style>\t\t\t\t<p><a href=\"https:\/\/icar.cnrs.fr\/interfare\/les-rubriques\/\">Les rubriques<\/a> &gt; Gestion de la parole &gt;<a href=\"https:\/\/icar.cnrs.fr\/interfare\/donner-la-parole\/\"> Donner la parole<\/a><\/p>\t\t\t\t\t\t<\/div>\n\t\t\t\t<\/div>\n\t\t\t\t<div class=\"elementor-element elementor-element-3008892c elementor-widget elementor-widget-heading\" data-id=\"3008892c\" data-element_type=\"widget\" data-widget_type=\"heading.default\">\n\t\t\t\t<div class=\"elementor-widget-container\">\n\t\t\t<style>\/*! elementor - v3.6.0 - 21-03-2022 *\/\n.elementor-heading-title{padding:0;margin:0;line-height:1}.elementor-widget-heading .elementor-heading-title[class*=elementor-size-]>a{color:inherit;font-size:inherit;line-height:inherit}.elementor-widget-heading .elementor-heading-title.elementor-size-small{font-size:15px}.elementor-widget-heading .elementor-heading-title.elementor-size-medium{font-size:19px}.elementor-widget-heading .elementor-heading-title.elementor-size-large{font-size:29px}.elementor-widget-heading .elementor-heading-title.elementor-size-xl{font-size:39px}.elementor-widget-heading .elementor-heading-title.elementor-size-xxl{font-size:59px}<\/style><h2 class=\"elementor-heading-title elementor-size-default\">Donner la parole apr\u00e8s avoir \u00e9t\u00e9 interrompu<\/h2>\t\t<\/div>\n\t\t\t\t<\/div>\n\t\t\t\t<div class=\"elementor-element elementor-element-6c4a231c elementor-widget elementor-widget-heading\" data-id=\"6c4a231c\" data-element_type=\"widget\" data-widget_type=\"heading.default\">\n\t\t\t\t<div class=\"elementor-widget-container\">\n\t\t\t<h3 class=\"elementor-heading-title elementor-size-default\"><i>\"vas-y vas-y vas-y vas-y\"<\/i><\/h3>\t\t<\/div>\n\t\t\t\t<\/div>\n\t\t\t\t<div class=\"elementor-element elementor-element-4277629a elementor-widget elementor-widget-heading\" data-id=\"4277629a\" data-element_type=\"widget\" data-widget_type=\"heading.default\">\n\t\t\t\t<div class=\"elementor-widget-container\">\n\t\t\t<h2 class=\"elementor-heading-title elementor-size-default\"><b>R\u00e9union<\/b><\/h2>\t\t<\/div>\n\t\t\t\t<\/div>\n\t\t\t\t<div class=\"elementor-element elementor-element-4f57a5f5 elementor-widget elementor-widget-text-editor\" data-id=\"4f57a5f5\" data-element_type=\"widget\" data-widget_type=\"text-editor.default\">\n\t\t\t\t<div class=\"elementor-widget-container\">\n\t\t\t\t\t\t\t<p><span class=\"textstyle17\">Les 3 publicitaires font une r\u00e9union d&rsquo;avancement des affaires en cours<br \/><\/span><\/p>\t\t\t\t\t\t<\/div>\n\t\t\t\t<\/div>\n\t\t\t\t<div class=\"elementor-element elementor-element-4b523e0e elementor-widget elementor-widget-heading\" data-id=\"4b523e0e\" data-element_type=\"widget\" data-widget_type=\"heading.default\">\n\t\t\t\t<div class=\"elementor-widget-container\">\n\t\t\t<h2 class=\"elementor-heading-title elementor-size-default\"><b>Contexte<\/b><\/h2>\t\t<\/div>\n\t\t\t\t<\/div>\n\t\t\t\t<div class=\"elementor-element elementor-element-5dc3a279 elementor-widget elementor-widget-text-editor\" data-id=\"5dc3a279\" data-element_type=\"widget\" data-widget_type=\"text-editor.default\">\n\t\t\t\t<div class=\"elementor-widget-container\">\n\t\t\t\t\t\t\t<p><span style=\"color: #3d607a;\">Sophie, animatrice, h\u00e9site \u00e0 parler du planning d\u00e8s maintenant, Fabien et Jean l&rsquo;encouragent.<\/span><span style=\"color: #3d607a;\"><br \/><\/span><\/p>\t\t\t\t\t\t<\/div>\n\t\t\t\t<\/div>\n\t\t\t\t\t<\/div>\n\t\t<\/div>\n\t\t\t\t\t\t\t<\/div>\n\t\t<\/section>\n\t\t\t\t<section class=\"elementor-section elementor-top-section elementor-element elementor-element-753b91fb elementor-section-boxed elementor-section-height-default elementor-section-height-default\" data-id=\"753b91fb\" data-element_type=\"section\">\n\t\t\t\t\t\t<div class=\"elementor-container elementor-column-gap-default\">\n\t\t\t\t\t<div class=\"elementor-column elementor-col-100 elementor-top-column elementor-element elementor-element-28931a24\" data-id=\"28931a24\" data-element_type=\"column\">\n\t\t\t<div class=\"elementor-widget-wrap elementor-element-populated\">\n\t\t\t\t\t\t\t\t<div class=\"elementor-element elementor-element-452a7794 elementor-widget elementor-widget-text-editor\" data-id=\"452a7794\" data-element_type=\"widget\" data-widget_type=\"text-editor.default\">\n\t\t\t\t<div class=\"elementor-widget-container\">\n\t\t\t\t\t\t\t<p><strong><a class=\"maxbutton-3 maxbutton maxbutton-video\" href=\"https:\/\/icar.cnrs.fr\/interfare\/wp-content\/uploads\/INTERFARE_donner_parole_publicitaire_vas_y.mp4\" download=\"\"><span class='mb-text'>Vid\u00e9o<\/span><\/a><\/strong><\/p><p><div style=\"width: 352px;\" class=\"wp-video\"><!--[if lt IE 9]><script>document.createElement('video');<\/script><![endif]-->\n<video class=\"wp-video-shortcode\" id=\"video-1388-1\" width=\"352\" height=\"288\" preload=\"metadata\" controls=\"controls\"><source type=\"video\/mp4\" src=\"https:\/\/icar.cnrs.fr\/interfare\/wp-content\/uploads\/INTERFARE_donner_parole_publicitaire_vas_y.mp4?_=1\" \/><a href=\"https:\/\/icar.cnrs.fr\/interfare\/wp-content\/uploads\/INTERFARE_donner_parole_publicitaire_vas_y.mp4\">https:\/\/icar.cnrs.fr\/interfare\/wp-content\/uploads\/INTERFARE_donner_parole_publicitaire_vas_y.mp4<\/a><\/video><\/div><\/p>\t\t\t\t\t\t<\/div>\n\t\t\t\t<\/div>\n\t\t\t\t\t<\/div>\n\t\t<\/div>\n\t\t\t\t\t\t\t<\/div>\n\t\t<\/section>\n\t\t\t\t<section class=\"elementor-section elementor-top-section elementor-element elementor-element-38e6ca0a elementor-section-boxed elementor-section-height-default elementor-section-height-default\" data-id=\"38e6ca0a\" data-element_type=\"section\">\n\t\t\t\t\t\t<div class=\"elementor-container elementor-column-gap-default\">\n\t\t\t\t\t<div class=\"elementor-column elementor-col-100 elementor-top-column elementor-element elementor-element-39d63e7e\" data-id=\"39d63e7e\" data-element_type=\"column\">\n\t\t\t<div class=\"elementor-widget-wrap elementor-element-populated\">\n\t\t\t\t\t\t\t\t<div class=\"elementor-element elementor-element-3a324623 elementor-widget elementor-widget-toggle\" data-id=\"3a324623\" data-element_type=\"widget\" data-widget_type=\"toggle.default\">\n\t\t\t\t<div class=\"elementor-widget-container\">\n\t\t\t<style>\/*! elementor - v3.6.0 - 21-03-2022 *\/\n.elementor-toggle{text-align:left}.elementor-toggle .elementor-tab-title{font-weight:700;line-height:1;margin:0;padding:15px;border-bottom:1px solid #d4d4d4;cursor:pointer;outline:none}.elementor-toggle .elementor-tab-title .elementor-toggle-icon{display:inline-block;width:1em}.elementor-toggle .elementor-tab-title .elementor-toggle-icon svg{-webkit-margin-start:-5px;margin-inline-start:-5px;width:1em;height:1em}.elementor-toggle .elementor-tab-title .elementor-toggle-icon.elementor-toggle-icon-right{float:right;text-align:right}.elementor-toggle .elementor-tab-title .elementor-toggle-icon.elementor-toggle-icon-left{float:left;text-align:left}.elementor-toggle .elementor-tab-title .elementor-toggle-icon .elementor-toggle-icon-closed{display:block}.elementor-toggle .elementor-tab-title .elementor-toggle-icon .elementor-toggle-icon-opened{display:none}.elementor-toggle .elementor-tab-title.elementor-active{border-bottom:none}.elementor-toggle .elementor-tab-title.elementor-active .elementor-toggle-icon-closed{display:none}.elementor-toggle .elementor-tab-title.elementor-active .elementor-toggle-icon-opened{display:block}.elementor-toggle .elementor-tab-content{padding:15px;border-bottom:1px solid #d4d4d4;display:none}@media (max-width:767px){.elementor-toggle .elementor-tab-title{padding:12px}.elementor-toggle .elementor-tab-content{padding:12px 10px}}<\/style>\t\t<div class=\"elementor-toggle\" role=\"tablist\">\n\t\t\t\t\t\t\t<div class=\"elementor-toggle-item\">\n\t\t\t\t\t<h3 id=\"elementor-tab-title-9761\" class=\"elementor-tab-title\" data-tab=\"1\" role=\"tab\" aria-controls=\"elementor-tab-content-9761\" aria-expanded=\"false\">\n\t\t\t\t\t\t\t\t\t\t\t\t<span class=\"elementor-toggle-icon elementor-toggle-icon-left\" aria-hidden=\"true\">\n\t\t\t\t\t\t\t\t\t\t\t\t\t\t\t<span class=\"elementor-toggle-icon-closed\"><i class=\"fas fa-caret-right\"><\/i><\/span>\n\t\t\t\t\t\t\t\t<span class=\"elementor-toggle-icon-opened\"><i class=\"elementor-toggle-icon-opened fas fa-caret-up\"><\/i><\/span>\n\t\t\t\t\t\t\t\t\t\t\t\t\t<\/span>\n\t\t\t\t\t\t\t\t\t\t\t\t<a href=\"\" class=\"elementor-toggle-title\">La  transcription<\/a>\n\t\t\t\t\t<\/h3>\n\n\t\t\t\t\t<div id=\"elementor-tab-content-9761\" class=\"elementor-tab-content elementor-clearfix\" data-tab=\"1\" role=\"tabpanel\" aria-labelledby=\"elementor-tab-title-9761\"><p dir=\"ltr\" style=\"line-height: 1.295; text-indent: -56.7pt; margin-top: 0pt; margin-bottom: 8pt; padding: 0pt 0pt 0pt 56.7pt;\"><span style=\"font-family: trebuchet ms, geneva, sans-serif; font-size: 12pt;\"><span style=\"color: #2f4f4f; background-color: transparent; font-weight: 400; font-style: normal; font-variant: normal; text-decoration: none; vertical-align: baseline; white-space: pre-wrap;\">Fabien <\/span><span style=\"color: #f8f8f8; background-color: transparent; font-weight: 400; font-style: normal; font-variant: normal; text-decoration: none; vertical-align: baseline; white-space: pre-wrap;\">_<\/span><span style=\"color: #000000; background-color: transparent; font-weight: 400; font-style: normal; font-variant: normal; text-decoration: none; vertical-align: baseline; white-space: pre-wrap;\">tu te ferais bien pardon\u2191<\/span><span style=\"color: #2f4f4f; background-color: transparent; font-weight: 400; font-style: normal; font-variant: normal; text-decoration: none; vertical-align: baseline; white-space: pre-wrap;\"><br><\/span><\/span><\/p>\n<p dir=\"ltr\" style=\"line-height: 1.295; text-indent: -56.7pt; margin-top: 0pt; margin-bottom: 8pt; padding: 0pt 0pt 0pt 56.7pt;\"><span style=\"font-family: trebuchet ms, geneva, sans-serif; font-size: 12pt;\"><span style=\"color: #2f4f4f; background-color: transparent; font-weight: 400; font-style: normal; font-variant: normal; text-decoration: none; vertical-align: baseline; white-space: pre-wrap;\">Sophie <\/span><span style=\"color: #f8f8f8; background-color: transparent; font-weight: 400; font-style: normal; font-variant: normal; text-decoration: none; vertical-align: baseline; white-space: pre-wrap;\">_<\/span><span style=\"color: #000000; background-color: transparent; font-weight: 400; font-style: normal; font-variant: normal; text-decoration: none; vertical-align: baseline; white-space: pre-wrap;\">dans mon planning <\/span><span style=\"color: #f8f8f8; background-color: transparent; font-weight: 400; font-style: normal; font-variant: normal; text-decoration: none; vertical-align: baseline; white-space: pre-wrap;\">__<\/span><span style=\"color: #000000; background-color: transparent; font-weight: 400; font-style: normal; font-variant: normal; text-decoration: none; vertical-align: baseline; white-space: pre-wrap;\">&nbsp;<\/span><\/span><\/p>\n<p dir=\"ltr\" style=\"line-height: 1.295; text-indent: -56.7pt; margin-top: 0pt; margin-bottom: 8pt; padding: 0pt 0pt 0pt 56.7pt;\"><span style=\"font-family: trebuchet ms, geneva, sans-serif; font-size: 12pt;\"><span style=\"color: #2f4f4f; background-color: transparent; font-weight: 400; font-style: normal; font-variant: normal; text-decoration: none; vertical-align: baseline; white-space: pre-wrap;\">Jean<\/span><span style=\"color: #2f4f4f; background-color: transparent; font-weight: 400; font-style: normal; font-variant: normal; text-decoration: none; vertical-align: baseline; white-space: pre-wrap;\"> &nbsp;&nbsp;   <\/span><span style=\"color: #000000; background-color: transparent; font-weight: 400; font-style: normal; font-variant: normal; text-decoration: none; vertical-align: baseline; white-space: pre-wrap;\">ouais <\/span><span style=\"color: #f8f8f8; background-color: transparent; font-weight: 400; font-style: normal; font-variant: normal; text-decoration: none; vertical-align: baseline; white-space: pre-wrap;\">__<\/span><span style=\"color: #000000; background-color: transparent; font-weight: 400; font-style: normal; font-variant: normal; text-decoration: none; vertical-align: baseline; white-space: pre-wrap;\">&nbsp;<\/span><\/span><\/p>\n<p dir=\"ltr\" style=\"line-height: 1.295; text-indent: -56.7pt; margin-top: 0pt; margin-bottom: 8pt; padding: 0pt 0pt 0pt 56.7pt;\"><span style=\"font-family: trebuchet ms, geneva, sans-serif; font-size: 12pt;\"><span style=\"color: #2f4f4f; background-color: transparent; font-weight: 400; font-style: normal; font-variant: normal; text-decoration: none; vertical-align: baseline; white-space: pre-wrap;\">Fabien <\/span><span style=\"color: #2f4f4f; background-color: transparent; font-weight: 400; font-style: normal; font-variant: normal; text-decoration: none; vertical-align: baseline; white-space: pre-wrap;\"> &nbsp;<\/span><span style=\"color: #2f4f4f; background-color: transparent; font-weight: 400; font-style: normal; font-variant: normal; text-decoration: none; vertical-align: baseline; white-space: pre-wrap;\">ah\u2191<\/span> <span style=\"color: #f8f8f8; background-color: transparent; font-weight: 400; font-style: normal; font-variant: normal; text-decoration: none; vertical-align: baseline; white-space: pre-wrap;\">__<\/span><span style=\"color: #000000; background-color: transparent; font-weight: 400; font-style: normal; font-variant: normal; text-decoration: none; vertical-align: baseline; white-space: pre-wrap;\">&nbsp;<\/span><\/span><\/p>\n<p dir=\"ltr\" style=\"line-height: 1.295; text-indent: -56.7pt; margin-top: 0pt; margin-bottom: 8pt; padding: 0pt 0pt 0pt 56.7pt;\"><span style=\"font-family: trebuchet ms, geneva, sans-serif; font-size: 12pt;\"><span style=\"color: #2f4f4f; background-color: transparent; font-weight: 400; font-style: normal; font-variant: normal; text-decoration: none; vertical-align: baseline; white-space: pre-wrap;\">Sophie   <\/span><span style=\"color: #000000; background-color: transparent; font-weight: 400; font-style: normal; font-variant: normal; text-decoration: none; vertical-align: baseline; white-space: pre-wrap;\">`fin je verrai\u2193 avec les autres <strong><a href=\"https:\/\/icar.cnrs.fr\/interfare\/quelques_expressions\/#tenir\" target=\"_blank\" rel=\"noopener\">comment je vais tenir<\/a><\/strong><\/span><\/span><\/p>\n<p dir=\"ltr\" style=\"line-height: 1.295; text-indent: -56.7pt; margin-top: 0pt; margin-bottom: 8pt; padding: 0pt 0pt 0pt 56.7pt;\"><span style=\"font-family: trebuchet ms, geneva, sans-serif; font-size: 12pt;\"><span style=\"color: #2f4f4f; background-color: transparent; font-weight: 400; font-style: normal; font-variant: normal; text-decoration: none; vertical-align: baseline; white-space: pre-wrap;\">Fabien <\/span><span style=\"color: #f8f8f8; background-color: transparent; font-weight: 400; font-style: normal; font-variant: normal; text-decoration: none; vertical-align: baseline; white-space: pre-wrap;\">__<\/span><span style=\"color: #f8f8f8; background-color: transparent; font-weight: 400; font-style: normal; font-variant: normal; text-decoration: none; vertical-align: baseline; white-space: pre-wrap;\">&nbsp;&nbsp;&nbsp; <\/span><span style=\"color: #f8f8f8; background-color: transparent; font-weight: 400; font-style: normal; font-variant: normal; text-decoration: none; vertical-align: baseline; white-space: pre-wrap;\">&nbsp;&nbsp;&nbsp; <\/span><span style=\"color: #f8f8f8; background-color: transparent; font-weight: 400; font-style: normal; font-variant: normal; text-decoration: none; vertical-align: baseline; white-space: pre-wrap;\">&nbsp;&nbsp;&nbsp; <\/span><span style=\"color: #f8f8f8; background-color: transparent; font-weight: 400; font-style: normal; font-variant: normal; text-decoration: none; vertical-align: baseline; white-space: pre-wrap;\">&nbsp;&nbsp;&nbsp; <\/span><span style=\"color: #f8f8f8; background-color: transparent; font-weight: 400; font-style: normal; font-variant: normal; text-decoration: none; vertical-align: baseline; white-space: pre-wrap;\">&nbsp;&nbsp;&nbsp; <\/span><span style=\"color: #f8f8f8; background-color: transparent; font-weight: 400; font-style: normal; font-variant: normal; text-decoration: none; vertical-align: baseline; white-space: pre-wrap;\">&nbsp;&nbsp;&nbsp; <\/span><span style=\"color: #f8f8f8; background-color: transparent; font-weight: 400; font-style: normal; font-variant: normal; text-decoration: none; vertical-align: baseline; white-space: pre-wrap;\">&nbsp;&nbsp;&nbsp; <\/span><span style=\"color: #f8f8f8; background-color: transparent; font-weight: 400; font-style: normal; font-variant: normal; text-decoration: none; vertical-align: baseline; white-space: pre-wrap;\">&nbsp;&nbsp;&nbsp; <\/span><span style=\"color: #f8f8f8; background-color: transparent; font-weight: 400; font-style: normal; font-variant: normal; text-decoration: none; vertical-align: baseline; white-space: pre-wrap;\">&nbsp; &nbsp;&nbsp;    <\/span><span style=\"color: #f8f8f8; background-color: transparent; font-weight: 400; font-style: normal; font-variant: normal; text-decoration: none; vertical-align: baseline; white-space: pre-wrap;\">&nbsp;&nbsp;<\/span><b> <span style=\"color: #000000; background-color: transparent; font-style: normal; font-variant: normal; text-decoration: none; vertical-align: baseline; white-space: pre-wrap;\"> <a href=\"https:\/\/icar.cnrs.fr\/interfare\/quelques_expressions\/#vas_y\" target=\"_blank\" rel=\"noopener\">vas-y vas-y vas-y vas-y\u2191<\/a><\/span> <\/b><\/span><\/p>\n<p><span style=\"font-family: trebuchet ms, geneva, sans-serif; font-size: 12pt;\"><span style=\"color: #2f4f4f; background-color: transparent; font-weight: 400; font-style: normal; font-variant: normal; text-decoration: none; vertical-align: baseline; white-space: pre-wrap;\">Sophie <\/span><span style=\"color: #f8f8f8; background-color: transparent; font-weight: 400; font-style: normal; font-variant: normal; text-decoration: none; vertical-align: baseline; white-space: pre-wrap;\">__<\/span><span style=\"color: #000000; background-color: transparent; font-weight: 400; font-style: normal; font-variant: normal; text-decoration: none; vertical-align: baseline; white-space: pre-wrap;\">euh<\/span><span style=\"color: #000000; background-color: transparent; font-weight: 400; font-style: normal; font-variant: normal; text-decoration: none; vertical-align: baseline; white-space: pre-wrap;\"> lundi mardi<\/span><\/span><\/p><\/div>\n\t\t\t\t<\/div>\n\t\t\t\t\t\t\t\t<\/div>\n\t\t\t\t<\/div>\n\t\t\t\t<\/div>\n\t\t\t\t\t<\/div>\n\t\t<\/div>\n\t\t\t\t\t\t\t<\/div>\n\t\t<\/section>\n\t\t\t\t<section class=\"elementor-section elementor-top-section elementor-element elementor-element-7685a417 elementor-section-boxed elementor-section-height-default elementor-section-height-default\" data-id=\"7685a417\" data-element_type=\"section\">\n\t\t\t\t\t\t<div class=\"elementor-container elementor-column-gap-default\">\n\t\t\t\t\t<div class=\"elementor-column elementor-col-100 elementor-top-column elementor-element elementor-element-6d55a6b8\" data-id=\"6d55a6b8\" data-element_type=\"column\">\n\t\t\t<div class=\"elementor-widget-wrap elementor-element-populated\">\n\t\t\t\t\t\t\t\t<div class=\"elementor-element elementor-element-6219785e elementor-widget elementor-widget-toggle\" data-id=\"6219785e\" data-element_type=\"widget\" data-widget_type=\"toggle.default\">\n\t\t\t\t<div class=\"elementor-widget-container\">\n\t\t\t\t\t<div class=\"elementor-toggle\" role=\"tablist\">\n\t\t\t\t\t\t\t<div class=\"elementor-toggle-item\">\n\t\t\t\t\t<h3 id=\"elementor-tab-title-1641\" class=\"elementor-tab-title\" data-tab=\"1\" role=\"tab\" aria-controls=\"elementor-tab-content-1641\" aria-expanded=\"false\">\n\t\t\t\t\t\t\t\t\t\t\t\t<span class=\"elementor-toggle-icon elementor-toggle-icon-left\" aria-hidden=\"true\">\n\t\t\t\t\t\t\t\t\t\t\t\t\t\t\t<span class=\"elementor-toggle-icon-closed\"><i class=\"fas fa-caret-right\"><\/i><\/span>\n\t\t\t\t\t\t\t\t<span class=\"elementor-toggle-icon-opened\"><i class=\"elementor-toggle-icon-opened fas fa-caret-up\"><\/i><\/span>\n\t\t\t\t\t\t\t\t\t\t\t\t\t<\/span>\n\t\t\t\t\t\t\t\t\t\t\t\t<a href=\"\" class=\"elementor-toggle-title\">Les explications<\/a>\n\t\t\t\t\t<\/h3>\n\n\t\t\t\t\t<div id=\"elementor-tab-content-1641\" class=\"elementor-tab-content elementor-clearfix\" data-tab=\"1\" role=\"tabpanel\" aria-labelledby=\"elementor-tab-title-1641\"><ul>\n<li><i><b>\u00ab\u00a0`fin\u00a0\u00bb :<\/b><\/i> il s&rsquo;agit de <i>\u00ab\u00a0enfin\u00a0\u00bb<\/i> mais la premi\u00e8re syllabe n&rsquo;est pas prononc\u00e9e<b><br><\/b><\/li>\n<li><i><b>\u00ab\u00a0<\/b><\/i><b><i>je verrai avec les autres<\/i>\u00a0\u00bb&nbsp;<\/b><i> <\/i>Sophie en discutera avec les autres coll\u00e8gues<i><br><\/i><\/li>\n<li>&nbsp;<b><i>\u201ctenir\u201d<\/i> <\/b>: signifie \u00ab\u00a0<i>tenir un planning<\/i>\u00a0\u00bb donc respecter les d\u00e9lais<\/li>\n<li>r\u00e9p\u00e9tition de <i><b><b><i>\u201c<\/i><\/b>vas-y<\/b><\/i><b><i>\u201d<\/i> <\/b><b> <\/b>&nbsp;  : souvent utilis\u00e9 en r\u00e9p\u00e9tition <b><i>\u201d<\/i> <\/b><i>vas-y<\/i><b><b><i>\u201d<\/i><\/b> <\/b> encourage Sophie \u00e0 en discuter d\u00e8s maintenant, ce qu&rsquo;elle va faire<\/li>\n<\/ul><\/div>\n\t\t\t\t<\/div>\n\t\t\t\t\t\t\t\t<\/div>\n\t\t\t\t<\/div>\n\t\t\t\t<\/div>\n\t\t\t\t\t<\/div>\n\t\t<\/div>\n\t\t\t\t\t\t\t<\/div>\n\t\t<\/section>\n\t\t\t\t<section class=\"elementor-section elementor-top-section elementor-element elementor-element-57a0f6f elementor-section-boxed elementor-section-height-default elementor-section-height-default\" data-id=\"57a0f6f\" data-element_type=\"section\">\n\t\t\t\t\t\t<div class=\"elementor-container elementor-column-gap-default\">\n\t\t\t\t\t<div class=\"elementor-column elementor-col-100 elementor-top-column elementor-element elementor-element-c9780b0\" data-id=\"c9780b0\" data-element_type=\"column\">\n\t\t\t<div class=\"elementor-widget-wrap elementor-element-populated\">\n\t\t\t\t\t\t\t\t<div class=\"elementor-element elementor-element-f124d4f elementor-button-info elementor-align-left elementor-widget__width-inherit elementor-widget elementor-widget-button\" data-id=\"f124d4f\" data-element_type=\"widget\" data-widget_type=\"button.default\">\n\t\t\t\t<div class=\"elementor-widget-container\">\n\t\t\t\t\t<div class=\"elementor-button-wrapper\">\n\t\t\t<a href=\"https:\/\/icar.cnrs.fr\/interfare\/donner-la-parole-exercice-vas-y-vas-y-vas-y-vas-y\" target=\"_blank\" class=\"elementor-button-link elementor-button elementor-size-sm\" role=\"button\">\n\t\t\t\t\t\t<span class=\"elementor-button-content-wrapper\">\n\t\t\t\t\t\t<span class=\"elementor-button-text\">Les exercices : \u00e0 vous de jouer !<\/span>\n\t\t<\/span>\n\t\t\t\t\t<\/a>\n\t\t<\/div>\n\t\t\t\t<\/div>\n\t\t\t\t<\/div>\n\t\t\t\t\t<\/div>\n\t\t<\/div>\n\t\t\t\t\t\t\t<\/div>\n\t\t<\/section>\n\t\t\t\t\t\t\t<\/div>\n\t\t","protected":false},"excerpt":{"rendered":"<p>Les rubriques &gt; Gestion de la parole &gt; Donner la parole Donner la parole apr\u00e8s avoir \u00e9t\u00e9 interrompu \u00ab\u00a0vas-y vas-y vas-y vas-y\u00a0\u00bb R\u00e9union Les 3 publicitaires font une r\u00e9union d&rsquo;avancement des affaires en cours Contexte Sophie, animatrice, h\u00e9site \u00e0 parler du planning d\u00e8s maintenant, Fabien et Jean l&rsquo;encouragent. La transcription Fabien _tu te ferais bien [&hellip;]<\/p>\n","protected":false},"author":2,"featured_media":0,"parent":0,"menu_order":0,"comment_status":"closed","ping_status":"closed","template":"","meta":{"footnotes":""},"_links":{"self":[{"href":"https:\/\/icar.cnrs.fr\/interfare\/wp-json\/wp\/v2\/pages\/1388"}],"collection":[{"href":"https:\/\/icar.cnrs.fr\/interfare\/wp-json\/wp\/v2\/pages"}],"about":[{"href":"https:\/\/icar.cnrs.fr\/interfare\/wp-json\/wp\/v2\/types\/page"}],"author":[{"embeddable":true,"href":"https:\/\/icar.cnrs.fr\/interfare\/wp-json\/wp\/v2\/users\/2"}],"replies":[{"embeddable":true,"href":"https:\/\/icar.cnrs.fr\/interfare\/wp-json\/wp\/v2\/comments?post=1388"}],"version-history":[{"count":0,"href":"https:\/\/icar.cnrs.fr\/interfare\/wp-json\/wp\/v2\/pages\/1388\/revisions"}],"wp:attachment":[{"href":"https:\/\/icar.cnrs.fr\/interfare\/wp-json\/wp\/v2\/media?parent=1388"}],"curies":[{"name":"wp","href":"https:\/\/api.w.org\/{rel}","templated":true}]}}