{"id":2,"date":"2022-01-20T18:34:40","date_gmt":"2022-01-20T17:34:40","guid":{"rendered":"http:\/\/icar.cnrs.fr\/interfare\/?page_id=2"},"modified":"2024-08-26T10:05:41","modified_gmt":"2024-08-26T08:05:41","slug":"page-d-exemple","status":"publish","type":"page","link":"https:\/\/icar.cnrs.fr\/interfare\/","title":{"rendered":"Le projet"},"content":{"rendered":"\t\t<div data-elementor-type=\"wp-page\" data-elementor-id=\"2\" class=\"elementor elementor-2\">\n\t\t\t\t\t\t\t\t\t<section class=\"elementor-section elementor-top-section elementor-element elementor-element-c43703e elementor-section-boxed elementor-section-height-default elementor-section-height-default\" data-id=\"c43703e\" data-element_type=\"section\">\n\t\t\t\t\t\t<div class=\"elementor-container elementor-column-gap-default\">\n\t\t\t\t\t<div class=\"elementor-column elementor-col-100 elementor-top-column elementor-element elementor-element-21d46ae\" data-id=\"21d46ae\" data-element_type=\"column\">\n\t\t\t<div class=\"elementor-widget-wrap elementor-element-populated\">\n\t\t\t\t\t\t\t\t<div class=\"elementor-element elementor-element-68280b4 elementor-widget elementor-widget-heading\" data-id=\"68280b4\" data-element_type=\"widget\" data-widget_type=\"heading.default\">\n\t\t\t\t<div class=\"elementor-widget-container\">\n\t\t\t<style>\/*! elementor - v3.6.0 - 21-03-2022 *\/\n.elementor-heading-title{padding:0;margin:0;line-height:1}.elementor-widget-heading .elementor-heading-title[class*=elementor-size-]>a{color:inherit;font-size:inherit;line-height:inherit}.elementor-widget-heading .elementor-heading-title.elementor-size-small{font-size:15px}.elementor-widget-heading .elementor-heading-title.elementor-size-medium{font-size:19px}.elementor-widget-heading .elementor-heading-title.elementor-size-large{font-size:29px}.elementor-widget-heading .elementor-heading-title.elementor-size-xl{font-size:39px}.elementor-widget-heading .elementor-heading-title.elementor-size-xxl{font-size:59px}<\/style><h2 class=\"elementor-heading-title elementor-size-default\"><span style=\"font-size: 24pt; color: #d80707;\"><strong><span class=\"textstyle9\">Comprendre les \u00e9tapes-cl\u00e9s d'une r\u00e9union<\/span><\/strong><\/span><\/h2>\t\t<\/div>\n\t\t\t\t<\/div>\n\t\t\t\t\t<\/div>\n\t\t<\/div>\n\t\t\t\t\t\t\t<\/div>\n\t\t<\/section>\n\t\t\t\t<section class=\"elementor-section elementor-top-section elementor-element elementor-element-48065cf elementor-section-boxed elementor-section-height-default elementor-section-height-default\" data-id=\"48065cf\" data-element_type=\"section\">\n\t\t\t\t\t\t<div class=\"elementor-container elementor-column-gap-default\">\n\t\t\t\t\t<div class=\"elementor-column elementor-col-33 elementor-top-column elementor-element elementor-element-fb0d150\" data-id=\"fb0d150\" data-element_type=\"column\">\n\t\t\t<div class=\"elementor-widget-wrap elementor-element-populated\">\n\t\t\t\t\t\t\t\t<div class=\"elementor-element elementor-element-a43ce7f elementor-widget elementor-widget-heading\" data-id=\"a43ce7f\" data-element_type=\"widget\" data-widget_type=\"heading.default\">\n\t\t\t\t<div class=\"elementor-widget-container\">\n\t\t\t<h2 class=\"elementor-heading-title elementor-size-default\"><span style=\"font-size: 18pt;\"><strong><span class=\"textstyle9\" style=\"color: #d80707;\"><span class=\"textstyle13\">Les enjeux<\/span><\/span><\/strong><\/span><\/h2>\t\t<\/div>\n\t\t\t\t<\/div>\n\t\t\t\t<div class=\"elementor-element elementor-element-329d334 elementor-widget elementor-widget-text-editor\" data-id=\"329d334\" data-element_type=\"widget\" data-widget_type=\"text-editor.default\">\n\t\t\t\t<div class=\"elementor-widget-container\">\n\t\t\t<style>\/*! elementor - v3.6.0 - 21-03-2022 *\/\n.elementor-widget-text-editor.elementor-drop-cap-view-stacked .elementor-drop-cap{background-color:#818a91;color:#fff}.elementor-widget-text-editor.elementor-drop-cap-view-framed .elementor-drop-cap{color:#818a91;border:3px solid;background-color:transparent}.elementor-widget-text-editor:not(.elementor-drop-cap-view-default) .elementor-drop-cap{margin-top:8px}.elementor-widget-text-editor:not(.elementor-drop-cap-view-default) .elementor-drop-cap-letter{width:1em;height:1em}.elementor-widget-text-editor .elementor-drop-cap{float:left;text-align:center;line-height:1;font-size:50px}.elementor-widget-text-editor .elementor-drop-cap-letter{display:inline-block}<\/style>\t\t\t\t<p style=\"text-align: left;\"><span class=\"textstyle15\"><strong>\u00a0<span style=\"color: #000000;\">Comprendre ce qui se passe r\u00e9ellement en r\u00e9union pour pouvoir participer <\/span><\/strong><\/span><span class=\"textstyle15\"><span style=\"color: #000000;\"><strong>et mettre en \u0153uvre les d\u00e9cisions prises<\/strong><\/span><br \/><\/span><\/p><ul id=\"ul_c1b3767\" class=\"ulstyle1\"><li style=\"text-align: left;\"><span class=\"textstyle15\">l&rsquo;organisation d&rsquo;une r\u00e9union : d\u00e9but\/fin, changement de sujet<\/span><\/li><li style=\"text-align: left;\"><span class=\"textstyle15\">l&rsquo;\u00e9valuation, l&rsquo;accord, le d\u00e9saccord, la n\u00e9gociation et la d\u00e9cision prise<\/span><\/li><li style=\"text-align: left;\"><span class=\"textstyle15\">quand et comment prendre la parole, solliciter un.e participant.e <\/span><\/li><li style=\"text-align: left;\"><span class=\"textstyle15\">redemander, verbaliser sa recherche de mots ou pr\u00e9ciser ce qu&rsquo;on vient de dire <\/span><\/li><li style=\"text-align: left;\"><span class=\"textstyle15\">parler des autres (service, fonction, client, personne), du temps (date, d\u00e9lai)<\/span><\/li><li style=\"text-align: left;\"><span class=\"textstyle15\">reconnaitre l&rsquo;humo<\/span>ur<\/li><\/ul>\t\t\t\t\t\t<\/div>\n\t\t\t\t<\/div>\n\t\t\t\t\t<\/div>\n\t\t<\/div>\n\t\t\t\t<div class=\"elementor-column elementor-col-33 elementor-top-column elementor-element elementor-element-c22efc9\" data-id=\"c22efc9\" data-element_type=\"column\">\n\t\t\t<div class=\"elementor-widget-wrap\">\n\t\t\t\t\t\t\t\t\t<\/div>\n\t\t<\/div>\n\t\t\t\t<div class=\"elementor-column elementor-col-33 elementor-top-column elementor-element elementor-element-91e4bea\" data-id=\"91e4bea\" data-element_type=\"column\">\n\t\t\t<div class=\"elementor-widget-wrap elementor-element-populated\">\n\t\t\t\t\t\t\t\t<div class=\"elementor-element elementor-element-e9ed1b4 elementor-widget elementor-widget-heading\" data-id=\"e9ed1b4\" data-element_type=\"widget\" data-widget_type=\"heading.default\">\n\t\t\t\t<div class=\"elementor-widget-container\">\n\t\t\t<h2 class=\"elementor-heading-title elementor-size-default\"><span style=\"font-size: 18pt;\"><strong><span style=\"color: #d80707;\"><span>L'approche<\/span><\/span><\/strong><\/span><\/h2>\t\t<\/div>\n\t\t\t\t<\/div>\n\t\t\t\t<div class=\"elementor-element elementor-element-c51cae8 elementor-widget elementor-widget-text-editor\" data-id=\"c51cae8\" data-element_type=\"widget\" data-widget_type=\"text-editor.default\">\n\t\t\t\t<div class=\"elementor-widget-container\">\n\t\t\t\t\t\t\t<p style=\"text-align: left;\"><span class=\"textstyle15\"><strong>\u00a0<\/strong><\/span><strong><span class=\"textstyle10\" style=\"color: #000000;\"><span class=\"textstyle16\">Des r\u00e9unions r\u00e9elles enregistr\u00e9es ou film\u00e9es en salle de r\u00e9union sans\u00a0<\/span><\/span><\/strong><strong><span class=\"textstyle10\" style=\"color: #000000;\"><span class=\"textstyle16\"> aucune intervention du chercheur<br \/><\/span><\/span><\/strong><\/p><div class=\"textstyle1\"><ul id=\"ul_69adf3df\" class=\"ulstyle1\"><li><span class=\"textstyle15\"> des r\u00e9unions\u00a0 dans diff\u00e9rents contextes <\/span><span class=\"textstyle15\">professionnels ou associatifs <\/span><\/li><li><span class=\"textstyle15\"> en proposant plusieurs r\u00e9alisations de la m\u00eame fonction <strong>pour se <\/strong><\/span><strong><span class=\"textstyle15\">familiariser \u00e0 cette vari\u00e9t\u00e9, l&rsquo;anticiper, la comprendre pour pouvoir <\/span><span class=\"textstyle15\">la g\u00e9rer<\/span><\/strong><\/li><li><span class=\"textstyle15\"> en int\u00e9grant les r\u00e9sultats des travaux de recherche en interaction <\/span><\/li><\/ul><\/div><p style=\"text-align: left;\">\u00a0<\/p>\t\t\t\t\t\t<\/div>\n\t\t\t\t<\/div>\n\t\t\t\t\t<\/div>\n\t\t<\/div>\n\t\t\t\t\t\t\t<\/div>\n\t\t<\/section>\n\t\t\t\t<section class=\"elementor-section elementor-top-section elementor-element elementor-element-c308ce8 elementor-section-boxed elementor-section-height-default elementor-section-height-default\" data-id=\"c308ce8\" data-element_type=\"section\">\n\t\t\t\t\t\t<div class=\"elementor-container elementor-column-gap-default\">\n\t\t\t\t\t<div class=\"elementor-column elementor-col-33 elementor-top-column elementor-element elementor-element-03d40ff\" data-id=\"03d40ff\" data-element_type=\"column\">\n\t\t\t<div class=\"elementor-widget-wrap\">\n\t\t\t\t\t\t\t\t\t<\/div>\n\t\t<\/div>\n\t\t\t\t<div class=\"elementor-column elementor-col-33 elementor-top-column elementor-element elementor-element-04f6f07\" data-id=\"04f6f07\" data-element_type=\"column\">\n\t\t\t<div class=\"elementor-widget-wrap elementor-element-populated\">\n\t\t\t\t\t\t\t\t<div class=\"elementor-element elementor-element-997cd11 elementor-widget elementor-widget-image\" data-id=\"997cd11\" data-element_type=\"widget\" data-widget_type=\"image.default\">\n\t\t\t\t<div class=\"elementor-widget-container\">\n\t\t\t<style>\/*! elementor - v3.6.0 - 21-03-2022 *\/\n.elementor-widget-image{text-align:center}.elementor-widget-image a{display:inline-block}.elementor-widget-image a img[src$=\".svg\"]{width:48px}.elementor-widget-image img{vertical-align:middle;display:inline-block}<\/style>\t\t\t\t\t\t\t\t\t\t\t\t\t<a href=\"https:\/\/icar.cnrs.fr\/interfare\/les-rubriques\/\">\n\t\t\t\t\t\t\t<img loading=\"lazy\" decoding=\"async\" width=\"262\" height=\"160\" src=\"https:\/\/icar.cnrs.fr\/interfare\/wp-content\/uploads\/Interfare_Logo_Reunion.png\" class=\"attachment-1536x1536 size-1536x1536\" alt=\"\" \/>\t\t\t\t\t\t\t\t<\/a>\n\t\t\t\t\t\t\t\t\t\t\t\t\t\t\t<\/div>\n\t\t\t\t<\/div>\n\t\t\t\t\t<\/div>\n\t\t<\/div>\n\t\t\t\t<div class=\"elementor-column elementor-col-33 elementor-top-column elementor-element elementor-element-f785175\" data-id=\"f785175\" data-element_type=\"column\">\n\t\t\t<div class=\"elementor-widget-wrap\">\n\t\t\t\t\t\t\t\t\t<\/div>\n\t\t<\/div>\n\t\t\t\t\t\t\t<\/div>\n\t\t<\/section>\n\t\t\t\t<section class=\"elementor-section elementor-top-section elementor-element elementor-element-4985dfe elementor-section-boxed elementor-section-height-default elementor-section-height-default\" data-id=\"4985dfe\" data-element_type=\"section\">\n\t\t\t\t\t\t<div class=\"elementor-container elementor-column-gap-default\">\n\t\t\t\t\t<div class=\"elementor-column elementor-col-33 elementor-top-column elementor-element elementor-element-e841505\" data-id=\"e841505\" data-element_type=\"column\">\n\t\t\t<div class=\"elementor-widget-wrap elementor-element-populated\">\n\t\t\t\t\t\t\t\t<div class=\"elementor-element elementor-element-6a4d35a elementor-widget elementor-widget-heading\" data-id=\"6a4d35a\" data-element_type=\"widget\" data-widget_type=\"heading.default\">\n\t\t\t\t<div class=\"elementor-widget-container\">\n\t\t\t<h2 class=\"elementor-heading-title elementor-size-default\"><span style=\"font-size: 18pt; color: #d80707;\"><strong><span class=\"textstyle16\">Les publics<\/span><\/strong><\/span><\/h2>\t\t<\/div>\n\t\t\t\t<\/div>\n\t\t\t\t<div class=\"elementor-element elementor-element-8fa4bc1 elementor-widget elementor-widget-text-editor\" data-id=\"8fa4bc1\" data-element_type=\"widget\" data-widget_type=\"text-editor.default\">\n\t\t\t\t<div class=\"elementor-widget-container\">\n\t\t\t\t\t\t\t<p style=\"text-align: left;\"><span class=\"textstyle15\"><strong>\u00a0<\/strong><\/span><span style=\"color: #000000;\"><strong><span class=\"textstyle16\">Ces ressources s&rsquo;adressent aux enseignants, aux formateurs et aux organismes <\/span><\/strong><strong><span class=\"textstyle16\">\u00a0de formation pour des enseignements professionnels ou universitaires aupr\u00e8s\u00a0<\/span><\/strong><\/span><strong><span class=\"textstyle16\"><span style=\"color: #000000;\"> de diff\u00e9rents publics :<\/span><\/span><\/strong><span class=\"textstyle10\"><br \/><\/span><\/p><div class=\"textstyle1\"><ul id=\"ul_716d0877\" class=\"ulstyle1\"><li><span class=\"textstyle15\">des apprenants en formation universitaire ou professionnelle de diff\u00e9rents niveaux<\/span><\/li><li><span class=\"textstyle15\">des personnes en reconversion professionnelle peu famili\u00e8res des r\u00e9unions<\/span><\/li><li><span class=\"textstyle15\">des personnes en ins\u00e9curit\u00e9 langagi\u00e8re<\/span><\/li><li><span class=\"textstyle15\">des parents convi\u00e9s aux r\u00e9unions des enseignant.es de leurs enfants, notamment pour leur orientation<\/span><\/li><li><span class=\"textstyle15\">des personnes convi\u00e9es \u00e0 des r\u00e9unions d&rsquo;associations de quartier, d\u2019associations culturelles et sportives<\/span><\/li><\/ul><\/div><p style=\"text-align: left;\">\u00a0<\/p>\t\t\t\t\t\t<\/div>\n\t\t\t\t<\/div>\n\t\t\t\t\t<\/div>\n\t\t<\/div>\n\t\t\t\t<div class=\"elementor-column elementor-col-33 elementor-top-column elementor-element elementor-element-983b5aa\" data-id=\"983b5aa\" data-element_type=\"column\">\n\t\t\t<div class=\"elementor-widget-wrap\">\n\t\t\t\t\t\t\t\t\t<\/div>\n\t\t<\/div>\n\t\t\t\t<div class=\"elementor-column elementor-col-33 elementor-top-column elementor-element elementor-element-f2f0166\" data-id=\"f2f0166\" data-element_type=\"column\">\n\t\t\t<div class=\"elementor-widget-wrap elementor-element-populated\">\n\t\t\t\t\t\t\t\t<div class=\"elementor-element elementor-element-8138a40 elementor-widget elementor-widget-heading\" data-id=\"8138a40\" data-element_type=\"widget\" data-widget_type=\"heading.default\">\n\t\t\t\t<div class=\"elementor-widget-container\">\n\t\t\t<h2 class=\"elementor-heading-title elementor-size-default\"><span style=\"font-size: 18pt; color: #d80707;\"><strong><span class=\"textstyle16\">Les r\u00e9unions<\/span><\/strong><\/span><\/h2>\t\t<\/div>\n\t\t\t\t<\/div>\n\t\t\t\t<div class=\"elementor-element elementor-element-438bdd0 elementor-widget elementor-widget-text-editor\" data-id=\"438bdd0\" data-element_type=\"widget\" data-widget_type=\"text-editor.default\">\n\t\t\t\t<div class=\"elementor-widget-container\">\n\t\t\t\t\t\t\t<p style=\"text-align: left;\"><strong><span class=\"textstyle15\" style=\"color: #000000;\">Dans des contextes diff\u00e9rents <\/span><\/strong><span class=\"textstyle17\"><br><\/span><\/p>\n<ul id=\"ul_1de324b5\" class=\"ulstyle1\" style=\"text-align: left;\">\n<li><span class=\"textstyle15\">professionnels : entreprises du b\u00e2timent, menuiserie, production de pi\u00e8ces, logistique, cabinets d&rsquo;architecte, publicitaires, service informatique, \u00e9tablissements scolaires, milieu hospitalier, coaching <br><\/span><\/li>\n<li><span class=\"textstyle15\"> associatifs : maison de la jeunesse et de la culture (MJC), association sportive (judo)<\/span><br><span class=\"textstyle15\"><\/span><\/li>\n<\/ul>\n<p style=\"text-align: left;\"><span class=\"textstyle15\"><strong><span style=\"color: #000000;\">A des fr\u00e9quences diff\u00e9rentes<\/span><\/strong><br><\/span><\/p>\n<ul id=\"ul_131a3216\" class=\"ulstyle1\">\n<li style=\"text-align: left;\"><span class=\"textstyle15\"> des r\u00e9unions d&rsquo;avancement hebdomadaires (affaires ou chantiers en cours, r\u00e9union d&rsquo;un service) <\/span><\/li>\n<li style=\"text-align: left;\"><span class=\"textstyle15\"> des r\u00e9unions li\u00e9es \u00e0 un projet (conception, entretien avec un client)<\/span><\/li>\n<li style=\"text-align: left;\"><span class=\"textstyle15\"> des r\u00e9unions ponctuelles (conseil de classe, organisation d&rsquo;un spectacle ou d&rsquo;un cours)<\/span><\/li>\n<\/ul>\n<p style=\"text-align: left;\">\n<\/p>\t\t\t\t\t\t<\/div>\n\t\t\t\t<\/div>\n\t\t\t\t\t<\/div>\n\t\t<\/div>\n\t\t\t\t\t\t\t<\/div>\n\t\t<\/section>\n\t\t\t\t<section class=\"elementor-section elementor-top-section elementor-element elementor-element-21a9d3d elementor-section-boxed elementor-section-height-default elementor-section-height-default\" data-id=\"21a9d3d\" data-element_type=\"section\">\n\t\t\t\t\t\t<div class=\"elementor-container elementor-column-gap-default\">\n\t\t\t\t\t<div class=\"elementor-column elementor-col-100 elementor-top-column elementor-element elementor-element-b5ca378\" data-id=\"b5ca378\" data-element_type=\"column\">\n\t\t\t<div class=\"elementor-widget-wrap elementor-element-populated\">\n\t\t\t\t\t\t\t\t<div class=\"elementor-element elementor-element-b2be5bc elementor-widget elementor-widget-heading\" data-id=\"b2be5bc\" data-element_type=\"widget\" data-widget_type=\"heading.default\">\n\t\t\t\t<div class=\"elementor-widget-container\">\n\t\t\t<h2 class=\"elementor-heading-title elementor-size-default\"><span style=\"color: #d80707; font-size: 18pt;\"><strong><span class=\"textstyle16\">L'\u00e9quipe projet<\/span><\/strong><\/span><\/h2>\t\t<\/div>\n\t\t\t\t<\/div>\n\t\t\t\t<div class=\"elementor-element elementor-element-4c634d6 elementor-widget elementor-widget-text-editor\" data-id=\"4c634d6\" data-element_type=\"widget\" data-widget_type=\"text-editor.default\">\n\t\t\t\t<div class=\"elementor-widget-container\">\n\t\t\t\t\t\t\t<p>&nbsp;&nbsp;&nbsp;&nbsp;&nbsp;&nbsp;&nbsp;&nbsp;&nbsp;&nbsp;&nbsp; <span style=\"color: #0000ff;\"><a style=\"color: #0000ff;\" href=\"mailto:carole.etienne@ens-lyon.fr\">Nous contacter &nbsp; &nbsp; &nbsp; &nbsp; <\/a><\/span>&nbsp;Projet financ\u00e9 par<strong> le Labex ASLAN&nbsp;&nbsp;&nbsp;&nbsp;&nbsp;&nbsp;&nbsp;&nbsp;&nbsp;&nbsp;&nbsp;&nbsp;&nbsp; <img loading=\"lazy\" decoding=\"async\" class=\"alignnone size-full wp-image-4321\" src=\"https:\/\/icar.cnrs.fr\/interfare\/wp-content\/uploads\/LABEX_ASLAN-court.png\" alt=\"\" width=\"146\" height=\"57\"><\/strong><\/p>\n<p><span class=\"textstyle15\">&nbsp;&nbsp;&nbsp;&nbsp;&nbsp;&nbsp;&nbsp;&nbsp;&nbsp;&nbsp; Responsable :&nbsp;&nbsp;&nbsp;&nbsp;&nbsp;&nbsp;&nbsp;&nbsp;&nbsp;&nbsp;&nbsp;&nbsp;&nbsp; Carole Etienne (Icar)<\/span><\/p>\n<p style=\"padding-left: 40px;\"><span class=\"textstyle15\">Membres du projet :&nbsp;&nbsp; Virginie Andr\u00e9 (Atilf), Anouchka Divoux (Atilf), Claude Cortier (Icar)<\/span><\/p>\n<p style=\"padding-left: 40px;\"><span class=\"textstyle15\">Equipe de conseil : &nbsp; &nbsp;&nbsp;&nbsp; Heike Baldauf-Quilliatre (Icar), Isabel Colon de Carvajal (Icar), Elise Gandon (Icar)<\/span><\/p>\n<p style=\"padding-left: 40px;\"><span class=\"textstyle15\">&nbsp; &nbsp; &nbsp; &nbsp; &nbsp; &nbsp; &nbsp; &nbsp; &nbsp; &nbsp; &nbsp; &nbsp; &nbsp; &nbsp; &nbsp; &nbsp; &nbsp; &nbsp;&nbsp;&nbsp; <\/span><span class=\"textstyle15\">V\u00e9ronique Rivi\u00e8re (Icar), Patricia Lambert&nbsp; (Icar), Camille Marty (Atilf), Herv\u00e9 Adami (Atilf)<\/span><\/p>\n<p style=\"padding-left: 40px;\"><span class=\"textstyle15\">Equipe p\u00e9dagogique :&nbsp; Carmen Alberdi (Universit\u00e9 de Grenade, Espagne), Florence Poncet (Atilf)<br><\/span><\/p>\n<p><span class=\"textstyle15\">&nbsp;&nbsp;&nbsp; Ing\u00e9nieurs p\u00e9dagogiques :&nbsp; Galuh Perdana Putra, Lizia Lins Tavares<br><\/span><\/p>\t\t\t\t\t\t<\/div>\n\t\t\t\t<\/div>\n\t\t\t\t\t<\/div>\n\t\t<\/div>\n\t\t\t\t\t\t\t<\/div>\n\t\t<\/section>\n\t\t\t\t<section class=\"elementor-section elementor-top-section elementor-element elementor-element-a53a9d5 elementor-section-boxed elementor-section-height-default elementor-section-height-default\" data-id=\"a53a9d5\" data-element_type=\"section\">\n\t\t\t\t\t\t<div class=\"elementor-container elementor-column-gap-default\">\n\t\t\t\t\t<div class=\"elementor-column elementor-col-100 elementor-top-column elementor-element elementor-element-2bd2f04\" data-id=\"2bd2f04\" data-element_type=\"column\">\n\t\t\t<div class=\"elementor-widget-wrap elementor-element-populated\">\n\t\t\t\t\t\t\t\t<div class=\"elementor-element elementor-element-14e144c elementor-widget elementor-widget-heading\" data-id=\"14e144c\" data-element_type=\"widget\" data-widget_type=\"heading.default\">\n\t\t\t\t<div class=\"elementor-widget-container\">\n\t\t\t<h2 class=\"elementor-heading-title elementor-size-default\"><span style=\"color: #d80707; font-size: 18pt;\"><strong><span class=\"textstyle16\">Licence d'utilisation<\/span><\/strong><\/span><\/h2>\t\t<\/div>\n\t\t\t\t<\/div>\n\t\t\t\t<div class=\"elementor-element elementor-element-0aa5274 elementor-widget elementor-widget-text-editor\" data-id=\"0aa5274\" data-element_type=\"widget\" data-widget_type=\"text-editor.default\">\n\t\t\t\t<div class=\"elementor-widget-container\">\n\t\t\t\t\t\t\t<p><span class=\"texte_comic_15\">Toutes les ressources sont r\u00e9utilisables \u00e0 l&rsquo;identique ou modifiables mais <b>pour des usages NON COMMERCIAUX et avec CITATION de la source (INTERFARE , https:\/\/icar.cnrs.fr\/interfare)<\/b>, elles peuvent \u00eatre redistribu\u00e9es dans les m\u00eames conditions selon la licence Creative Common 4.0 International (CC BY-NC-SA 4.0). <\/span><\/p><p>Les extraits de r\u00e9union proviennent des corpus <a href=\"http:\/\/clapi.icar.cnrs.fr\/\">CLAPI<\/a>, <a href=\"http:\/\/ciel-f.org\/\">CIEL-F<\/a>, <a href=\"https:\/\/fleuron.atilf.fr\/\">FLEURON<\/a> et <a href=\"https:\/\/tcof.atilf.fr\/\">TCOF<\/a> dont le corpus de th\u00e8se d&rsquo;Anouchka Divoux <\/p>\t\t\t\t\t\t<\/div>\n\t\t\t\t<\/div>\n\t\t\t\t\t<\/div>\n\t\t<\/div>\n\t\t\t\t\t\t\t<\/div>\n\t\t<\/section>\n\t\t\t\t\t\t\t<\/div>\n\t\t","protected":false},"excerpt":{"rendered":"<p>Comprendre les \u00e9tapes-cl\u00e9s d&rsquo;une r\u00e9union Les enjeux \u00a0Comprendre ce qui se passe r\u00e9ellement en r\u00e9union pour pouvoir participer et mettre en \u0153uvre les d\u00e9cisions prises l&rsquo;organisation d&rsquo;une r\u00e9union : d\u00e9but\/fin, changement de sujet l&rsquo;\u00e9valuation, l&rsquo;accord, le d\u00e9saccord, la n\u00e9gociation et la d\u00e9cision prise quand et comment prendre la parole, solliciter un.e participant.e redemander, verbaliser sa [&hellip;]<\/p>\n","protected":false},"author":2,"featured_media":0,"parent":0,"menu_order":0,"comment_status":"closed","ping_status":"closed","template":"","meta":{"footnotes":""},"_links":{"self":[{"href":"https:\/\/icar.cnrs.fr\/interfare\/wp-json\/wp\/v2\/pages\/2"}],"collection":[{"href":"https:\/\/icar.cnrs.fr\/interfare\/wp-json\/wp\/v2\/pages"}],"about":[{"href":"https:\/\/icar.cnrs.fr\/interfare\/wp-json\/wp\/v2\/types\/page"}],"author":[{"embeddable":true,"href":"https:\/\/icar.cnrs.fr\/interfare\/wp-json\/wp\/v2\/users\/2"}],"replies":[{"embeddable":true,"href":"https:\/\/icar.cnrs.fr\/interfare\/wp-json\/wp\/v2\/comments?post=2"}],"version-history":[{"count":3,"href":"https:\/\/icar.cnrs.fr\/interfare\/wp-json\/wp\/v2\/pages\/2\/revisions"}],"predecessor-version":[{"id":8530,"href":"https:\/\/icar.cnrs.fr\/interfare\/wp-json\/wp\/v2\/pages\/2\/revisions\/8530"}],"wp:attachment":[{"href":"https:\/\/icar.cnrs.fr\/interfare\/wp-json\/wp\/v2\/media?parent=2"}],"curies":[{"name":"wp","href":"https:\/\/api.w.org\/{rel}","templated":true}]}}