{"id":202,"date":"2022-02-03T15:58:45","date_gmt":"2022-02-03T14:58:45","guid":{"rendered":"http:\/\/icar.cnrs.fr\/interfare\/?page_id=202"},"modified":"2023-06-12T13:32:23","modified_gmt":"2023-06-12T11:32:23","slug":"participez","status":"publish","type":"page","link":"https:\/\/icar.cnrs.fr\/interfare\/participez\/","title":{"rendered":"Participez"},"content":{"rendered":"\t\t<div data-elementor-type=\"wp-page\" data-elementor-id=\"202\" class=\"elementor elementor-202\">\n\t\t\t\t\t\t\t\t\t<section class=\"elementor-section elementor-top-section elementor-element elementor-element-11f2214 elementor-section-boxed elementor-section-height-default elementor-section-height-default\" data-id=\"11f2214\" data-element_type=\"section\">\n\t\t\t\t\t\t<div class=\"elementor-container elementor-column-gap-default\">\n\t\t\t\t\t<div class=\"elementor-column elementor-col-50 elementor-top-column elementor-element elementor-element-9d14040\" data-id=\"9d14040\" data-element_type=\"column\">\n\t\t\t<div class=\"elementor-widget-wrap elementor-element-populated\">\n\t\t\t\t\t\t\t\t<div class=\"elementor-element elementor-element-2a71af5 elementor-widget elementor-widget-image\" data-id=\"2a71af5\" data-element_type=\"widget\" data-widget_type=\"image.default\">\n\t\t\t\t<div class=\"elementor-widget-container\">\n\t\t\t<style>\/*! elementor - v3.6.0 - 21-03-2022 *\/\n.elementor-widget-image{text-align:center}.elementor-widget-image a{display:inline-block}.elementor-widget-image a img[src$=\".svg\"]{width:48px}.elementor-widget-image img{vertical-align:middle;display:inline-block}<\/style>\t\t\t\t\t\t\t\t\t\t\t\t<img loading=\"lazy\" decoding=\"async\" width=\"218\" height=\"191\" src=\"https:\/\/icar.cnrs.fr\/interfare\/wp-content\/uploads\/coconstruction.jpg\" class=\"attachment-large size-large\" alt=\"\" \/>\t\t\t\t\t\t\t\t\t\t\t\t\t\t\t<\/div>\n\t\t\t\t<\/div>\n\t\t\t\t\t<\/div>\n\t\t<\/div>\n\t\t\t\t<div class=\"elementor-column elementor-col-50 elementor-top-column elementor-element elementor-element-349d5f3\" data-id=\"349d5f3\" data-element_type=\"column\">\n\t\t\t<div class=\"elementor-widget-wrap elementor-element-populated\">\n\t\t\t\t\t\t\t\t<div class=\"elementor-element elementor-element-25c6064 elementor-widget elementor-widget-heading\" data-id=\"25c6064\" data-element_type=\"widget\" data-widget_type=\"heading.default\">\n\t\t\t\t<div class=\"elementor-widget-container\">\n\t\t\t<style>\/*! elementor - v3.6.0 - 21-03-2022 *\/\n.elementor-heading-title{padding:0;margin:0;line-height:1}.elementor-widget-heading .elementor-heading-title[class*=elementor-size-]>a{color:inherit;font-size:inherit;line-height:inherit}.elementor-widget-heading .elementor-heading-title.elementor-size-small{font-size:15px}.elementor-widget-heading .elementor-heading-title.elementor-size-medium{font-size:19px}.elementor-widget-heading .elementor-heading-title.elementor-size-large{font-size:29px}.elementor-widget-heading .elementor-heading-title.elementor-size-xl{font-size:39px}.elementor-widget-heading .elementor-heading-title.elementor-size-xxl{font-size:59px}<\/style><h2 class=\"elementor-heading-title elementor-size-default\"><span style=\"font-size: 18pt; color: #d80707;\">Aidez nous \u00e0 am\u00e9liorer ce site en partageant avec nous&nbsp;<\/span><\/h2>\t\t<\/div>\n\t\t\t\t<\/div>\n\t\t\t\t<div class=\"elementor-element elementor-element-ee65925 elementor-widget elementor-widget-text-editor\" data-id=\"ee65925\" data-element_type=\"widget\" data-widget_type=\"text-editor.default\">\n\t\t\t\t<div class=\"elementor-widget-container\">\n\t\t\t<style>\/*! elementor - v3.6.0 - 21-03-2022 *\/\n.elementor-widget-text-editor.elementor-drop-cap-view-stacked .elementor-drop-cap{background-color:#818a91;color:#fff}.elementor-widget-text-editor.elementor-drop-cap-view-framed .elementor-drop-cap{color:#818a91;border:3px solid;background-color:transparent}.elementor-widget-text-editor:not(.elementor-drop-cap-view-default) .elementor-drop-cap{margin-top:8px}.elementor-widget-text-editor:not(.elementor-drop-cap-view-default) .elementor-drop-cap-letter{width:1em;height:1em}.elementor-widget-text-editor .elementor-drop-cap{float:left;text-align:center;line-height:1;font-size:50px}.elementor-widget-text-editor .elementor-drop-cap-letter{display:inline-block}<\/style>\t\t\t\t<ul style=\"list-style-type: disc;\"><li><span style=\"font-size: 14pt;\">vos retours sur les ressources existantes : nombre, clart\u00e9, format, diversit\u00e9, explication, activit\u00e9s p\u00e9dagogiques<\/span><\/li><li><span style=\"font-size: 14pt;\">\u00a0vos exploitations : quel public, quel enseignement, quelle fr\u00e9quence, un cours complet ou une partie d&rsquo;un cours, quelles rubriques, quels extraits, quelles activit\u00e9s p\u00e9dagogiques &#8230;<\/span><\/li><li><span style=\"font-size: 14pt;\">\u00a0les points \u00e0 am\u00e9liorer<\/span><\/li><li><span style=\"font-size: 14pt;\">\u00a0 les prochaines ressources \u00e0 construire pour r\u00e9pondre \u00e0 vos attentes<\/span><\/li><\/ul><p>\u00a0 \u00a0 \u00a0\u00a0 \u00a0 <span style=\"font-size: 18pt;\">\u00e0 l&rsquo;adresse interfare@listes.ens-lyon.fr<\/span><\/p>\t\t\t\t\t\t<\/div>\n\t\t\t\t<\/div>\n\t\t\t\t<div class=\"elementor-element elementor-element-f9249a4 elementor-widget elementor-widget-heading\" data-id=\"f9249a4\" data-element_type=\"widget\" data-widget_type=\"heading.default\">\n\t\t\t\t<div class=\"elementor-widget-container\">\n\t\t\t<h2 class=\"elementor-heading-title elementor-size-default\"><span style=\"font-size: 18pt; color: #d80707;\"> et n'oubliez pas d'en parler autour de vous ...   <\/span><\/h2>\t\t<\/div>\n\t\t\t\t<\/div>\n\t\t\t\t\t<\/div>\n\t\t<\/div>\n\t\t\t\t\t\t\t<\/div>\n\t\t<\/section>\n\t\t\t\t\t\t\t<\/div>\n\t\t","protected":false},"excerpt":{"rendered":"<p>Aidez nous \u00e0 am\u00e9liorer ce site en partageant avec nous&nbsp; vos retours sur les ressources existantes : nombre, clart\u00e9, format, diversit\u00e9, explication, activit\u00e9s p\u00e9dagogiques \u00a0vos exploitations : quel public, quel enseignement, quelle fr\u00e9quence, un cours complet ou une partie d&rsquo;un cours, quelles rubriques, quels extraits, quelles activit\u00e9s p\u00e9dagogiques &#8230; \u00a0les points \u00e0 am\u00e9liorer \u00a0 les [&hellip;]<\/p>\n","protected":false},"author":2,"featured_media":0,"parent":0,"menu_order":0,"comment_status":"closed","ping_status":"closed","template":"","meta":{"footnotes":""},"_links":{"self":[{"href":"https:\/\/icar.cnrs.fr\/interfare\/wp-json\/wp\/v2\/pages\/202"}],"collection":[{"href":"https:\/\/icar.cnrs.fr\/interfare\/wp-json\/wp\/v2\/pages"}],"about":[{"href":"https:\/\/icar.cnrs.fr\/interfare\/wp-json\/wp\/v2\/types\/page"}],"author":[{"embeddable":true,"href":"https:\/\/icar.cnrs.fr\/interfare\/wp-json\/wp\/v2\/users\/2"}],"replies":[{"embeddable":true,"href":"https:\/\/icar.cnrs.fr\/interfare\/wp-json\/wp\/v2\/comments?post=202"}],"version-history":[{"count":0,"href":"https:\/\/icar.cnrs.fr\/interfare\/wp-json\/wp\/v2\/pages\/202\/revisions"}],"wp:attachment":[{"href":"https:\/\/icar.cnrs.fr\/interfare\/wp-json\/wp\/v2\/media?parent=202"}],"curies":[{"name":"wp","href":"https:\/\/api.w.org\/{rel}","templated":true}]}}