{"id":2130,"date":"2022-08-23T11:23:21","date_gmt":"2022-08-23T09:23:21","guid":{"rendered":"http:\/\/icar.cnrs.fr\/interfare\/?page_id=2130"},"modified":"2024-08-23T18:40:26","modified_gmt":"2024-08-23T16:40:26","slug":"mjc-exercice-a-un-moment-donne","status":"publish","type":"page","link":"https:\/\/icar.cnrs.fr\/interfare\/mjc-exercice-a-un-moment-donne\/","title":{"rendered":"Temps Exercice A un moment donne"},"content":{"rendered":"\t\t<div data-elementor-type=\"wp-page\" data-elementor-id=\"2130\" class=\"elementor elementor-2130\">\n\t\t\t\t\t\t\t\t\t<section class=\"elementor-section elementor-top-section elementor-element elementor-element-39acd7ff elementor-section-boxed elementor-section-height-default elementor-section-height-default\" data-id=\"39acd7ff\" data-element_type=\"section\">\n\t\t\t\t\t\t<div class=\"elementor-container elementor-column-gap-default\">\n\t\t\t\t\t<div class=\"elementor-column elementor-col-100 elementor-top-column elementor-element elementor-element-42fe811d\" data-id=\"42fe811d\" data-element_type=\"column\">\n\t\t\t<div class=\"elementor-widget-wrap elementor-element-populated\">\n\t\t\t\t\t\t\t\t<div class=\"elementor-element elementor-element-6e3165c1 elementor-widget elementor-widget-text-editor\" data-id=\"6e3165c1\" data-element_type=\"widget\" data-widget_type=\"text-editor.default\">\n\t\t\t\t<div class=\"elementor-widget-container\">\n\t\t\t<style>\/*! elementor - v3.6.0 - 21-03-2022 *\/\n.elementor-widget-text-editor.elementor-drop-cap-view-stacked .elementor-drop-cap{background-color:#818a91;color:#fff}.elementor-widget-text-editor.elementor-drop-cap-view-framed .elementor-drop-cap{color:#818a91;border:3px solid;background-color:transparent}.elementor-widget-text-editor:not(.elementor-drop-cap-view-default) .elementor-drop-cap{margin-top:8px}.elementor-widget-text-editor:not(.elementor-drop-cap-view-default) .elementor-drop-cap-letter{width:1em;height:1em}.elementor-widget-text-editor .elementor-drop-cap{float:left;text-align:center;line-height:1;font-size:50px}.elementor-widget-text-editor .elementor-drop-cap-letter{display:inline-block}<\/style>\t\t\t\t<p><a href=\"https:\/\/icar.cnrs.fr\/interfare\/les-rubriques\/\">Les rubriques<\/a> &gt; Faire R\u00e9f\u00e9rence &gt; <a href=\"https:\/\/icar.cnrs.fr\/interfare\/faire-reference-au-temps\/\">Au temps<\/a><\/p>\t\t\t\t\t\t<\/div>\n\t\t\t\t<\/div>\n\t\t\t\t<div class=\"elementor-element elementor-element-4f14e221 elementor-widget elementor-widget-heading\" data-id=\"4f14e221\" data-element_type=\"widget\" data-widget_type=\"heading.default\">\n\t\t\t\t<div class=\"elementor-widget-container\">\n\t\t\t<style>\/*! elementor - v3.6.0 - 21-03-2022 *\/\n.elementor-heading-title{padding:0;margin:0;line-height:1}.elementor-widget-heading .elementor-heading-title[class*=elementor-size-]>a{color:inherit;font-size:inherit;line-height:inherit}.elementor-widget-heading .elementor-heading-title.elementor-size-small{font-size:15px}.elementor-widget-heading .elementor-heading-title.elementor-size-medium{font-size:19px}.elementor-widget-heading .elementor-heading-title.elementor-size-large{font-size:29px}.elementor-widget-heading .elementor-heading-title.elementor-size-xl{font-size:39px}.elementor-widget-heading .elementor-heading-title.elementor-size-xxl{font-size:59px}<\/style><h2 class=\"elementor-heading-title elementor-size-default\">R\u00e9f\u00e9rence au temps dans un coll\u00e8ge<br><div id=\"page\" class=\"site\"><div id=\"content-wrapper\" class=\"container row\"><main id=\"primary\" class=\"site-main container order-1\"><article id=\"post-1990\" class=\"post-1990 page type-page status-publish hentry\"><div class=\"entry-content\"><div data-elementor-type=\"wp-page\" data-elementor-id=\"1990\" class=\"elementor elementor-1990 elementor-edit-area elementor-edit-mode elementor-edit-area-active\" data-elementor-title=\"Page\"><div class=\"elementor-section-wrap ui-sortable\"><section data-id=\"39acd7ff\" data-element_type=\"section\" class=\"elementor-element elementor-element-edit-mode elementor-element-39acd7ff elementor-section elementor-top-section elementor-section-boxed elementor-section-height-default\" id=\"\" data-model-cid=\"c30\"><div class=\"elementor-container elementor-column-gap-default ui-sortable\"><div data-id=\"42fe811d\" data-element_type=\"column\" class=\"elementor-element elementor-element-edit-mode elementor-element-42fe811d elementor-element--toggle-edit-tools elementor-column elementor-top-column ui-resizable\" id=\"\" data-col=\"100\" data-model-cid=\"c31\"><div class=\"elementor-widget-wrap elementor-element-populated ui-sortable\"><div data-id=\"4f14e221\" data-element_type=\"widget\" class=\"elementor-element elementor-element-edit-mode elementor-element-4f14e221 elementor-element--toggle-edit-tools elementor-widget elementor-widget-heading elementor-element-editable\" data-model-cid=\"c35\" id=\"\" data-widget_type=\"heading.default\"><div class=\"elementor-widget-container\"><h2 class=\"elementor-heading-title elementor-size-default elementor-inline-editing pen\" data-elementor-setting-key=\"title\" data-pen-placeholder=\"\u00c9crivez ici...\" contenteditable=\"true\"><\/h2><h2 class=\"elementor-heading-title elementor-size-default elementor-inline-editing pen\" data-elementor-setting-key=\"title\" data-pen-placeholder=\"\u00c9crivez ici...\" contenteditable=\"true\"> \"\u00e0 un moment donn\u00e9\"<\/h2><\/div><\/div><\/div><\/div><\/div><\/section><\/div><\/div><\/div><\/article><\/main><\/div><\/div><\/h2>\t\t<\/div>\n\t\t\t\t<\/div>\n\t\t\t\t\t<\/div>\n\t\t<\/div>\n\t\t\t\t\t\t\t<\/div>\n\t\t<\/section>\n\t\t\t\t<section class=\"elementor-section elementor-top-section elementor-element elementor-element-4c08541 elementor-section-boxed elementor-section-height-default elementor-section-height-default\" data-id=\"4c08541\" data-element_type=\"section\">\n\t\t\t\t\t\t<div class=\"elementor-container elementor-column-gap-default\">\n\t\t\t\t\t<div class=\"elementor-column elementor-col-100 elementor-top-column elementor-element elementor-element-b6c0f2c\" data-id=\"b6c0f2c\" data-element_type=\"column\">\n\t\t\t<div class=\"elementor-widget-wrap elementor-element-populated\">\n\t\t\t\t\t\t\t\t<div class=\"elementor-element elementor-element-6eec8a4 elementor-widget elementor-widget-heading\" data-id=\"6eec8a4\" data-element_type=\"widget\" data-widget_type=\"heading.default\">\n\t\t\t\t<div class=\"elementor-widget-container\">\n\t\t\t<span class=\"elementor-heading-title elementor-size-default\">&nbsp; &nbsp;Les exercices<br><\/span>\t\t<\/div>\n\t\t\t\t<\/div>\n\t\t\t\t\t<\/div>\n\t\t<\/div>\n\t\t\t\t\t\t\t<\/div>\n\t\t<\/section>\n\t\t\t\t<section class=\"elementor-section elementor-top-section elementor-element elementor-element-9c0bfa6 elementor-section-boxed elementor-section-height-default elementor-section-height-default\" data-id=\"9c0bfa6\" data-element_type=\"section\">\n\t\t\t\t\t\t<div class=\"elementor-container elementor-column-gap-default\">\n\t\t\t\t\t<div class=\"elementor-column elementor-col-100 elementor-top-column elementor-element elementor-element-7a601ca\" data-id=\"7a601ca\" data-element_type=\"column\">\n\t\t\t<div class=\"elementor-widget-wrap elementor-element-populated\">\n\t\t\t\t\t\t\t\t<div class=\"elementor-element elementor-element-b4d5dee elementor-widget elementor-widget-text-editor\" data-id=\"b4d5dee\" data-element_type=\"widget\" data-widget_type=\"text-editor.default\">\n\t\t\t\t<div class=\"elementor-widget-container\">\n\t\t\t\t\t\t\t<p><strong>Objectifs p\u00e9dagogiques : <\/strong><\/p><ul><li><strong>\u00catre en mesure d\u2019identifier une argumentation<\/strong><\/li><li><strong>\u00catre en mesure de comprendre le sens de l\u2019expression \u00ab\u00a0\u00e0 un moment donn\u00e9\u00a0\u00bb<\/strong><\/li><li><strong>\u00catre en mesure d\u2019utiliser l\u2019expression \u00ab\u00a0\u00e0 un moment donn\u00e9\u00a0\u00bb correctement<\/strong><\/li><\/ul><p><strong>\u00a0<\/strong><strong>Activit\u00e9 langagi\u00e8re\u00a0: CO\/CE\/PO<\/strong><\/p><p><strong>Niveau : d\u00e9butant\/interm\u00e9diaire\/avanc\u00e9<\/strong><\/p><p><strong>Modalit\u00e9 d\u2019activit\u00e9 : \u00a0Column<\/strong><\/p><p><strong>Auteure : Lizia Lins-Tavares<\/strong><\/p>\t\t\t\t\t\t<\/div>\n\t\t\t\t<\/div>\n\t\t\t\t\t<\/div>\n\t\t<\/div>\n\t\t\t\t\t\t\t<\/div>\n\t\t<\/section>\n\t\t\t\t<section class=\"elementor-section elementor-top-section elementor-element elementor-element-8d756f9 elementor-section-boxed elementor-section-height-default elementor-section-height-default\" data-id=\"8d756f9\" data-element_type=\"section\">\n\t\t\t\t\t\t<div class=\"elementor-container elementor-column-gap-default\">\n\t\t\t\t\t<div class=\"elementor-column elementor-col-50 elementor-top-column elementor-element elementor-element-b77a087\" data-id=\"b77a087\" data-element_type=\"column\">\n\t\t\t<div class=\"elementor-widget-wrap elementor-element-populated\">\n\t\t\t\t\t\t\t\t<div class=\"elementor-element elementor-element-7def5bf elementor-widget elementor-widget-menu-anchor\" data-id=\"7def5bf\" data-element_type=\"widget\" data-widget_type=\"menu-anchor.default\">\n\t\t\t\t<div class=\"elementor-widget-container\">\n\t\t\t<style>\/*! elementor - v3.6.0 - 21-03-2022 *\/\nbody.elementor-page .elementor-widget-menu-anchor{margin-bottom:0}<\/style>\t\t<div id=\"exercice_16\" class=\"elementor-menu-anchor\"><\/div>\n\t\t\t\t<\/div>\n\t\t\t\t<\/div>\n\t\t\t\t\t<\/div>\n\t\t<\/div>\n\t\t\t\t<div class=\"elementor-column elementor-col-50 elementor-top-column elementor-element elementor-element-ffe2c35\" data-id=\"ffe2c35\" data-element_type=\"column\">\n\t\t\t<div class=\"elementor-widget-wrap elementor-element-populated\">\n\t\t\t\t\t\t\t\t<div class=\"elementor-element elementor-element-99858ec elementor-widget elementor-widget-text-editor\" data-id=\"99858ec\" data-element_type=\"widget\" data-widget_type=\"text-editor.default\">\n\t\t\t\t<div class=\"elementor-widget-container\">\n\t\t\t\t\t\t\t<p><code><div class=\"h5p-iframe-wrapper\"><iframe id=\"h5p-iframe-16\" class=\"h5p-iframe\" data-content-id=\"16\" style=\"height:1px\" src=\"about:blank\" frameBorder=\"0\" scrolling=\"no\" title=\"OK_Interfare_temps_\u00e0 un moment donn\u00e9\"><\/iframe><\/div><\/code><\/p>\t\t\t\t\t\t<\/div>\n\t\t\t\t<\/div>\n\t\t\t\t\t<\/div>\n\t\t<\/div>\n\t\t\t\t\t\t\t<\/div>\n\t\t<\/section>\n\t\t\t\t\t\t\t<\/div>\n\t\t","protected":false},"excerpt":{"rendered":"<p>Les rubriques &gt; Faire R\u00e9f\u00e9rence &gt; Au temps R\u00e9f\u00e9rence au temps dans un coll\u00e8ge \u00ab\u00a0\u00e0 un moment donn\u00e9\u00a0\u00bb &nbsp; &nbsp;Les exercices Objectifs p\u00e9dagogiques : \u00catre en mesure d\u2019identifier une argumentation \u00catre en mesure de comprendre le sens de l\u2019expression \u00ab\u00a0\u00e0 un moment donn\u00e9\u00a0\u00bb \u00catre en mesure d\u2019utiliser l\u2019expression \u00ab\u00a0\u00e0 un moment donn\u00e9\u00a0\u00bb correctement \u00a0Activit\u00e9 langagi\u00e8re\u00a0: [&hellip;]<\/p>\n","protected":false},"author":2,"featured_media":0,"parent":0,"menu_order":0,"comment_status":"closed","ping_status":"closed","template":"","meta":{"footnotes":""},"_links":{"self":[{"href":"https:\/\/icar.cnrs.fr\/interfare\/wp-json\/wp\/v2\/pages\/2130"}],"collection":[{"href":"https:\/\/icar.cnrs.fr\/interfare\/wp-json\/wp\/v2\/pages"}],"about":[{"href":"https:\/\/icar.cnrs.fr\/interfare\/wp-json\/wp\/v2\/types\/page"}],"author":[{"embeddable":true,"href":"https:\/\/icar.cnrs.fr\/interfare\/wp-json\/wp\/v2\/users\/2"}],"replies":[{"embeddable":true,"href":"https:\/\/icar.cnrs.fr\/interfare\/wp-json\/wp\/v2\/comments?post=2130"}],"version-history":[{"count":3,"href":"https:\/\/icar.cnrs.fr\/interfare\/wp-json\/wp\/v2\/pages\/2130\/revisions"}],"predecessor-version":[{"id":8503,"href":"https:\/\/icar.cnrs.fr\/interfare\/wp-json\/wp\/v2\/pages\/2130\/revisions\/8503"}],"wp:attachment":[{"href":"https:\/\/icar.cnrs.fr\/interfare\/wp-json\/wp\/v2\/media?parent=2130"}],"curies":[{"name":"wp","href":"https:\/\/api.w.org\/{rel}","templated":true}]}}