{"id":437,"date":"2022-02-18T18:56:37","date_gmt":"2022-02-18T17:56:37","guid":{"rendered":"http:\/\/icar.cnrs.fr\/interfare\/?page_id=437"},"modified":"2023-03-07T10:48:50","modified_gmt":"2023-03-07T09:48:50","slug":"debut-judo","status":"publish","type":"page","link":"https:\/\/icar.cnrs.fr\/interfare\/debut-judo\/","title":{"rendered":"D\u00e9but Judo"},"content":{"rendered":"\t\t<div data-elementor-type=\"wp-page\" data-elementor-id=\"437\" class=\"elementor elementor-437\">\n\t\t\t\t\t\t\t\t\t<section class=\"elementor-section elementor-top-section elementor-element elementor-element-590e4818 elementor-section-boxed elementor-section-height-default elementor-section-height-default\" data-id=\"590e4818\" data-element_type=\"section\">\n\t\t\t\t\t\t<div class=\"elementor-container elementor-column-gap-default\">\n\t\t\t\t\t<div class=\"elementor-column elementor-col-100 elementor-top-column elementor-element elementor-element-6b04c70\" data-id=\"6b04c70\" data-element_type=\"column\">\n\t\t\t<div class=\"elementor-widget-wrap elementor-element-populated\">\n\t\t\t\t\t\t\t\t<div class=\"elementor-element elementor-element-5642ad88 elementor-widget elementor-widget-text-editor\" data-id=\"5642ad88\" data-element_type=\"widget\" data-widget_type=\"text-editor.default\">\n\t\t\t\t<div class=\"elementor-widget-container\">\n\t\t\t<style>\/*! elementor - v3.6.0 - 21-03-2022 *\/\n.elementor-widget-text-editor.elementor-drop-cap-view-stacked .elementor-drop-cap{background-color:#818a91;color:#fff}.elementor-widget-text-editor.elementor-drop-cap-view-framed .elementor-drop-cap{color:#818a91;border:3px solid;background-color:transparent}.elementor-widget-text-editor:not(.elementor-drop-cap-view-default) .elementor-drop-cap{margin-top:8px}.elementor-widget-text-editor:not(.elementor-drop-cap-view-default) .elementor-drop-cap-letter{width:1em;height:1em}.elementor-widget-text-editor .elementor-drop-cap{float:left;text-align:center;line-height:1;font-size:50px}.elementor-widget-text-editor .elementor-drop-cap-letter{display:inline-block}<\/style>\t\t\t\t<p><a href=\"https:\/\/icar.cnrs.fr\/interfare\/les-rubriques\/\">Les rubriques<\/a> &gt; Organisation &gt; <a href=\"https:\/\/icar.cnrs.fr\/interfare\/debut-de-reunion\/\">D\u00e9but de r\u00e9union<\/a><\/p>\t\t\t\t\t\t<\/div>\n\t\t\t\t<\/div>\n\t\t\t\t<div class=\"elementor-element elementor-element-1142a22a elementor-widget elementor-widget-heading\" data-id=\"1142a22a\" data-element_type=\"widget\" data-widget_type=\"heading.default\">\n\t\t\t\t<div class=\"elementor-widget-container\">\n\t\t\t<style>\/*! elementor - v3.6.0 - 21-03-2022 *\/\n.elementor-heading-title{padding:0;margin:0;line-height:1}.elementor-widget-heading .elementor-heading-title[class*=elementor-size-]>a{color:inherit;font-size:inherit;line-height:inherit}.elementor-widget-heading .elementor-heading-title.elementor-size-small{font-size:15px}.elementor-widget-heading .elementor-heading-title.elementor-size-medium{font-size:19px}.elementor-widget-heading .elementor-heading-title.elementor-size-large{font-size:29px}.elementor-widget-heading .elementor-heading-title.elementor-size-xl{font-size:39px}.elementor-widget-heading .elementor-heading-title.elementor-size-xxl{font-size:59px}<\/style><h2 class=\"elementor-heading-title elementor-size-default\">Le d\u00e9but de la r\u00e9union dans une Association Sportive de Judo<span><\/span><\/h2>\t\t<\/div>\n\t\t\t\t<\/div>\n\t\t\t\t<div class=\"elementor-element elementor-element-5300cbb elementor-widget elementor-widget-heading\" data-id=\"5300cbb\" data-element_type=\"widget\" data-widget_type=\"heading.default\">\n\t\t\t\t<div class=\"elementor-widget-container\">\n\t\t\t<h3 class=\"elementor-heading-title elementor-size-default\"><span><\/span><div><div><main><article><div><div data-elementor-type=\"wp-page\" data-elementor-id=\"228\" data-elementor-settings=\"[]\"><div><section data-id=\"60e39b9\" data-element_type=\"section\" data-settings=\"{&quot;stretch_section&quot;:&quot;section-stretched&quot;}\"><div><div data-id=\"bbde153\" data-element_type=\"column\"><div><div data-id=\"8b33fd6\" data-element_type=\"widget\" data-widget_type=\"text-editor.default\"><div><p><i><span>\u00ab&nbsp;bon bienvenue \u00e0 tout le monde&nbsp;\u00bb + \u00ab&nbsp;on va commencer par le point1<\/span><\/i><i><span>\u00bb&nbsp;+ \u00ab&nbsp;X je vais te laisser la parole&nbsp;\u00bb + \u00ab&nbsp;j\u2019ai mis quelques crit\u00e8res&nbsp;\u00bb<\/span><\/i><span><\/span><\/p><\/div><\/div><\/div><\/div><\/div><\/section><\/div><\/div><\/div><\/article><\/main><\/div><\/div><\/h3>\t\t<\/div>\n\t\t\t\t<\/div>\n\t\t\t\t<div class=\"elementor-element elementor-element-1c623920 elementor-widget elementor-widget-heading\" data-id=\"1c623920\" data-element_type=\"widget\" data-widget_type=\"heading.default\">\n\t\t\t\t<div class=\"elementor-widget-container\">\n\t\t\t<h2 class=\"elementor-heading-title elementor-size-default\"><b>R\u00e9union<\/b><\/h2>\t\t<\/div>\n\t\t\t\t<\/div>\n\t\t\t\t<div class=\"elementor-element elementor-element-8d137a5 elementor-widget elementor-widget-text-editor\" data-id=\"8d137a5\" data-element_type=\"widget\" data-widget_type=\"text-editor.default\">\n\t\t\t\t<div class=\"elementor-widget-container\">\n\t\t\t\t\t\t\t<p><span class=\"textstyle17\"><span class=\"textstyle16\">\u00a0Les 7 membres d\u2019un club de judo\u00a0 discutent de la sant\u00e9 financi\u00e8re du club. <\/span><\/span><\/p><p><span class=\"textstyle17\"><span class=\"textstyle16\">L1 anime la r\u00e9union.<\/span><\/span><\/p>\t\t\t\t\t\t<\/div>\n\t\t\t\t<\/div>\n\t\t\t\t<div class=\"elementor-element elementor-element-180fa810 elementor-widget elementor-widget-heading\" data-id=\"180fa810\" data-element_type=\"widget\" data-widget_type=\"heading.default\">\n\t\t\t\t<div class=\"elementor-widget-container\">\n\t\t\t<h2 class=\"elementor-heading-title elementor-size-default\"><b>Contexte<\/b><\/h2>\t\t<\/div>\n\t\t\t\t<\/div>\n\t\t\t\t<div class=\"elementor-element elementor-element-900d0c2 elementor-widget elementor-widget-text-editor\" data-id=\"900d0c2\" data-element_type=\"widget\" data-widget_type=\"text-editor.default\">\n\t\t\t\t<div class=\"elementor-widget-container\">\n\t\t\t\t\t\t\t<p>L1 commence la r\u00e9union et donne la parole \u00e0 L2.<\/p>\t\t\t\t\t\t<\/div>\n\t\t\t\t<\/div>\n\t\t\t\t\t<\/div>\n\t\t<\/div>\n\t\t\t\t\t\t\t<\/div>\n\t\t<\/section>\n\t\t\t\t<section class=\"elementor-section elementor-top-section elementor-element elementor-element-245bbe4 elementor-section-boxed elementor-section-height-default elementor-section-height-default\" data-id=\"245bbe4\" data-element_type=\"section\">\n\t\t\t\t\t\t<div class=\"elementor-container elementor-column-gap-default\">\n\t\t\t\t\t<div class=\"elementor-column elementor-col-100 elementor-top-column elementor-element elementor-element-549f064a\" data-id=\"549f064a\" data-element_type=\"column\">\n\t\t\t<div class=\"elementor-widget-wrap elementor-element-populated\">\n\t\t\t\t\t\t\t\t<div class=\"elementor-element elementor-element-6853b5d3 elementor-widget elementor-widget-text-editor\" data-id=\"6853b5d3\" data-element_type=\"widget\" data-widget_type=\"text-editor.default\">\n\t\t\t\t<div class=\"elementor-widget-container\">\n\t\t\t\t\t\t\t<p><strong><a class=\"maxbutton-2 maxbutton maxbutton-audio\" href=\"https:\/\/icar.cnrs.fr\/interfare\/wp-content\/uploads\/INTERFARE_debut_judo.mp3\" download=\"\"><span class='mb-text'>Audio<\/span><\/a> <\/strong><\/p><p><!--[if lt IE 9]><script>document.createElement('audio');<\/script><![endif]-->\n<audio class=\"wp-audio-shortcode\" id=\"audio-437-1\" preload=\"none\" style=\"width: 100%;\" controls=\"controls\"><source type=\"audio\/mpeg\" src=\"https:\/\/icar.cnrs.fr\/interfare\/wp-content\/uploads\/INTERFARE_debut_judo.mp3?_=1\" \/><a href=\"https:\/\/icar.cnrs.fr\/interfare\/wp-content\/uploads\/INTERFARE_debut_judo.mp3\">https:\/\/icar.cnrs.fr\/interfare\/wp-content\/uploads\/INTERFARE_debut_judo.mp3<\/a><\/audio><\/p>\t\t\t\t\t\t<\/div>\n\t\t\t\t<\/div>\n\t\t\t\t\t<\/div>\n\t\t<\/div>\n\t\t\t\t\t\t\t<\/div>\n\t\t<\/section>\n\t\t\t\t<section class=\"elementor-section elementor-top-section elementor-element elementor-element-71d3f549 elementor-section-boxed elementor-section-height-default elementor-section-height-default\" data-id=\"71d3f549\" data-element_type=\"section\">\n\t\t\t\t\t\t<div class=\"elementor-container elementor-column-gap-default\">\n\t\t\t\t\t<div class=\"elementor-column elementor-col-100 elementor-top-column elementor-element elementor-element-39c34f7d\" data-id=\"39c34f7d\" data-element_type=\"column\">\n\t\t\t<div class=\"elementor-widget-wrap elementor-element-populated\">\n\t\t\t\t\t\t\t\t<div class=\"elementor-element elementor-element-20079510 elementor-widget elementor-widget-toggle\" data-id=\"20079510\" data-element_type=\"widget\" data-widget_type=\"toggle.default\">\n\t\t\t\t<div class=\"elementor-widget-container\">\n\t\t\t<style>\/*! elementor - v3.6.0 - 21-03-2022 *\/\n.elementor-toggle{text-align:left}.elementor-toggle .elementor-tab-title{font-weight:700;line-height:1;margin:0;padding:15px;border-bottom:1px solid #d4d4d4;cursor:pointer;outline:none}.elementor-toggle .elementor-tab-title .elementor-toggle-icon{display:inline-block;width:1em}.elementor-toggle .elementor-tab-title .elementor-toggle-icon svg{-webkit-margin-start:-5px;margin-inline-start:-5px;width:1em;height:1em}.elementor-toggle .elementor-tab-title .elementor-toggle-icon.elementor-toggle-icon-right{float:right;text-align:right}.elementor-toggle .elementor-tab-title .elementor-toggle-icon.elementor-toggle-icon-left{float:left;text-align:left}.elementor-toggle .elementor-tab-title .elementor-toggle-icon .elementor-toggle-icon-closed{display:block}.elementor-toggle .elementor-tab-title .elementor-toggle-icon .elementor-toggle-icon-opened{display:none}.elementor-toggle .elementor-tab-title.elementor-active{border-bottom:none}.elementor-toggle .elementor-tab-title.elementor-active .elementor-toggle-icon-closed{display:none}.elementor-toggle .elementor-tab-title.elementor-active .elementor-toggle-icon-opened{display:block}.elementor-toggle .elementor-tab-content{padding:15px;border-bottom:1px solid #d4d4d4;display:none}@media (max-width:767px){.elementor-toggle .elementor-tab-title{padding:12px}.elementor-toggle .elementor-tab-content{padding:12px 10px}}<\/style>\t\t<div class=\"elementor-toggle\" role=\"tablist\">\n\t\t\t\t\t\t\t<div class=\"elementor-toggle-item\">\n\t\t\t\t\t<h3 id=\"elementor-tab-title-5371\" class=\"elementor-tab-title\" data-tab=\"1\" role=\"tab\" aria-controls=\"elementor-tab-content-5371\" aria-expanded=\"false\">\n\t\t\t\t\t\t\t\t\t\t\t\t<span class=\"elementor-toggle-icon elementor-toggle-icon-left\" aria-hidden=\"true\">\n\t\t\t\t\t\t\t\t\t\t\t\t\t\t\t<span class=\"elementor-toggle-icon-closed\"><i class=\"fas fa-caret-right\"><\/i><\/span>\n\t\t\t\t\t\t\t\t<span class=\"elementor-toggle-icon-opened\"><i class=\"elementor-toggle-icon-opened fas fa-caret-up\"><\/i><\/span>\n\t\t\t\t\t\t\t\t\t\t\t\t\t<\/span>\n\t\t\t\t\t\t\t\t\t\t\t\t<a href=\"\" class=\"elementor-toggle-title\">La  transcription<\/a>\n\t\t\t\t\t<\/h3>\n\n\t\t\t\t\t<div id=\"elementor-tab-content-5371\" class=\"elementor-tab-content elementor-clearfix\" data-tab=\"1\" role=\"tabpanel\" aria-labelledby=\"elementor-tab-title-5371\"><p><strong><em>&nbsp;<\/em><\/strong><i>L1<\/i>&nbsp;&nbsp;&nbsp; <b>bon&nbsp;<\/b><b> alors bienvenue \u00e0 tout le monde<\/b> \u00e0 cette date de de r\u00e9union euh de red\u00e9marrage de la saison hein euh <b>on va commencer par le point 1 <br><\/b><\/p>\n<p><b>&nbsp;&nbsp;&nbsp;&nbsp;&nbsp;&nbsp;&nbsp; Pr\u00e9nom <a href=\"https:\/\/icar.cnrs.fr\/interfare\/quelques_expressions\/#laisser_la_parole\" target=\"_blank\" rel=\"noopener\">je vais te laisser la parole<\/a> <\/b>tu vas pouvoir <b>nous faire un bilan<\/b> bah de d\u00e9but de saison entre autres<b> j&rsquo;ai mis ces quelques crit\u00e8res<\/b> \u00e0 <\/p>\n<p>&nbsp; &nbsp; &nbsp; &nbsp; \u00e0 nous <b>pr\u00e9senter le nombre de licenci\u00e9s<\/b> et puis pardon et surtout le<a href=\"https:\/\/icar.cnrs.fr\/interfare\/quelques_expressions\/#faire_le_point\" target=\"_blank\" rel=\"noopener\"><b> fais nous un point<\/b> <\/a><b>sur le budget pr\u00e9visionnel <\/b>tel qu&rsquo;il a \u00e9t\u00e9 b\u00e2ti <\/p>\n<p>&nbsp;&nbsp;&nbsp;&nbsp;&nbsp;&nbsp; aujourd&rsquo;hui<\/p>\n<p><i>L2<\/i>&nbsp;&nbsp;&nbsp; <b>alors<\/b> le nombre de licences<\/p>\n<p><\/p><\/div>\n\t\t\t\t<\/div>\n\t\t\t\t\t\t\t\t<\/div>\n\t\t\t\t<\/div>\n\t\t\t\t<\/div>\n\t\t\t\t\t<\/div>\n\t\t<\/div>\n\t\t\t\t\t\t\t<\/div>\n\t\t<\/section>\n\t\t\t\t<section class=\"elementor-section elementor-top-section elementor-element elementor-element-20ca3e67 elementor-section-boxed elementor-section-height-default elementor-section-height-default\" data-id=\"20ca3e67\" data-element_type=\"section\">\n\t\t\t\t\t\t<div class=\"elementor-container elementor-column-gap-default\">\n\t\t\t\t\t<div class=\"elementor-column elementor-col-100 elementor-top-column elementor-element elementor-element-4ed252ff\" data-id=\"4ed252ff\" data-element_type=\"column\">\n\t\t\t<div class=\"elementor-widget-wrap elementor-element-populated\">\n\t\t\t\t\t\t\t\t<div class=\"elementor-element elementor-element-3a75e540 elementor-widget elementor-widget-toggle\" data-id=\"3a75e540\" data-element_type=\"widget\" data-widget_type=\"toggle.default\">\n\t\t\t\t<div class=\"elementor-widget-container\">\n\t\t\t\t\t<div class=\"elementor-toggle\" role=\"tablist\">\n\t\t\t\t\t\t\t<div class=\"elementor-toggle-item\">\n\t\t\t\t\t<h3 id=\"elementor-tab-title-9801\" class=\"elementor-tab-title\" data-tab=\"1\" role=\"tab\" aria-controls=\"elementor-tab-content-9801\" aria-expanded=\"false\">\n\t\t\t\t\t\t\t\t\t\t\t\t<span class=\"elementor-toggle-icon elementor-toggle-icon-left\" aria-hidden=\"true\">\n\t\t\t\t\t\t\t\t\t\t\t\t\t\t\t<span class=\"elementor-toggle-icon-closed\"><i class=\"fas fa-caret-right\"><\/i><\/span>\n\t\t\t\t\t\t\t\t<span class=\"elementor-toggle-icon-opened\"><i class=\"elementor-toggle-icon-opened fas fa-caret-up\"><\/i><\/span>\n\t\t\t\t\t\t\t\t\t\t\t\t\t<\/span>\n\t\t\t\t\t\t\t\t\t\t\t\t<a href=\"\" class=\"elementor-toggle-title\">Les explications<\/a>\n\t\t\t\t\t<\/h3>\n\n\t\t\t\t\t<div id=\"elementor-tab-content-9801\" class=\"elementor-tab-content elementor-clearfix\" data-tab=\"1\" role=\"tabpanel\" aria-labelledby=\"elementor-tab-title-9801\"><ul><li><b><i>\u201c bon alors\u201d<\/i><\/b>\u00a0 : marqueur d\u2019ouverture<\/li><li>L1 <b>souhaite la bienvenue<\/b> aux participants pour ouvrir la r\u00e9union<\/li><li>\u00a0L1 <b>annonce le premier point<\/b> : <i>\u201c<\/i> on va commencer par le point 1 <i>\u201d<\/i> <\/li><li>\u00a0L1 <b>s\u00e9lectionne le locuteur suivant<\/b> : <i>\u201c<\/i> Pr\u00e9nom je vais te laisser la parole <i>\u201d<\/i> <\/li><li>\u00a0L1 <b>donne trois consignes sur ses attentes avant de le laisser parler<\/b> :<\/li><\/ul><ol><li>\u00a0<i>\u201c<\/i> tu vas pouvoir nous faire un bilan de d\u00e9but de saison<b> <i>\u201d<\/i><\/b> <\/li><li><i>\u201c<\/i> nous pr\u00e9senter le nombre de licenci\u00e9s <i>\u201d<\/i> <\/li><li><b><i>\u201c <\/i><\/b>fais nous un point sur le budget pr\u00e9visionnel <i>\u201d<\/i> <\/li><\/ol><ul><li>\u00a0L2 <b>commence son intervention avec <\/b><b><b><i>\u201c <\/i><\/b>alors <\/b><b><b><i>\u201d<\/i><\/b>\u00a0 en r\u00e9pondant au deuxi\u00e8me point sans respecter l&rsquo;ordre<\/b> de L1<\/li><li>\u00a0Le lexique <b><i>\u201c <\/i><\/b>saison <b><i>\u201d<\/i>\u00a0<\/b> pourra \u00eatre expliqu\u00e9 car il diff\u00e8re des 4 saisons habituellement enseign\u00e9es<span style=\"font-size: 14pt;\"> <br \/><\/span><\/li><\/ul><\/div>\n\t\t\t\t<\/div>\n\t\t\t\t\t\t\t\t<\/div>\n\t\t\t\t<\/div>\n\t\t\t\t<\/div>\n\t\t\t\t\t<\/div>\n\t\t<\/div>\n\t\t\t\t\t\t\t<\/div>\n\t\t<\/section>\n\t\t\t\t<section class=\"elementor-section elementor-top-section elementor-element elementor-element-a060edc elementor-section-boxed elementor-section-height-default elementor-section-height-default\" data-id=\"a060edc\" data-element_type=\"section\">\n\t\t\t\t\t\t<div class=\"elementor-container elementor-column-gap-default\">\n\t\t\t\t\t<div class=\"elementor-column elementor-col-100 elementor-top-column elementor-element elementor-element-0099c81\" data-id=\"0099c81\" data-element_type=\"column\">\n\t\t\t<div class=\"elementor-widget-wrap elementor-element-populated\">\n\t\t\t\t\t\t\t\t<div class=\"elementor-element elementor-element-7c773d0 elementor-button-info elementor-align-left elementor-widget__width-inherit elementor-widget elementor-widget-button\" data-id=\"7c773d0\" data-element_type=\"widget\" data-widget_type=\"button.default\">\n\t\t\t\t<div class=\"elementor-widget-container\">\n\t\t\t\t\t<div class=\"elementor-button-wrapper\">\n\t\t\t<a href=\"https:\/\/icar.cnrs.fr\/interfare\/debut-de-reunion-exercice-bienvenue-point1-laisser-la-parole\" target=\"_blank\" class=\"elementor-button-link elementor-button elementor-size-sm\" role=\"button\">\n\t\t\t\t\t\t<span class=\"elementor-button-content-wrapper\">\n\t\t\t\t\t\t<span class=\"elementor-button-text\">Les exercices : \u00e0 vous de jouer !<\/span>\n\t\t<\/span>\n\t\t\t\t\t<\/a>\n\t\t<\/div>\n\t\t\t\t<\/div>\n\t\t\t\t<\/div>\n\t\t\t\t\t<\/div>\n\t\t<\/div>\n\t\t\t\t\t\t\t<\/div>\n\t\t<\/section>\n\t\t\t\t\t\t\t<\/div>\n\t\t","protected":false},"excerpt":{"rendered":"<p>Les rubriques &gt; Organisation &gt; D\u00e9but de r\u00e9union Le d\u00e9but de la r\u00e9union dans une Association Sportive de Judo \u00ab&nbsp;bon bienvenue \u00e0 tout le monde&nbsp;\u00bb + \u00ab&nbsp;on va commencer par le point1\u00bb&nbsp;+ \u00ab&nbsp;X je vais te laisser la parole&nbsp;\u00bb + \u00ab&nbsp;j\u2019ai mis quelques crit\u00e8res&nbsp;\u00bb R\u00e9union \u00a0Les 7 membres d\u2019un club de judo\u00a0 discutent de la [&hellip;]<\/p>\n","protected":false},"author":2,"featured_media":0,"parent":0,"menu_order":0,"comment_status":"closed","ping_status":"closed","template":"","meta":{"footnotes":""},"_links":{"self":[{"href":"https:\/\/icar.cnrs.fr\/interfare\/wp-json\/wp\/v2\/pages\/437"}],"collection":[{"href":"https:\/\/icar.cnrs.fr\/interfare\/wp-json\/wp\/v2\/pages"}],"about":[{"href":"https:\/\/icar.cnrs.fr\/interfare\/wp-json\/wp\/v2\/types\/page"}],"author":[{"embeddable":true,"href":"https:\/\/icar.cnrs.fr\/interfare\/wp-json\/wp\/v2\/users\/2"}],"replies":[{"embeddable":true,"href":"https:\/\/icar.cnrs.fr\/interfare\/wp-json\/wp\/v2\/comments?post=437"}],"version-history":[{"count":0,"href":"https:\/\/icar.cnrs.fr\/interfare\/wp-json\/wp\/v2\/pages\/437\/revisions"}],"wp:attachment":[{"href":"https:\/\/icar.cnrs.fr\/interfare\/wp-json\/wp\/v2\/media?parent=437"}],"curies":[{"name":"wp","href":"https:\/\/api.w.org\/{rel}","templated":true}]}}