{"id":512,"date":"2022-02-21T11:19:44","date_gmt":"2022-02-21T10:19:44","guid":{"rendered":"http:\/\/icar.cnrs.fr\/interfare\/?page_id=512"},"modified":"2023-03-27T16:32:34","modified_gmt":"2023-03-27T14:32:34","slug":"debut-menuiserie-alors","status":"publish","type":"page","link":"https:\/\/icar.cnrs.fr\/interfare\/debut-menuiserie-alors\/","title":{"rendered":"D\u00e9but Menuiserie Alors"},"content":{"rendered":"\t\t<div data-elementor-type=\"wp-page\" data-elementor-id=\"512\" class=\"elementor elementor-512\">\n\t\t\t\t\t\t\t\t\t<section class=\"elementor-section elementor-top-section elementor-element elementor-element-3ddb4d2d elementor-section-boxed elementor-section-height-default elementor-section-height-default\" data-id=\"3ddb4d2d\" data-element_type=\"section\">\n\t\t\t\t\t\t<div class=\"elementor-container elementor-column-gap-default\">\n\t\t\t\t\t<div class=\"elementor-column elementor-col-100 elementor-top-column elementor-element elementor-element-4018c77\" data-id=\"4018c77\" data-element_type=\"column\">\n\t\t\t<div class=\"elementor-widget-wrap elementor-element-populated\">\n\t\t\t\t\t\t\t\t<div class=\"elementor-element elementor-element-26d3510d elementor-widget elementor-widget-text-editor\" data-id=\"26d3510d\" data-element_type=\"widget\" data-widget_type=\"text-editor.default\">\n\t\t\t\t<div class=\"elementor-widget-container\">\n\t\t\t<style>\/*! elementor - v3.6.0 - 21-03-2022 *\/\n.elementor-widget-text-editor.elementor-drop-cap-view-stacked .elementor-drop-cap{background-color:#818a91;color:#fff}.elementor-widget-text-editor.elementor-drop-cap-view-framed .elementor-drop-cap{color:#818a91;border:3px solid;background-color:transparent}.elementor-widget-text-editor:not(.elementor-drop-cap-view-default) .elementor-drop-cap{margin-top:8px}.elementor-widget-text-editor:not(.elementor-drop-cap-view-default) .elementor-drop-cap-letter{width:1em;height:1em}.elementor-widget-text-editor .elementor-drop-cap{float:left;text-align:center;line-height:1;font-size:50px}.elementor-widget-text-editor .elementor-drop-cap-letter{display:inline-block}<\/style>\t\t\t\t<p><a href=\"https:\/\/icar.cnrs.fr\/interfare\/les-rubriques\/\">Les rubriques<\/a> &gt; Organisation &gt; D\u00e9but de r\u00e9union <\/p>\t\t\t\t\t\t<\/div>\n\t\t\t\t<\/div>\n\t\t\t\t<div class=\"elementor-element elementor-element-221b908 elementor-widget elementor-widget-heading\" data-id=\"221b908\" data-element_type=\"widget\" data-widget_type=\"heading.default\">\n\t\t\t\t<div class=\"elementor-widget-container\">\n\t\t\t<style>\/*! elementor - v3.6.0 - 21-03-2022 *\/\n.elementor-heading-title{padding:0;margin:0;line-height:1}.elementor-widget-heading .elementor-heading-title[class*=elementor-size-]>a{color:inherit;font-size:inherit;line-height:inherit}.elementor-widget-heading .elementor-heading-title.elementor-size-small{font-size:15px}.elementor-widget-heading .elementor-heading-title.elementor-size-medium{font-size:19px}.elementor-widget-heading .elementor-heading-title.elementor-size-large{font-size:29px}.elementor-widget-heading .elementor-heading-title.elementor-size-xl{font-size:39px}.elementor-widget-heading .elementor-heading-title.elementor-size-xxl{font-size:59px}<\/style><h2 class=\"elementor-heading-title elementor-size-default\">Le d\u00e9but de la r\u00e9union dans une Entreprise de Menuiserie  Industrielle<\/h2>\t\t<\/div>\n\t\t\t\t<\/div>\n\t\t\t\t<div class=\"elementor-element elementor-element-5e91ae1c elementor-widget elementor-widget-heading\" data-id=\"5e91ae1c\" data-element_type=\"widget\" data-widget_type=\"heading.default\">\n\t\t\t\t<div class=\"elementor-widget-container\">\n\t\t\t<h3 class=\"elementor-heading-title elementor-size-default\"><i><span>\"<\/span><b><span>alors <\/span><\/b><\/i><i><span><span><b>chantier1<\/b> euh  <b>chantier1 \u00e7a part<\/b><\/span>\"<\/span><\/i><span><\/span><\/h3>\t\t<\/div>\n\t\t\t\t<\/div>\n\t\t\t\t<div class=\"elementor-element elementor-element-109617c2 elementor-widget elementor-widget-heading\" data-id=\"109617c2\" data-element_type=\"widget\" data-widget_type=\"heading.default\">\n\t\t\t\t<div class=\"elementor-widget-container\">\n\t\t\t<h2 class=\"elementor-heading-title elementor-size-default\"><b>R\u00e9union<\/b><\/h2>\t\t<\/div>\n\t\t\t\t<\/div>\n\t\t\t\t<div class=\"elementor-element elementor-element-7bf45ff elementor-widget elementor-widget-text-editor\" data-id=\"7bf45ff\" data-element_type=\"widget\" data-widget_type=\"text-editor.default\">\n\t\t\t\t<div class=\"elementor-widget-container\">\n\t\t\t\t\t\t\t<p><span class=\"textstyle17\"><span class=\"textstyle16\">R\u00e9union de planification hebdomadaire pour d\u00e9finir les priorit\u00e9s de fabrication d\u2019\u00e9l\u00e9ments de menuiserie \u2013 5 locuteurs\u00a0<\/span><\/span><\/p><p><span class=\"textstyle17\"><span class=\"textstyle16\"> L1: animateur et sup\u00e9rieur hi\u00e9rarchique, L2 et L3: chefs d\u2019\u00e9quipes.<\/span><\/span><\/p>\t\t\t\t\t\t<\/div>\n\t\t\t\t<\/div>\n\t\t\t\t<div class=\"elementor-element elementor-element-5a2d3034 elementor-widget elementor-widget-heading\" data-id=\"5a2d3034\" data-element_type=\"widget\" data-widget_type=\"heading.default\">\n\t\t\t\t<div class=\"elementor-widget-container\">\n\t\t\t<h2 class=\"elementor-heading-title elementor-size-default\"><b>Contexte<\/b><\/h2>\t\t<\/div>\n\t\t\t\t<\/div>\n\t\t\t\t<div class=\"elementor-element elementor-element-786485c6 elementor-widget elementor-widget-text-editor\" data-id=\"786485c6\" data-element_type=\"widget\" data-widget_type=\"text-editor.default\">\n\t\t\t\t<div class=\"elementor-widget-container\">\n\t\t\t\t\t\t\t<p><span style=\"color: #3d607a;\"><span class=\"textstyle18\">L&rsquo;<\/span><\/span><span style=\"color: #3d607a;\"><span class=\"textstyle18\">animateur de r\u00e9union liste chaque chantier avec des besoins de fabrication. Les locuteurs discutent d&rsquo;un chantier dans un h\u00f4tel (chantier1).<\/span><\/span><\/p>\t\t\t\t\t\t<\/div>\n\t\t\t\t<\/div>\n\t\t\t\t\t<\/div>\n\t\t<\/div>\n\t\t\t\t\t\t\t<\/div>\n\t\t<\/section>\n\t\t\t\t<section class=\"elementor-section elementor-top-section elementor-element elementor-element-242aed64 elementor-section-boxed elementor-section-height-default elementor-section-height-default\" data-id=\"242aed64\" data-element_type=\"section\">\n\t\t\t\t\t\t<div class=\"elementor-container elementor-column-gap-default\">\n\t\t\t\t\t<div class=\"elementor-column elementor-col-100 elementor-top-column elementor-element elementor-element-3275742d\" data-id=\"3275742d\" data-element_type=\"column\">\n\t\t\t<div class=\"elementor-widget-wrap elementor-element-populated\">\n\t\t\t\t\t\t\t\t<div class=\"elementor-element elementor-element-73714361 elementor-widget elementor-widget-text-editor\" data-id=\"73714361\" data-element_type=\"widget\" data-widget_type=\"text-editor.default\">\n\t\t\t\t<div class=\"elementor-widget-container\">\n\t\t\t\t\t\t\t<p><strong style=\"color: var( --e-global-color-primary ); font-family: var( --e-global-typography-81d240c-font-family ), Sans-serif; font-size: var( --e-global-typography-81d240c-font-size ); letter-spacing: var( --e-global-typography-81d240c-letter-spacing ); word-spacing: var( --e-global-typography-81d240c-word-spacing );\"><a class=\"maxbutton-2 maxbutton maxbutton-audio\" href=\"https:\/\/icar.cnrs.fr\/interfare\/wp-content\/uploads\/INTERFARE_Menuiserie_Debut_alors.wav\" download=\"\"><span class='mb-text'>Audio<\/span><\/a> <\/strong><\/p><p><!--[if lt IE 9]><script>document.createElement('audio');<\/script><![endif]-->\n<audio class=\"wp-audio-shortcode\" id=\"audio-512-1\" preload=\"none\" style=\"width: 100%;\" controls=\"controls\"><source type=\"audio\/wav\" src=\"https:\/\/icar.cnrs.fr\/interfare\/wp-content\/uploads\/INTERFARE_Menuiserie_Debut_alors.wav?_=1\" \/><a href=\"https:\/\/icar.cnrs.fr\/interfare\/wp-content\/uploads\/INTERFARE_Menuiserie_Debut_alors.wav\">https:\/\/icar.cnrs.fr\/interfare\/wp-content\/uploads\/INTERFARE_Menuiserie_Debut_alors.wav<\/a><\/audio><\/p><div><span style=\"color: var( --e-global-color-primary ); font-family: var( --e-global-typography-81d240c-font-family ), Sans-serif; font-size: var( --e-global-typography-81d240c-font-size ); letter-spacing: var( --e-global-typography-81d240c-letter-spacing ); word-spacing: var( --e-global-typography-81d240c-word-spacing );\">\u00a0<\/span><\/div>\t\t\t\t\t\t<\/div>\n\t\t\t\t<\/div>\n\t\t\t\t\t<\/div>\n\t\t<\/div>\n\t\t\t\t\t\t\t<\/div>\n\t\t<\/section>\n\t\t\t\t<section class=\"elementor-section elementor-top-section elementor-element elementor-element-734e03e7 elementor-section-boxed elementor-section-height-default elementor-section-height-default\" data-id=\"734e03e7\" data-element_type=\"section\">\n\t\t\t\t\t\t<div class=\"elementor-container elementor-column-gap-default\">\n\t\t\t\t\t<div class=\"elementor-column elementor-col-100 elementor-top-column elementor-element elementor-element-5642f5d\" data-id=\"5642f5d\" data-element_type=\"column\">\n\t\t\t<div class=\"elementor-widget-wrap elementor-element-populated\">\n\t\t\t\t\t\t\t\t<div class=\"elementor-element elementor-element-65a7f90e elementor-widget elementor-widget-toggle\" data-id=\"65a7f90e\" data-element_type=\"widget\" data-widget_type=\"toggle.default\">\n\t\t\t\t<div class=\"elementor-widget-container\">\n\t\t\t<style>\/*! elementor - v3.6.0 - 21-03-2022 *\/\n.elementor-toggle{text-align:left}.elementor-toggle .elementor-tab-title{font-weight:700;line-height:1;margin:0;padding:15px;border-bottom:1px solid #d4d4d4;cursor:pointer;outline:none}.elementor-toggle .elementor-tab-title .elementor-toggle-icon{display:inline-block;width:1em}.elementor-toggle .elementor-tab-title .elementor-toggle-icon svg{-webkit-margin-start:-5px;margin-inline-start:-5px;width:1em;height:1em}.elementor-toggle .elementor-tab-title .elementor-toggle-icon.elementor-toggle-icon-right{float:right;text-align:right}.elementor-toggle .elementor-tab-title .elementor-toggle-icon.elementor-toggle-icon-left{float:left;text-align:left}.elementor-toggle .elementor-tab-title .elementor-toggle-icon .elementor-toggle-icon-closed{display:block}.elementor-toggle .elementor-tab-title .elementor-toggle-icon .elementor-toggle-icon-opened{display:none}.elementor-toggle .elementor-tab-title.elementor-active{border-bottom:none}.elementor-toggle .elementor-tab-title.elementor-active .elementor-toggle-icon-closed{display:none}.elementor-toggle .elementor-tab-title.elementor-active .elementor-toggle-icon-opened{display:block}.elementor-toggle .elementor-tab-content{padding:15px;border-bottom:1px solid #d4d4d4;display:none}@media (max-width:767px){.elementor-toggle .elementor-tab-title{padding:12px}.elementor-toggle .elementor-tab-content{padding:12px 10px}}<\/style>\t\t<div class=\"elementor-toggle\" role=\"tablist\">\n\t\t\t\t\t\t\t<div class=\"elementor-toggle-item\">\n\t\t\t\t\t<h3 id=\"elementor-tab-title-1701\" class=\"elementor-tab-title\" data-tab=\"1\" role=\"tab\" aria-controls=\"elementor-tab-content-1701\" aria-expanded=\"false\">\n\t\t\t\t\t\t\t\t\t\t\t\t<span class=\"elementor-toggle-icon elementor-toggle-icon-left\" aria-hidden=\"true\">\n\t\t\t\t\t\t\t\t\t\t\t\t\t\t\t<span class=\"elementor-toggle-icon-closed\"><i class=\"fas fa-caret-right\"><\/i><\/span>\n\t\t\t\t\t\t\t\t<span class=\"elementor-toggle-icon-opened\"><i class=\"elementor-toggle-icon-opened fas fa-caret-up\"><\/i><\/span>\n\t\t\t\t\t\t\t\t\t\t\t\t\t<\/span>\n\t\t\t\t\t\t\t\t\t\t\t\t<a href=\"\" class=\"elementor-toggle-title\">La  transcription<\/a>\n\t\t\t\t\t<\/h3>\n\n\t\t\t\t\t<div id=\"elementor-tab-content-1701\" class=\"elementor-tab-content elementor-clearfix\" data-tab=\"1\" role=\"tabpanel\" aria-labelledby=\"elementor-tab-title-1701\"><p><span class=\"textstyle17\"><i>L1<\/i> &nbsp;&nbsp; <\/span><b><span class=\"textstyle19\">alors chantier 1 euh chantier 1 \u00e7a part<\/span><\/b><span class=\"textstyle17\"><br><\/span><\/p>\n<p><span class=\"textstyle17\"><i>L2<\/i>&nbsp;&nbsp;&nbsp; c&rsquo;est qui le conduc<\/span><span class=\"textstyle20\"> <i>{Conducteur_de_travaux}<\/i><\/span><span class=\"textstyle17\"><br><\/span><\/p>\n<p><span class=\"textstyle17\"><i>L1&nbsp;<\/i>&nbsp;&nbsp; alors l\u00e0 il y a il y a des meubles de cuisine que <i>Pr\u00e9nom1<\/i> avait commenc\u00e9 \u00e0 remonter mais il lui manquait les embases mais c&rsquo;est pas lui qui va<\/span><\/p>\n<p><span class=\"textstyle17\">&nbsp; &nbsp; &nbsp; pouvoir remonter \u00e7a ce matin l\u00e0 il va \u00eatre sur <i>V<\/i><\/span><i><span class=\"textstyle20\">ille1&nbsp; <\/span><\/i><span class=\"textstyle17\"><b>jusqu&rsquo;\u00e0<\/b><\/span><\/p>\n<p><span class=\"textstyle17\"><i>L3 <\/i>&nbsp;&nbsp; hum et j&rsquo;ai bloqu\u00e9 aussi euh Pr\u00e9nom2<\/span><span class=\"textstyle17\"><\/span><\/p>\n<p><span class=\"textstyle17\"><i>L1 <\/i>&nbsp;&nbsp; l\u00e0-dessus \u2191<br><\/span><\/p>\n<p><span class=\"textstyle17\"><i>L3 <\/i>&nbsp;&nbsp; ah ouais <\/span><\/p><\/div>\n\t\t\t\t<\/div>\n\t\t\t\t\t\t\t\t<\/div>\n\t\t\t\t<\/div>\n\t\t\t\t<\/div>\n\t\t\t\t\t<\/div>\n\t\t<\/div>\n\t\t\t\t\t\t\t<\/div>\n\t\t<\/section>\n\t\t\t\t<section class=\"elementor-section elementor-top-section elementor-element elementor-element-18910dc7 elementor-section-boxed elementor-section-height-default elementor-section-height-default\" data-id=\"18910dc7\" data-element_type=\"section\">\n\t\t\t\t\t\t<div class=\"elementor-container elementor-column-gap-default\">\n\t\t\t\t\t<div class=\"elementor-column elementor-col-100 elementor-top-column elementor-element elementor-element-45c5545b\" data-id=\"45c5545b\" data-element_type=\"column\">\n\t\t\t<div class=\"elementor-widget-wrap elementor-element-populated\">\n\t\t\t\t\t\t\t\t<div class=\"elementor-element elementor-element-420ebda1 elementor-widget elementor-widget-toggle\" data-id=\"420ebda1\" data-element_type=\"widget\" data-widget_type=\"toggle.default\">\n\t\t\t\t<div class=\"elementor-widget-container\">\n\t\t\t\t\t<div class=\"elementor-toggle\" role=\"tablist\">\n\t\t\t\t\t\t\t<div class=\"elementor-toggle-item\">\n\t\t\t\t\t<h3 id=\"elementor-tab-title-1101\" class=\"elementor-tab-title\" data-tab=\"1\" role=\"tab\" aria-controls=\"elementor-tab-content-1101\" aria-expanded=\"false\">\n\t\t\t\t\t\t\t\t\t\t\t\t<span class=\"elementor-toggle-icon elementor-toggle-icon-left\" aria-hidden=\"true\">\n\t\t\t\t\t\t\t\t\t\t\t\t\t\t\t<span class=\"elementor-toggle-icon-closed\"><i class=\"fas fa-caret-right\"><\/i><\/span>\n\t\t\t\t\t\t\t\t<span class=\"elementor-toggle-icon-opened\"><i class=\"elementor-toggle-icon-opened fas fa-caret-up\"><\/i><\/span>\n\t\t\t\t\t\t\t\t\t\t\t\t\t<\/span>\n\t\t\t\t\t\t\t\t\t\t\t\t<a href=\"\" class=\"elementor-toggle-title\">Les explications<\/a>\n\t\t\t\t\t<\/h3>\n\n\t\t\t\t\t<div id=\"elementor-tab-content-1101\" class=\"elementor-tab-content elementor-clearfix\" data-tab=\"1\" role=\"tabpanel\" aria-labelledby=\"elementor-tab-title-1101\"><ul><li>annonce du premier sujet (th\u00e9matisation) gr\u00e2ce \u00e0 la forme <b><i>alors + nom du chantier + h\u00e9sitation + pause <br \/><\/i><\/b><\/li><li>r\u00e9p\u00e9tition du nom du chantier pour donner son \u00e9tat d\u2019avancement avec l\u2019information importante plac\u00e9e en t\u00eate (dislocation) : chantier1 \u00e7a part : le premier <b><i>\u201calors\u201d<\/i><\/b> sert \u00e0 introduire le th\u00e8me abord\u00e9 (le premier chantier) et le second<b><i>\u201calors\u201d<\/i><\/b> introduit les informations sur ce chantier<\/li><li>le locuteur L1 ne termine pas son tour de parole : \u00ab\u00a0jusqu\u2019\u00e0\u00a0\u00bb est laiss\u00e9 en suspens, ce qui signifie \u00ab jusque dans longtemps \u00bb on ne sait pas quand il va terminer<\/li><\/ul><p><span style=\"font-size: 14pt;\">\u00a0<\/span><\/p><p>\u00a0<\/p><\/div>\n\t\t\t\t<\/div>\n\t\t\t\t\t\t\t\t<\/div>\n\t\t\t\t<\/div>\n\t\t\t\t<\/div>\n\t\t\t\t\t<\/div>\n\t\t<\/div>\n\t\t\t\t\t\t\t<\/div>\n\t\t<\/section>\n\t\t\t\t<section class=\"elementor-section elementor-top-section elementor-element elementor-element-064b7f9 elementor-section-boxed elementor-section-height-default elementor-section-height-default\" data-id=\"064b7f9\" data-element_type=\"section\">\n\t\t\t\t\t\t<div class=\"elementor-container elementor-column-gap-default\">\n\t\t\t\t\t<div class=\"elementor-column elementor-col-100 elementor-top-column elementor-element elementor-element-8e2a32e\" data-id=\"8e2a32e\" data-element_type=\"column\">\n\t\t\t<div class=\"elementor-widget-wrap elementor-element-populated\">\n\t\t\t\t\t\t\t\t<div class=\"elementor-element elementor-element-dbafc66 elementor-button-info elementor-align-left elementor-widget__width-inherit elementor-widget elementor-widget-button\" data-id=\"dbafc66\" data-element_type=\"widget\" data-widget_type=\"button.default\">\n\t\t\t\t<div class=\"elementor-widget-container\">\n\t\t\t\t\t<div class=\"elementor-button-wrapper\">\n\t\t\t<a href=\"https:\/\/icar.cnrs.fr\/interfare\/debut-de-reunion-exercice-chantier1-ca-part\" target=\"_blank\" class=\"elementor-button-link elementor-button elementor-size-sm\" role=\"button\">\n\t\t\t\t\t\t<span class=\"elementor-button-content-wrapper\">\n\t\t\t\t\t\t<span class=\"elementor-button-text\">Les exercices : \u00e0 vous de jouer !<\/span>\n\t\t<\/span>\n\t\t\t\t\t<\/a>\n\t\t<\/div>\n\t\t\t\t<\/div>\n\t\t\t\t<\/div>\n\t\t\t\t\t<\/div>\n\t\t<\/div>\n\t\t\t\t\t\t\t<\/div>\n\t\t<\/section>\n\t\t\t\t\t\t\t<\/div>\n\t\t","protected":false},"excerpt":{"rendered":"<p>Les rubriques &gt; Organisation &gt; D\u00e9but de r\u00e9union Le d\u00e9but de la r\u00e9union dans une Entreprise de Menuiserie Industrielle \u00ab\u00a0alors chantier1 euh chantier1 \u00e7a part\u00ab\u00a0 R\u00e9union R\u00e9union de planification hebdomadaire pour d\u00e9finir les priorit\u00e9s de fabrication d\u2019\u00e9l\u00e9ments de menuiserie \u2013 5 locuteurs\u00a0 L1: animateur et sup\u00e9rieur hi\u00e9rarchique, L2 et L3: chefs d\u2019\u00e9quipes. Contexte L&rsquo;animateur de [&hellip;]<\/p>\n","protected":false},"author":2,"featured_media":0,"parent":0,"menu_order":0,"comment_status":"closed","ping_status":"closed","template":"","meta":{"footnotes":""},"_links":{"self":[{"href":"https:\/\/icar.cnrs.fr\/interfare\/wp-json\/wp\/v2\/pages\/512"}],"collection":[{"href":"https:\/\/icar.cnrs.fr\/interfare\/wp-json\/wp\/v2\/pages"}],"about":[{"href":"https:\/\/icar.cnrs.fr\/interfare\/wp-json\/wp\/v2\/types\/page"}],"author":[{"embeddable":true,"href":"https:\/\/icar.cnrs.fr\/interfare\/wp-json\/wp\/v2\/users\/2"}],"replies":[{"embeddable":true,"href":"https:\/\/icar.cnrs.fr\/interfare\/wp-json\/wp\/v2\/comments?post=512"}],"version-history":[{"count":0,"href":"https:\/\/icar.cnrs.fr\/interfare\/wp-json\/wp\/v2\/pages\/512\/revisions"}],"wp:attachment":[{"href":"https:\/\/icar.cnrs.fr\/interfare\/wp-json\/wp\/v2\/media?parent=512"}],"curies":[{"name":"wp","href":"https:\/\/api.w.org\/{rel}","templated":true}]}}