{"id":530,"date":"2022-02-21T12:05:40","date_gmt":"2022-02-21T11:05:40","guid":{"rendered":"http:\/\/icar.cnrs.fr\/interfare\/?page_id=530"},"modified":"2023-03-07T11:01:33","modified_gmt":"2023-03-07T10:01:33","slug":"debut-menuiserie-preference","status":"publish","type":"page","link":"https:\/\/icar.cnrs.fr\/interfare\/debut-menuiserie-preference\/","title":{"rendered":"D\u00e9but Menuiserie Pr\u00e9f\u00e9rence"},"content":{"rendered":"\t\t<div data-elementor-type=\"wp-page\" data-elementor-id=\"530\" class=\"elementor elementor-530\">\n\t\t\t\t\t\t\t\t\t<section class=\"elementor-section elementor-top-section elementor-element elementor-element-2ca7417e elementor-section-boxed elementor-section-height-default elementor-section-height-default\" data-id=\"2ca7417e\" data-element_type=\"section\">\n\t\t\t\t\t\t<div class=\"elementor-container elementor-column-gap-default\">\n\t\t\t\t\t<div class=\"elementor-column elementor-col-100 elementor-top-column elementor-element elementor-element-65b428f0\" data-id=\"65b428f0\" data-element_type=\"column\">\n\t\t\t<div class=\"elementor-widget-wrap elementor-element-populated\">\n\t\t\t\t\t\t\t\t<div class=\"elementor-element elementor-element-4b653b16 elementor-widget elementor-widget-text-editor\" data-id=\"4b653b16\" data-element_type=\"widget\" data-widget_type=\"text-editor.default\">\n\t\t\t\t<div class=\"elementor-widget-container\">\n\t\t\t<style>\/*! elementor - v3.6.0 - 21-03-2022 *\/\n.elementor-widget-text-editor.elementor-drop-cap-view-stacked .elementor-drop-cap{background-color:#818a91;color:#fff}.elementor-widget-text-editor.elementor-drop-cap-view-framed .elementor-drop-cap{color:#818a91;border:3px solid;background-color:transparent}.elementor-widget-text-editor:not(.elementor-drop-cap-view-default) .elementor-drop-cap{margin-top:8px}.elementor-widget-text-editor:not(.elementor-drop-cap-view-default) .elementor-drop-cap-letter{width:1em;height:1em}.elementor-widget-text-editor .elementor-drop-cap{float:left;text-align:center;line-height:1;font-size:50px}.elementor-widget-text-editor .elementor-drop-cap-letter{display:inline-block}<\/style>\t\t\t\t<p><a href=\"https:\/\/icar.cnrs.fr\/interfare\/les-rubriques\/\">Les rubriques<\/a> &gt; Organisation &gt; D\u00e9but de r\u00e9union <\/p>\t\t\t\t\t\t<\/div>\n\t\t\t\t<\/div>\n\t\t\t\t<div class=\"elementor-element elementor-element-7ffbf17e elementor-widget elementor-widget-heading\" data-id=\"7ffbf17e\" data-element_type=\"widget\" data-widget_type=\"heading.default\">\n\t\t\t\t<div class=\"elementor-widget-container\">\n\t\t\t<style>\/*! elementor - v3.6.0 - 21-03-2022 *\/\n.elementor-heading-title{padding:0;margin:0;line-height:1}.elementor-widget-heading .elementor-heading-title[class*=elementor-size-]>a{color:inherit;font-size:inherit;line-height:inherit}.elementor-widget-heading .elementor-heading-title.elementor-size-small{font-size:15px}.elementor-widget-heading .elementor-heading-title.elementor-size-medium{font-size:19px}.elementor-widget-heading .elementor-heading-title.elementor-size-large{font-size:29px}.elementor-widget-heading .elementor-heading-title.elementor-size-xl{font-size:39px}.elementor-widget-heading .elementor-heading-title.elementor-size-xxl{font-size:59px}<\/style><h2 class=\"elementor-heading-title elementor-size-default\">Le d\u00e9but de la r\u00e9union dans une Entreprise de Menuiserie  Industrielle<\/h2>\t\t<\/div>\n\t\t\t\t<\/div>\n\t\t\t\t<div class=\"elementor-element elementor-element-2b4a6c4d elementor-widget elementor-widget-heading\" data-id=\"2b4a6c4d\" data-element_type=\"widget\" data-widget_type=\"heading.default\">\n\t\t\t\t<div class=\"elementor-widget-container\">\n\t\t\t<h3 class=\"elementor-heading-title elementor-size-default\"><i><span>\"<\/span><\/i><i><span><span>bah en en premier sujet je pr\u00e9f\u00e9rerais qu'on parle de X \u00e7a va \u00eatre le plus rapide<\/span>\"<\/span><\/i><span><\/span><\/h3>\t\t<\/div>\n\t\t\t\t<\/div>\n\t\t\t\t<div class=\"elementor-element elementor-element-5041ec85 elementor-widget elementor-widget-heading\" data-id=\"5041ec85\" data-element_type=\"widget\" data-widget_type=\"heading.default\">\n\t\t\t\t<div class=\"elementor-widget-container\">\n\t\t\t<h2 class=\"elementor-heading-title elementor-size-default\"><b>R\u00e9union<\/b><\/h2>\t\t<\/div>\n\t\t\t\t<\/div>\n\t\t\t\t<div class=\"elementor-element elementor-element-38ffe61b elementor-widget elementor-widget-text-editor\" data-id=\"38ffe61b\" data-element_type=\"widget\" data-widget_type=\"text-editor.default\">\n\t\t\t\t<div class=\"elementor-widget-container\">\n\t\t\t\t\t\t\t<p><span class=\"textstyle17\"><span class=\"textstyle18\">R\u00e9union de planification hebdomadaire pour d\u00e9finir les priorit\u00e9s de fabrication d\u2019\u00e9l\u00e9ments de menuiserie &#8211; 5 locuteurs\u00a0<\/span><\/span><\/p><p><span class=\"textstyle17\"><span class=\"textstyle18\"> L1 : animateur de r\u00e9union et sup\u00e9rieur hi\u00e9rarchique; L2, L4 et L5 : chefs d\u2019\u00e9quipe.<\/span><\/span><\/p>\t\t\t\t\t\t<\/div>\n\t\t\t\t<\/div>\n\t\t\t\t<div class=\"elementor-element elementor-element-7d5c2cd8 elementor-widget elementor-widget-heading\" data-id=\"7d5c2cd8\" data-element_type=\"widget\" data-widget_type=\"heading.default\">\n\t\t\t\t<div class=\"elementor-widget-container\">\n\t\t\t<h2 class=\"elementor-heading-title elementor-size-default\"><b>Contexte<\/b><\/h2>\t\t<\/div>\n\t\t\t\t<\/div>\n\t\t\t\t<div class=\"elementor-element elementor-element-65c4330 elementor-widget elementor-widget-text-editor\" data-id=\"65c4330\" data-element_type=\"widget\" data-widget_type=\"text-editor.default\">\n\t\t\t\t<div class=\"elementor-widget-container\">\n\t\t\t\t\t\t\t<p><span style=\"color: #3d607a;\"><span class=\"textstyle20\">Apr\u00e8s une discussion informelle\u00a0 (en italique), L1\u00a0 ouvre la r\u00e9union. Il commence par le premier sujet\u00a0 qu\u2019il pr\u00e9f\u00e8re traiter rapidement.<\/span><\/span><\/p>\t\t\t\t\t\t<\/div>\n\t\t\t\t<\/div>\n\t\t\t\t\t<\/div>\n\t\t<\/div>\n\t\t\t\t\t\t\t<\/div>\n\t\t<\/section>\n\t\t\t\t<section class=\"elementor-section elementor-top-section elementor-element elementor-element-2cb6e7 elementor-section-boxed elementor-section-height-default elementor-section-height-default\" data-id=\"2cb6e7\" data-element_type=\"section\">\n\t\t\t\t\t\t<div class=\"elementor-container elementor-column-gap-default\">\n\t\t\t\t\t<div class=\"elementor-column elementor-col-100 elementor-top-column elementor-element elementor-element-5bc47542\" data-id=\"5bc47542\" data-element_type=\"column\">\n\t\t\t<div class=\"elementor-widget-wrap elementor-element-populated\">\n\t\t\t\t\t\t\t\t<div class=\"elementor-element elementor-element-61adc41c elementor-widget elementor-widget-text-editor\" data-id=\"61adc41c\" data-element_type=\"widget\" data-widget_type=\"text-editor.default\">\n\t\t\t\t<div class=\"elementor-widget-container\">\n\t\t\t\t\t\t\t<p><strong><a class=\"maxbutton-2 maxbutton maxbutton-audio\" href=\"https:\/\/icar.cnrs.fr\/interfare\/wp-content\/uploads\/INTERFARE_debut_preference_menuiserie.mp3\" download=\"\"><span class='mb-text'>Audio<\/span><\/a> <\/strong><\/p><p><!--[if lt IE 9]><script>document.createElement('audio');<\/script><![endif]-->\n<audio class=\"wp-audio-shortcode\" id=\"audio-530-1\" preload=\"none\" style=\"width: 100%;\" controls=\"controls\"><source type=\"audio\/mpeg\" src=\"https:\/\/icar.cnrs.fr\/interfare\/wp-content\/uploads\/INTERFARE_debut_preference_menuiserie.mp3?_=1\" \/><a href=\"https:\/\/icar.cnrs.fr\/interfare\/wp-content\/uploads\/INTERFARE_debut_preference_menuiserie.mp3\">https:\/\/icar.cnrs.fr\/interfare\/wp-content\/uploads\/INTERFARE_debut_preference_menuiserie.mp3<\/a><\/audio><\/p>\t\t\t\t\t\t<\/div>\n\t\t\t\t<\/div>\n\t\t\t\t\t<\/div>\n\t\t<\/div>\n\t\t\t\t\t\t\t<\/div>\n\t\t<\/section>\n\t\t\t\t<section class=\"elementor-section elementor-top-section elementor-element elementor-element-75f4e029 elementor-section-boxed elementor-section-height-default elementor-section-height-default\" data-id=\"75f4e029\" data-element_type=\"section\">\n\t\t\t\t\t\t<div class=\"elementor-container elementor-column-gap-default\">\n\t\t\t\t\t<div class=\"elementor-column elementor-col-100 elementor-top-column elementor-element elementor-element-6d0445f4\" data-id=\"6d0445f4\" data-element_type=\"column\">\n\t\t\t<div class=\"elementor-widget-wrap elementor-element-populated\">\n\t\t\t\t\t\t\t\t<div class=\"elementor-element elementor-element-62617a10 elementor-widget elementor-widget-toggle\" data-id=\"62617a10\" data-element_type=\"widget\" data-widget_type=\"toggle.default\">\n\t\t\t\t<div class=\"elementor-widget-container\">\n\t\t\t<style>\/*! elementor - v3.6.0 - 21-03-2022 *\/\n.elementor-toggle{text-align:left}.elementor-toggle .elementor-tab-title{font-weight:700;line-height:1;margin:0;padding:15px;border-bottom:1px solid #d4d4d4;cursor:pointer;outline:none}.elementor-toggle .elementor-tab-title .elementor-toggle-icon{display:inline-block;width:1em}.elementor-toggle .elementor-tab-title .elementor-toggle-icon svg{-webkit-margin-start:-5px;margin-inline-start:-5px;width:1em;height:1em}.elementor-toggle .elementor-tab-title .elementor-toggle-icon.elementor-toggle-icon-right{float:right;text-align:right}.elementor-toggle .elementor-tab-title .elementor-toggle-icon.elementor-toggle-icon-left{float:left;text-align:left}.elementor-toggle .elementor-tab-title .elementor-toggle-icon .elementor-toggle-icon-closed{display:block}.elementor-toggle .elementor-tab-title .elementor-toggle-icon .elementor-toggle-icon-opened{display:none}.elementor-toggle .elementor-tab-title.elementor-active{border-bottom:none}.elementor-toggle .elementor-tab-title.elementor-active .elementor-toggle-icon-closed{display:none}.elementor-toggle .elementor-tab-title.elementor-active .elementor-toggle-icon-opened{display:block}.elementor-toggle .elementor-tab-content{padding:15px;border-bottom:1px solid #d4d4d4;display:none}@media (max-width:767px){.elementor-toggle .elementor-tab-title{padding:12px}.elementor-toggle .elementor-tab-content{padding:12px 10px}}<\/style>\t\t<div class=\"elementor-toggle\" role=\"tablist\">\n\t\t\t\t\t\t\t<div class=\"elementor-toggle-item\">\n\t\t\t\t\t<h3 id=\"elementor-tab-title-1651\" class=\"elementor-tab-title\" data-tab=\"1\" role=\"tab\" aria-controls=\"elementor-tab-content-1651\" aria-expanded=\"false\">\n\t\t\t\t\t\t\t\t\t\t\t\t<span class=\"elementor-toggle-icon elementor-toggle-icon-left\" aria-hidden=\"true\">\n\t\t\t\t\t\t\t\t\t\t\t\t\t\t\t<span class=\"elementor-toggle-icon-closed\"><i class=\"fas fa-caret-right\"><\/i><\/span>\n\t\t\t\t\t\t\t\t<span class=\"elementor-toggle-icon-opened\"><i class=\"elementor-toggle-icon-opened fas fa-caret-up\"><\/i><\/span>\n\t\t\t\t\t\t\t\t\t\t\t\t\t<\/span>\n\t\t\t\t\t\t\t\t\t\t\t\t<a href=\"\" class=\"elementor-toggle-title\">La  transcription<\/a>\n\t\t\t\t\t<\/h3>\n\n\t\t\t\t\t<div id=\"elementor-tab-content-1651\" class=\"elementor-tab-content elementor-clearfix\" data-tab=\"1\" role=\"tabpanel\" aria-labelledby=\"elementor-tab-title-1651\"><p><i>L2 \u00a0\u00a0 non mais parce que quand on a fait la la d\u00e9rogation pour pr\u00e9nom pour pouvoir euh travailler sur\u00a0 les machines <br \/>L1\u00a0\u00a0\u00a0 pour les mineurs <br \/>L2 \u00a0\u00a0 pour pouvoir travailler sur les machines comme il avait moins de moins de seize ans moins de dix-huit ans euh il y a l&rsquo;inspection du travail qui <br \/><\/i><\/p><p><i>\u00a0\u00a0\u00a0\u00a0\u00a0\u00a0 a qui a fait tout le tour des machines pour voir euh euh les risques tout \u00e7a <br \/>L3\u00a0\u00a0\u00a0 d&rsquo;accord <br \/>L2 \u00a0\u00a0 et euh le probl\u00e8me c&rsquo;est que c&rsquo;\u00e9tait une femme qui est venue et qui connaissait rien du tout du tout du tout aux machines quoi donc elle nous a <br \/><\/i><\/p><p><i>\u00a0\u00a0\u00a0\u00a0\u00a0\u00a0 un peu emb\u00eat\u00e9 sur deux trois trucs elle a fait elle est revenue avec un gars qui connaissait et qui a dit euh bah sur certaines machines il a dit <br \/><\/i><\/p><p><i>\u00a0\u00a0\u00a0\u00a0\u00a0 *** l\u00e0 c&rsquo;est normal mais pas sauf sur la sur la *** [toux] et puis euh il y avait quoi <br \/>L4 \u00a0 le probl\u00e8me c&rsquo;est qu&rsquo;ils savent pas ce qu&rsquo;il faut faire pour mettre \u00e7a aux normes <br \/>L1 \u00a0 hum <br \/>L4\u00a0\u00a0 personne ne sait <br \/><\/i><\/p><p><br \/><i>L1\u00a0\u00a0 <\/i><b>bah en en premier sujet je pr\u00e9f\u00e9rerais qu&rsquo;on parle de la tenonneuse \u00e7a va \u00eatre le plus rapide<\/b><br \/><i>L1<\/i>\u00a0\u00a0 donc la la<br \/><i>L4<\/i> \u00a0 tu<br \/><i>L1<\/i> \u00a0 tenonneuse on a un probl\u00e8me c&rsquo;est pas li\u00e9 \u00e0 l&rsquo;inspection du travail c&rsquo;est nous qui l&rsquo;avons<br \/><i>L5<\/i> \u00a0 oui<br \/><i>L1<\/i> \u00a0 remarquez c&rsquo;est que quand on passe des grosses sections on est oblig\u00e9 de virer tous les carters<b> <a href=\"https:\/\/icar.cnrs.fr\/interfare\/quelques_expressions\/#et_tout\" target=\"_blank\" rel=\"noopener\">et<\/a> <a href=\"https:\/\/icar.cnrs.fr\/interfare\/quelques_expressions\/#et_tout\" target=\"_blank\" rel=\"noopener\">tout<\/a> <\/b>pour passer des euh c&rsquo;est au-dessus de <\/p><p>\u00a0\u00a0\u00a0\u00a0 cent-vingt<\/p><\/div>\n\t\t\t\t<\/div>\n\t\t\t\t\t\t\t\t<\/div>\n\t\t\t\t<\/div>\n\t\t\t\t<\/div>\n\t\t\t\t\t<\/div>\n\t\t<\/div>\n\t\t\t\t\t\t\t<\/div>\n\t\t<\/section>\n\t\t\t\t<section class=\"elementor-section elementor-top-section elementor-element elementor-element-12d19628 elementor-section-boxed elementor-section-height-default elementor-section-height-default\" data-id=\"12d19628\" data-element_type=\"section\">\n\t\t\t\t\t\t<div class=\"elementor-container elementor-column-gap-default\">\n\t\t\t\t\t<div class=\"elementor-column elementor-col-100 elementor-top-column elementor-element elementor-element-25f797e7\" data-id=\"25f797e7\" data-element_type=\"column\">\n\t\t\t<div class=\"elementor-widget-wrap elementor-element-populated\">\n\t\t\t\t\t\t\t\t<div class=\"elementor-element elementor-element-473247f elementor-widget elementor-widget-toggle\" data-id=\"473247f\" data-element_type=\"widget\" data-widget_type=\"toggle.default\">\n\t\t\t\t<div class=\"elementor-widget-container\">\n\t\t\t\t\t<div class=\"elementor-toggle\" role=\"tablist\">\n\t\t\t\t\t\t\t<div class=\"elementor-toggle-item\">\n\t\t\t\t\t<h3 id=\"elementor-tab-title-7461\" class=\"elementor-tab-title\" data-tab=\"1\" role=\"tab\" aria-controls=\"elementor-tab-content-7461\" aria-expanded=\"false\">\n\t\t\t\t\t\t\t\t\t\t\t\t<span class=\"elementor-toggle-icon elementor-toggle-icon-left\" aria-hidden=\"true\">\n\t\t\t\t\t\t\t\t\t\t\t\t\t\t\t<span class=\"elementor-toggle-icon-closed\"><i class=\"fas fa-caret-right\"><\/i><\/span>\n\t\t\t\t\t\t\t\t<span class=\"elementor-toggle-icon-opened\"><i class=\"elementor-toggle-icon-opened fas fa-caret-up\"><\/i><\/span>\n\t\t\t\t\t\t\t\t\t\t\t\t\t<\/span>\n\t\t\t\t\t\t\t\t\t\t\t\t<a href=\"\" class=\"elementor-toggle-title\">Les explications<\/a>\n\t\t\t\t\t<\/h3>\n\n\t\t\t\t\t<div id=\"elementor-tab-content-7461\" class=\"elementor-tab-content elementor-clearfix\" data-tab=\"1\" role=\"tabpanel\" aria-labelledby=\"elementor-tab-title-7461\"><ul><li>annonce du premier sujet gr\u00e2ce \u00e0 la forme en premier sujet je pr\u00e9f\u00e9rerais qu\u2019on parle de la tenonneuse<\/li><li>n\u00e9gociation entre L2 et L1 sur le premier sujet \u00e0 aborder : lors de la discussion informelle avant la r\u00e9union, en lan\u00e7ant en sujet, L2 esp\u00e9rait d\u00e9buter la r\u00e9union par ce sujet<\/li><li>att\u00e9nuation de la d\u00e9cision de L1 de commencer par un autre sujet gr\u00e2ce au conditionnel <b><i>\u201c <\/i><\/b>je pr\u00e9f\u00e9rerais<b><i>\u201d<\/i> <\/b> suivi d&rsquo;un explication pour se justifier<\/li><li>on rel\u00e8ve l&rsquo;usage de\u00a0<b><i> <\/i><\/b><b><i>\u201c <\/i><\/b>et tout<b><i>\u201d<\/i> <\/b>qui permet de ne pas entrer davantage dans le d\u00e9tail mais suppose que les locuteurs comprennent : savoirs partag\u00e9s sur les proc\u00e9d\u00e9s de production<\/li><\/ul><p><span style=\"font-size: 14pt;\">\u00a0<\/span><\/p><p>\u00a0<\/p><\/div>\n\t\t\t\t<\/div>\n\t\t\t\t\t\t\t\t<\/div>\n\t\t\t\t<\/div>\n\t\t\t\t<\/div>\n\t\t\t\t\t<\/div>\n\t\t<\/div>\n\t\t\t\t\t\t\t<\/div>\n\t\t<\/section>\n\t\t\t\t<section class=\"elementor-section elementor-top-section elementor-element elementor-element-5f4a7ad elementor-section-boxed elementor-section-height-default elementor-section-height-default\" data-id=\"5f4a7ad\" data-element_type=\"section\">\n\t\t\t\t\t\t<div class=\"elementor-container elementor-column-gap-default\">\n\t\t\t\t\t<div class=\"elementor-column elementor-col-100 elementor-top-column elementor-element elementor-element-d26ac86\" data-id=\"d26ac86\" data-element_type=\"column\">\n\t\t\t<div class=\"elementor-widget-wrap elementor-element-populated\">\n\t\t\t\t\t\t\t\t<div class=\"elementor-element elementor-element-ecc9291 elementor-button-info elementor-align-left elementor-widget__width-inherit elementor-widget elementor-widget-button\" data-id=\"ecc9291\" data-element_type=\"widget\" data-widget_type=\"button.default\">\n\t\t\t\t<div class=\"elementor-widget-container\">\n\t\t\t\t\t<div class=\"elementor-button-wrapper\">\n\t\t\t<a href=\"https:\/\/icar.cnrs.fr\/interfare\/debut-de-reunion-exercice-bah-en-premier-sujet-je-preferais\" target=\"_blank\" class=\"elementor-button-link elementor-button elementor-size-sm\" role=\"button\">\n\t\t\t\t\t\t<span class=\"elementor-button-content-wrapper\">\n\t\t\t\t\t\t<span class=\"elementor-button-text\">Les exercices : \u00e0 vous de jouer !<\/span>\n\t\t<\/span>\n\t\t\t\t\t<\/a>\n\t\t<\/div>\n\t\t\t\t<\/div>\n\t\t\t\t<\/div>\n\t\t\t\t\t<\/div>\n\t\t<\/div>\n\t\t\t\t\t\t\t<\/div>\n\t\t<\/section>\n\t\t\t\t\t\t\t<\/div>\n\t\t","protected":false},"excerpt":{"rendered":"<p>Les rubriques &gt; Organisation &gt; D\u00e9but de r\u00e9union Le d\u00e9but de la r\u00e9union dans une Entreprise de Menuiserie Industrielle \u00ab\u00a0bah en en premier sujet je pr\u00e9f\u00e9rerais qu&rsquo;on parle de X \u00e7a va \u00eatre le plus rapide\u00a0\u00bb R\u00e9union R\u00e9union de planification hebdomadaire pour d\u00e9finir les priorit\u00e9s de fabrication d\u2019\u00e9l\u00e9ments de menuiserie &#8211; 5 locuteurs\u00a0 L1 : [&hellip;]<\/p>\n","protected":false},"author":2,"featured_media":0,"parent":0,"menu_order":0,"comment_status":"closed","ping_status":"closed","template":"","meta":{"footnotes":""},"_links":{"self":[{"href":"https:\/\/icar.cnrs.fr\/interfare\/wp-json\/wp\/v2\/pages\/530"}],"collection":[{"href":"https:\/\/icar.cnrs.fr\/interfare\/wp-json\/wp\/v2\/pages"}],"about":[{"href":"https:\/\/icar.cnrs.fr\/interfare\/wp-json\/wp\/v2\/types\/page"}],"author":[{"embeddable":true,"href":"https:\/\/icar.cnrs.fr\/interfare\/wp-json\/wp\/v2\/users\/2"}],"replies":[{"embeddable":true,"href":"https:\/\/icar.cnrs.fr\/interfare\/wp-json\/wp\/v2\/comments?post=530"}],"version-history":[{"count":0,"href":"https:\/\/icar.cnrs.fr\/interfare\/wp-json\/wp\/v2\/pages\/530\/revisions"}],"wp:attachment":[{"href":"https:\/\/icar.cnrs.fr\/interfare\/wp-json\/wp\/v2\/media?parent=530"}],"curies":[{"name":"wp","href":"https:\/\/api.w.org\/{rel}","templated":true}]}}