{"id":554,"date":"2022-02-21T15:17:02","date_gmt":"2022-02-21T14:17:02","guid":{"rendered":"http:\/\/icar.cnrs.fr\/interfare\/?page_id=554"},"modified":"2023-03-27T15:19:24","modified_gmt":"2023-03-27T13:19:24","slug":"debut-production-4","status":"publish","type":"page","link":"https:\/\/icar.cnrs.fr\/interfare\/debut-production-4\/","title":{"rendered":"D\u00e9but Production 4"},"content":{"rendered":"\t\t<div data-elementor-type=\"wp-page\" data-elementor-id=\"554\" class=\"elementor elementor-554\">\n\t\t\t\t\t\t\t\t\t<section class=\"elementor-section elementor-top-section elementor-element elementor-element-97588e8 elementor-section-boxed elementor-section-height-default elementor-section-height-default\" data-id=\"97588e8\" data-element_type=\"section\">\n\t\t\t\t\t\t<div class=\"elementor-container elementor-column-gap-default\">\n\t\t\t\t\t<div class=\"elementor-column elementor-col-100 elementor-top-column elementor-element elementor-element-1ddc4176\" data-id=\"1ddc4176\" data-element_type=\"column\">\n\t\t\t<div class=\"elementor-widget-wrap elementor-element-populated\">\n\t\t\t\t\t\t\t\t<div class=\"elementor-element elementor-element-4158c823 elementor-widget elementor-widget-text-editor\" data-id=\"4158c823\" data-element_type=\"widget\" data-widget_type=\"text-editor.default\">\n\t\t\t\t<div class=\"elementor-widget-container\">\n\t\t\t<style>\/*! elementor - v3.6.0 - 21-03-2022 *\/\n.elementor-widget-text-editor.elementor-drop-cap-view-stacked .elementor-drop-cap{background-color:#818a91;color:#fff}.elementor-widget-text-editor.elementor-drop-cap-view-framed .elementor-drop-cap{color:#818a91;border:3px solid;background-color:transparent}.elementor-widget-text-editor:not(.elementor-drop-cap-view-default) .elementor-drop-cap{margin-top:8px}.elementor-widget-text-editor:not(.elementor-drop-cap-view-default) .elementor-drop-cap-letter{width:1em;height:1em}.elementor-widget-text-editor .elementor-drop-cap{float:left;text-align:center;line-height:1;font-size:50px}.elementor-widget-text-editor .elementor-drop-cap-letter{display:inline-block}<\/style>\t\t\t\t<p><a href=\"https:\/\/icar.cnrs.fr\/interfare\/les-rubriques\/\">Les rubriques<\/a> &gt; Organisation &gt; D\u00e9but de r\u00e9union <\/p>\t\t\t\t\t\t<\/div>\n\t\t\t\t<\/div>\n\t\t\t\t<div class=\"elementor-element elementor-element-2f4af293 elementor-widget elementor-widget-heading\" data-id=\"2f4af293\" data-element_type=\"widget\" data-widget_type=\"heading.default\">\n\t\t\t\t<div class=\"elementor-widget-container\">\n\t\t\t<style>\/*! elementor - v3.6.0 - 21-03-2022 *\/\n.elementor-heading-title{padding:0;margin:0;line-height:1}.elementor-widget-heading .elementor-heading-title[class*=elementor-size-]>a{color:inherit;font-size:inherit;line-height:inherit}.elementor-widget-heading .elementor-heading-title.elementor-size-small{font-size:15px}.elementor-widget-heading .elementor-heading-title.elementor-size-medium{font-size:19px}.elementor-widget-heading .elementor-heading-title.elementor-size-large{font-size:29px}.elementor-widget-heading .elementor-heading-title.elementor-size-xl{font-size:39px}.elementor-widget-heading .elementor-heading-title.elementor-size-xxl{font-size:59px}<\/style><h2 class=\"elementor-heading-title elementor-size-default\">Le d\u00e9but de la r\u00e9union dans une entreprise de production<\/h2>\t\t<\/div>\n\t\t\t\t<\/div>\n\t\t\t\t<div class=\"elementor-element elementor-element-4feea6ab elementor-widget elementor-widget-heading\" data-id=\"4feea6ab\" data-element_type=\"widget\" data-widget_type=\"heading.default\">\n\t\t\t\t<div class=\"elementor-widget-container\">\n\t\t\t<h3 class=\"elementor-heading-title elementor-size-default\"><i><span>\"<\/span><\/i><i><span><em><span><strong>alors on est le<\/strong>\" ... +<\/span><span>\"<\/span><span>alors on a un premier point <strong>donc on avait dit...\"<\/strong> + \"probl\u00e8me<\/span><\/em> \"<\/span><\/i><span><\/span><\/h3>\t\t<\/div>\n\t\t\t\t<\/div>\n\t\t\t\t<div class=\"elementor-element elementor-element-36700998 elementor-widget elementor-widget-heading\" data-id=\"36700998\" data-element_type=\"widget\" data-widget_type=\"heading.default\">\n\t\t\t\t<div class=\"elementor-widget-container\">\n\t\t\t<h2 class=\"elementor-heading-title elementor-size-default\"><b>R\u00e9union<\/b><\/h2>\t\t<\/div>\n\t\t\t\t<\/div>\n\t\t\t\t<div class=\"elementor-element elementor-element-6300500a elementor-widget elementor-widget-text-editor\" data-id=\"6300500a\" data-element_type=\"widget\" data-widget_type=\"text-editor.default\">\n\t\t\t\t<div class=\"elementor-widget-container\">\n\t\t\t\t\t\t\t<p><span class=\"textstyle17\">R\u00e9union hebdomadaire dans une entreprise d\u2019aluminium &#8211; 4 locuteurs<\/span><\/p><p><span class=\"textstyle17\"> Alice : animatrice.<\/span><\/p>\t\t\t\t\t\t<\/div>\n\t\t\t\t<\/div>\n\t\t\t\t<div class=\"elementor-element elementor-element-dc68512 elementor-widget elementor-widget-heading\" data-id=\"dc68512\" data-element_type=\"widget\" data-widget_type=\"heading.default\">\n\t\t\t\t<div class=\"elementor-widget-container\">\n\t\t\t<h2 class=\"elementor-heading-title elementor-size-default\"><b>Contexte<\/b><\/h2>\t\t<\/div>\n\t\t\t\t<\/div>\n\t\t\t\t<div class=\"elementor-element elementor-element-21fdb413 elementor-widget elementor-widget-text-editor\" data-id=\"21fdb413\" data-element_type=\"widget\" data-widget_type=\"text-editor.default\">\n\t\t\t\t<div class=\"elementor-widget-container\">\n\t\t\t\t\t\t\t<p><span style=\"color: #3d607a;\"><span class=\"textstyle19\">Un d\u00e9but de r\u00e9union difficile avec l&rsquo;animatrice Alice qui n\u2019avait pas vu ses coll\u00e8gues s\u2019installer et Thomas qui avait oubli\u00e9 la r\u00e9union.<\/span><\/span><\/p><p><span class=\"textstyle19\"><span style=\"font-size: 14pt;\"><strong>Contraintes<\/strong><\/span><br \/><\/span><\/p><p><span class=\"textstyle19\">Le d\u00e9but de r\u00e9union est chaotique ( en italique) et les locuteurs parlent parfois ensemble avec des rires qui g\u00eanent la compr\u00e9hension, le but n\u2019est pas de comprendre le d\u00e9tail de ce qui est dit mais de comprendre quand commence la r\u00e9union \u00e0 partir des indices lexicaux (alors) et multimodaux (voix, posture, regards, prise de notes)<\/span><\/p>\t\t\t\t\t\t<\/div>\n\t\t\t\t<\/div>\n\t\t\t\t\t<\/div>\n\t\t<\/div>\n\t\t\t\t\t\t\t<\/div>\n\t\t<\/section>\n\t\t\t\t<section class=\"elementor-section elementor-top-section elementor-element elementor-element-1ba4c07b elementor-section-boxed elementor-section-height-default elementor-section-height-default\" data-id=\"1ba4c07b\" data-element_type=\"section\">\n\t\t\t\t\t\t<div class=\"elementor-container elementor-column-gap-default\">\n\t\t\t\t\t<div class=\"elementor-column elementor-col-100 elementor-top-column elementor-element elementor-element-128aef9c\" data-id=\"128aef9c\" data-element_type=\"column\">\n\t\t\t<div class=\"elementor-widget-wrap elementor-element-populated\">\n\t\t\t\t\t\t\t\t<div class=\"elementor-element elementor-element-360a58bd elementor-widget elementor-widget-text-editor\" data-id=\"360a58bd\" data-element_type=\"widget\" data-widget_type=\"text-editor.default\">\n\t\t\t\t<div class=\"elementor-widget-container\">\n\t\t\t\t\t\t\t<p><strong><a class=\"maxbutton-3 maxbutton maxbutton-video\" href=\"https:\/\/icar.cnrs.fr\/interfare\/wp-content\/uploads\/INTERFARE_debut_production4.mp4\" download=\"\"><span class='mb-text'>Vid\u00e9o<\/span><\/a> <\/strong><\/p><p><div style=\"width: 640px;\" class=\"wp-video\"><!--[if lt IE 9]><script>document.createElement('video');<\/script><![endif]-->\n<video class=\"wp-video-shortcode\" id=\"video-554-1\" width=\"640\" height=\"360\" preload=\"metadata\" controls=\"controls\"><source type=\"video\/mp4\" src=\"https:\/\/icar.cnrs.fr\/interfare\/wp-content\/uploads\/INTERFARE_debut_production4.mp4?_=1\" \/><a href=\"https:\/\/icar.cnrs.fr\/interfare\/wp-content\/uploads\/INTERFARE_debut_production4.mp4\">https:\/\/icar.cnrs.fr\/interfare\/wp-content\/uploads\/INTERFARE_debut_production4.mp4<\/a><\/video><\/div><\/p>\t\t\t\t\t\t<\/div>\n\t\t\t\t<\/div>\n\t\t\t\t\t<\/div>\n\t\t<\/div>\n\t\t\t\t\t\t\t<\/div>\n\t\t<\/section>\n\t\t\t\t<section class=\"elementor-section elementor-top-section elementor-element elementor-element-e996337 elementor-section-boxed elementor-section-height-default elementor-section-height-default\" data-id=\"e996337\" data-element_type=\"section\">\n\t\t\t\t\t\t<div class=\"elementor-container elementor-column-gap-default\">\n\t\t\t\t\t<div class=\"elementor-column elementor-col-100 elementor-top-column elementor-element elementor-element-4e0f44d1\" data-id=\"4e0f44d1\" data-element_type=\"column\">\n\t\t\t<div class=\"elementor-widget-wrap elementor-element-populated\">\n\t\t\t\t\t\t\t\t<div class=\"elementor-element elementor-element-15d1f89f elementor-widget elementor-widget-toggle\" data-id=\"15d1f89f\" data-element_type=\"widget\" data-widget_type=\"toggle.default\">\n\t\t\t\t<div class=\"elementor-widget-container\">\n\t\t\t<style>\/*! elementor - v3.6.0 - 21-03-2022 *\/\n.elementor-toggle{text-align:left}.elementor-toggle .elementor-tab-title{font-weight:700;line-height:1;margin:0;padding:15px;border-bottom:1px solid #d4d4d4;cursor:pointer;outline:none}.elementor-toggle .elementor-tab-title .elementor-toggle-icon{display:inline-block;width:1em}.elementor-toggle .elementor-tab-title .elementor-toggle-icon svg{-webkit-margin-start:-5px;margin-inline-start:-5px;width:1em;height:1em}.elementor-toggle .elementor-tab-title .elementor-toggle-icon.elementor-toggle-icon-right{float:right;text-align:right}.elementor-toggle .elementor-tab-title .elementor-toggle-icon.elementor-toggle-icon-left{float:left;text-align:left}.elementor-toggle .elementor-tab-title .elementor-toggle-icon .elementor-toggle-icon-closed{display:block}.elementor-toggle .elementor-tab-title .elementor-toggle-icon .elementor-toggle-icon-opened{display:none}.elementor-toggle .elementor-tab-title.elementor-active{border-bottom:none}.elementor-toggle .elementor-tab-title.elementor-active .elementor-toggle-icon-closed{display:none}.elementor-toggle .elementor-tab-title.elementor-active .elementor-toggle-icon-opened{display:block}.elementor-toggle .elementor-tab-content{padding:15px;border-bottom:1px solid #d4d4d4;display:none}@media (max-width:767px){.elementor-toggle .elementor-tab-title{padding:12px}.elementor-toggle .elementor-tab-content{padding:12px 10px}}<\/style>\t\t<div class=\"elementor-toggle\" role=\"tablist\">\n\t\t\t\t\t\t\t<div class=\"elementor-toggle-item\">\n\t\t\t\t\t<h3 id=\"elementor-tab-title-3661\" class=\"elementor-tab-title\" data-tab=\"1\" role=\"tab\" aria-controls=\"elementor-tab-content-3661\" aria-expanded=\"false\">\n\t\t\t\t\t\t\t\t\t\t\t\t<span class=\"elementor-toggle-icon elementor-toggle-icon-left\" aria-hidden=\"true\">\n\t\t\t\t\t\t\t\t\t\t\t\t\t\t\t<span class=\"elementor-toggle-icon-closed\"><i class=\"fas fa-caret-right\"><\/i><\/span>\n\t\t\t\t\t\t\t\t<span class=\"elementor-toggle-icon-opened\"><i class=\"elementor-toggle-icon-opened fas fa-caret-up\"><\/i><\/span>\n\t\t\t\t\t\t\t\t\t\t\t\t\t<\/span>\n\t\t\t\t\t\t\t\t\t\t\t\t<a href=\"\" class=\"elementor-toggle-title\">La  transcription<\/a>\n\t\t\t\t\t<\/h3>\n\n\t\t\t\t\t<div id=\"elementor-tab-content-3661\" class=\"elementor-tab-content elementor-clearfix\" data-tab=\"1\" role=\"tabpanel\" aria-labelledby=\"elementor-tab-title-3661\"><p><i>Morgane \u00a0 \u00a0 je pensais que tu nous avais <b><a href=\"https:\/\/icar.cnrs.fr\/interfare\/quelques_expressions\/#quand_meme\" target=\"_blank\" rel=\"noopener\">quand m\u00eame entendus rentrer quand m\u00eame<\/a><\/b><br \/>Alice\u00a0\u00a0\u00a0\u00a0\u00a0\u00a0\u00a0\u00a0\u00a0\u00a0\u00a0\u00a0\u00a0\u00a0\u00a0\u00a0\u00a0\u00a0\u00a0\u00a0\u00a0\u00a0\u00a0\u00a0\u00a0\u00a0\u00a0\u00a0\u00a0\u00a0\u00a0\u00a0\u00a0\u00a0\u00a0\u00a0\u00a0\u00a0\u00a0\u00a0\u00a0\u00a0\u00a0\u00a0\u00a0\u00a0\u00a0\u00a0\u00a0\u00a0\u00a0\u00a0\u00a0\u00a0\u00a0\u00a0\u00a0\u00a0\u00a0\u00a0 mais \u00e7a devait \u00eatre vachement long parce que dix minutes\u2191 (en riant) quand t&rsquo;attends c&rsquo;est long\u2191 quoi<br \/>Morgane\u00a0\u00a0\u00a0\u00a0\u00a0 mais tu nous as pas vus rentrer\u2191 ens~ tu te demandais pas (en riant) ce qu&rsquo;on faisait en salle de r\u00e9union <br \/>Alice\u00a0\u00a0\u00a0\u00a0\u00a0\u00a0\u00a0\u00a0\u00a0\u00a0\u00a0\u00a0\u00a0\u00a0\u00a0\u00a0\u00a0\u00a0\u00a0\u00a0\u00a0\u00a0\u00a0\u00a0\u00a0\u00a0\u00a0\u00a0\u00a0\u00a0\u00a0\u00a0\u00a0\u00a0\u00a0\u00a0\u00a0\u00a0\u00a0\u00a0\u00a0\u00a0\u00a0\u00a0\u00a0\u00a0\u00a0\u00a0\u00a0\u00a0\u00a0\u00a0\u00a0\u00a0\u00a0\u00a0\u00a0\u00a0\u00a0\u00a0\u00a0\u00a0\u00a0\u00a0\u00a0\u00a0\u00a0\u00a0 mais je vous ai m\u00eame pas vu rentrer\u2191<a href=\"https:\/\/icar.cnrs.fr\/interfare\/quelques_expressions\/#pour_te_dire\" target=\"_blank\" rel=\"noopener\"> <b>pour te dire<\/b><\/a><b> <\/b>j&rsquo;ai m\u00eame pas vu Pr\u00e9nom1 qui attendait dans mon <br \/><\/i><\/p><p><i>\u00a0\u00a0\u00a0\u00a0\u00a0\u00a0\u00a0\u00a0\u00a0\u00a0\u00a0\u00a0\u00a0\u00a0\u00a0\u00a0\u00a0\u00a0\u00a0 bureau tu sais\u2191 vous vous mettez toujours l\u00e0\u2191 et vous dites rien moi quand je suis sur (en riant) l&rsquo;ordinateur dans mon trip je vous vois<\/i><\/p><p><i>\u00a0 \u00a0 \u00a0 \u00a0 \u00a0 \u00a0 \u00a0 \u00a0 \u00a0 \u00a0 m\u00eame pas monsieur\u2191 Nom1 est-ce que tu aurais eu euh <br \/>Thomas \u00a0 \u00a0\u00a0 bonjour<br \/>Thomas \u00a0 \u00a0\u00a0 j&rsquo;ai oubli\u00e9<br \/>Alice\u00a0\u00a0\u00a0\u00a0\u00a0\u00a0\u00a0\u00a0\u00a0\u00a0<b> <a href=\"https:\/\/icar.cnrs.fr\/interfare\/quelques_expressions\/#zapper\" target=\"_blank\" rel=\"noopener\">zapp\u00e9 la r\u00e9union\u2193<\/a> <\/b>ouais <br \/>Thomas\u00a0\u00a0\u00a0\u00a0\u00a0 bonjour (toux)<br \/><\/i><i>Samuel \u00a0 \u00a0 \u00a0 euh je te serre pas la main hein moi je suis euh un peu~<br \/>Morgane\u00a0\u00a0\u00a0 (rire)<br \/>Alice \u00a0 \u00a0 \u00a0 \u00a0 \u00a0 \u00e0 moi il me l&rsquo;a serr\u00e9e ce matin\u2193 <\/i><br \/><i>Raphael\u00a0\u00a0\u00a0\u00a0\u00a0 ah ben pareil <br \/>Alice\u00a0\u00a0\u00a0\u00a0\u00a0\u00a0\u00a0\u00a0\u00a0\u00a0 voil\u00e0\u2193 <br \/>Thomas\u00a0\u00a0\u00a0\u00a0\u00a0 ouais <br \/>Samuel \u00a0 \u00a0 \u00a0 ouais mais il tra~ <br \/>Alice \u00a0 \u00a0 \u00a0 \u00a0 \u00a0\u00a0 <\/i><i> Pr\u00e9nom1 faut que tu te mettes l\u00e0<br \/>Rapha\u00a0\u00a0\u00a0\u00a0\u00a0\u00a0\u00a0\u00a0\u00a0\u00a0\u00a0\u00a0\u00a0\u00a0\u00a0\u00a0\u00a0\u00a0\u00a0\u00a0\u00a0\u00a0\u00a0\u00a0\u00a0\u00a0 maintenant maintenant il est all\u00e9 dans l&rsquo;atelier\u2191 et puis voil\u00e0 les gens<br \/>Morgane \u00a0 \u00a0 je crois pas qu&rsquo;il ait tr\u00e8s envie de se mettre \u00e0 c\u00f4t\u00e9 de lui<br \/>Alice \u00a0 \u00a0 \u00a0 \u00a0 \u00a0 \u00a0 \u00a0 \u00a0 \u00a0 \u00a0 \u00a0 \u00a0 \u00a0 \u00a0 \u00a0 \u00a0 \u00a0 \u00a0 \u00a0 \u00a0 \u00a0 \u00a0 \u00a0 \u00a0 \u00a0 \u00a0 \u00a0 \u00a0 \u00a0\u00a0 \u00a0\u00a0\u00a0\u00a0\u00a0\u00a0\u00a0\u00a0 mais c&rsquo;est pour \u00e7a<br \/>Raphae\u00a0\u00a0\u00a0\u00a0\u00a0\u00a0\u00a0\u00a0\u00a0\u00a0\u00a0\u00a0\u00a0\u00a0\u00a0\u00a0\u00a0\u00a0\u00a0\u00a0\u00a0\u00a0\u00a0\u00a0\u00a0\u00a0\u00a0\u00a0\u00a0\u00a0\u00a0\u00a0\u00a0\u00a0\u00a0\u00a0\u00a0\u00a0\u00a0\u00a0\u00a0\u00a0\u00a0\u00a0\u00a0\u00a0\u00a0\u00a0\u00a0\u00a0\u00a0\u00a0\u00a0\u00a0\u00a0\u00a0\u00a0\u00a0\u00a0\u00a0\u00a0\u00a0\u00a0\u00a0 les~ les gens tombent malades maintenant\u2193<br \/>Thomas \u00a0 \u00a0 \u00a0 ouais c&rsquo;est <br \/>Alice \u00a0 \u00a0 \u00a0 \u00a0 \u00a0\u00a0 comment\u2191<br \/>Raphael \u00a0 \u00a0 \u00a0 il a \u00e9t\u00e9 dans l&rsquo;atelier\u2191 et les gens tombent malades maintenant<br \/>Morgane\u00a0\u00a0\u00a0\u00a0\u00a0 personne a envie de se mettre \u00e0 c\u00f4t\u00e9 de lui<br \/>Alice \u00a0 \u00a0 \u00a0 \u00a0 \u00a0 \u00a0 les gens tombent malades<br \/>Thomas \u00a0 \u00a0 \u00a0\u00a0 j&rsquo;ai peur <br \/>Raphael \u00a0 \u00a0 \u00a0 ouais Pr\u00e9nom2 qui rentre l\u00e0\u2193 <br \/>Samuel\u00a0\u00a0\u00a0\u00a0\u00a0\u00a0\u00a0 quoi\u2191 <br \/>Raphael\u00a0\u00a0\u00a0\u00a0\u00a0\u00a0\u00a0 Pr\u00e9nom2 rentre <br \/>Samuel\u00a0\u00a0\u00a0\u00a0\u00a0\u00a0\u00a0\u00a0 elle rentre\u2191 ouais elle m&rsquo;a dit elle \u00e9tait pas<\/i><\/p><p><i>\u00a0\u00a0\u00a0\u00a0\u00a0\u00a0\u00a0\u00a0\u00a0\u00a0\u00a0\u00a0\u00a0\u00a0\u00a0\u00a0\u00a0\u00a0\u00a0 =======================================================================<br \/><\/i><\/p><p>\u00a0\u00a0\u00a0\u00a0\u00a0\u00a0\u00a0\u00a0\u00a0\u00a0\u00a0\u00a0\u00a0\u00a0\u00a0\u00a0\u00a0\u00a0\u00a0\u00a0\u00a0\u00a0 (pause)<br \/>Alice \u00a0 \u00a0 \u00a0 \u00a0 \u00a0 \u00a0 <b> <\/b><b>alors on est le hm<\/b><br \/>Thomas \u00a0 \u00a0 \u00a0 sept<br \/>Alice \u00a0 \u00a0 \u00a0 \u00a0 \u00a0\u00a0 sept\u2193 sept mars onze\u2191 (pause) <b>alors on a\u2193 un premier point<\/b> entreprise2 la production les pi\u00e8ces1 <b>donc on avait dit la semaine derni\u00e8re qu&rsquo;y avait toujours des tests de produit1 en cours\u2191<\/b><b> <\/b>pour mesurer la dur\u00e9e de vie de l&rsquo;\u00e9lectronique par rapport \u00e0 la prod\u2191 et les\u00a0\u00a0\u00a0\u00a0\u00a0\u00a0\u00a0\u00a0\u00a0\u00a0\u00a0\u00a0\u00a0\u00a0\u00a0 probl\u00e8mes\u00a0 de productivit\u00e9\u2191<b> <a href=\"https:\/\/icar.cnrs.fr\/interfare\/quelques_expressions\/#detail\" target=\"_blank\" rel=\"noopener\">on va pas aller dans le d\u00e9tail aujourd&rsquo;hui\u2191<\/a><\/b><b> <\/b>on sait qu&rsquo;y a un <a href=\"https:\/\/icar.cnrs.fr\/interfare\/quelques_expressions\/#couac\"><b>couac\u2191<\/b><\/a> et <b><a href=\"https:\/\/icar.cnrs.fr\/interfare\/quelques_expressions\/#solder\" target=\"_blank\" rel=\"noopener\">qu&rsquo;il faut le solder\u2193<\/a><\/b><\/p><p>\u00a0<\/p><\/div>\n\t\t\t\t<\/div>\n\t\t\t\t\t\t\t\t<\/div>\n\t\t\t\t<\/div>\n\t\t\t\t<\/div>\n\t\t\t\t\t<\/div>\n\t\t<\/div>\n\t\t\t\t\t\t\t<\/div>\n\t\t<\/section>\n\t\t\t\t<section class=\"elementor-section elementor-top-section elementor-element elementor-element-6fb48dfd elementor-section-boxed elementor-section-height-default elementor-section-height-default\" data-id=\"6fb48dfd\" data-element_type=\"section\">\n\t\t\t\t\t\t<div class=\"elementor-container elementor-column-gap-default\">\n\t\t\t\t\t<div class=\"elementor-column elementor-col-100 elementor-top-column elementor-element elementor-element-2dc476ae\" data-id=\"2dc476ae\" data-element_type=\"column\">\n\t\t\t<div class=\"elementor-widget-wrap elementor-element-populated\">\n\t\t\t\t\t\t\t\t<div class=\"elementor-element elementor-element-62b8e01f elementor-widget elementor-widget-toggle\" data-id=\"62b8e01f\" data-element_type=\"widget\" data-widget_type=\"toggle.default\">\n\t\t\t\t<div class=\"elementor-widget-container\">\n\t\t\t\t\t<div class=\"elementor-toggle\" role=\"tablist\">\n\t\t\t\t\t\t\t<div class=\"elementor-toggle-item\">\n\t\t\t\t\t<h3 id=\"elementor-tab-title-1651\" class=\"elementor-tab-title\" data-tab=\"1\" role=\"tab\" aria-controls=\"elementor-tab-content-1651\" aria-expanded=\"false\">\n\t\t\t\t\t\t\t\t\t\t\t\t<span class=\"elementor-toggle-icon elementor-toggle-icon-left\" aria-hidden=\"true\">\n\t\t\t\t\t\t\t\t\t\t\t\t\t\t\t<span class=\"elementor-toggle-icon-closed\"><i class=\"fas fa-caret-right\"><\/i><\/span>\n\t\t\t\t\t\t\t\t<span class=\"elementor-toggle-icon-opened\"><i class=\"elementor-toggle-icon-opened fas fa-caret-up\"><\/i><\/span>\n\t\t\t\t\t\t\t\t\t\t\t\t\t<\/span>\n\t\t\t\t\t\t\t\t\t\t\t\t<a href=\"\" class=\"elementor-toggle-title\">Les explications<\/a>\n\t\t\t\t\t<\/h3>\n\n\t\t\t\t\t<div id=\"elementor-tab-content-1651\" class=\"elementor-tab-content elementor-clearfix\" data-tab=\"1\" role=\"tabpanel\" aria-labelledby=\"elementor-tab-title-1651\"><ul><li>un d\u00e9but de r\u00e9union chaotique, utilisation du marqueur \u201cquand m\u00eame\u201d r\u00e9p\u00e9t\u00e9 \u201cje pensais que tu nous avais quand m\u00eame entendus rentrer quand m\u00eame\u201d, expression \u00ab\u00a0pour te dire\u00a0\u00bb dans le sens de \u00ab\u00a0pour t&rsquo;expliquer\u00a0\u00bb<\/li><li>l\u2019animatrice Alice d\u00e9marre la r\u00e9union avec \u201calors on est le \u201d suivi de \u201calors on a\u2193 un premier point\u201d et une prise de notes<\/li><li>Alice commence par un probl\u00e8me en attente depuis la semaine derni\u00e8re non r\u00e9solu \u00ab\u00a0donc on avait dit la semaine derni\u00e8re qu&rsquo;y avait toujours des tests de produit1 en cours\u2191\u00a0\u00bb<span style=\"font-size: 14pt;\"> <br \/><\/span><\/li><\/ul><p>\u00a0<\/p><\/div>\n\t\t\t\t<\/div>\n\t\t\t\t\t\t\t\t<\/div>\n\t\t\t\t<\/div>\n\t\t\t\t<\/div>\n\t\t\t\t\t<\/div>\n\t\t<\/div>\n\t\t\t\t\t\t\t<\/div>\n\t\t<\/section>\n\t\t\t\t<section class=\"elementor-section elementor-top-section elementor-element elementor-element-4be4328 elementor-section-boxed elementor-section-height-default elementor-section-height-default\" data-id=\"4be4328\" data-element_type=\"section\">\n\t\t\t\t\t\t<div class=\"elementor-container elementor-column-gap-default\">\n\t\t\t\t\t<div class=\"elementor-column elementor-col-100 elementor-top-column elementor-element elementor-element-94d77d5\" data-id=\"94d77d5\" data-element_type=\"column\">\n\t\t\t<div class=\"elementor-widget-wrap elementor-element-populated\">\n\t\t\t\t\t\t\t\t<div class=\"elementor-element elementor-element-06ba6a5 elementor-button-info elementor-align-left elementor-widget__width-inherit elementor-widget elementor-widget-button\" data-id=\"06ba6a5\" data-element_type=\"widget\" data-widget_type=\"button.default\">\n\t\t\t\t<div class=\"elementor-widget-container\">\n\t\t\t\t\t<div class=\"elementor-button-wrapper\">\n\t\t\t<a href=\"https:\/\/icar.cnrs.fr\/interfare\/debut-de-reunion-exercice-alors-on-est-le-premier-point-probleme\" target=\"_blank\" class=\"elementor-button-link elementor-button elementor-size-sm\" role=\"button\">\n\t\t\t\t\t\t<span class=\"elementor-button-content-wrapper\">\n\t\t\t\t\t\t<span class=\"elementor-button-text\">Les exercices : \u00e0 vous de jouer !<\/span>\n\t\t<\/span>\n\t\t\t\t\t<\/a>\n\t\t<\/div>\n\t\t\t\t<\/div>\n\t\t\t\t<\/div>\n\t\t\t\t\t<\/div>\n\t\t<\/div>\n\t\t\t\t\t\t\t<\/div>\n\t\t<\/section>\n\t\t\t\t\t\t\t<\/div>\n\t\t","protected":false},"excerpt":{"rendered":"<p>Les rubriques &gt; Organisation &gt; D\u00e9but de r\u00e9union Le d\u00e9but de la r\u00e9union dans une entreprise de production \u00ab\u00a0alors on est le\u00a0\u00bb &#8230; +\u00a0\u00bbalors on a un premier point donc on avait dit&#8230;\u00a0\u00bb + \u00ab\u00a0probl\u00e8me \u00ab\u00a0 R\u00e9union R\u00e9union hebdomadaire dans une entreprise d\u2019aluminium &#8211; 4 locuteurs Alice : animatrice. Contexte Un d\u00e9but de r\u00e9union difficile [&hellip;]<\/p>\n","protected":false},"author":2,"featured_media":0,"parent":0,"menu_order":0,"comment_status":"closed","ping_status":"closed","template":"","meta":{"footnotes":""},"_links":{"self":[{"href":"https:\/\/icar.cnrs.fr\/interfare\/wp-json\/wp\/v2\/pages\/554"}],"collection":[{"href":"https:\/\/icar.cnrs.fr\/interfare\/wp-json\/wp\/v2\/pages"}],"about":[{"href":"https:\/\/icar.cnrs.fr\/interfare\/wp-json\/wp\/v2\/types\/page"}],"author":[{"embeddable":true,"href":"https:\/\/icar.cnrs.fr\/interfare\/wp-json\/wp\/v2\/users\/2"}],"replies":[{"embeddable":true,"href":"https:\/\/icar.cnrs.fr\/interfare\/wp-json\/wp\/v2\/comments?post=554"}],"version-history":[{"count":0,"href":"https:\/\/icar.cnrs.fr\/interfare\/wp-json\/wp\/v2\/pages\/554\/revisions"}],"wp:attachment":[{"href":"https:\/\/icar.cnrs.fr\/interfare\/wp-json\/wp\/v2\/media?parent=554"}],"curies":[{"name":"wp","href":"https:\/\/api.w.org\/{rel}","templated":true}]}}