{"id":7212,"date":"2024-02-23T12:25:28","date_gmt":"2024-02-23T11:25:28","guid":{"rendered":"http:\/\/icar.cnrs.fr\/interfare\/?page_id=7212"},"modified":"2024-04-22T21:30:01","modified_gmt":"2024-04-22T19:30:01","slug":"pour-commencer-accord","status":"publish","type":"page","link":"https:\/\/icar.cnrs.fr\/interfare\/pour-commencer-accord\/","title":{"rendered":"Pour commencer Accord"},"content":{"rendered":"\t\t<div data-elementor-type=\"wp-page\" data-elementor-id=\"7212\" class=\"elementor elementor-7212\">\n\t\t\t\t\t\t\t\t\t<section class=\"elementor-section elementor-top-section elementor-element elementor-element-0649b63 elementor-section-boxed elementor-section-height-default elementor-section-height-default\" data-id=\"0649b63\" data-element_type=\"section\">\n\t\t\t\t\t\t<div class=\"elementor-container elementor-column-gap-default\">\n\t\t\t\t\t<div class=\"elementor-column elementor-col-100 elementor-top-column elementor-element elementor-element-d8ae570\" data-id=\"d8ae570\" data-element_type=\"column\">\n\t\t\t<div class=\"elementor-widget-wrap elementor-element-populated\">\n\t\t\t\t\t\t\t\t<div class=\"elementor-element elementor-element-224e67a elementor-widget elementor-widget-text-editor\" data-id=\"224e67a\" data-element_type=\"widget\" data-widget_type=\"text-editor.default\">\n\t\t\t\t<div class=\"elementor-widget-container\">\n\t\t\t<style>\/*! elementor - v3.6.0 - 21-03-2022 *\/\n.elementor-widget-text-editor.elementor-drop-cap-view-stacked .elementor-drop-cap{background-color:#818a91;color:#fff}.elementor-widget-text-editor.elementor-drop-cap-view-framed .elementor-drop-cap{color:#818a91;border:3px solid;background-color:transparent}.elementor-widget-text-editor:not(.elementor-drop-cap-view-default) .elementor-drop-cap{margin-top:8px}.elementor-widget-text-editor:not(.elementor-drop-cap-view-default) .elementor-drop-cap-letter{width:1em;height:1em}.elementor-widget-text-editor .elementor-drop-cap{float:left;text-align:center;line-height:1;font-size:50px}.elementor-widget-text-editor .elementor-drop-cap-letter{display:inline-block}<\/style>\t\t\t\t<p><a href=\"https:\/\/icar.cnrs.fr\/interfare\/pour-commencer\/\">Pour commencer : Les rubriques<\/a> &gt; Participer aux discussions<\/p>\t\t\t\t\t\t<\/div>\n\t\t\t\t<\/div>\n\t\t\t\t\t<\/div>\n\t\t<\/div>\n\t\t\t\t\t\t\t<\/div>\n\t\t<\/section>\n\t\t\t\t<section class=\"elementor-section elementor-top-section elementor-element elementor-element-4bcef85 elementor-section-boxed elementor-section-height-default elementor-section-height-default\" data-id=\"4bcef85\" data-element_type=\"section\">\n\t\t\t\t\t\t<div class=\"elementor-container elementor-column-gap-default\">\n\t\t\t\t\t<div class=\"elementor-column elementor-col-100 elementor-top-column elementor-element elementor-element-4d84161\" data-id=\"4d84161\" data-element_type=\"column\">\n\t\t\t<div class=\"elementor-widget-wrap elementor-element-populated\">\n\t\t\t\t\t\t\t\t<div class=\"elementor-element elementor-element-2feb056 elementor-widget elementor-widget-heading\" data-id=\"2feb056\" data-element_type=\"widget\" data-widget_type=\"heading.default\">\n\t\t\t\t<div class=\"elementor-widget-container\">\n\t\t\t<style>\/*! elementor - v3.6.0 - 21-03-2022 *\/\n.elementor-heading-title{padding:0;margin:0;line-height:1}.elementor-widget-heading .elementor-heading-title[class*=elementor-size-]>a{color:inherit;font-size:inherit;line-height:inherit}.elementor-widget-heading .elementor-heading-title.elementor-size-small{font-size:15px}.elementor-widget-heading .elementor-heading-title.elementor-size-medium{font-size:19px}.elementor-widget-heading .elementor-heading-title.elementor-size-large{font-size:29px}.elementor-widget-heading .elementor-heading-title.elementor-size-xl{font-size:39px}.elementor-widget-heading .elementor-heading-title.elementor-size-xxl{font-size:59px}<\/style><h2 class=\"elementor-heading-title elementor-size-default\">Pour commencer : L'accord<\/h2>\t\t<\/div>\n\t\t\t\t<\/div>\n\t\t\t\t\t<\/div>\n\t\t<\/div>\n\t\t\t\t\t\t\t<\/div>\n\t\t<\/section>\n\t\t\t\t<section class=\"elementor-section elementor-top-section elementor-element elementor-element-86de472 elementor-section-boxed elementor-section-height-default elementor-section-height-default\" data-id=\"86de472\" data-element_type=\"section\">\n\t\t\t\t\t\t<div class=\"elementor-container elementor-column-gap-default\">\n\t\t\t\t\t<div class=\"elementor-column elementor-col-100 elementor-top-column elementor-element elementor-element-dd75f16\" data-id=\"dd75f16\" data-element_type=\"column\">\n\t\t\t<div class=\"elementor-widget-wrap elementor-element-populated\">\n\t\t\t\t\t\t\t\t<div class=\"elementor-element elementor-element-72d3cf1 elementor-widget elementor-widget-text-editor\" data-id=\"72d3cf1\" data-element_type=\"widget\" data-widget_type=\"text-editor.default\">\n\t\t\t\t<div class=\"elementor-widget-container\">\n\t\t\t\t\t\t\t<p>L&rsquo;accord entre plusieurs locuteurs correspond en g\u00e9n\u00e9ral \u00e0 <b>une s\u00e9quence<\/b> plus ou moins longue o\u00f9 <strong>plusieurs participants<\/strong> interviennent pour donner leur avis, <b>en compl\u00e9tant ou non<\/b> ce qui vient d&rsquo;\u00eatre dit auparavant.<\/p><p>L&rsquo;accord peut se manifester par une validation de plusieurs des participants.<\/p><p>Le lexique ne correspond pas toujours \u00e0 ce qu&rsquo;on pourrait attendre, on retrouvera en particulier rarement \u00ab\u00a0je suis d&rsquo;accord\u00a0\u00bb mais davantage <strong>des marqueurs ou des r\u00e9p\u00e9titions<\/strong> de ce qui vient d&rsquo;\u00eatre dit avec des intonations diff\u00e9rentes pour confirmer, on rel\u00e8ve aussi <strong>des regards<\/strong> vers les destinataires.<\/p><p>Dans cette section \u00ab\u00a0<b>Pour commencer<\/b>\u00a0\u00bb nous allons d\u00e9tailler <b>3 exemples<\/b> correspondants \u00e0 3 proc\u00e9d\u00e9s diff\u00e9rents : la n\u00e9gation, la r\u00e9p\u00e9tition et la\u00a0 co-construction.<\/p><p>Vous trouverez d\u2019autres exemples dans la rubrique compl\u00e8te\u00a0 <a href=\"https:\/\/icar.cnrs.fr\/interfare\/accord\/\"><b>L\u2019accord<\/b><\/a> .<\/p><p>D&rsquo;autres attestations d&rsquo;accord sont disponibles dans les rubriques <strong><a href=\"https:\/\/icar.cnrs.fr\/interfare\/evaluation\/\">L&rsquo;\u00e9valuation<\/a><\/strong> et <a href=\"https:\/\/icar.cnrs.fr\/interfare\/negociation\/\"><strong>La n\u00e9gociation<\/strong><\/a><\/p>\t\t\t\t\t\t<\/div>\n\t\t\t\t<\/div>\n\t\t\t\t\t<\/div>\n\t\t<\/div>\n\t\t\t\t\t\t\t<\/div>\n\t\t<\/section>\n\t\t\t\t<section class=\"elementor-section elementor-top-section elementor-element elementor-element-8808437 elementor-section-stretched elementor-section-boxed elementor-section-height-default elementor-section-height-default\" data-id=\"8808437\" data-element_type=\"section\" data-settings=\"{&quot;stretch_section&quot;:&quot;section-stretched&quot;}\">\n\t\t\t\t\t\t<div class=\"elementor-container elementor-column-gap-default\">\n\t\t\t\t\t<div class=\"elementor-column elementor-col-33 elementor-top-column elementor-element elementor-element-f4424d6\" data-id=\"f4424d6\" data-element_type=\"column\" data-settings=\"{&quot;background_background&quot;:&quot;classic&quot;}\">\n\t\t\t<div class=\"elementor-widget-wrap elementor-element-populated\">\n\t\t\t\t\t\t\t\t<div class=\"elementor-element elementor-element-1f56017 elementor-widget elementor-widget-heading\" data-id=\"1f56017\" data-element_type=\"widget\" data-widget_type=\"heading.default\">\n\t\t\t\t<div class=\"elementor-widget-container\">\n\t\t\t<h4 class=\"elementor-heading-title elementor-size-default\">Confusion possible \u00e0<br>avec l'emploi de n\u00e9gations<\/h4>\t\t<\/div>\n\t\t\t\t<\/div>\n\t\t\t\t\t<\/div>\n\t\t<\/div>\n\t\t\t\t<div class=\"elementor-column elementor-col-33 elementor-top-column elementor-element elementor-element-80f4691\" data-id=\"80f4691\" data-element_type=\"column\">\n\t\t\t<div class=\"elementor-widget-wrap elementor-element-populated\">\n\t\t\t\t\t\t\t\t<div class=\"elementor-element elementor-element-f40f867 elementor-widget elementor-widget-heading\" data-id=\"f40f867\" data-element_type=\"widget\" data-widget_type=\"heading.default\">\n\t\t\t\t<div class=\"elementor-widget-container\">\n\t\t\t<h2 class=\"elementor-heading-title elementor-size-default\"><span class=\"textstyle21\"><span class=\"textstyle22\">Redemander avant de montrer son accord<\/span><\/span><\/h2>\t\t<\/div>\n\t\t\t\t<\/div>\n\t\t\t\t\t<\/div>\n\t\t<\/div>\n\t\t\t\t<div class=\"elementor-column elementor-col-33 elementor-top-column elementor-element elementor-element-4f51fe2\" data-id=\"4f51fe2\" data-element_type=\"column\">\n\t\t\t<div class=\"elementor-widget-wrap elementor-element-populated\">\n\t\t\t\t\t\t\t\t<div class=\"elementor-element elementor-element-0ffe5f6 elementor-widget elementor-widget-heading\" data-id=\"0ffe5f6\" data-element_type=\"widget\" data-widget_type=\"heading.default\">\n\t\t\t\t<div class=\"elementor-widget-container\">\n\t\t\t<h2 class=\"elementor-heading-title elementor-size-default\">Co-construction en une s\u00e9rie d'\u00e9tapes<\/h2>\t\t<\/div>\n\t\t\t\t<\/div>\n\t\t\t\t\t<\/div>\n\t\t<\/div>\n\t\t\t\t\t\t\t<\/div>\n\t\t<\/section>\n\t\t\t\t<section class=\"elementor-section elementor-top-section elementor-element elementor-element-60e39b9 elementor-section-stretched elementor-section-boxed elementor-section-height-default elementor-section-height-default\" data-id=\"60e39b9\" data-element_type=\"section\" data-settings=\"{&quot;stretch_section&quot;:&quot;section-stretched&quot;}\">\n\t\t\t\t\t\t<div class=\"elementor-container elementor-column-gap-default\">\n\t\t\t\t\t<div class=\"elementor-column elementor-col-33 elementor-top-column elementor-element elementor-element-bcabf1b\" data-id=\"bcabf1b\" data-element_type=\"column\" data-settings=\"{&quot;background_background&quot;:&quot;classic&quot;}\">\n\t\t\t<div class=\"elementor-widget-wrap elementor-element-populated\">\n\t\t\t\t\t\t\t\t<div class=\"elementor-element elementor-element-1a750d3 elementor-widget__width-initial elementor-widget elementor-widget-text-editor\" data-id=\"1a750d3\" data-element_type=\"widget\" data-widget_type=\"text-editor.default\">\n\t\t\t\t<div class=\"elementor-widget-container\">\n\t\t\t\t\t\t\t<p><span class=\"textstyle21\"><strong><span class=\"textstyle18\">Accord avec une n\u00e9gation d&rsquo;une phrase ou d&rsquo;une question n\u00e9gative<\/span><\/strong><span class=\"textstyle2\"><br \/><\/span><\/span><\/p>\t\t\t\t\t\t<\/div>\n\t\t\t\t<\/div>\n\t\t\t\t<div class=\"elementor-element elementor-element-47c16bb elementor-widget__width-initial elementor-widget elementor-widget-image\" data-id=\"47c16bb\" data-element_type=\"widget\" data-widget_type=\"image.default\">\n\t\t\t\t<div class=\"elementor-widget-container\">\n\t\t\t<style>\/*! elementor - v3.6.0 - 21-03-2022 *\/\n.elementor-widget-image{text-align:center}.elementor-widget-image a{display:inline-block}.elementor-widget-image a img[src$=\".svg\"]{width:48px}.elementor-widget-image img{vertical-align:middle;display:inline-block}<\/style>\t\t\t\t\t\t\t\t\t\t\t\t<img decoding=\"async\" src=\"https:\/\/icar.cnrs.fr\/interfare\/wp-content\/uploads\/audio-e1645197811992.png\" title=\"audio\" alt=\"audio\" \/>\t\t\t\t\t\t\t\t\t\t\t\t\t\t\t<\/div>\n\t\t\t\t<\/div>\n\t\t\t\t<div class=\"elementor-element elementor-element-fff8148 elementor-widget elementor-widget-text-editor\" data-id=\"fff8148\" data-element_type=\"widget\" data-widget_type=\"text-editor.default\">\n\t\t\t\t<div class=\"elementor-widget-container\">\n\t\t\t\t\t\t\t<p><span class=\"textstyle21\"><a href=\"https:\/\/icar.cnrs.fr\/interfare\/pour-commencer-accord-redaction-cv-non-non\/\"><em><strong><span class=\"textstyle18\"><b>\u00ab\u00a0mais je veux pas \u00e9crire &#8230; <\/b><\/span><\/strong><\/em><\/a><em><strong><span class=\"textstyle18\"><b>non non tu mets 90&Prime;<br \/><\/b><\/span><\/strong><\/em><\/span><\/p><p>(R\u00e9daction de cv)<\/p>\t\t\t\t\t\t<\/div>\n\t\t\t\t<\/div>\n\t\t\t\t\t<\/div>\n\t\t<\/div>\n\t\t\t\t<div class=\"elementor-column elementor-col-33 elementor-top-column elementor-element elementor-element-cd00c38\" data-id=\"cd00c38\" data-element_type=\"column\" data-settings=\"{&quot;background_background&quot;:&quot;classic&quot;}\">\n\t\t\t<div class=\"elementor-widget-wrap elementor-element-populated\">\n\t\t\t\t\t\t\t\t<div class=\"elementor-element elementor-element-4af5a3e elementor-widget__width-initial elementor-widget elementor-widget-text-editor\" data-id=\"4af5a3e\" data-element_type=\"widget\" data-widget_type=\"text-editor.default\">\n\t\t\t\t<div class=\"elementor-widget-container\">\n\t\t\t\t\t\t\t<p><strong><span class=\"textstyle21\"><span class=\"textstyle22\">Redemander deux fois\u00a0 \u00ab\u00a0<em>vous \u00eates s\u00fbrs<\/em>\u00a0\u00bb avant de montrer son accord<\/span><span class=\"textstyle2\"> avec les autres locuteurs \u00ab\u00a0<em>bon\u2193\u00a0\u00bb<\/em><\/span><\/span><\/strong><\/p>\t\t\t\t\t\t<\/div>\n\t\t\t\t<\/div>\n\t\t\t\t<div class=\"elementor-element elementor-element-4a37b4a elementor-widget__width-initial elementor-widget elementor-widget-image\" data-id=\"4a37b4a\" data-element_type=\"widget\" data-widget_type=\"image.default\">\n\t\t\t\t<div class=\"elementor-widget-container\">\n\t\t\t\t\t\t\t\t\t\t\t\t\t\t\t<img decoding=\"async\" src=\"https:\/\/icar.cnrs.fr\/interfare\/wp-content\/uploads\/video.png\" title=\"video\" alt=\"video\" \/>\t\t\t\t\t\t\t\t\t\t\t\t\t\t\t<\/div>\n\t\t\t\t<\/div>\n\t\t\t\t<div class=\"elementor-element elementor-element-19f62cf elementor-widget elementor-widget-text-editor\" data-id=\"19f62cf\" data-element_type=\"widget\" data-widget_type=\"text-editor.default\">\n\t\t\t\t<div class=\"elementor-widget-container\">\n\t\t\t\t\t\t\t<p><a href=\"https:\/\/icar.cnrs.fr\/interfare\/pour-commencer-accord-architecte-vous-etes-surs\"><em><span class=\"textstyle19\"><b>\u00ab\u00a0vous vous \u00eates s\u00fbrs qu\u2019il faut &#8230; vous \u00eates s\u00fbrs\u2191&#8230; oui en plus euh \u00e7a permet &#8230;bon\u2193\u00a0\u00bb<\/b><\/span><\/em><\/a><\/p><p><span class=\"textstyle19\"><br \/><\/span><span class=\"textstyle20\"> (Architecte)<\/span><\/p>\t\t\t\t\t\t<\/div>\n\t\t\t\t<\/div>\n\t\t\t\t\t<\/div>\n\t\t<\/div>\n\t\t\t\t<div class=\"elementor-column elementor-col-33 elementor-top-column elementor-element elementor-element-f4a1a7f\" data-id=\"f4a1a7f\" data-element_type=\"column\" data-settings=\"{&quot;background_background&quot;:&quot;classic&quot;}\">\n\t\t\t<div class=\"elementor-widget-wrap elementor-element-populated\">\n\t\t\t\t\t\t\t\t<div class=\"elementor-element elementor-element-ef21afc elementor-button-info elementor-align-left elementor-widget__width-inherit elementor-widget elementor-widget-button\" data-id=\"ef21afc\" data-element_type=\"widget\" data-widget_type=\"button.default\">\n\t\t\t\t<div class=\"elementor-widget-container\">\n\t\t\t\t\t<div class=\"elementor-button-wrapper\">\n\t\t\t<a href=\"https:\/\/icar.cnrs.fr\/interfare\/laccord-exercices-transversaux\" target=\"_blank\" class=\"elementor-button-link elementor-button elementor-size-sm\" role=\"button\">\n\t\t\t\t\t\t<span class=\"elementor-button-content-wrapper\">\n\t\t\t\t\t\t<span class=\"elementor-button-text\">Les exercices : \u00e0 vous de jouer !<\/span>\n\t\t<\/span>\n\t\t\t\t\t<\/a>\n\t\t<\/div>\n\t\t\t\t<\/div>\n\t\t\t\t<\/div>\n\t\t\t\t<div class=\"elementor-element elementor-element-a2dbafe elementor-widget__width-initial elementor-widget elementor-widget-text-editor\" data-id=\"a2dbafe\" data-element_type=\"widget\" data-widget_type=\"text-editor.default\">\n\t\t\t\t<div class=\"elementor-widget-container\">\n\t\t\t\t\t\t\t<p><span class=\"textstyle21\"><strong><span class=\"textstyle18\">\u00c9valuation avec \u00ab\u00a0<em>\u00e7a se ressent<\/em>\u00a0\u00bb <\/span><\/strong><span class=\"textstyle2\"><strong>suivi d&rsquo;une s\u00e9rie d&rsquo;arguments <em>\u00ab\u00a0travail\u00a0\u00bb, \u00ab\u00a0qualit\u00e9\u00a0\u00bb, \u00ab\u00a0pertes\u00a0\u00bb<\/em><\/strong><br \/><\/span><span class=\"textstyle2\"><br \/><\/span><\/span><\/p>\t\t\t\t\t\t<\/div>\n\t\t\t\t<\/div>\n\t\t\t\t<div class=\"elementor-element elementor-element-bcc25cc elementor-widget__width-initial elementor-widget elementor-widget-image\" data-id=\"bcc25cc\" data-element_type=\"widget\" data-widget_type=\"image.default\">\n\t\t\t\t<div class=\"elementor-widget-container\">\n\t\t\t\t\t\t\t\t\t\t\t\t\t\t\t<img decoding=\"async\" src=\"https:\/\/icar.cnrs.fr\/interfare\/wp-content\/uploads\/audio-e1645197811992.png\" title=\"audio\" alt=\"audio\" \/>\t\t\t\t\t\t\t\t\t\t\t\t\t\t\t<\/div>\n\t\t\t\t<\/div>\n\t\t\t\t<div class=\"elementor-element elementor-element-0db6581 elementor-widget elementor-widget-text-editor\" data-id=\"0db6581\" data-element_type=\"widget\" data-widget_type=\"text-editor.default\">\n\t\t\t\t<div class=\"elementor-widget-container\">\n\t\t\t\t\t\t\t<p><em><span class=\"textstyle2\"><b>\u00ab\u00a0<a href=\"https:\/\/icar.cnrs.fr\/interfare\/pour-commencer-accord-grande-surface-co-construction-manque-de-temps\">\u00e7a se ressentira sur le travail hein &#8230; m\u00eame sur des choses de base hein &#8230; un jour \u00e7a se ressentira sur euh sur la qualit\u00e9 euh&#8230;\u00e7a se ressent d\u00e9j\u00e0 hein y a des pertes hein &#8230;\u00a0\u00bb<\/a><\/b><\/span><\/em><\/p><p><span class=\"textstyle20\">(Service informatique Grande surface)<\/span><\/p>\t\t\t\t\t\t<\/div>\n\t\t\t\t<\/div>\n\t\t\t\t\t<\/div>\n\t\t<\/div>\n\t\t\t\t\t\t\t<\/div>\n\t\t<\/section>\n\t\t\t\t<section class=\"elementor-section elementor-top-section elementor-element elementor-element-a2d2210 elementor-section-boxed elementor-section-height-default elementor-section-height-default\" data-id=\"a2d2210\" data-element_type=\"section\">\n\t\t\t\t\t\t<div class=\"elementor-container elementor-column-gap-default\">\n\t\t\t\t\t<div class=\"elementor-column elementor-col-100 elementor-top-column elementor-element elementor-element-4260367\" data-id=\"4260367\" data-element_type=\"column\">\n\t\t\t<div class=\"elementor-widget-wrap elementor-element-populated\">\n\t\t\t\t\t\t\t\t<div class=\"elementor-element elementor-element-a28d552 elementor-button-info elementor-align-left elementor-widget__width-inherit elementor-widget elementor-widget-button\" data-id=\"a28d552\" data-element_type=\"widget\" data-widget_type=\"button.default\">\n\t\t\t\t<div class=\"elementor-widget-container\">\n\t\t\t\t\t<div class=\"elementor-button-wrapper\">\n\t\t\t<a href=\"https:\/\/icar.cnrs.fr\/interfare\/pour-commencer-laccord-exercices\" target=\"_blank\" class=\"elementor-button-link elementor-button elementor-size-sm\" role=\"button\">\n\t\t\t\t\t\t<span class=\"elementor-button-content-wrapper\">\n\t\t\t\t\t\t<span class=\"elementor-button-text\">Les exercices : \u00e0 vous de jouer !<\/span>\n\t\t<\/span>\n\t\t\t\t\t<\/a>\n\t\t<\/div>\n\t\t\t\t<\/div>\n\t\t\t\t<\/div>\n\t\t\t\t\t<\/div>\n\t\t<\/div>\n\t\t\t\t\t\t\t<\/div>\n\t\t<\/section>\n\t\t\t\t\t\t\t<\/div>\n\t\t","protected":false},"excerpt":{"rendered":"<p>Pour commencer : Les rubriques &gt; Participer aux discussions Pour commencer : L&rsquo;accord L&rsquo;accord entre plusieurs locuteurs correspond en g\u00e9n\u00e9ral \u00e0 une s\u00e9quence plus ou moins longue o\u00f9 plusieurs participants interviennent pour donner leur avis, en compl\u00e9tant ou non ce qui vient d&rsquo;\u00eatre dit auparavant. L&rsquo;accord peut se manifester par une validation de plusieurs des [&hellip;]<\/p>\n","protected":false},"author":2,"featured_media":0,"parent":0,"menu_order":0,"comment_status":"closed","ping_status":"closed","template":"","meta":{"footnotes":""},"_links":{"self":[{"href":"https:\/\/icar.cnrs.fr\/interfare\/wp-json\/wp\/v2\/pages\/7212"}],"collection":[{"href":"https:\/\/icar.cnrs.fr\/interfare\/wp-json\/wp\/v2\/pages"}],"about":[{"href":"https:\/\/icar.cnrs.fr\/interfare\/wp-json\/wp\/v2\/types\/page"}],"author":[{"embeddable":true,"href":"https:\/\/icar.cnrs.fr\/interfare\/wp-json\/wp\/v2\/users\/2"}],"replies":[{"embeddable":true,"href":"https:\/\/icar.cnrs.fr\/interfare\/wp-json\/wp\/v2\/comments?post=7212"}],"version-history":[{"count":13,"href":"https:\/\/icar.cnrs.fr\/interfare\/wp-json\/wp\/v2\/pages\/7212\/revisions"}],"predecessor-version":[{"id":8026,"href":"https:\/\/icar.cnrs.fr\/interfare\/wp-json\/wp\/v2\/pages\/7212\/revisions\/8026"}],"wp:attachment":[{"href":"https:\/\/icar.cnrs.fr\/interfare\/wp-json\/wp\/v2\/media?parent=7212"}],"curies":[{"name":"wp","href":"https:\/\/api.w.org\/{rel}","templated":true}]}}