{"id":7299,"date":"2024-02-23T19:01:29","date_gmt":"2024-02-23T18:01:29","guid":{"rendered":"http:\/\/icar.cnrs.fr\/interfare\/?page_id=7299"},"modified":"2024-04-26T17:03:42","modified_gmt":"2024-04-26T15:03:42","slug":"pour-commencer-chercher-ses-mots","status":"publish","type":"page","link":"https:\/\/icar.cnrs.fr\/interfare\/pour-commencer-chercher-ses-mots\/","title":{"rendered":"Pour commencer Chercher ses mots"},"content":{"rendered":"\t\t<div data-elementor-type=\"wp-page\" data-elementor-id=\"7299\" class=\"elementor elementor-7299\">\n\t\t\t\t\t\t\t\t\t<section class=\"elementor-section elementor-top-section elementor-element elementor-element-0649b63 elementor-section-boxed elementor-section-height-default elementor-section-height-default\" data-id=\"0649b63\" data-element_type=\"section\">\n\t\t\t\t\t\t<div class=\"elementor-container elementor-column-gap-default\">\n\t\t\t\t\t<div class=\"elementor-column elementor-col-100 elementor-top-column elementor-element elementor-element-d8ae570\" data-id=\"d8ae570\" data-element_type=\"column\">\n\t\t\t<div class=\"elementor-widget-wrap elementor-element-populated\">\n\t\t\t\t\t\t\t\t<div class=\"elementor-element elementor-element-224e67a elementor-widget elementor-widget-text-editor\" data-id=\"224e67a\" data-element_type=\"widget\" data-widget_type=\"text-editor.default\">\n\t\t\t\t<div class=\"elementor-widget-container\">\n\t\t\t<style>\/*! elementor - v3.6.0 - 21-03-2022 *\/\n.elementor-widget-text-editor.elementor-drop-cap-view-stacked .elementor-drop-cap{background-color:#818a91;color:#fff}.elementor-widget-text-editor.elementor-drop-cap-view-framed .elementor-drop-cap{color:#818a91;border:3px solid;background-color:transparent}.elementor-widget-text-editor:not(.elementor-drop-cap-view-default) .elementor-drop-cap{margin-top:8px}.elementor-widget-text-editor:not(.elementor-drop-cap-view-default) .elementor-drop-cap-letter{width:1em;height:1em}.elementor-widget-text-editor .elementor-drop-cap{float:left;text-align:center;line-height:1;font-size:50px}.elementor-widget-text-editor .elementor-drop-cap-letter{display:inline-block}<\/style>\t\t\t\t<p><a href=\"http:\/\/pour commencer\" data-wplink-url-error=\"true\">Pour commencer Les rubriques <\/a>&gt; Mieux s&rsquo;exprimer&gt; Chercher ses mots<\/p>\t\t\t\t\t\t<\/div>\n\t\t\t\t<\/div>\n\t\t\t\t\t<\/div>\n\t\t<\/div>\n\t\t\t\t\t\t\t<\/div>\n\t\t<\/section>\n\t\t\t\t<section class=\"elementor-section elementor-top-section elementor-element elementor-element-4bcef85 elementor-section-boxed elementor-section-height-default elementor-section-height-default\" data-id=\"4bcef85\" data-element_type=\"section\">\n\t\t\t\t\t\t<div class=\"elementor-container elementor-column-gap-default\">\n\t\t\t\t\t<div class=\"elementor-column elementor-col-100 elementor-top-column elementor-element elementor-element-4d84161\" data-id=\"4d84161\" data-element_type=\"column\">\n\t\t\t<div class=\"elementor-widget-wrap elementor-element-populated\">\n\t\t\t\t\t\t\t\t<div class=\"elementor-element elementor-element-2feb056 elementor-widget elementor-widget-heading\" data-id=\"2feb056\" data-element_type=\"widget\" data-widget_type=\"heading.default\">\n\t\t\t\t<div class=\"elementor-widget-container\">\n\t\t\t<style>\/*! elementor - v3.6.0 - 21-03-2022 *\/\n.elementor-heading-title{padding:0;margin:0;line-height:1}.elementor-widget-heading .elementor-heading-title[class*=elementor-size-]>a{color:inherit;font-size:inherit;line-height:inherit}.elementor-widget-heading .elementor-heading-title.elementor-size-small{font-size:15px}.elementor-widget-heading .elementor-heading-title.elementor-size-medium{font-size:19px}.elementor-widget-heading .elementor-heading-title.elementor-size-large{font-size:29px}.elementor-widget-heading .elementor-heading-title.elementor-size-xl{font-size:39px}.elementor-widget-heading .elementor-heading-title.elementor-size-xxl{font-size:59px}<\/style><h2 class=\"elementor-heading-title elementor-size-default\">Pour commencer : Chercher ses mots<\/h2>\t\t<\/div>\n\t\t\t\t<\/div>\n\t\t\t\t\t<\/div>\n\t\t<\/div>\n\t\t\t\t\t\t\t<\/div>\n\t\t<\/section>\n\t\t\t\t<section class=\"elementor-section elementor-top-section elementor-element elementor-element-86de472 elementor-section-boxed elementor-section-height-default elementor-section-height-default\" data-id=\"86de472\" data-element_type=\"section\">\n\t\t\t\t\t\t<div class=\"elementor-container elementor-column-gap-default\">\n\t\t\t\t\t<div class=\"elementor-column elementor-col-100 elementor-top-column elementor-element elementor-element-dd75f16\" data-id=\"dd75f16\" data-element_type=\"column\">\n\t\t\t<div class=\"elementor-widget-wrap elementor-element-populated\">\n\t\t\t\t\t\t\t\t<div class=\"elementor-element elementor-element-72d3cf1 elementor-widget elementor-widget-text-editor\" data-id=\"72d3cf1\" data-element_type=\"widget\" data-widget_type=\"text-editor.default\">\n\t\t\t\t<div class=\"elementor-widget-container\">\n\t\t\t\t\t\t\t<p>La recherche d&rsquo;un mot <strong>est fr\u00e9quente<\/strong> \u00e0 l&rsquo;oral et s&rsquo;organise en 3 \u00e9tapes :<\/p><ul><li><strong>amorce<\/strong> par un locuteur qui utilise un autre mot ou demande comment quelque chose s&rsquo;appelle<\/li><li><strong>une phase it\u00e9rative<\/strong> o\u00f9 le locuteur <strong>explique<\/strong> ce qu&rsquo;il veut dire et o\u00f9 les autres locuteurs vont faire des <strong>propositions de mots<\/strong>, c&rsquo;est une <strong>recherche collaborative<\/strong><\/li><li>le mot est trouv\u00e9, un ou plusieurs locuteurs le <strong>valident<\/strong><\/li><\/ul><p>Dans cette section <a href=\"https:\/\/icar.cnrs.fr\/interfare\/pour-commencer\/\"><strong>Pour commencer<\/strong><\/a>, nous allons d\u00e9tailler un exemple. Vous trouverez d\u2019autres exemples dans la rubrique compl\u00e8te <strong><a href=\"https:\/\/icar.cnrs.fr\/interfare\/chercher-ses-mots\/\">Chercher ses mots<\/a><\/strong><\/p>\t\t\t\t\t\t<\/div>\n\t\t\t\t<\/div>\n\t\t\t\t\t<\/div>\n\t\t<\/div>\n\t\t\t\t\t\t\t<\/div>\n\t\t<\/section>\n\t\t\t\t<section class=\"elementor-section elementor-top-section elementor-element elementor-element-8808437 elementor-section-stretched elementor-section-boxed elementor-section-height-default elementor-section-height-default\" data-id=\"8808437\" data-element_type=\"section\" data-settings=\"{&quot;stretch_section&quot;:&quot;section-stretched&quot;}\">\n\t\t\t\t\t\t<div class=\"elementor-container elementor-column-gap-default\">\n\t\t\t\t\t<div class=\"elementor-column elementor-col-20 elementor-top-column elementor-element elementor-element-f4424d6\" data-id=\"f4424d6\" data-element_type=\"column\">\n\t\t\t<div class=\"elementor-widget-wrap elementor-element-populated\">\n\t\t\t\t\t\t\t\t<div class=\"elementor-element elementor-element-1f56017 elementor-widget elementor-widget-heading\" data-id=\"1f56017\" data-element_type=\"widget\" data-widget_type=\"heading.default\">\n\t\t\t\t<div class=\"elementor-widget-container\">\n\t\t\t<h4 class=\"elementor-heading-title elementor-size-default\">Amorce <br>\n un mot manque<\/h4>\t\t<\/div>\n\t\t\t\t<\/div>\n\t\t\t\t\t<\/div>\n\t\t<\/div>\n\t\t\t\t<div class=\"elementor-column elementor-col-20 elementor-top-column elementor-element elementor-element-3e05b7b\" data-id=\"3e05b7b\" data-element_type=\"column\">\n\t\t\t<div class=\"elementor-widget-wrap elementor-element-populated\">\n\t\t\t\t\t\t\t\t<div class=\"elementor-element elementor-element-ac9c018 elementor-view-default elementor-widget elementor-widget-icon\" data-id=\"ac9c018\" data-element_type=\"widget\" data-widget_type=\"icon.default\">\n\t\t\t\t<div class=\"elementor-widget-container\">\n\t\t\t\t\t<div class=\"elementor-icon-wrapper\">\n\t\t\t<div class=\"elementor-icon\">\n\t\t\t<i aria-hidden=\"true\" class=\"fas fa-arrow-circle-right\"><\/i>\t\t\t<\/div>\n\t\t<\/div>\n\t\t\t\t<\/div>\n\t\t\t\t<\/div>\n\t\t\t\t\t<\/div>\n\t\t<\/div>\n\t\t\t\t<div class=\"elementor-column elementor-col-20 elementor-top-column elementor-element elementor-element-e8acd00\" data-id=\"e8acd00\" data-element_type=\"column\">\n\t\t\t<div class=\"elementor-widget-wrap elementor-element-populated\">\n\t\t\t\t\t\t\t\t<div class=\"elementor-element elementor-element-68a3b16 elementor-widget elementor-widget-heading\" data-id=\"68a3b16\" data-element_type=\"widget\" data-widget_type=\"heading.default\">\n\t\t\t\t<div class=\"elementor-widget-container\">\n\t\t\t<h4 class=\"elementor-heading-title elementor-size-default\">Phase it\u00e9rative de recherche<br>explication(s) et propositions<\/h4>\t\t<\/div>\n\t\t\t\t<\/div>\n\t\t\t\t\t<\/div>\n\t\t<\/div>\n\t\t\t\t<div class=\"elementor-column elementor-col-20 elementor-top-column elementor-element elementor-element-ad193ed\" data-id=\"ad193ed\" data-element_type=\"column\">\n\t\t\t<div class=\"elementor-widget-wrap elementor-element-populated\">\n\t\t\t\t\t\t\t\t<div class=\"elementor-element elementor-element-7074ac3 elementor-view-default elementor-widget elementor-widget-icon\" data-id=\"7074ac3\" data-element_type=\"widget\" data-widget_type=\"icon.default\">\n\t\t\t\t<div class=\"elementor-widget-container\">\n\t\t\t\t\t<div class=\"elementor-icon-wrapper\">\n\t\t\t<div class=\"elementor-icon\">\n\t\t\t<i aria-hidden=\"true\" class=\"fas fa-arrow-circle-right\"><\/i>\t\t\t<\/div>\n\t\t<\/div>\n\t\t\t\t<\/div>\n\t\t\t\t<\/div>\n\t\t\t\t\t<\/div>\n\t\t<\/div>\n\t\t\t\t<div class=\"elementor-column elementor-col-20 elementor-top-column elementor-element elementor-element-80f4691\" data-id=\"80f4691\" data-element_type=\"column\">\n\t\t\t<div class=\"elementor-widget-wrap elementor-element-populated\">\n\t\t\t\t\t\t\t\t<div class=\"elementor-element elementor-element-f40f867 elementor-widget elementor-widget-heading\" data-id=\"f40f867\" data-element_type=\"widget\" data-widget_type=\"heading.default\">\n\t\t\t\t<div class=\"elementor-widget-container\">\n\t\t\t<h2 class=\"elementor-heading-title elementor-size-default\">R\u00e9solution<br>le mot est valid\u00e9<\/h2>\t\t<\/div>\n\t\t\t\t<\/div>\n\t\t\t\t\t<\/div>\n\t\t<\/div>\n\t\t\t\t\t\t\t<\/div>\n\t\t<\/section>\n\t\t\t\t<section class=\"elementor-section elementor-top-section elementor-element elementor-element-50d18aa elementor-section-stretched elementor-section-boxed elementor-section-height-default elementor-section-height-default\" data-id=\"50d18aa\" data-element_type=\"section\" data-settings=\"{&quot;stretch_section&quot;:&quot;section-stretched&quot;}\">\n\t\t\t\t\t\t<div class=\"elementor-container elementor-column-gap-default\">\n\t\t\t\t\t<div class=\"elementor-column elementor-col-33 elementor-top-column elementor-element elementor-element-0a19089\" data-id=\"0a19089\" data-element_type=\"column\">\n\t\t\t<div class=\"elementor-widget-wrap elementor-element-populated\">\n\t\t\t\t\t\t\t\t<div class=\"elementor-element elementor-element-cadeaa3 elementor-widget elementor-widget-heading\" data-id=\"cadeaa3\" data-element_type=\"widget\" data-widget_type=\"heading.default\">\n\t\t\t\t<div class=\"elementor-widget-container\">\n\t\t\t<h4 class=\"elementor-heading-title elementor-size-default\">\nUn locuteur L\n\n<\/h4>\t\t<\/div>\n\t\t\t\t<\/div>\n\t\t\t\t\t<\/div>\n\t\t<\/div>\n\t\t\t\t<div class=\"elementor-column elementor-col-33 elementor-top-column elementor-element elementor-element-470ef31\" data-id=\"470ef31\" data-element_type=\"column\">\n\t\t\t<div class=\"elementor-widget-wrap elementor-element-populated\">\n\t\t\t\t\t\t\t\t<div class=\"elementor-element elementor-element-854e2ff elementor-widget elementor-widget-heading\" data-id=\"854e2ff\" data-element_type=\"widget\" data-widget_type=\"heading.default\">\n\t\t\t\t<div class=\"elementor-widget-container\">\n\t\t\t<h2 class=\"elementor-heading-title elementor-size-default\">Plusieurs locteurs : travail collaboratif<\/h2>\t\t<\/div>\n\t\t\t\t<\/div>\n\t\t\t\t\t<\/div>\n\t\t<\/div>\n\t\t\t\t<div class=\"elementor-column elementor-col-33 elementor-top-column elementor-element elementor-element-188cc0d\" data-id=\"188cc0d\" data-element_type=\"column\">\n\t\t\t<div class=\"elementor-widget-wrap elementor-element-populated\">\n\t\t\t\t\t\t\t\t<div class=\"elementor-element elementor-element-553dbb4 elementor-widget elementor-widget-heading\" data-id=\"553dbb4\" data-element_type=\"widget\" data-widget_type=\"heading.default\">\n\t\t\t\t<div class=\"elementor-widget-container\">\n\t\t\t<h4 class=\"elementor-heading-title elementor-size-default\">Le locuteur L repris parfois par un autre locuteur<\/h4>\t\t<\/div>\n\t\t\t\t<\/div>\n\t\t\t\t\t<\/div>\n\t\t<\/div>\n\t\t\t\t\t\t\t<\/div>\n\t\t<\/section>\n\t\t\t\t<section class=\"elementor-section elementor-top-section elementor-element elementor-element-60e39b9 elementor-section-stretched elementor-section-boxed elementor-section-height-default elementor-section-height-default\" data-id=\"60e39b9\" data-element_type=\"section\" data-settings=\"{&quot;stretch_section&quot;:&quot;section-stretched&quot;}\">\n\t\t\t\t\t\t<div class=\"elementor-container elementor-column-gap-default\">\n\t\t\t\t\t<div class=\"elementor-column elementor-col-25 elementor-top-column elementor-element elementor-element-bbde153\" data-id=\"bbde153\" data-element_type=\"column\" data-settings=\"{&quot;background_background&quot;:&quot;classic&quot;}\">\n\t\t\t<div class=\"elementor-widget-wrap elementor-element-populated\">\n\t\t\t\t\t\t\t\t<div class=\"elementor-element elementor-element-d464655 elementor-widget__width-initial elementor-widget elementor-widget-text-editor\" data-id=\"d464655\" data-element_type=\"widget\" data-widget_type=\"text-editor.default\">\n\t\t\t\t<div class=\"elementor-widget-container\">\n\t\t\t\t\t\t\t<p><span class=\"textstyle16\">Question \u00e0 un locuteur sur une d\u00e9finition<\/span>\u00a0<\/p>\t\t\t\t\t\t<\/div>\n\t\t\t\t<\/div>\n\t\t\t\t<div class=\"elementor-element elementor-element-b96b5ba elementor-widget__width-initial elementor-widget elementor-widget-image\" data-id=\"b96b5ba\" data-element_type=\"widget\" data-widget_type=\"image.default\">\n\t\t\t\t<div class=\"elementor-widget-container\">\n\t\t\t<style>\/*! elementor - v3.6.0 - 21-03-2022 *\/\n.elementor-widget-image{text-align:center}.elementor-widget-image a{display:inline-block}.elementor-widget-image a img[src$=\".svg\"]{width:48px}.elementor-widget-image img{vertical-align:middle;display:inline-block}<\/style>\t\t\t\t\t\t\t\t\t\t\t\t\t<a href=\"https:\/\/icar.cnrs.fr\/interfare\/debut-association-scolaire\/\" target=\"_blank\">\n\t\t\t\t\t\t\t<img loading=\"lazy\" decoding=\"async\" width=\"38\" height=\"35\" src=\"https:\/\/icar.cnrs.fr\/interfare\/wp-content\/uploads\/audio-e1645197811992.png\" class=\"attachment-large size-large\" alt=\"\" \/>\t\t\t\t\t\t\t\t<\/a>\n\t\t\t\t\t\t\t\t\t\t\t\t\t\t\t<\/div>\n\t\t\t\t<\/div>\n\t\t\t\t<div class=\"elementor-element elementor-element-8b3d149 elementor-widget elementor-widget-text-editor\" data-id=\"8b3d149\" data-element_type=\"widget\" data-widget_type=\"text-editor.default\">\n\t\t\t\t<div class=\"elementor-widget-container\">\n\t\t\t\t\t\t\t<p><a href=\"https:\/\/icar.cnrs.fr\/interfare\/pour-commencer-chercher-ses-mots-agora\"><i><b><span class=\"textstyle17\"><span class=\"textstyle23\">\u00ab<\/span>qu&rsquo;est-ce que tu appelles une agora<span class=\"textstyle23\">\u00bb<\/span><\/span><\/b><\/i><\/a><\/p><p>(Menuiserie)<\/p>\t\t\t\t\t\t<\/div>\n\t\t\t\t<\/div>\n\t\t\t\t\t<\/div>\n\t\t<\/div>\n\t\t\t\t<div class=\"elementor-column elementor-col-25 elementor-top-column elementor-element elementor-element-bcabf1b\" data-id=\"bcabf1b\" data-element_type=\"column\" data-settings=\"{&quot;background_background&quot;:&quot;classic&quot;}\">\n\t\t\t<div class=\"elementor-widget-wrap elementor-element-populated\">\n\t\t\t\t\t\t\t\t<div class=\"elementor-element elementor-element-1104148 elementor-widget__width-initial elementor-widget elementor-widget-text-editor\" data-id=\"1104148\" data-element_type=\"widget\" data-widget_type=\"text-editor.default\">\n\t\t\t\t<div class=\"elementor-widget-container\">\n\t\t\t\t\t\t\t<p><span class=\"textstyle21\"><span class=\"textstyle2\"><span class=\"textstyle16\">Alternative par comparaison<\/span><\/span><\/span><\/p>\t\t\t\t\t\t<\/div>\n\t\t\t\t<\/div>\n\t\t\t\t<div class=\"elementor-element elementor-element-076a60e elementor-widget__width-initial elementor-widget elementor-widget-image\" data-id=\"076a60e\" data-element_type=\"widget\" data-widget_type=\"image.default\">\n\t\t\t\t<div class=\"elementor-widget-container\">\n\t\t\t\t\t\t\t\t\t\t\t\t\t\t\t<img loading=\"lazy\" decoding=\"async\" width=\"38\" height=\"35\" src=\"https:\/\/icar.cnrs.fr\/interfare\/wp-content\/uploads\/audio-e1645197811992.png\" class=\"attachment-large size-large\" alt=\"\" \/>\t\t\t\t\t\t\t\t\t\t\t\t\t\t\t<\/div>\n\t\t\t\t<\/div>\n\t\t\t\t<div class=\"elementor-element elementor-element-d1b7e84 elementor-widget elementor-widget-text-editor\" data-id=\"d1b7e84\" data-element_type=\"widget\" data-widget_type=\"text-editor.default\">\n\t\t\t\t<div class=\"elementor-widget-container\">\n\t\t\t\t\t\t\t<p><em>\u00ab<\/em><em><strong><a href=\"https:\/\/icar.cnrs.fr\/interfare\/pour-commencer-chercher-ses-mots-agora\"><span class=\"textstyle20\">bah c&rsquo;est le m\u00eame mais en bois et plus petit<\/span><\/a>\u00bb<\/strong><\/em><\/p><p><span class=\"textstyle24\">(Menuiserie)<\/span><\/p>\t\t\t\t\t\t<\/div>\n\t\t\t\t<\/div>\n\t\t\t\t\t<\/div>\n\t\t<\/div>\n\t\t\t\t<div class=\"elementor-column elementor-col-25 elementor-top-column elementor-element elementor-element-5ee157c\" data-id=\"5ee157c\" data-element_type=\"column\" data-settings=\"{&quot;background_background&quot;:&quot;classic&quot;}\">\n\t\t\t<div class=\"elementor-widget-wrap elementor-element-populated\">\n\t\t\t\t\t\t\t\t<div class=\"elementor-element elementor-element-96d5d2c elementor-widget__width-initial elementor-widget elementor-widget-text-editor\" data-id=\"96d5d2c\" data-element_type=\"widget\" data-widget_type=\"text-editor.default\">\n\t\t\t\t<div class=\"elementor-widget-container\">\n\t\t\t\t\t\t\t<p><span class=\"textstyle21\"><span class=\"textstyle16\">Autre proposition<\/span><\/span><\/p>\t\t\t\t\t\t<\/div>\n\t\t\t\t<\/div>\n\t\t\t\t<div class=\"elementor-element elementor-element-1852236 elementor-widget__width-initial elementor-widget elementor-widget-image\" data-id=\"1852236\" data-element_type=\"widget\" data-widget_type=\"image.default\">\n\t\t\t\t<div class=\"elementor-widget-container\">\n\t\t\t\t\t\t\t\t\t\t\t\t\t\t\t<img decoding=\"async\" src=\"https:\/\/icar.cnrs.fr\/interfare\/wp-content\/uploads\/audio-e1645197811992.png\" title=\"audio\" alt=\"audio\" \/>\t\t\t\t\t\t\t\t\t\t\t\t\t\t\t<\/div>\n\t\t\t\t<\/div>\n\t\t\t\t<div class=\"elementor-element elementor-element-ddb268b elementor-widget elementor-widget-text-editor\" data-id=\"ddb268b\" data-element_type=\"widget\" data-widget_type=\"text-editor.default\">\n\t\t\t\t<div class=\"elementor-widget-container\">\n\t\t\t\t\t\t\t<p><em><span class=\"textstyle23\">\u00ab <\/span><\/em><span class=\"textstyle22\"><a href=\"https:\/\/icar.cnrs.fr\/interfare\/pour-commencer-chercher-ses-mots-agora\"><span class=\"textstyle20\">bah c&rsquo;est un amphith\u00e9\u00e2tre \u00e7a<\/span><\/a>\u00bb<\/span><\/p><p><span class=\"textstyle24\">(Menuiserie)<\/span><\/p>\t\t\t\t\t\t<\/div>\n\t\t\t\t<\/div>\n\t\t\t\t\t<\/div>\n\t\t<\/div>\n\t\t\t\t<div class=\"elementor-column elementor-col-25 elementor-top-column elementor-element elementor-element-cd00c38\" data-id=\"cd00c38\" data-element_type=\"column\" data-settings=\"{&quot;background_background&quot;:&quot;classic&quot;}\">\n\t\t\t<div class=\"elementor-widget-wrap elementor-element-populated\">\n\t\t\t\t\t\t\t\t<div class=\"elementor-element elementor-element-6e839a1 elementor-widget__width-initial elementor-widget elementor-widget-text-editor\" data-id=\"6e839a1\" data-element_type=\"widget\" data-widget_type=\"text-editor.default\">\n\t\t\t\t<div class=\"elementor-widget-container\">\n\t\t\t\t\t\t\t<p><span class=\"textstyle21\"><span class=\"textstyle16\">Marqueur \u00ab\u00a0voil\u00e0\u00a0\u00bb<\/span><span class=\"textstyle2\"><br \/><\/span><\/span><\/p>\t\t\t\t\t\t<\/div>\n\t\t\t\t<\/div>\n\t\t\t\t<div class=\"elementor-element elementor-element-909eac9 elementor-widget__width-initial elementor-widget elementor-widget-image\" data-id=\"909eac9\" data-element_type=\"widget\" data-widget_type=\"image.default\">\n\t\t\t\t<div class=\"elementor-widget-container\">\n\t\t\t\t\t\t\t\t\t\t\t\t\t\t\t<img decoding=\"async\" src=\"https:\/\/icar.cnrs.fr\/interfare\/wp-content\/uploads\/audio-e1645197811992.png\" title=\"audio\" alt=\"audio\" \/>\t\t\t\t\t\t\t\t\t\t\t\t\t\t\t<\/div>\n\t\t\t\t<\/div>\n\t\t\t\t<div class=\"elementor-element elementor-element-c241ebf elementor-widget elementor-widget-text-editor\" data-id=\"c241ebf\" data-element_type=\"widget\" data-widget_type=\"text-editor.default\">\n\t\t\t\t<div class=\"elementor-widget-container\">\n\t\t\t\t\t\t\t<p><em><span class=\"textstyle23\">\u00ab<\/span><\/em><span class=\"textstyle22\"><a href=\"https:\/\/icar.cnrs.fr\/interfare\/pour-commencer-chercher-ses-mots-agora\"><span class=\"textstyle20\">voil\u00e0 \u00e7a ressemble \u00e0 \u00e7a<\/span><\/a>\u00bb<\/span><\/p><p><span class=\"textstyle24\">(Menuiserie)<\/span><\/p>\t\t\t\t\t\t<\/div>\n\t\t\t\t<\/div>\n\t\t\t\t\t<\/div>\n\t\t<\/div>\n\t\t\t\t\t\t\t<\/div>\n\t\t<\/section>\n\t\t\t\t<section class=\"elementor-section elementor-top-section elementor-element elementor-element-3f44319 elementor-section-boxed elementor-section-height-default elementor-section-height-default\" data-id=\"3f44319\" data-element_type=\"section\">\n\t\t\t\t\t\t<div class=\"elementor-container elementor-column-gap-default\">\n\t\t\t\t\t<div class=\"elementor-column elementor-col-100 elementor-top-column elementor-element elementor-element-2e98469\" data-id=\"2e98469\" data-element_type=\"column\">\n\t\t\t<div class=\"elementor-widget-wrap elementor-element-populated\">\n\t\t\t\t\t\t\t\t<div class=\"elementor-element elementor-element-c0262b5 elementor-button-info elementor-align-left elementor-widget__width-inherit elementor-widget elementor-widget-button\" data-id=\"c0262b5\" data-element_type=\"widget\" data-widget_type=\"button.default\">\n\t\t\t\t<div class=\"elementor-widget-container\">\n\t\t\t\t\t<div class=\"elementor-button-wrapper\">\n\t\t\t<a href=\"https:\/\/icar.cnrs.fr\/interfare\/pour-commencer-chercher-ses-mots-exercices\/\" target=\"_blank\" class=\"elementor-button-link elementor-button elementor-size-sm\" role=\"button\">\n\t\t\t\t\t\t<span class=\"elementor-button-content-wrapper\">\n\t\t\t\t\t\t<span class=\"elementor-button-text\">Les exercices : \u00e0 vous de jouer !<\/span>\n\t\t<\/span>\n\t\t\t\t\t<\/a>\n\t\t<\/div>\n\t\t\t\t<\/div>\n\t\t\t\t<\/div>\n\t\t\t\t\t<\/div>\n\t\t<\/div>\n\t\t\t\t\t\t\t<\/div>\n\t\t<\/section>\n\t\t\t\t\t\t\t<\/div>\n\t\t","protected":false},"excerpt":{"rendered":"<p>Pour commencer Les rubriques &gt; Mieux s&rsquo;exprimer&gt; Chercher ses mots Pour commencer : Chercher ses mots La recherche d&rsquo;un mot est fr\u00e9quente \u00e0 l&rsquo;oral et s&rsquo;organise en 3 \u00e9tapes : amorce par un locuteur qui utilise un autre mot ou demande comment quelque chose s&rsquo;appelle une phase it\u00e9rative o\u00f9 le locuteur explique ce qu&rsquo;il veut [&hellip;]<\/p>\n","protected":false},"author":2,"featured_media":0,"parent":0,"menu_order":0,"comment_status":"closed","ping_status":"closed","template":"","meta":{"footnotes":""},"_links":{"self":[{"href":"https:\/\/icar.cnrs.fr\/interfare\/wp-json\/wp\/v2\/pages\/7299"}],"collection":[{"href":"https:\/\/icar.cnrs.fr\/interfare\/wp-json\/wp\/v2\/pages"}],"about":[{"href":"https:\/\/icar.cnrs.fr\/interfare\/wp-json\/wp\/v2\/types\/page"}],"author":[{"embeddable":true,"href":"https:\/\/icar.cnrs.fr\/interfare\/wp-json\/wp\/v2\/users\/2"}],"replies":[{"embeddable":true,"href":"https:\/\/icar.cnrs.fr\/interfare\/wp-json\/wp\/v2\/comments?post=7299"}],"version-history":[{"count":19,"href":"https:\/\/icar.cnrs.fr\/interfare\/wp-json\/wp\/v2\/pages\/7299\/revisions"}],"predecessor-version":[{"id":8101,"href":"https:\/\/icar.cnrs.fr\/interfare\/wp-json\/wp\/v2\/pages\/7299\/revisions\/8101"}],"wp:attachment":[{"href":"https:\/\/icar.cnrs.fr\/interfare\/wp-json\/wp\/v2\/media?parent=7299"}],"curies":[{"name":"wp","href":"https:\/\/api.w.org\/{rel}","templated":true}]}}