{"id":7322,"date":"2024-02-27T16:46:52","date_gmt":"2024-02-27T15:46:52","guid":{"rendered":"http:\/\/icar.cnrs.fr\/interfare\/?page_id=7322"},"modified":"2024-08-20T15:20:21","modified_gmt":"2024-08-20T13:20:21","slug":"pour-commencer-faire-reference-au-temps","status":"publish","type":"page","link":"https:\/\/icar.cnrs.fr\/interfare\/pour-commencer-faire-reference-au-temps\/","title":{"rendered":"Pour commencer Faire r\u00e9f\u00e9rence au temps"},"content":{"rendered":"\t\t<div data-elementor-type=\"wp-page\" data-elementor-id=\"7322\" class=\"elementor elementor-7322\">\n\t\t\t\t\t\t\t\t\t<section class=\"elementor-section elementor-top-section elementor-element elementor-element-7a11a69a elementor-section-boxed elementor-section-height-default elementor-section-height-default\" data-id=\"7a11a69a\" data-element_type=\"section\">\n\t\t\t\t\t\t<div class=\"elementor-container elementor-column-gap-default\">\n\t\t\t\t\t<div class=\"elementor-column elementor-col-100 elementor-top-column elementor-element elementor-element-6f84f57\" data-id=\"6f84f57\" data-element_type=\"column\">\n\t\t\t<div class=\"elementor-widget-wrap elementor-element-populated\">\n\t\t\t\t\t\t\t\t<div class=\"elementor-element elementor-element-336c67e elementor-widget__width-initial elementor-widget elementor-widget-text-editor\" data-id=\"336c67e\" data-element_type=\"widget\" data-widget_type=\"text-editor.default\">\n\t\t\t\t<div class=\"elementor-widget-container\">\n\t\t\t<style>\/*! elementor - v3.6.0 - 21-03-2022 *\/\n.elementor-widget-text-editor.elementor-drop-cap-view-stacked .elementor-drop-cap{background-color:#818a91;color:#fff}.elementor-widget-text-editor.elementor-drop-cap-view-framed .elementor-drop-cap{color:#818a91;border:3px solid;background-color:transparent}.elementor-widget-text-editor:not(.elementor-drop-cap-view-default) .elementor-drop-cap{margin-top:8px}.elementor-widget-text-editor:not(.elementor-drop-cap-view-default) .elementor-drop-cap-letter{width:1em;height:1em}.elementor-widget-text-editor .elementor-drop-cap{float:left;text-align:center;line-height:1;font-size:50px}.elementor-widget-text-editor .elementor-drop-cap-letter{display:inline-block}<\/style>\t\t\t\t<p><span style=\"color: #0505f7;\"><a href=\"https:\/\/icar.cnrs.fr\/interfare\/pour-commencer\/\">Pour commencer :\u00a0 Les rubriques<\/a> &gt; Faire r\u00e9f\u00e9rence<\/span><\/p>\t\t\t\t\t\t<\/div>\n\t\t\t\t<\/div>\n\t\t\t\t\t<\/div>\n\t\t<\/div>\n\t\t\t\t\t\t\t<\/div>\n\t\t<\/section>\n\t\t\t\t<section class=\"elementor-section elementor-top-section elementor-element elementor-element-678b434a elementor-section-boxed elementor-section-height-default elementor-section-height-default\" data-id=\"678b434a\" data-element_type=\"section\">\n\t\t\t\t\t\t<div class=\"elementor-container elementor-column-gap-default\">\n\t\t\t\t\t<div class=\"elementor-column elementor-col-100 elementor-top-column elementor-element elementor-element-1752cd09\" data-id=\"1752cd09\" data-element_type=\"column\">\n\t\t\t<div class=\"elementor-widget-wrap elementor-element-populated\">\n\t\t\t\t\t\t\t\t<div class=\"elementor-element elementor-element-73e8405f elementor-widget elementor-widget-heading\" data-id=\"73e8405f\" data-element_type=\"widget\" data-widget_type=\"heading.default\">\n\t\t\t\t<div class=\"elementor-widget-container\">\n\t\t\t<style>\/*! elementor - v3.6.0 - 21-03-2022 *\/\n.elementor-heading-title{padding:0;margin:0;line-height:1}.elementor-widget-heading .elementor-heading-title[class*=elementor-size-]>a{color:inherit;font-size:inherit;line-height:inherit}.elementor-widget-heading .elementor-heading-title.elementor-size-small{font-size:15px}.elementor-widget-heading .elementor-heading-title.elementor-size-medium{font-size:19px}.elementor-widget-heading .elementor-heading-title.elementor-size-large{font-size:29px}.elementor-widget-heading .elementor-heading-title.elementor-size-xl{font-size:39px}.elementor-widget-heading .elementor-heading-title.elementor-size-xxl{font-size:59px}<\/style><h2 class=\"elementor-heading-title elementor-size-default\"><span>Pour commencer : Faire r\u00e9f\u00e9rence au temps : date, d\u00e9lai, planning ...<\/span><\/h2>\t\t<\/div>\n\t\t\t\t<\/div>\n\t\t\t\t\t<\/div>\n\t\t<\/div>\n\t\t\t\t\t\t\t<\/div>\n\t\t<\/section>\n\t\t\t\t<section class=\"elementor-section elementor-top-section elementor-element elementor-element-1f9b28e elementor-section-boxed elementor-section-height-default elementor-section-height-default\" data-id=\"1f9b28e\" data-element_type=\"section\">\n\t\t\t\t\t\t<div class=\"elementor-container elementor-column-gap-default\">\n\t\t\t\t\t<div class=\"elementor-column elementor-col-100 elementor-top-column elementor-element elementor-element-2d359a04\" data-id=\"2d359a04\" data-element_type=\"column\">\n\t\t\t<div class=\"elementor-widget-wrap elementor-element-populated\">\n\t\t\t\t\t\t\t\t<div class=\"elementor-element elementor-element-537c862 elementor-widget elementor-widget-text-editor\" data-id=\"537c862\" data-element_type=\"widget\" data-widget_type=\"text-editor.default\">\n\t\t\t\t<div class=\"elementor-widget-container\">\n\t\t\t\t\t\t\t<p><b>La r\u00e9f\u00e9rence : <\/b>on fait r\u00e9f\u00e9rence \u00e0 une date ou \u00e0 un d\u00e9lai pour organiser les t\u00e2ches \u00e0 faire, si certains rep\u00e8res sont explicites d&rsquo;autres vont d\u00e9pendre du contexte, par exemple \u00ab\u00a0lundi\u00a0\u00bb pourra signifier \u00ab\u00a0lundi prochain\u00a0\u00bb,\u00a0 \u00ab\u00a0lundi dernier\u00a0\u00bb ou bien \u00ab\u00a0tous les lundis\u00a0\u00bb<\/p><p><b>Echelle du plus pr\u00e9cis au plus vague<\/b><br \/>Les r\u00e9f\u00e9rences au temps sont repr\u00e9sent\u00e9es sur une \u00e9chelle du plus pr\u00e9cis au plus vague :<\/p><ul><li><b>pr\u00e9cis<\/b> : sans ambiguit\u00e9 avec une heure ou une date pr\u00e9cise<\/li><li><b>relatif<\/b> : par rapport \u00e0 un autre \u00e9v\u00e8nement ou \u00e0 la date actuelle<\/li><li><b>vague<\/b> : sans valeur absolue ou\u00a0 relative \u00ab\u00a0\u00e0 un moment donn\u00e9\u00a0\u00bb<\/li><\/ul><p>Vous trouverez d\u2019autres exemples dans la rubrique compl\u00e8te <strong><a href=\"https:\/\/icar.cnrs.fr\/interfare\/faire-reference-au-temps\/\">Faire r\u00e9f\u00e9rence au temps<\/a><\/strong><\/p>\t\t\t\t\t\t<\/div>\n\t\t\t\t<\/div>\n\t\t\t\t\t<\/div>\n\t\t<\/div>\n\t\t\t\t\t\t\t<\/div>\n\t\t<\/section>\n\t\t\t\t<section class=\"elementor-section elementor-top-section elementor-element elementor-element-1d669bd elementor-section-stretched elementor-section-boxed elementor-section-height-default elementor-section-height-default\" data-id=\"1d669bd\" data-element_type=\"section\" data-settings=\"{&quot;stretch_section&quot;:&quot;section-stretched&quot;}\">\n\t\t\t\t\t\t<div class=\"elementor-container elementor-column-gap-default\">\n\t\t\t\t\t<div class=\"elementor-column elementor-col-33 elementor-top-column elementor-element elementor-element-2cb20d50\" data-id=\"2cb20d50\" data-element_type=\"column\">\n\t\t\t<div class=\"elementor-widget-wrap elementor-element-populated\">\n\t\t\t\t\t\t\t\t<div class=\"elementor-element elementor-element-63b04cfb elementor-widget__width-initial elementor-widget elementor-widget-heading\" data-id=\"63b04cfb\" data-element_type=\"widget\" data-widget_type=\"heading.default\">\n\t\t\t\t<div class=\"elementor-widget-container\">\n\t\t\t<h4 class=\"elementor-heading-title elementor-size-default\">Rep\u00e8re pr\u00e9cis <\/h4>\t\t<\/div>\n\t\t\t\t<\/div>\n\t\t\t\t\t<\/div>\n\t\t<\/div>\n\t\t\t\t<div class=\"elementor-column elementor-col-33 elementor-top-column elementor-element elementor-element-538ecf40\" data-id=\"538ecf40\" data-element_type=\"column\">\n\t\t\t<div class=\"elementor-widget-wrap\">\n\t\t\t\t\t\t\t\t\t<\/div>\n\t\t<\/div>\n\t\t\t\t<div class=\"elementor-column elementor-col-33 elementor-top-column elementor-element elementor-element-45a49e2\" data-id=\"45a49e2\" data-element_type=\"column\">\n\t\t\t<div class=\"elementor-widget-wrap elementor-element-populated\">\n\t\t\t\t\t\t\t\t<div class=\"elementor-element elementor-element-a9e45c8 elementor-widget elementor-widget-heading\" data-id=\"a9e45c8\" data-element_type=\"widget\" data-widget_type=\"heading.default\">\n\t\t\t\t<div class=\"elementor-widget-container\">\n\t\t\t<h2 class=\"elementor-heading-title elementor-size-default\">Rep\u00e8re vague <\/h2>\t\t<\/div>\n\t\t\t\t<\/div>\n\t\t\t\t\t<\/div>\n\t\t<\/div>\n\t\t\t\t\t\t\t<\/div>\n\t\t<\/section>\n\t\t\t\t<section class=\"elementor-section elementor-top-section elementor-element elementor-element-4c629efd elementor-section-stretched elementor-section-boxed elementor-section-height-default elementor-section-height-default\" data-id=\"4c629efd\" data-element_type=\"section\" data-settings=\"{&quot;stretch_section&quot;:&quot;section-stretched&quot;}\">\n\t\t\t\t\t\t<div class=\"elementor-container elementor-column-gap-default\">\n\t\t\t\t\t<div class=\"elementor-column elementor-col-20 elementor-top-column elementor-element elementor-element-3544d6f5\" data-id=\"3544d6f5\" data-element_type=\"column\">\n\t\t\t<div class=\"elementor-widget-wrap elementor-element-populated\">\n\t\t\t\t\t\t\t\t<div class=\"elementor-element elementor-element-6f69d873 elementor-widget elementor-widget-heading\" data-id=\"6f69d873\" data-element_type=\"widget\" data-widget_type=\"heading.default\">\n\t\t\t\t<div class=\"elementor-widget-container\">\n\t\t\t<h4 class=\"elementor-heading-title elementor-size-default\">Moment pr\u00e9cis \n heure \/ jour \/ semaine\n\n<\/h4>\t\t<\/div>\n\t\t\t\t<\/div>\n\t\t\t\t\t<\/div>\n\t\t<\/div>\n\t\t\t\t<div class=\"elementor-column elementor-col-20 elementor-top-column elementor-element elementor-element-995f348\" data-id=\"995f348\" data-element_type=\"column\">\n\t\t\t<div class=\"elementor-widget-wrap elementor-element-populated\">\n\t\t\t\t\t\t\t\t<div class=\"elementor-element elementor-element-eb6a7d3 elementor-widget elementor-widget-heading\" data-id=\"eb6a7d3\" data-element_type=\"widget\" data-widget_type=\"heading.default\">\n\t\t\t\t<div class=\"elementor-widget-container\">\n\t\t\t<h4 class=\"elementor-heading-title elementor-size-default\">Fr\u00e9quence  r\u00e9guli\u00e8re\n\n<\/h4>\t\t<\/div>\n\t\t\t\t<\/div>\n\t\t\t\t\t<\/div>\n\t\t<\/div>\n\t\t\t\t<div class=\"elementor-column elementor-col-20 elementor-top-column elementor-element elementor-element-b2d6dcc\" data-id=\"b2d6dcc\" data-element_type=\"column\">\n\t\t\t<div class=\"elementor-widget-wrap elementor-element-populated\">\n\t\t\t\t\t\t\t\t<div class=\"elementor-element elementor-element-530f2bcd elementor-widget elementor-widget-heading\" data-id=\"530f2bcd\" data-element_type=\"widget\" data-widget_type=\"heading.default\">\n\t\t\t\t<div class=\"elementor-widget-container\">\n\t\t\t<h4 class=\"elementor-heading-title elementor-size-default\">Intervalles born\u00e9s\n(date limite)<\/h4>\t\t<\/div>\n\t\t\t\t<\/div>\n\t\t\t\t\t<\/div>\n\t\t<\/div>\n\t\t\t\t<div class=\"elementor-column elementor-col-20 elementor-top-column elementor-element elementor-element-45057044\" data-id=\"45057044\" data-element_type=\"column\">\n\t\t\t<div class=\"elementor-widget-wrap elementor-element-populated\">\n\t\t\t\t\t\t\t\t<div class=\"elementor-element elementor-element-b0e08cd elementor-widget elementor-widget-heading\" data-id=\"b0e08cd\" data-element_type=\"widget\" data-widget_type=\"heading.default\">\n\t\t\t\t<div class=\"elementor-widget-container\">\n\t\t\t<h2 class=\"elementor-heading-title elementor-size-default\">Intervalles non born\u00e9s\n(d\u00e9but sans fin)\n<\/h2>\t\t<\/div>\n\t\t\t\t<\/div>\n\t\t\t\t\t<\/div>\n\t\t<\/div>\n\t\t\t\t<div class=\"elementor-column elementor-col-20 elementor-top-column elementor-element elementor-element-142884df\" data-id=\"142884df\" data-element_type=\"column\">\n\t\t\t<div class=\"elementor-widget-wrap elementor-element-populated\">\n\t\t\t\t\t\t\t\t<div class=\"elementor-element elementor-element-632ba7a elementor-widget elementor-widget-heading\" data-id=\"632ba7a\" data-element_type=\"widget\" data-widget_type=\"heading.default\">\n\t\t\t\t<div class=\"elementor-widget-container\">\n\t\t\t<h2 class=\"elementor-heading-title elementor-size-default\">Incertitude<br\/>\n (pas de rep\u00e8re)<\/h2>\t\t<\/div>\n\t\t\t\t<\/div>\n\t\t\t\t\t<\/div>\n\t\t<\/div>\n\t\t\t\t\t\t\t<\/div>\n\t\t<\/section>\n\t\t\t\t<section class=\"elementor-section elementor-top-section elementor-element elementor-element-2e4fbf54 elementor-section-stretched elementor-section-boxed elementor-section-height-default elementor-section-height-default\" data-id=\"2e4fbf54\" data-element_type=\"section\" data-settings=\"{&quot;stretch_section&quot;:&quot;section-stretched&quot;}\">\n\t\t\t\t\t\t<div class=\"elementor-container elementor-column-gap-default\">\n\t\t\t\t\t<div class=\"elementor-column elementor-col-20 elementor-top-column elementor-element elementor-element-70c287b7\" data-id=\"70c287b7\" data-element_type=\"column\" data-settings=\"{&quot;background_background&quot;:&quot;classic&quot;}\">\n\t\t\t<div class=\"elementor-widget-wrap elementor-element-populated\">\n\t\t\t\t\t\t\t\t<div class=\"elementor-element elementor-element-51759d5a elementor-widget__width-initial elementor-widget elementor-widget-text-editor\" data-id=\"51759d5a\" data-element_type=\"widget\" data-widget_type=\"text-editor.default\">\n\t\t\t\t<div class=\"elementor-widget-container\">\n\t\t\t\t\t\t\t<p><span class=\"textstyle21\"><span class=\"textstyle18\">Jour pr\u00e9cis : \u00ab\u00a0lundi\u00a0\u00bb signifie lundi prochain<\/span><span class=\"textstyle16\"><br \/><\/span><\/span><\/p><p>\u00a0<\/p><p>\u00a0<\/p><p><span class=\"textstyle21\">\u00a0<\/span><\/p><div>\u00a0<\/div><div>\u00a0<\/div>\t\t\t\t\t\t<\/div>\n\t\t\t\t<\/div>\n\t\t\t\t<div class=\"elementor-element elementor-element-1eceb055 elementor-widget__width-initial elementor-widget elementor-widget-image\" data-id=\"1eceb055\" data-element_type=\"widget\" data-widget_type=\"image.default\">\n\t\t\t\t<div class=\"elementor-widget-container\">\n\t\t\t<style>\/*! elementor - v3.6.0 - 21-03-2022 *\/\n.elementor-widget-image{text-align:center}.elementor-widget-image a{display:inline-block}.elementor-widget-image a img[src$=\".svg\"]{width:48px}.elementor-widget-image img{vertical-align:middle;display:inline-block}<\/style>\t\t\t\t\t\t\t\t\t\t\t\t\t<a href=\"https:\/\/icar.cnrs.fr\/interfare\/temps-menuiserie-lundi\/\">\n\t\t\t\t\t\t\t<img decoding=\"async\" src=\"https:\/\/icar.cnrs.fr\/interfare\/wp-content\/uploads\/audio-e1645197811992.png\" title=\"audio\" alt=\"audio\" \/>\t\t\t\t\t\t\t\t<\/a>\n\t\t\t\t\t\t\t\t\t\t\t\t\t\t\t<\/div>\n\t\t\t\t<\/div>\n\t\t\t\t<div class=\"elementor-element elementor-element-42821d06 elementor-widget elementor-widget-text-editor\" data-id=\"42821d06\" data-element_type=\"widget\" data-widget_type=\"text-editor.default\">\n\t\t\t\t<div class=\"elementor-widget-container\">\n\t\t\t\t\t\t\t<p><em><span class=\"textstyle22\"><a href=\"https:\/\/icar.cnrs.fr\/interfare\/pour-commencer-temps-menuiserie-lundi\">\u00ab\u00a0euh donc <strong>lundi on envoie\u00a0\u00bb<\/strong><\/a><\/span><\/em><span class=\"textstyle16\"><br \/><\/span><span class=\"textstyle20\">(Menuiserie )<\/span><span class=\"textstyle21\"><br \/><\/span><\/p>\t\t\t\t\t\t<\/div>\n\t\t\t\t<\/div>\n\t\t\t\t\t<\/div>\n\t\t<\/div>\n\t\t\t\t<div class=\"elementor-column elementor-col-20 elementor-top-column elementor-element elementor-element-5a3bacf\" data-id=\"5a3bacf\" data-element_type=\"column\" data-settings=\"{&quot;background_background&quot;:&quot;classic&quot;}\">\n\t\t\t<div class=\"elementor-widget-wrap elementor-element-populated\">\n\t\t\t\t\t\t\t\t<div class=\"elementor-element elementor-element-ed28527 elementor-widget__width-initial elementor-widget elementor-widget-text-editor\" data-id=\"ed28527\" data-element_type=\"widget\" data-widget_type=\"text-editor.default\">\n\t\t\t\t<div class=\"elementor-widget-container\">\n\t\t\t\t\t\t\t<p><span class=\"textstyle18\"> Implicite <\/span><span class=\"textstyle18\">\u00ab\u00a0le mercredi\u00a0\u00bb =<\/span><span class=\"textstyle18\"> tous les mercredis<\/span><\/p><div>\u00a0<\/div>\t\t\t\t\t\t<\/div>\n\t\t\t\t<\/div>\n\t\t\t\t<div class=\"elementor-element elementor-element-0e3c287 elementor-widget__width-initial elementor-widget elementor-widget-image\" data-id=\"0e3c287\" data-element_type=\"widget\" data-widget_type=\"image.default\">\n\t\t\t\t<div class=\"elementor-widget-container\">\n\t\t\t\t\t\t\t\t\t\t\t\t\t\t\t\t<a href=\"https:\/\/icar.cnrs.fr\/interfare\/temps-mjc-avant-apres-mercredi\/\">\n\t\t\t\t\t\t\t<img decoding=\"async\" src=\"https:\/\/icar.cnrs.fr\/interfare\/wp-content\/uploads\/video.png\" title=\"video\" alt=\"video\" \/>\t\t\t\t\t\t\t\t<\/a>\n\t\t\t\t\t\t\t\t\t\t\t\t\t\t\t<\/div>\n\t\t\t\t<\/div>\n\t\t\t\t<div class=\"elementor-element elementor-element-e9afd2d elementor-widget elementor-widget-text-editor\" data-id=\"e9afd2d\" data-element_type=\"widget\" data-widget_type=\"text-editor.default\">\n\t\t\t\t<div class=\"elementor-widget-container\">\n\t\t\t\t\t\t\t<p><a href=\"https:\/\/icar.cnrs.fr\/interfare\/pour-commencer-temps-mjc-avant-apres-mercredi\"><i>\u00ab\u00a0<span class=\"textstyle18\">on a th\u00e9\u00e2tre\u2191<\/span><b><span class=\"textstyle18\"> le mercredi\u00a0\u00bb<\/span><\/b><\/i><\/a><\/p><p><span class=\"textstyle20\">(Association MJC)<\/span><\/p>\t\t\t\t\t\t<\/div>\n\t\t\t\t<\/div>\n\t\t\t\t\t<\/div>\n\t\t<\/div>\n\t\t\t\t<div class=\"elementor-column elementor-col-20 elementor-top-column elementor-element elementor-element-132975c4\" data-id=\"132975c4\" data-element_type=\"column\" data-settings=\"{&quot;background_background&quot;:&quot;classic&quot;}\">\n\t\t\t<div class=\"elementor-widget-wrap elementor-element-populated\">\n\t\t\t\t\t\t\t\t<div class=\"elementor-element elementor-element-170f8632 elementor-widget__width-initial elementor-widget elementor-widget-text-editor\" data-id=\"170f8632\" data-element_type=\"widget\" data-widget_type=\"text-editor.default\">\n\t\t\t\t<div class=\"elementor-widget-container\">\n\t\t\t\t\t\t\t<p><span class=\"textstyle21\"><span class=\"textstyle18\">D\u00e9lai <\/span> <span class=\"textstyle18\">\u00ab\u00a0d&rsquo;ici\u00a0\u00bb ~ avant<\/span><span class=\"textstyle17\"><br \/><\/span><\/span><\/p>\t\t\t\t\t\t<\/div>\n\t\t\t\t<\/div>\n\t\t\t\t<div class=\"elementor-element elementor-element-33bcf35f elementor-widget elementor-widget-image\" data-id=\"33bcf35f\" data-element_type=\"widget\" data-widget_type=\"image.default\">\n\t\t\t\t<div class=\"elementor-widget-container\">\n\t\t\t\t\t\t\t\t\t\t\t\t\t\t\t\t<a href=\"https:\/\/icar.cnrs.fr\/interfare\/temps-production2-precis\/\">\n\t\t\t\t\t\t\t<img loading=\"lazy\" decoding=\"async\" width=\"43\" height=\"46\" src=\"https:\/\/icar.cnrs.fr\/interfare\/wp-content\/uploads\/video.png\" class=\"attachment-full size-full\" alt=\"\" \/>\t\t\t\t\t\t\t\t<\/a>\n\t\t\t\t\t\t\t\t\t\t\t\t\t\t\t<\/div>\n\t\t\t\t<\/div>\n\t\t\t\t<div class=\"elementor-element elementor-element-7f530d8d elementor-widget elementor-widget-text-editor\" data-id=\"7f530d8d\" data-element_type=\"widget\" data-widget_type=\"text-editor.default\">\n\t\t\t\t<div class=\"elementor-widget-container\">\n\t\t\t\t\t\t\t<p><a href=\"https:\/\/icar.cnrs.fr\/interfare\/pour-commencer-production-temps-production2-precis\"><i>\u00ab\u00a0<strong><span class=\"textstyle19\">d&rsquo;ici deux semaines\u00a0\u00bb<\/span><\/strong><\/i><\/a><br \/>(Production2)<\/p>\t\t\t\t\t\t<\/div>\n\t\t\t\t<\/div>\n\t\t\t\t\t<\/div>\n\t\t<\/div>\n\t\t\t\t<div class=\"elementor-column elementor-col-20 elementor-top-column elementor-element elementor-element-50e6096\" data-id=\"50e6096\" data-element_type=\"column\" data-settings=\"{&quot;background_background&quot;:&quot;classic&quot;}\">\n\t\t\t<div class=\"elementor-widget-wrap elementor-element-populated\">\n\t\t\t\t\t\t\t\t<div class=\"elementor-element elementor-element-27b1d17 elementor-widget__width-initial elementor-widget elementor-widget-text-editor\" data-id=\"27b1d17\" data-element_type=\"widget\" data-widget_type=\"text-editor.default\">\n\t\t\t\t<div class=\"elementor-widget-container\">\n\t\t\t\t\t\t\t<p><span class=\"textstyle21\"><span class=\"textstyle18\">Plus tard, apr\u00e8s<\/span><\/span><span class=\"textstyle21\"><span class=\"textstyle18\">\u00a0 <\/span><\/span><\/p><p><span class=\"textstyle21\">\u00a0<\/span><\/p><div>\u00a0<\/div><div>\u00a0<\/div>\t\t\t\t\t\t<\/div>\n\t\t\t\t<\/div>\n\t\t\t\t<div class=\"elementor-element elementor-element-2fcf474 elementor-widget elementor-widget-image\" data-id=\"2fcf474\" data-element_type=\"widget\" data-widget_type=\"image.default\">\n\t\t\t\t<div class=\"elementor-widget-container\">\n\t\t\t\t\t\t\t\t\t\t\t\t\t\t\t\t<a href=\"https:\/\/icar.cnrs.fr\/interfare\/temps-mjc-planning\/\">\n\t\t\t\t\t\t\t<img loading=\"lazy\" decoding=\"async\" width=\"43\" height=\"46\" src=\"https:\/\/icar.cnrs.fr\/interfare\/wp-content\/uploads\/video.png\" class=\"attachment-full size-full\" alt=\"\" \/>\t\t\t\t\t\t\t\t<\/a>\n\t\t\t\t\t\t\t\t\t\t\t\t\t\t\t<\/div>\n\t\t\t\t<\/div>\n\t\t\t\t<div class=\"elementor-element elementor-element-4ab06ff elementor-widget elementor-widget-text-editor\" data-id=\"4ab06ff\" data-element_type=\"widget\" data-widget_type=\"text-editor.default\">\n\t\t\t\t<div class=\"elementor-widget-container\">\n\t\t\t\t\t\t\t<p><span class=\"textstyle24\"><em><a href=\"https:\/\/icar.cnrs.fr\/interfare\/pour-commencer-temps-mjc-planning\"><span class=\"textstyle19\">\u00ab\u00a0toi <strong>par la suite<\/strong> tu fais le contenu\u00a0\u00bb<\/span><\/a><\/em><span class=\"textstyle18\"><br \/><\/span><span class=\"textstyle20\">(Association MJC)<\/span><br \/><\/span><\/p>\t\t\t\t\t\t<\/div>\n\t\t\t\t<\/div>\n\t\t\t\t\t<\/div>\n\t\t<\/div>\n\t\t\t\t<div class=\"elementor-column elementor-col-20 elementor-top-column elementor-element elementor-element-1b93cbb\" data-id=\"1b93cbb\" data-element_type=\"column\" data-settings=\"{&quot;background_background&quot;:&quot;classic&quot;}\">\n\t\t\t<div class=\"elementor-widget-wrap elementor-element-populated\">\n\t\t\t\t\t\t\t\t<div class=\"elementor-element elementor-element-495fe4b elementor-widget__width-initial elementor-widget elementor-widget-text-editor\" data-id=\"495fe4b\" data-element_type=\"widget\" data-widget_type=\"text-editor.default\">\n\t\t\t\t<div class=\"elementor-widget-container\">\n\t\t\t\t\t\t\t<p><span class=\"textstyle21\"><span class=\"textstyle16\"> D<\/span><span class=\"textstyle18\">\u00e9lai incertain<\/span><\/span><\/p><p><span class=\"textstyle21\">\u00a0<\/span><\/p><div>\u00a0<\/div><div>\u00a0<\/div>\t\t\t\t\t\t<\/div>\n\t\t\t\t<\/div>\n\t\t\t\t<div class=\"elementor-element elementor-element-4897be5 elementor-widget elementor-widget-image\" data-id=\"4897be5\" data-element_type=\"widget\" data-widget_type=\"image.default\">\n\t\t\t\t<div class=\"elementor-widget-container\">\n\t\t\t\t\t\t\t\t\t\t\t\t\t\t\t\t<a href=\"https:\/\/icar.cnrs.fr\/interfare\/temps-college-moment-donne\/\">\n\t\t\t\t\t\t\t<img loading=\"lazy\" decoding=\"async\" width=\"43\" height=\"46\" src=\"https:\/\/icar.cnrs.fr\/interfare\/wp-content\/uploads\/video.png\" class=\"attachment-full size-full\" alt=\"\" \/>\t\t\t\t\t\t\t\t<\/a>\n\t\t\t\t\t\t\t\t\t\t\t\t\t\t\t<\/div>\n\t\t\t\t<\/div>\n\t\t\t\t<div class=\"elementor-element elementor-element-1cca66c elementor-widget elementor-widget-text-editor\" data-id=\"1cca66c\" data-element_type=\"widget\" data-widget_type=\"text-editor.default\">\n\t\t\t\t<div class=\"elementor-widget-container\">\n\t\t\t\t\t\t\t<p><span class=\"textstyle24\"><em><span class=\"textstyle19\">\u00ab\u00a0<a href=\"https:\/\/icar.cnrs.fr\/interfare\/pour-commencer-temps-college-moment-donne\">tu vois enfin <strong>\u00e0 un moment donn\u00e9<\/strong> si je d\u00e9l\u00e8gue tout le temps\u00a0\u00bb<\/a><\/span><\/em><span class=\"textstyle20\"><br \/>(Coll\u00e8ge Sport)<\/span><br \/><\/span><\/p>\t\t\t\t\t\t<\/div>\n\t\t\t\t<\/div>\n\t\t\t\t\t<\/div>\n\t\t<\/div>\n\t\t\t\t\t\t\t<\/div>\n\t\t<\/section>\n\t\t\t\t<section class=\"elementor-section elementor-top-section elementor-element elementor-element-0e92505 elementor-section-boxed elementor-section-height-default elementor-section-height-default\" data-id=\"0e92505\" data-element_type=\"section\">\n\t\t\t\t\t\t<div class=\"elementor-container elementor-column-gap-default\">\n\t\t\t\t\t<div class=\"elementor-column elementor-col-100 elementor-top-column elementor-element elementor-element-d8babb7\" data-id=\"d8babb7\" data-element_type=\"column\">\n\t\t\t<div class=\"elementor-widget-wrap elementor-element-populated\">\n\t\t\t\t\t\t\t\t<div class=\"elementor-element elementor-element-eea38c7 elementor-button-info elementor-align-left elementor-widget__width-inherit elementor-widget elementor-widget-button\" data-id=\"eea38c7\" data-element_type=\"widget\" data-widget_type=\"button.default\">\n\t\t\t\t<div class=\"elementor-widget-container\">\n\t\t\t\t\t<div class=\"elementor-button-wrapper\">\n\t\t\t<a href=\"https:\/\/icar.cnrs.fr\/interfare\/pour-commencer-temps-exercices\/\" target=\"_blank\" class=\"elementor-button-link elementor-button elementor-size-sm\" role=\"button\">\n\t\t\t\t\t\t<span class=\"elementor-button-content-wrapper\">\n\t\t\t\t\t\t<span class=\"elementor-button-text\">Les exercices : \u00e0 vous de jouer !<\/span>\n\t\t<\/span>\n\t\t\t\t\t<\/a>\n\t\t<\/div>\n\t\t\t\t<\/div>\n\t\t\t\t<\/div>\n\t\t\t\t\t<\/div>\n\t\t<\/div>\n\t\t\t\t\t\t\t<\/div>\n\t\t<\/section>\n\t\t\t\t\t\t\t<\/div>\n\t\t","protected":false},"excerpt":{"rendered":"<p>Pour commencer :\u00a0 Les rubriques &gt; Faire r\u00e9f\u00e9rence Pour commencer : Faire r\u00e9f\u00e9rence au temps : date, d\u00e9lai, planning &#8230; La r\u00e9f\u00e9rence : on fait r\u00e9f\u00e9rence \u00e0 une date ou \u00e0 un d\u00e9lai pour organiser les t\u00e2ches \u00e0 faire, si certains rep\u00e8res sont explicites d&rsquo;autres vont d\u00e9pendre du contexte, par exemple \u00ab\u00a0lundi\u00a0\u00bb pourra signifier \u00ab\u00a0lundi [&hellip;]<\/p>\n","protected":false},"author":2,"featured_media":0,"parent":0,"menu_order":0,"comment_status":"closed","ping_status":"closed","template":"","meta":{"footnotes":""},"_links":{"self":[{"href":"https:\/\/icar.cnrs.fr\/interfare\/wp-json\/wp\/v2\/pages\/7322"}],"collection":[{"href":"https:\/\/icar.cnrs.fr\/interfare\/wp-json\/wp\/v2\/pages"}],"about":[{"href":"https:\/\/icar.cnrs.fr\/interfare\/wp-json\/wp\/v2\/types\/page"}],"author":[{"embeddable":true,"href":"https:\/\/icar.cnrs.fr\/interfare\/wp-json\/wp\/v2\/users\/2"}],"replies":[{"embeddable":true,"href":"https:\/\/icar.cnrs.fr\/interfare\/wp-json\/wp\/v2\/comments?post=7322"}],"version-history":[{"count":19,"href":"https:\/\/icar.cnrs.fr\/interfare\/wp-json\/wp\/v2\/pages\/7322\/revisions"}],"predecessor-version":[{"id":8251,"href":"https:\/\/icar.cnrs.fr\/interfare\/wp-json\/wp\/v2\/pages\/7322\/revisions\/8251"}],"wp:attachment":[{"href":"https:\/\/icar.cnrs.fr\/interfare\/wp-json\/wp\/v2\/media?parent=7322"}],"curies":[{"name":"wp","href":"https:\/\/api.w.org\/{rel}","templated":true}]}}