{"id":7342,"date":"2024-03-01T15:12:56","date_gmt":"2024-03-01T14:12:56","guid":{"rendered":"http:\/\/icar.cnrs.fr\/interfare\/?page_id=7342"},"modified":"2024-04-22T21:57:09","modified_gmt":"2024-04-22T19:57:09","slug":"pour-commencer-oui-non","status":"publish","type":"page","link":"https:\/\/icar.cnrs.fr\/interfare\/pour-commencer-oui-non\/","title":{"rendered":"Pour commencer Oui Non"},"content":{"rendered":"\t\t<div data-elementor-type=\"wp-page\" data-elementor-id=\"7342\" class=\"elementor elementor-7342\">\n\t\t\t\t\t\t\t\t\t<section class=\"elementor-section elementor-top-section elementor-element elementor-element-0649b63 elementor-section-boxed elementor-section-height-default elementor-section-height-default\" data-id=\"0649b63\" data-element_type=\"section\">\n\t\t\t\t\t\t<div class=\"elementor-container elementor-column-gap-default\">\n\t\t\t\t\t<div class=\"elementor-column elementor-col-100 elementor-top-column elementor-element elementor-element-d8ae570\" data-id=\"d8ae570\" data-element_type=\"column\">\n\t\t\t<div class=\"elementor-widget-wrap elementor-element-populated\">\n\t\t\t\t\t\t\t\t<div class=\"elementor-element elementor-element-224e67a elementor-widget elementor-widget-text-editor\" data-id=\"224e67a\" data-element_type=\"widget\" data-widget_type=\"text-editor.default\">\n\t\t\t\t<div class=\"elementor-widget-container\">\n\t\t\t<style>\/*! elementor - v3.6.0 - 21-03-2022 *\/\n.elementor-widget-text-editor.elementor-drop-cap-view-stacked .elementor-drop-cap{background-color:#818a91;color:#fff}.elementor-widget-text-editor.elementor-drop-cap-view-framed .elementor-drop-cap{color:#818a91;border:3px solid;background-color:transparent}.elementor-widget-text-editor:not(.elementor-drop-cap-view-default) .elementor-drop-cap{margin-top:8px}.elementor-widget-text-editor:not(.elementor-drop-cap-view-default) .elementor-drop-cap-letter{width:1em;height:1em}.elementor-widget-text-editor .elementor-drop-cap{float:left;text-align:center;line-height:1;font-size:50px}.elementor-widget-text-editor .elementor-drop-cap-letter{display:inline-block}<\/style>\t\t\t\t<p><a href=\"https:\/\/icar.cnrs.fr\/interfare\/pour-commencer\/\">Pour commencer : Les rubriques <\/a>&gt;Organisation&gt; Fin de r\u00e9union<\/p>\t\t\t\t\t\t<\/div>\n\t\t\t\t<\/div>\n\t\t\t\t\t<\/div>\n\t\t<\/div>\n\t\t\t\t\t\t\t<\/div>\n\t\t<\/section>\n\t\t\t\t<section class=\"elementor-section elementor-top-section elementor-element elementor-element-4bcef85 elementor-section-boxed elementor-section-height-default elementor-section-height-default\" data-id=\"4bcef85\" data-element_type=\"section\">\n\t\t\t\t\t\t<div class=\"elementor-container elementor-column-gap-default\">\n\t\t\t\t\t<div class=\"elementor-column elementor-col-100 elementor-top-column elementor-element elementor-element-4d84161\" data-id=\"4d84161\" data-element_type=\"column\">\n\t\t\t<div class=\"elementor-widget-wrap elementor-element-populated\">\n\t\t\t\t\t\t\t\t<div class=\"elementor-element elementor-element-2feb056 elementor-widget elementor-widget-heading\" data-id=\"2feb056\" data-element_type=\"widget\" data-widget_type=\"heading.default\">\n\t\t\t\t<div class=\"elementor-widget-container\">\n\t\t\t<style>\/*! elementor - v3.6.0 - 21-03-2022 *\/\n.elementor-heading-title{padding:0;margin:0;line-height:1}.elementor-widget-heading .elementor-heading-title[class*=elementor-size-]>a{color:inherit;font-size:inherit;line-height:inherit}.elementor-widget-heading .elementor-heading-title.elementor-size-small{font-size:15px}.elementor-widget-heading .elementor-heading-title.elementor-size-medium{font-size:19px}.elementor-widget-heading .elementor-heading-title.elementor-size-large{font-size:29px}.elementor-widget-heading .elementor-heading-title.elementor-size-xl{font-size:39px}.elementor-widget-heading .elementor-heading-title.elementor-size-xxl{font-size:59px}<\/style><h2 class=\"elementor-heading-title elementor-size-default\">Pour commencer \"Oui Non\"<\/h2>\t\t<\/div>\n\t\t\t\t<\/div>\n\t\t\t\t\t<\/div>\n\t\t<\/div>\n\t\t\t\t\t\t\t<\/div>\n\t\t<\/section>\n\t\t\t\t<section class=\"elementor-section elementor-top-section elementor-element elementor-element-86de472 elementor-section-boxed elementor-section-height-default elementor-section-height-default\" data-id=\"86de472\" data-element_type=\"section\">\n\t\t\t\t\t\t<div class=\"elementor-container elementor-column-gap-default\">\n\t\t\t\t\t<div class=\"elementor-column elementor-col-100 elementor-top-column elementor-element elementor-element-dd75f16\" data-id=\"dd75f16\" data-element_type=\"column\" data-settings=\"{&quot;background_background&quot;:&quot;classic&quot;}\">\n\t\t\t<div class=\"elementor-widget-wrap elementor-element-populated\">\n\t\t\t\t\t\t\t\t<div class=\"elementor-element elementor-element-72d3cf1 elementor-widget elementor-widget-text-editor\" data-id=\"72d3cf1\" data-element_type=\"widget\" data-widget_type=\"text-editor.default\">\n\t\t\t\t<div class=\"elementor-widget-container\">\n\t\t\t\t\t\t\t<p>L&rsquo;expression \u00ab\u00a0oui non\u00a0\u00bb beaucoup utilis\u00e9e dans les phases de discussion ou d&rsquo;argumentation,\u00a0 <strong>seule ou avec d&rsquo;autres marqueurs<\/strong> qui la pr\u00e9c\u00e8dent ou bien la suivent, pose des difficult\u00e9s aux apprenants <strong>qui ne savent pas quel sens lui attribuer<\/strong>.<\/p><p>S&rsquo;il n&rsquo;est pas possible d&rsquo;attribuer un sens au moyen de quelques crit\u00e8res, on peut illustrer en contexte les 4 sens les plus courants que cette expression peut prendre :<\/p><p>\u00a0\u00a0\u00a0\u00a0\u00a0\u00a0\u00a0\u00a0 \u2022 oui<\/p><p>\u00a0\u00a0\u00a0 \u00a0 \u00a0\u00a0 \u2022 non<\/p><p>\u00a0\u00a0\u00a0\u00a0\u00a0\u00a0\u00a0\u00a0 \u2022 oui ou bien non<\/p><p>\u00a0\u00a0\u00a0\u00a0\u00a0\u00a0\u00a0 \u2022 mais suivi d&rsquo;une argumentation<\/p><p>Dans cette section<a href=\"https:\/\/icar.cnrs.fr\/interfare\/pour-commencer\/\"><strong> Pour commencer<\/strong><\/a>, nous allons d\u00e9tailler deux exemples correspondants aux sens \u00ab\u00a0non\u00a0\u00bb et \u00ab\u00a0mais\u00a0\u00bb.<\/p><p>Vous trouverez d\u2019autres exemples dans la rubrique compl\u00e8te <a href=\"https:\/\/icar.cnrs.fr\/interfare\/oui-non\/\"><strong>Oui Non<\/strong><\/a><\/p>\t\t\t\t\t\t<\/div>\n\t\t\t\t<\/div>\n\t\t\t\t\t<\/div>\n\t\t<\/div>\n\t\t\t\t\t\t\t<\/div>\n\t\t<\/section>\n\t\t\t\t<section class=\"elementor-section elementor-top-section elementor-element elementor-element-8808437 elementor-section-stretched elementor-section-boxed elementor-section-height-default elementor-section-height-default\" data-id=\"8808437\" data-element_type=\"section\" data-settings=\"{&quot;stretch_section&quot;:&quot;section-stretched&quot;}\">\n\t\t\t\t\t\t<div class=\"elementor-container elementor-column-gap-default\">\n\t\t\t\t\t<div class=\"elementor-column elementor-col-50 elementor-top-column elementor-element elementor-element-80f4691\" data-id=\"80f4691\" data-element_type=\"column\">\n\t\t\t<div class=\"elementor-widget-wrap elementor-element-populated\">\n\t\t\t\t\t\t\t\t<div class=\"elementor-element elementor-element-f40f867 elementor-widget elementor-widget-heading\" data-id=\"f40f867\" data-element_type=\"widget\" data-widget_type=\"heading.default\">\n\t\t\t\t<div class=\"elementor-widget-container\">\n\t\t\t<h2 class=\"elementor-heading-title elementor-size-default\">non <\/h2>\t\t<\/div>\n\t\t\t\t<\/div>\n\t\t\t\t\t<\/div>\n\t\t<\/div>\n\t\t\t\t<div class=\"elementor-column elementor-col-50 elementor-top-column elementor-element elementor-element-4f51fe2\" data-id=\"4f51fe2\" data-element_type=\"column\">\n\t\t\t<div class=\"elementor-widget-wrap elementor-element-populated\">\n\t\t\t\t\t\t\t\t<div class=\"elementor-element elementor-element-0ffe5f6 elementor-widget elementor-widget-heading\" data-id=\"0ffe5f6\" data-element_type=\"widget\" data-widget_type=\"heading.default\">\n\t\t\t\t<div class=\"elementor-widget-container\">\n\t\t\t<h2 class=\"elementor-heading-title elementor-size-default\">dans le sens de \"mais\" introduit une argumentation\n<\/h2>\t\t<\/div>\n\t\t\t\t<\/div>\n\t\t\t\t\t<\/div>\n\t\t<\/div>\n\t\t\t\t\t\t\t<\/div>\n\t\t<\/section>\n\t\t\t\t<section class=\"elementor-section elementor-top-section elementor-element elementor-element-60e39b9 elementor-section-stretched elementor-section-boxed elementor-section-height-default elementor-section-height-default\" data-id=\"60e39b9\" data-element_type=\"section\" data-settings=\"{&quot;stretch_section&quot;:&quot;section-stretched&quot;}\">\n\t\t\t\t\t\t<div class=\"elementor-container elementor-column-gap-default\">\n\t\t\t\t\t<div class=\"elementor-column elementor-col-50 elementor-top-column elementor-element elementor-element-cd00c38\" data-id=\"cd00c38\" data-element_type=\"column\" data-settings=\"{&quot;background_background&quot;:&quot;classic&quot;}\">\n\t\t\t<div class=\"elementor-widget-wrap elementor-element-populated\">\n\t\t\t\t\t\t\t\t<div class=\"elementor-element elementor-element-ad57996 elementor-widget__width-initial elementor-widget elementor-widget-text-editor\" data-id=\"ad57996\" data-element_type=\"widget\" data-widget_type=\"text-editor.default\">\n\t\t\t\t<div class=\"elementor-widget-container\">\n\t\t\t\t\t\t\t<p><span class=\"textstyle21\"><span class=\"textstyle18\">Explications<\/span><span class=\"textstyle2\"><br \/><\/span><\/span><\/p>\t\t\t\t\t\t<\/div>\n\t\t\t\t<\/div>\n\t\t\t\t<div class=\"elementor-element elementor-element-dce77d6 elementor-widget elementor-widget-image\" data-id=\"dce77d6\" data-element_type=\"widget\" data-widget_type=\"image.default\">\n\t\t\t\t<div class=\"elementor-widget-container\">\n\t\t\t<style>\/*! elementor - v3.6.0 - 21-03-2022 *\/\n.elementor-widget-image{text-align:center}.elementor-widget-image a{display:inline-block}.elementor-widget-image a img[src$=\".svg\"]{width:48px}.elementor-widget-image img{vertical-align:middle;display:inline-block}<\/style>\t\t\t\t\t\t\t\t\t\t\t\t<img loading=\"lazy\" decoding=\"async\" width=\"43\" height=\"46\" src=\"https:\/\/icar.cnrs.fr\/interfare\/wp-content\/uploads\/video.png\" class=\"attachment-full size-full\" alt=\"\" \/>\t\t\t\t\t\t\t\t\t\t\t\t\t\t\t<\/div>\n\t\t\t\t<\/div>\n\t\t\t\t<div class=\"elementor-element elementor-element-66eeb6c elementor-widget elementor-widget-text-editor\" data-id=\"66eeb6c\" data-element_type=\"widget\" data-widget_type=\"text-editor.default\">\n\t\t\t\t<div class=\"elementor-widget-container\">\n\t\t\t\t\t\t\t<p><em><strong><span class=\"textstyle24\"><span class=\"textstyle23\"><span class=\"textstyle19\"><a href=\"https:\/\/icar.cnrs.fr\/interfare\/pour-commencer-oui-non-architecte-oui-non-mais-attends-excuse-moi\">\u00ab\u00a0oui non mais attends excuse-moi\u00a0\u00bb<\/a><\/span><\/span><\/span><\/strong><\/em><\/p><p><span class=\"textstyle24\"><span class=\"textstyle23\"><span class=\"textstyle19\">\u00a0<\/span><span class=\"textstyle20\"> (Architecte<\/span><\/span>)<\/span><\/p>\t\t\t\t\t\t<\/div>\n\t\t\t\t<\/div>\n\t\t\t\t\t<\/div>\n\t\t<\/div>\n\t\t\t\t<div class=\"elementor-column elementor-col-50 elementor-top-column elementor-element elementor-element-f4a1a7f\" data-id=\"f4a1a7f\" data-element_type=\"column\" data-settings=\"{&quot;background_background&quot;:&quot;classic&quot;}\">\n\t\t\t<div class=\"elementor-widget-wrap elementor-element-populated\">\n\t\t\t\t\t\t\t\t<div class=\"elementor-element elementor-element-5cce180 elementor-widget__width-initial elementor-widget elementor-widget-text-editor\" data-id=\"5cce180\" data-element_type=\"widget\" data-widget_type=\"text-editor.default\">\n\t\t\t\t<div class=\"elementor-widget-container\">\n\t\t\t\t\t\t\t<p><span class=\"textstyle21\"><span class=\"textstyle18\">\u00c9valuation avec un empilement de marqueurs \u00ab\u00a0mais\u00a0\u00bb, \u00ab\u00a0bon\u00a0\u00bb, \u00ab\u00a0mais\u00a0\u00bb, \u00ab\u00a0hein\u00a0\u00bb, \u00ab\u00a0euh\u00a0\u00bb, \u00ab\u00a0alors\u00a0\u00bb<\/span><span class=\"textstyle2\"><br \/><\/span><\/span><\/p>\t\t\t\t\t\t<\/div>\n\t\t\t\t<\/div>\n\t\t\t\t<div class=\"elementor-element elementor-element-fc4d1e5 elementor-widget__width-initial elementor-widget elementor-widget-image\" data-id=\"fc4d1e5\" data-element_type=\"widget\" data-widget_type=\"image.default\">\n\t\t\t\t<div class=\"elementor-widget-container\">\n\t\t\t\t\t\t\t\t\t\t\t\t\t\t\t<img decoding=\"async\" src=\"https:\/\/icar.cnrs.fr\/interfare\/wp-content\/uploads\/audio-e1645197811992.png\" title=\"audio\" alt=\"audio\" \/>\t\t\t\t\t\t\t\t\t\t\t\t\t\t\t<\/div>\n\t\t\t\t<\/div>\n\t\t\t\t<div class=\"elementor-element elementor-element-98d3577 elementor-widget elementor-widget-text-editor\" data-id=\"98d3577\" data-element_type=\"widget\" data-widget_type=\"text-editor.default\">\n\t\t\t\t<div class=\"elementor-widget-container\">\n\t\t\t\t\t\t\t<p><em><strong><span class=\"textstyle19\"><a href=\"https:\/\/icar.cnrs.fr\/interfare\/pour-commencer-oui-non-enseignant-spectacle-mais-on-peut-pas-tout-avoir\">\u00ab\u00a0mais bon &#8230; oui non mais on peut pas tout avoir hein euh alors\u00a0\u00bb<\/a> <br \/><\/span><\/strong><\/em><\/p><p><span class=\"textstyle20\">(Enseignants)<\/span><\/p>\t\t\t\t\t\t<\/div>\n\t\t\t\t<\/div>\n\t\t\t\t\t<\/div>\n\t\t<\/div>\n\t\t\t\t\t\t\t<\/div>\n\t\t<\/section>\n\t\t\t\t<section class=\"elementor-section elementor-top-section elementor-element elementor-element-6ba7a67 elementor-section-boxed elementor-section-height-default elementor-section-height-default\" data-id=\"6ba7a67\" data-element_type=\"section\">\n\t\t\t\t\t\t<div class=\"elementor-container elementor-column-gap-default\">\n\t\t\t\t\t<div class=\"elementor-column elementor-col-100 elementor-top-column elementor-element elementor-element-8e9766a\" data-id=\"8e9766a\" data-element_type=\"column\">\n\t\t\t<div class=\"elementor-widget-wrap elementor-element-populated\">\n\t\t\t\t\t\t\t\t<div class=\"elementor-element elementor-element-286602d elementor-button-info elementor-align-left elementor-widget__width-inherit elementor-widget elementor-widget-button\" data-id=\"286602d\" data-element_type=\"widget\" data-widget_type=\"button.default\">\n\t\t\t\t<div class=\"elementor-widget-container\">\n\t\t\t\t\t<div class=\"elementor-button-wrapper\">\n\t\t\t<a href=\"https:\/\/icar.cnrs.fr\/interfare\/pour-commencer-oui-non-exercices\" target=\"_blank\" class=\"elementor-button-link elementor-button elementor-size-sm\" role=\"button\">\n\t\t\t\t\t\t<span class=\"elementor-button-content-wrapper\">\n\t\t\t\t\t\t<span class=\"elementor-button-text\">Les exercices : \u00e0 vous de jouer !<\/span>\n\t\t<\/span>\n\t\t\t\t\t<\/a>\n\t\t<\/div>\n\t\t\t\t<\/div>\n\t\t\t\t<\/div>\n\t\t\t\t\t<\/div>\n\t\t<\/div>\n\t\t\t\t\t\t\t<\/div>\n\t\t<\/section>\n\t\t\t\t\t\t\t<\/div>\n\t\t","protected":false},"excerpt":{"rendered":"<p>Pour commencer : Les rubriques &gt;Organisation&gt; Fin de r\u00e9union Pour commencer \u00ab\u00a0Oui Non\u00a0\u00bb L&rsquo;expression \u00ab\u00a0oui non\u00a0\u00bb beaucoup utilis\u00e9e dans les phases de discussion ou d&rsquo;argumentation,\u00a0 seule ou avec d&rsquo;autres marqueurs qui la pr\u00e9c\u00e8dent ou bien la suivent, pose des difficult\u00e9s aux apprenants qui ne savent pas quel sens lui attribuer. S&rsquo;il n&rsquo;est pas possible d&rsquo;attribuer [&hellip;]<\/p>\n","protected":false},"author":2,"featured_media":0,"parent":0,"menu_order":0,"comment_status":"closed","ping_status":"closed","template":"","meta":{"footnotes":""},"_links":{"self":[{"href":"https:\/\/icar.cnrs.fr\/interfare\/wp-json\/wp\/v2\/pages\/7342"}],"collection":[{"href":"https:\/\/icar.cnrs.fr\/interfare\/wp-json\/wp\/v2\/pages"}],"about":[{"href":"https:\/\/icar.cnrs.fr\/interfare\/wp-json\/wp\/v2\/types\/page"}],"author":[{"embeddable":true,"href":"https:\/\/icar.cnrs.fr\/interfare\/wp-json\/wp\/v2\/users\/2"}],"replies":[{"embeddable":true,"href":"https:\/\/icar.cnrs.fr\/interfare\/wp-json\/wp\/v2\/comments?post=7342"}],"version-history":[{"count":19,"href":"https:\/\/icar.cnrs.fr\/interfare\/wp-json\/wp\/v2\/pages\/7342\/revisions"}],"predecessor-version":[{"id":8076,"href":"https:\/\/icar.cnrs.fr\/interfare\/wp-json\/wp\/v2\/pages\/7342\/revisions\/8076"}],"wp:attachment":[{"href":"https:\/\/icar.cnrs.fr\/interfare\/wp-json\/wp\/v2\/media?parent=7342"}],"curies":[{"name":"wp","href":"https:\/\/api.w.org\/{rel}","templated":true}]}}