{"id":7544,"date":"2024-04-22T11:27:09","date_gmt":"2024-04-22T09:27:09","guid":{"rendered":"http:\/\/icar.cnrs.fr\/interfare\/?page_id=7544"},"modified":"2024-08-23T18:29:44","modified_gmt":"2024-08-23T16:29:44","slug":"pour-commencer-evaluation-tres-positive-exercices","status":"publish","type":"page","link":"https:\/\/icar.cnrs.fr\/interfare\/pour-commencer-evaluation-tres-positive-exercices\/","title":{"rendered":"Pour commencer Evaluation tr\u00e8s positive Exercices"},"content":{"rendered":"\t\t<div data-elementor-type=\"wp-page\" data-elementor-id=\"7544\" class=\"elementor elementor-7544\">\n\t\t\t\t\t\t\t\t\t<section class=\"elementor-section elementor-top-section elementor-element elementor-element-39acd7ff elementor-section-boxed elementor-section-height-default elementor-section-height-default\" data-id=\"39acd7ff\" data-element_type=\"section\">\n\t\t\t\t\t\t<div class=\"elementor-container elementor-column-gap-default\">\n\t\t\t\t\t<div class=\"elementor-column elementor-col-100 elementor-top-column elementor-element elementor-element-42fe811d\" data-id=\"42fe811d\" data-element_type=\"column\">\n\t\t\t<div class=\"elementor-widget-wrap elementor-element-populated\">\n\t\t\t\t\t\t\t\t<div class=\"elementor-element elementor-element-6e3165c1 elementor-widget elementor-widget-text-editor\" data-id=\"6e3165c1\" data-element_type=\"widget\" data-widget_type=\"text-editor.default\">\n\t\t\t\t<div class=\"elementor-widget-container\">\n\t\t\t<style>\/*! elementor - v3.6.0 - 21-03-2022 *\/\n.elementor-widget-text-editor.elementor-drop-cap-view-stacked .elementor-drop-cap{background-color:#818a91;color:#fff}.elementor-widget-text-editor.elementor-drop-cap-view-framed .elementor-drop-cap{color:#818a91;border:3px solid;background-color:transparent}.elementor-widget-text-editor:not(.elementor-drop-cap-view-default) .elementor-drop-cap{margin-top:8px}.elementor-widget-text-editor:not(.elementor-drop-cap-view-default) .elementor-drop-cap-letter{width:1em;height:1em}.elementor-widget-text-editor .elementor-drop-cap{float:left;text-align:center;line-height:1;font-size:50px}.elementor-widget-text-editor .elementor-drop-cap-letter{display:inline-block}<\/style>\t\t\t\t<p><a href=\"https:\/\/icar.cnrs.fr\/interfare\/pour-commencer\">Pour commencer <\/a>&gt; Participer aux discussions &gt; <a href=\"https:\/\/icar.cnrs.fr\/interfare\/pour-commencer-evaluation\/\">L&rsquo;\u00e9valuation<\/a><\/p>\t\t\t\t\t\t<\/div>\n\t\t\t\t<\/div>\n\t\t\t\t<div class=\"elementor-element elementor-element-4f14e221 elementor-widget elementor-widget-heading\" data-id=\"4f14e221\" data-element_type=\"widget\" data-widget_type=\"heading.default\">\n\t\t\t\t<div class=\"elementor-widget-container\">\n\t\t\t<style>\/*! elementor - v3.6.0 - 21-03-2022 *\/\n.elementor-heading-title{padding:0;margin:0;line-height:1}.elementor-widget-heading .elementor-heading-title[class*=elementor-size-]>a{color:inherit;font-size:inherit;line-height:inherit}.elementor-widget-heading .elementor-heading-title.elementor-size-small{font-size:15px}.elementor-widget-heading .elementor-heading-title.elementor-size-medium{font-size:19px}.elementor-widget-heading .elementor-heading-title.elementor-size-large{font-size:29px}.elementor-widget-heading .elementor-heading-title.elementor-size-xl{font-size:39px}.elementor-widget-heading .elementor-heading-title.elementor-size-xxl{font-size:59px}<\/style><h2 class=\"elementor-heading-title elementor-size-default\">Pour Commencer Exercices sur L'\u00e9valuation tr\u00e8s positive<br>D'autres exercices sont disponibles dans la rubrique Evaluation<\/h2>\t\t<\/div>\n\t\t\t\t<\/div>\n\t\t\t\t\t<\/div>\n\t\t<\/div>\n\t\t\t\t\t\t\t<\/div>\n\t\t<\/section>\n\t\t\t\t<section class=\"elementor-section elementor-top-section elementor-element elementor-element-4c08541 elementor-section-boxed elementor-section-height-default elementor-section-height-default\" data-id=\"4c08541\" data-element_type=\"section\">\n\t\t\t\t\t\t<div class=\"elementor-container elementor-column-gap-default\">\n\t\t\t\t\t<div class=\"elementor-column elementor-col-100 elementor-top-column elementor-element elementor-element-b6c0f2c\" data-id=\"b6c0f2c\" data-element_type=\"column\">\n\t\t\t<div class=\"elementor-widget-wrap elementor-element-populated\">\n\t\t\t\t\t\t\t\t<div class=\"elementor-element elementor-element-6eec8a4 elementor-widget elementor-widget-heading\" data-id=\"6eec8a4\" data-element_type=\"widget\" data-widget_type=\"heading.default\">\n\t\t\t\t<div class=\"elementor-widget-container\">\n\t\t\t<span class=\"elementor-heading-title elementor-size-default\">&nbsp; &nbsp;Les exercices<br><\/span>\t\t<\/div>\n\t\t\t\t<\/div>\n\t\t\t\t\t<\/div>\n\t\t<\/div>\n\t\t\t\t\t\t\t<\/div>\n\t\t<\/section>\n\t\t\t\t<section class=\"elementor-section elementor-top-section elementor-element elementor-element-210d213 elementor-section-boxed elementor-section-height-default elementor-section-height-default\" data-id=\"210d213\" data-element_type=\"section\">\n\t\t\t\t\t\t<div class=\"elementor-container elementor-column-gap-default\">\n\t\t\t\t\t<div class=\"elementor-column elementor-col-100 elementor-top-column elementor-element elementor-element-e7cfbd4\" data-id=\"e7cfbd4\" data-element_type=\"column\">\n\t\t\t<div class=\"elementor-widget-wrap elementor-element-populated\">\n\t\t\t\t\t\t\t\t<div class=\"elementor-element elementor-element-67a74e1 elementor-widget elementor-widget-text-editor\" data-id=\"67a74e1\" data-element_type=\"widget\" data-widget_type=\"text-editor.default\">\n\t\t\t\t<div class=\"elementor-widget-container\">\n\t\t\t\t\t\t\t<p><strong>Objectifs p\u00e9dagogiques:<\/strong><\/p><p><strong>A partir d&rsquo;extraits comprenant des \u00e9valuations :<br \/><\/strong><\/p><ul><li><strong>Rep\u00e9rer le lexique, les intonations ou les gestes utilis\u00e9s <br \/><\/strong><\/li><li><strong>Identifier ce qui rend l&rsquo;\u00e9valuation tr\u00e8s positive<br \/><\/strong><\/li><li><strong>Entrainez vous dans un autre contexte de r\u00e9union<br \/><\/strong><\/li><\/ul><p><strong>Activit\u00e9 langagi\u00e8re : CO<\/strong><\/p><p><strong>Niveau :\u00a0 tous<br \/><\/strong><\/p><p><strong>Modalit\u00e9 d\u2019activit\u00e9 : Plusieurs <br \/><\/strong><\/p><p><strong>Auteur : Galuh Perdana Putra<br \/><\/strong><\/p>\t\t\t\t\t\t<\/div>\n\t\t\t\t<\/div>\n\t\t\t\t\t<\/div>\n\t\t<\/div>\n\t\t\t\t\t\t\t<\/div>\n\t\t<\/section>\n\t\t\t\t<section class=\"elementor-section elementor-top-section elementor-element elementor-element-8d756f9 elementor-section-boxed elementor-section-height-default elementor-section-height-default\" data-id=\"8d756f9\" data-element_type=\"section\">\n\t\t\t\t\t\t<div class=\"elementor-container elementor-column-gap-default\">\n\t\t\t\t\t<div class=\"elementor-column elementor-col-50 elementor-top-column elementor-element elementor-element-b77a087\" data-id=\"b77a087\" data-element_type=\"column\">\n\t\t\t<div class=\"elementor-widget-wrap elementor-element-populated\">\n\t\t\t\t\t\t\t\t<div class=\"elementor-element elementor-element-7def5bf elementor-widget elementor-widget-menu-anchor\" data-id=\"7def5bf\" data-element_type=\"widget\" data-widget_type=\"menu-anchor.default\">\n\t\t\t\t<div class=\"elementor-widget-container\">\n\t\t\t<style>\/*! elementor - v3.6.0 - 21-03-2022 *\/\nbody.elementor-page .elementor-widget-menu-anchor{margin-bottom:0}<\/style>\t\t<div id=\"exercice_123\" class=\"elementor-menu-anchor\"><\/div>\n\t\t\t\t<\/div>\n\t\t\t\t<\/div>\n\t\t\t\t\t<\/div>\n\t\t<\/div>\n\t\t\t\t<div class=\"elementor-column elementor-col-50 elementor-top-column elementor-element elementor-element-ffe2c35\" data-id=\"ffe2c35\" data-element_type=\"column\">\n\t\t\t<div class=\"elementor-widget-wrap elementor-element-populated\">\n\t\t\t\t\t\t\t\t<div class=\"elementor-element elementor-element-99858ec elementor-widget elementor-widget-text-editor\" data-id=\"99858ec\" data-element_type=\"widget\" data-widget_type=\"text-editor.default\">\n\t\t\t\t<div class=\"elementor-widget-container\">\n\t\t\t\t\t\t\t<p><code><div class=\"h5p-iframe-wrapper\"><iframe id=\"h5p-iframe-123\" class=\"h5p-iframe\" data-content-id=\"123\" style=\"height:1px\" src=\"about:blank\" frameBorder=\"0\" scrolling=\"no\" title=\"PourCommencer_Evaluer_tr\u00e8spositive\"><\/iframe><\/div><\/code><\/p>\t\t\t\t\t\t<\/div>\n\t\t\t\t<\/div>\n\t\t\t\t\t<\/div>\n\t\t<\/div>\n\t\t\t\t\t\t\t<\/div>\n\t\t<\/section>\n\t\t\t\t\t\t\t<\/div>\n\t\t","protected":false},"excerpt":{"rendered":"<p>Pour commencer &gt; Participer aux discussions &gt; L&rsquo;\u00e9valuation Pour Commencer Exercices sur L&rsquo;\u00e9valuation tr\u00e8s positiveD&rsquo;autres exercices sont disponibles dans la rubrique Evaluation &nbsp; &nbsp;Les exercices Objectifs p\u00e9dagogiques: A partir d&rsquo;extraits comprenant des \u00e9valuations : Rep\u00e9rer le lexique, les intonations ou les gestes utilis\u00e9s Identifier ce qui rend l&rsquo;\u00e9valuation tr\u00e8s positive Entrainez vous dans un autre [&hellip;]<\/p>\n","protected":false},"author":2,"featured_media":0,"parent":0,"menu_order":0,"comment_status":"closed","ping_status":"closed","template":"","meta":{"footnotes":""},"_links":{"self":[{"href":"https:\/\/icar.cnrs.fr\/interfare\/wp-json\/wp\/v2\/pages\/7544"}],"collection":[{"href":"https:\/\/icar.cnrs.fr\/interfare\/wp-json\/wp\/v2\/pages"}],"about":[{"href":"https:\/\/icar.cnrs.fr\/interfare\/wp-json\/wp\/v2\/types\/page"}],"author":[{"embeddable":true,"href":"https:\/\/icar.cnrs.fr\/interfare\/wp-json\/wp\/v2\/users\/2"}],"replies":[{"embeddable":true,"href":"https:\/\/icar.cnrs.fr\/interfare\/wp-json\/wp\/v2\/comments?post=7544"}],"version-history":[{"count":13,"href":"https:\/\/icar.cnrs.fr\/interfare\/wp-json\/wp\/v2\/pages\/7544\/revisions"}],"predecessor-version":[{"id":8473,"href":"https:\/\/icar.cnrs.fr\/interfare\/wp-json\/wp\/v2\/pages\/7544\/revisions\/8473"}],"wp:attachment":[{"href":"https:\/\/icar.cnrs.fr\/interfare\/wp-json\/wp\/v2\/media?parent=7544"}],"curies":[{"name":"wp","href":"https:\/\/api.w.org\/{rel}","templated":true}]}}