{"id":771,"date":"2022-02-22T18:42:34","date_gmt":"2022-02-22T17:42:34","guid":{"rendered":"http:\/\/icar.cnrs.fr\/interfare\/?page_id=771"},"modified":"2023-03-27T15:44:53","modified_gmt":"2023-03-27T13:44:53","slug":"temps-college-moment-donne","status":"publish","type":"page","link":"https:\/\/icar.cnrs.fr\/interfare\/temps-college-moment-donne\/","title":{"rendered":"Temps Coll\u00e8ge moment donn\u00e9"},"content":{"rendered":"\t\t<div data-elementor-type=\"wp-page\" data-elementor-id=\"771\" class=\"elementor elementor-771\">\n\t\t\t\t\t\t\t\t\t<section class=\"elementor-section elementor-top-section elementor-element elementor-element-55e3f2ba elementor-section-boxed elementor-section-height-default elementor-section-height-default\" data-id=\"55e3f2ba\" data-element_type=\"section\">\n\t\t\t\t\t\t<div class=\"elementor-container elementor-column-gap-default\">\n\t\t\t\t\t<div class=\"elementor-column elementor-col-100 elementor-top-column elementor-element elementor-element-2c7da98f\" data-id=\"2c7da98f\" data-element_type=\"column\">\n\t\t\t<div class=\"elementor-widget-wrap elementor-element-populated\">\n\t\t\t\t\t\t\t\t<div class=\"elementor-element elementor-element-47447331 elementor-widget elementor-widget-text-editor\" data-id=\"47447331\" data-element_type=\"widget\" data-widget_type=\"text-editor.default\">\n\t\t\t\t<div class=\"elementor-widget-container\">\n\t\t\t<style>\/*! elementor - v3.6.0 - 21-03-2022 *\/\n.elementor-widget-text-editor.elementor-drop-cap-view-stacked .elementor-drop-cap{background-color:#818a91;color:#fff}.elementor-widget-text-editor.elementor-drop-cap-view-framed .elementor-drop-cap{color:#818a91;border:3px solid;background-color:transparent}.elementor-widget-text-editor:not(.elementor-drop-cap-view-default) .elementor-drop-cap{margin-top:8px}.elementor-widget-text-editor:not(.elementor-drop-cap-view-default) .elementor-drop-cap-letter{width:1em;height:1em}.elementor-widget-text-editor .elementor-drop-cap{float:left;text-align:center;line-height:1;font-size:50px}.elementor-widget-text-editor .elementor-drop-cap-letter{display:inline-block}<\/style>\t\t\t\t<p><a href=\"https:\/\/icar.cnrs.fr\/interfare\/les-rubriques\/\">Les rubriques<\/a> &gt; Faire R\u00e9f\u00e9rence &gt; <a href=\"https:\/\/icar.cnrs.fr\/interfare\/faire-reference-au-temps\/\">Au temps<\/a><\/p>\t\t\t\t\t\t<\/div>\n\t\t\t\t<\/div>\n\t\t\t\t<div class=\"elementor-element elementor-element-4a3ea1f6 elementor-widget elementor-widget-heading\" data-id=\"4a3ea1f6\" data-element_type=\"widget\" data-widget_type=\"heading.default\">\n\t\t\t\t<div class=\"elementor-widget-container\">\n\t\t\t<style>\/*! elementor - v3.6.0 - 21-03-2022 *\/\n.elementor-heading-title{padding:0;margin:0;line-height:1}.elementor-widget-heading .elementor-heading-title[class*=elementor-size-]>a{color:inherit;font-size:inherit;line-height:inherit}.elementor-widget-heading .elementor-heading-title.elementor-size-small{font-size:15px}.elementor-widget-heading .elementor-heading-title.elementor-size-medium{font-size:19px}.elementor-widget-heading .elementor-heading-title.elementor-size-large{font-size:29px}.elementor-widget-heading .elementor-heading-title.elementor-size-xl{font-size:39px}.elementor-widget-heading .elementor-heading-title.elementor-size-xxl{font-size:59px}<\/style><h2 class=\"elementor-heading-title elementor-size-default\">R\u00e9f\u00e9rence au temps  vague dans un Coll\u00e8ge pour pr\u00e9parer un cours<\/h2>\t\t<\/div>\n\t\t\t\t<\/div>\n\t\t\t\t<div class=\"elementor-element elementor-element-6b728b97 elementor-widget elementor-widget-heading\" data-id=\"6b728b97\" data-element_type=\"widget\" data-widget_type=\"heading.default\">\n\t\t\t\t<div class=\"elementor-widget-container\">\n\t\t\t<h3 class=\"elementor-heading-title elementor-size-default\"><i>\"\u00e0 un moment donn\u00e9\"<\/i><\/h3>\t\t<\/div>\n\t\t\t\t<\/div>\n\t\t\t\t<div class=\"elementor-element elementor-element-92bcbfa elementor-widget elementor-widget-heading\" data-id=\"92bcbfa\" data-element_type=\"widget\" data-widget_type=\"heading.default\">\n\t\t\t\t<div class=\"elementor-widget-container\">\n\t\t\t<h2 class=\"elementor-heading-title elementor-size-default\"><b>R\u00e9union<\/b><\/h2>\t\t<\/div>\n\t\t\t\t<\/div>\n\t\t\t\t<div class=\"elementor-element elementor-element-3cef525d elementor-widget elementor-widget-text-editor\" data-id=\"3cef525d\" data-element_type=\"widget\" data-widget_type=\"text-editor.default\">\n\t\t\t\t<div class=\"elementor-widget-container\">\n\t\t\t\t\t\t\t<p>R\u00e9union entre des enseignants pour un cours de sport au coll\u00e8ge \u2013 3 locuteurs.<\/p>\t\t\t\t\t\t<\/div>\n\t\t\t\t<\/div>\n\t\t\t\t<div class=\"elementor-element elementor-element-40cf7bcd elementor-widget elementor-widget-heading\" data-id=\"40cf7bcd\" data-element_type=\"widget\" data-widget_type=\"heading.default\">\n\t\t\t\t<div class=\"elementor-widget-container\">\n\t\t\t<h2 class=\"elementor-heading-title elementor-size-default\"><b>Contexte<\/b><\/h2>\t\t<\/div>\n\t\t\t\t<\/div>\n\t\t\t\t<div class=\"elementor-element elementor-element-602d9c elementor-widget elementor-widget-text-editor\" data-id=\"602d9c\" data-element_type=\"widget\" data-widget_type=\"text-editor.default\">\n\t\t\t\t<div class=\"elementor-widget-container\">\n\t\t\t\t\t\t\t<p><span class=\"textstyle17\">Yvan demande \u00e0 enseigner lui-m\u00eame le Hip-Hop sinon il ne saura jamais le faire<\/span><span class=\"textstyle18\"><br \/><\/span><\/p>\t\t\t\t\t\t<\/div>\n\t\t\t\t<\/div>\n\t\t\t\t\t<\/div>\n\t\t<\/div>\n\t\t\t\t\t\t\t<\/div>\n\t\t<\/section>\n\t\t\t\t<section class=\"elementor-section elementor-top-section elementor-element elementor-element-4426ec72 elementor-section-boxed elementor-section-height-default elementor-section-height-default\" data-id=\"4426ec72\" data-element_type=\"section\">\n\t\t\t\t\t\t<div class=\"elementor-container elementor-column-gap-default\">\n\t\t\t\t\t<div class=\"elementor-column elementor-col-100 elementor-top-column elementor-element elementor-element-54262c44\" data-id=\"54262c44\" data-element_type=\"column\">\n\t\t\t<div class=\"elementor-widget-wrap elementor-element-populated\">\n\t\t\t\t\t\t\t\t<div class=\"elementor-element elementor-element-6e52125 elementor-widget elementor-widget-text-editor\" data-id=\"6e52125\" data-element_type=\"widget\" data-widget_type=\"text-editor.default\">\n\t\t\t\t<div class=\"elementor-widget-container\">\n\t\t\t\t\t\t\t<p><a class=\"maxbutton-2 maxbutton maxbutton-audio\" href=\"https:\/\/icar.cnrs.fr\/interfare\/wp-content\/uploads\/INTERFARE_temps_College_Sport_moment_donne.wav\" download=\"\"><span class='mb-text'>Audio<\/span><\/a><\/p><p><!--[if lt IE 9]><script>document.createElement('audio');<\/script><![endif]-->\n<audio class=\"wp-audio-shortcode\" id=\"audio-771-1\" preload=\"none\" style=\"width: 100%;\" controls=\"controls\"><source type=\"audio\/wav\" src=\"https:\/\/icar.cnrs.fr\/interfare\/wp-content\/uploads\/INTERFARE_temps_College_Sport_moment_donne.wav?_=1\" \/><a href=\"https:\/\/icar.cnrs.fr\/interfare\/wp-content\/uploads\/INTERFARE_temps_College_Sport_moment_donne.wav\">https:\/\/icar.cnrs.fr\/interfare\/wp-content\/uploads\/INTERFARE_temps_College_Sport_moment_donne.wav<\/a><\/audio><\/p>\t\t\t\t\t\t<\/div>\n\t\t\t\t<\/div>\n\t\t\t\t\t<\/div>\n\t\t<\/div>\n\t\t\t\t\t\t\t<\/div>\n\t\t<\/section>\n\t\t\t\t<section class=\"elementor-section elementor-top-section elementor-element elementor-element-1eab6d5 elementor-section-boxed elementor-section-height-default elementor-section-height-default\" data-id=\"1eab6d5\" data-element_type=\"section\">\n\t\t\t\t\t\t<div class=\"elementor-container elementor-column-gap-default\">\n\t\t\t\t\t<div class=\"elementor-column elementor-col-100 elementor-top-column elementor-element elementor-element-6f9b79b8\" data-id=\"6f9b79b8\" data-element_type=\"column\">\n\t\t\t<div class=\"elementor-widget-wrap elementor-element-populated\">\n\t\t\t\t\t\t\t\t<div class=\"elementor-element elementor-element-57c70cd4 elementor-widget elementor-widget-toggle\" data-id=\"57c70cd4\" data-element_type=\"widget\" data-widget_type=\"toggle.default\">\n\t\t\t\t<div class=\"elementor-widget-container\">\n\t\t\t<style>\/*! elementor - v3.6.0 - 21-03-2022 *\/\n.elementor-toggle{text-align:left}.elementor-toggle .elementor-tab-title{font-weight:700;line-height:1;margin:0;padding:15px;border-bottom:1px solid #d4d4d4;cursor:pointer;outline:none}.elementor-toggle .elementor-tab-title .elementor-toggle-icon{display:inline-block;width:1em}.elementor-toggle .elementor-tab-title .elementor-toggle-icon svg{-webkit-margin-start:-5px;margin-inline-start:-5px;width:1em;height:1em}.elementor-toggle .elementor-tab-title .elementor-toggle-icon.elementor-toggle-icon-right{float:right;text-align:right}.elementor-toggle .elementor-tab-title .elementor-toggle-icon.elementor-toggle-icon-left{float:left;text-align:left}.elementor-toggle .elementor-tab-title .elementor-toggle-icon .elementor-toggle-icon-closed{display:block}.elementor-toggle .elementor-tab-title .elementor-toggle-icon .elementor-toggle-icon-opened{display:none}.elementor-toggle .elementor-tab-title.elementor-active{border-bottom:none}.elementor-toggle .elementor-tab-title.elementor-active .elementor-toggle-icon-closed{display:none}.elementor-toggle .elementor-tab-title.elementor-active .elementor-toggle-icon-opened{display:block}.elementor-toggle .elementor-tab-content{padding:15px;border-bottom:1px solid #d4d4d4;display:none}@media (max-width:767px){.elementor-toggle .elementor-tab-title{padding:12px}.elementor-toggle .elementor-tab-content{padding:12px 10px}}<\/style>\t\t<div class=\"elementor-toggle\" role=\"tablist\">\n\t\t\t\t\t\t\t<div class=\"elementor-toggle-item\">\n\t\t\t\t\t<h3 id=\"elementor-tab-title-1471\" class=\"elementor-tab-title\" data-tab=\"1\" role=\"tab\" aria-controls=\"elementor-tab-content-1471\" aria-expanded=\"false\">\n\t\t\t\t\t\t\t\t\t\t\t\t<span class=\"elementor-toggle-icon elementor-toggle-icon-left\" aria-hidden=\"true\">\n\t\t\t\t\t\t\t\t\t\t\t\t\t\t\t<span class=\"elementor-toggle-icon-closed\"><i class=\"fas fa-caret-right\"><\/i><\/span>\n\t\t\t\t\t\t\t\t<span class=\"elementor-toggle-icon-opened\"><i class=\"elementor-toggle-icon-opened fas fa-caret-up\"><\/i><\/span>\n\t\t\t\t\t\t\t\t\t\t\t\t\t<\/span>\n\t\t\t\t\t\t\t\t\t\t\t\t<a href=\"\" class=\"elementor-toggle-title\">La  transcription<\/a>\n\t\t\t\t\t<\/h3>\n\n\t\t\t\t\t<div id=\"elementor-tab-content-1471\" class=\"elementor-tab-content elementor-clearfix\" data-tab=\"1\" role=\"tabpanel\" aria-labelledby=\"elementor-tab-title-1471\"><p>Yvan &nbsp; mais moi <a href=\"https:\/\/icar.cnrs.fr\/interfare\/quelques_expressions\/#idee\" target=\"_blank\" rel=\"noopener\"><b>l&rsquo;id\u00e9e c&rsquo;est que<\/b> <\/a>je veux l&rsquo;enseigner\u2191 tu vois enfin <b><a href=\"https:\/\/icar.cnrs.fr\/interfare\/quelques_expressions\/#a_un_moment_donne\" target=\"_blank\" rel=\"noopener\">\u00e0 un moment donn\u00e9 <\/a><\/b>si je d\u00e9l\u00e8gue tout le temps (pause) <br>Eric &nbsp; &nbsp; ouais ouais ouais ouais ouais\u2193<br>Yvan &nbsp;&nbsp;<b> <\/b><b>ce que je sais pas faire\u2191 je saurai jamais faire\u2193<\/b> <\/p><\/div>\n\t\t\t\t<\/div>\n\t\t\t\t\t\t\t\t<\/div>\n\t\t\t\t<\/div>\n\t\t\t\t<\/div>\n\t\t\t\t\t<\/div>\n\t\t<\/div>\n\t\t\t\t\t\t\t<\/div>\n\t\t<\/section>\n\t\t\t\t<section class=\"elementor-section elementor-top-section elementor-element elementor-element-3076539b elementor-section-boxed elementor-section-height-default elementor-section-height-default\" data-id=\"3076539b\" data-element_type=\"section\">\n\t\t\t\t\t\t<div class=\"elementor-container elementor-column-gap-default\">\n\t\t\t\t\t<div class=\"elementor-column elementor-col-100 elementor-top-column elementor-element elementor-element-38e7810b\" data-id=\"38e7810b\" data-element_type=\"column\">\n\t\t\t<div class=\"elementor-widget-wrap elementor-element-populated\">\n\t\t\t\t\t\t\t\t<div class=\"elementor-element elementor-element-48a5ebcf elementor-widget elementor-widget-toggle\" data-id=\"48a5ebcf\" data-element_type=\"widget\" data-widget_type=\"toggle.default\">\n\t\t\t\t<div class=\"elementor-widget-container\">\n\t\t\t\t\t<div class=\"elementor-toggle\" role=\"tablist\">\n\t\t\t\t\t\t\t<div class=\"elementor-toggle-item\">\n\t\t\t\t\t<h3 id=\"elementor-tab-title-1211\" class=\"elementor-tab-title\" data-tab=\"1\" role=\"tab\" aria-controls=\"elementor-tab-content-1211\" aria-expanded=\"false\">\n\t\t\t\t\t\t\t\t\t\t\t\t<span class=\"elementor-toggle-icon elementor-toggle-icon-left\" aria-hidden=\"true\">\n\t\t\t\t\t\t\t\t\t\t\t\t\t\t\t<span class=\"elementor-toggle-icon-closed\"><i class=\"fas fa-caret-right\"><\/i><\/span>\n\t\t\t\t\t\t\t\t<span class=\"elementor-toggle-icon-opened\"><i class=\"elementor-toggle-icon-opened fas fa-caret-up\"><\/i><\/span>\n\t\t\t\t\t\t\t\t\t\t\t\t\t<\/span>\n\t\t\t\t\t\t\t\t\t\t\t\t<a href=\"\" class=\"elementor-toggle-title\">Les explications<\/a>\n\t\t\t\t\t<\/h3>\n\n\t\t\t\t\t<div id=\"elementor-tab-content-1211\" class=\"elementor-tab-content elementor-clearfix\" data-tab=\"1\" role=\"tabpanel\" aria-labelledby=\"elementor-tab-title-1211\"><ul>\n<li>Y<span>van&nbsp; <\/span><span>explique<\/span><span> qu&rsquo;il ne veut pas d\u00e9l\u00e9guer un enseignement sinon il ne saura jamais le faire lui-m\u00eame avec la construction \u00ab\u00a0<\/span><span>mais moi<\/span><span>\u00a0\u00bb qui initie son argument, la construction \u00ab\u00a0<\/span><span>l&rsquo;id\u00e9e c&rsquo;est que<\/span><span>\u00a0\u00bb et l&rsquo;information \u00ab\u00a0<\/span><span>\u00e0 un moment donn\u00e9 si je d\u00e9l\u00e8gue tout le temps<\/span><span>\u00a0\u00bb qui signifie qu&rsquo;il ne pourra pas continer \u00e0 d\u00e9l\u00e9guer comme il le fait actuellement sinon il n&rsquo;apprendra jamais<\/span><\/li><li><span>I<\/span><span>l poursuit son argument avec la construction \u00ab\u00a0<\/span><span>ce que je sais pas faire<\/span><span>\u00a0\u00bb suivi d&rsquo;une intonation montante, \u00a0\u00bb <\/span><span>je saurai jamais faire<\/span><span>\u00a0\u00bb avec une intonation descendante<\/span><\/li><li><span>E<\/span><span>ric montre son accord en r\u00e9p\u00e9tant \u00ab\u00a0ouais\u00a0\u00bb \u00e0 5 reprises<\/span><\/li><\/ul><ul><\/ul>\n<p><span style=\"font-size: 14pt;\">&nbsp;<\/span><\/p>\n<p><\/p><\/div>\n\t\t\t\t<\/div>\n\t\t\t\t\t\t\t\t<\/div>\n\t\t\t\t<\/div>\n\t\t\t\t<\/div>\n\t\t\t\t\t<\/div>\n\t\t<\/div>\n\t\t\t\t\t\t\t<\/div>\n\t\t<\/section>\n\t\t\t\t<section class=\"elementor-section elementor-top-section elementor-element elementor-element-f1d73ad elementor-section-boxed elementor-section-height-default elementor-section-height-default\" data-id=\"f1d73ad\" data-element_type=\"section\">\n\t\t\t\t\t\t<div class=\"elementor-container elementor-column-gap-default\">\n\t\t\t\t\t<div class=\"elementor-column elementor-col-100 elementor-top-column elementor-element elementor-element-00a2f79\" data-id=\"00a2f79\" data-element_type=\"column\">\n\t\t\t<div class=\"elementor-widget-wrap elementor-element-populated\">\n\t\t\t\t\t\t\t\t<div class=\"elementor-element elementor-element-a186608 elementor-button-info elementor-align-left elementor-widget__width-inherit elementor-widget elementor-widget-button\" data-id=\"a186608\" data-element_type=\"widget\" data-widget_type=\"button.default\">\n\t\t\t\t<div class=\"elementor-widget-container\">\n\t\t\t\t\t<div class=\"elementor-button-wrapper\">\n\t\t\t<a href=\"https:\/\/icar.cnrs.fr\/interfare\/mjc-exercice-a-un-moment-donne#exercice_16\" target=\"_blank\" class=\"elementor-button-link elementor-button elementor-size-sm\" role=\"button\">\n\t\t\t\t\t\t<span class=\"elementor-button-content-wrapper\">\n\t\t\t\t\t\t<span class=\"elementor-button-text\">Les exercices : \u00e0 vous de jouer !<\/span>\n\t\t<\/span>\n\t\t\t\t\t<\/a>\n\t\t<\/div>\n\t\t\t\t<\/div>\n\t\t\t\t<\/div>\n\t\t\t\t\t<\/div>\n\t\t<\/div>\n\t\t\t\t\t\t\t<\/div>\n\t\t<\/section>\n\t\t\t\t\t\t\t<\/div>\n\t\t","protected":false},"excerpt":{"rendered":"<p>Les rubriques &gt; Faire R\u00e9f\u00e9rence &gt; Au temps R\u00e9f\u00e9rence au temps vague dans un Coll\u00e8ge pour pr\u00e9parer un cours \u00ab\u00a0\u00e0 un moment donn\u00e9\u00a0\u00bb R\u00e9union R\u00e9union entre des enseignants pour un cours de sport au coll\u00e8ge \u2013 3 locuteurs. Contexte Yvan demande \u00e0 enseigner lui-m\u00eame le Hip-Hop sinon il ne saura jamais le faire La transcription [&hellip;]<\/p>\n","protected":false},"author":2,"featured_media":0,"parent":0,"menu_order":0,"comment_status":"closed","ping_status":"closed","template":"","meta":{"footnotes":""},"_links":{"self":[{"href":"https:\/\/icar.cnrs.fr\/interfare\/wp-json\/wp\/v2\/pages\/771"}],"collection":[{"href":"https:\/\/icar.cnrs.fr\/interfare\/wp-json\/wp\/v2\/pages"}],"about":[{"href":"https:\/\/icar.cnrs.fr\/interfare\/wp-json\/wp\/v2\/types\/page"}],"author":[{"embeddable":true,"href":"https:\/\/icar.cnrs.fr\/interfare\/wp-json\/wp\/v2\/users\/2"}],"replies":[{"embeddable":true,"href":"https:\/\/icar.cnrs.fr\/interfare\/wp-json\/wp\/v2\/comments?post=771"}],"version-history":[{"count":0,"href":"https:\/\/icar.cnrs.fr\/interfare\/wp-json\/wp\/v2\/pages\/771\/revisions"}],"wp:attachment":[{"href":"https:\/\/icar.cnrs.fr\/interfare\/wp-json\/wp\/v2\/media?parent=771"}],"curies":[{"name":"wp","href":"https:\/\/api.w.org\/{rel}","templated":true}]}}