{"id":8328,"date":"2024-08-23T11:45:18","date_gmt":"2024-08-23T09:45:18","guid":{"rendered":"https:\/\/icar.cnrs.fr\/interfare\/?page_id=8328"},"modified":"2024-08-23T11:52:26","modified_gmt":"2024-08-23T09:52:26","slug":"donner-la-parole-exercices-transversaux","status":"publish","type":"page","link":"https:\/\/icar.cnrs.fr\/interfare\/donner-la-parole-exercices-transversaux\/","title":{"rendered":"Donner la parole Exercices transversaux"},"content":{"rendered":"\t\t<div data-elementor-type=\"wp-page\" data-elementor-id=\"8328\" class=\"elementor elementor-8328\">\n\t\t\t\t\t\t\t\t\t<section class=\"elementor-section elementor-top-section elementor-element elementor-element-39acd7ff elementor-section-boxed elementor-section-height-default elementor-section-height-default\" data-id=\"39acd7ff\" data-element_type=\"section\">\n\t\t\t\t\t\t<div class=\"elementor-container elementor-column-gap-default\">\n\t\t\t\t\t<div class=\"elementor-column elementor-col-100 elementor-top-column elementor-element elementor-element-42fe811d\" data-id=\"42fe811d\" data-element_type=\"column\">\n\t\t\t<div class=\"elementor-widget-wrap elementor-element-populated\">\n\t\t\t\t\t\t\t\t<div class=\"elementor-element elementor-element-6e3165c1 elementor-widget elementor-widget-text-editor\" data-id=\"6e3165c1\" data-element_type=\"widget\" data-widget_type=\"text-editor.default\">\n\t\t\t\t<div class=\"elementor-widget-container\">\n\t\t\t<style>\/*! elementor - v3.6.0 - 21-03-2022 *\/\n.elementor-widget-text-editor.elementor-drop-cap-view-stacked .elementor-drop-cap{background-color:#818a91;color:#fff}.elementor-widget-text-editor.elementor-drop-cap-view-framed .elementor-drop-cap{color:#818a91;border:3px solid;background-color:transparent}.elementor-widget-text-editor:not(.elementor-drop-cap-view-default) .elementor-drop-cap{margin-top:8px}.elementor-widget-text-editor:not(.elementor-drop-cap-view-default) .elementor-drop-cap-letter{width:1em;height:1em}.elementor-widget-text-editor .elementor-drop-cap{float:left;text-align:center;line-height:1;font-size:50px}.elementor-widget-text-editor .elementor-drop-cap-letter{display:inline-block}<\/style>\t\t\t\t<p><a href=\"https:\/\/icar.cnrs.fr\/interfare\/les-rubriques\/\">Les rubriques<\/a> &gt; <a href=\"https:\/\/icar.cnrs.fr\/interfare\/donner-la-parole\/\">Donner la parole<\/a><\/p>\t\t\t\t\t\t<\/div>\n\t\t\t\t<\/div>\n\t\t\t\t<div class=\"elementor-element elementor-element-4f14e221 elementor-widget elementor-widget-heading\" data-id=\"4f14e221\" data-element_type=\"widget\" data-widget_type=\"heading.default\">\n\t\t\t\t<div class=\"elementor-widget-container\">\n\t\t\t<style>\/*! elementor - v3.6.0 - 21-03-2022 *\/\n.elementor-heading-title{padding:0;margin:0;line-height:1}.elementor-widget-heading .elementor-heading-title[class*=elementor-size-]>a{color:inherit;font-size:inherit;line-height:inherit}.elementor-widget-heading .elementor-heading-title.elementor-size-small{font-size:15px}.elementor-widget-heading .elementor-heading-title.elementor-size-medium{font-size:19px}.elementor-widget-heading .elementor-heading-title.elementor-size-large{font-size:29px}.elementor-widget-heading .elementor-heading-title.elementor-size-xl{font-size:39px}.elementor-widget-heading .elementor-heading-title.elementor-size-xxl{font-size:59px}<\/style><h2 class=\"elementor-heading-title elementor-size-default\">Exercice transversaux Donner la parole<\/h2>\t\t<\/div>\n\t\t\t\t<\/div>\n\t\t\t\t\t<\/div>\n\t\t<\/div>\n\t\t\t\t\t\t\t<\/div>\n\t\t<\/section>\n\t\t\t\t<section class=\"elementor-section elementor-top-section elementor-element elementor-element-4c08541 elementor-section-boxed elementor-section-height-default elementor-section-height-default\" data-id=\"4c08541\" data-element_type=\"section\">\n\t\t\t\t\t\t<div class=\"elementor-container elementor-column-gap-default\">\n\t\t\t\t\t<div class=\"elementor-column elementor-col-100 elementor-top-column elementor-element elementor-element-b6c0f2c\" data-id=\"b6c0f2c\" data-element_type=\"column\">\n\t\t\t<div class=\"elementor-widget-wrap elementor-element-populated\">\n\t\t\t\t\t\t\t\t<div class=\"elementor-element elementor-element-6eec8a4 elementor-widget elementor-widget-heading\" data-id=\"6eec8a4\" data-element_type=\"widget\" data-widget_type=\"heading.default\">\n\t\t\t\t<div class=\"elementor-widget-container\">\n\t\t\t<span class=\"elementor-heading-title elementor-size-default\">&nbsp; &nbsp;Les exercices<br><\/span>\t\t<\/div>\n\t\t\t\t<\/div>\n\t\t\t\t\t<\/div>\n\t\t<\/div>\n\t\t\t\t\t\t\t<\/div>\n\t\t<\/section>\n\t\t\t\t<section class=\"elementor-section elementor-top-section elementor-element elementor-element-7465be2 elementor-section-boxed elementor-section-height-default elementor-section-height-default\" data-id=\"7465be2\" data-element_type=\"section\">\n\t\t\t\t\t\t<div class=\"elementor-container elementor-column-gap-default\">\n\t\t\t\t\t<div class=\"elementor-column elementor-col-100 elementor-top-column elementor-element elementor-element-0bb40ca\" data-id=\"0bb40ca\" data-element_type=\"column\">\n\t\t\t<div class=\"elementor-widget-wrap elementor-element-populated\">\n\t\t\t\t\t\t\t\t<div class=\"elementor-element elementor-element-81e827b elementor-widget elementor-widget-text-editor\" data-id=\"81e827b\" data-element_type=\"widget\" data-widget_type=\"text-editor.default\">\n\t\t\t\t<div class=\"elementor-widget-container\">\n\t\t\t\t\t\t\t<table style=\"width: 868px;\" width=\"904\"><tbody><tr><td style=\"width: 868px;\" width=\"902\"><p><strong>Objectifs p\u00e9dagogiques :<\/strong><\/p><p><strong>A partir d\u2019extraits o\u00f9 des locuteurs donnent la parole :<\/strong><\/p><ul><li><strong>\u00catre capable de comprendre \u00e0 qui le locuteur donne la parole<br \/><\/strong><\/li><li><strong>\u00catre en mesure de comprendre\u00a0 pourquoi il demande \u00e0 quelqu&rsquo;un d&rsquo;autre d&rsquo;intervenir<br \/><\/strong><\/li><li><strong>\u00catre capable d&rsquo;identifier de quelle mani\u00e8re il lui demande d&rsquo;intervenir<br \/><\/strong><\/li><li><strong>\u00catre capable de saisir les r\u00e9actions des autres locuteurs<br \/><\/strong><\/li><li><strong>\u00catre en mesure de relever comment la s\u00e9quence de prise de parole s&rsquo;organise<br \/><\/strong><\/li><\/ul><p><strong>Activit\u00e9 langagi\u00e8re : CO\/PO<\/strong><\/p><p><strong>NIveau : Interm\u00e9diaire<\/strong><\/p><p><strong>Modalit\u00e9 d\u2019activit\u00e9 : Column<\/strong><strong><br \/><\/strong><\/p><p><strong>Auteur : Galuh Perdana Putra<\/strong><\/p><\/td><\/tr><\/tbody><\/table>\t\t\t\t\t\t<\/div>\n\t\t\t\t<\/div>\n\t\t\t\t\t<\/div>\n\t\t<\/div>\n\t\t\t\t\t\t\t<\/div>\n\t\t<\/section>\n\t\t\t\t<section class=\"elementor-section elementor-top-section elementor-element elementor-element-8d756f9 elementor-section-boxed elementor-section-height-default elementor-section-height-default\" data-id=\"8d756f9\" data-element_type=\"section\">\n\t\t\t\t\t\t<div class=\"elementor-container elementor-column-gap-default\">\n\t\t\t\t\t<div class=\"elementor-column elementor-col-50 elementor-top-column elementor-element elementor-element-b77a087\" data-id=\"b77a087\" data-element_type=\"column\">\n\t\t\t<div class=\"elementor-widget-wrap elementor-element-populated\">\n\t\t\t\t\t\t\t\t<div class=\"elementor-element elementor-element-7def5bf elementor-widget elementor-widget-menu-anchor\" data-id=\"7def5bf\" data-element_type=\"widget\" data-widget_type=\"menu-anchor.default\">\n\t\t\t\t<div class=\"elementor-widget-container\">\n\t\t\t<style>\/*! elementor - v3.6.0 - 21-03-2022 *\/\nbody.elementor-page .elementor-widget-menu-anchor{margin-bottom:0}<\/style>\t\t<div id=\"exercice_34\" class=\"elementor-menu-anchor\"><\/div>\n\t\t\t\t<\/div>\n\t\t\t\t<\/div>\n\t\t\t\t\t<\/div>\n\t\t<\/div>\n\t\t\t\t<div class=\"elementor-column elementor-col-50 elementor-top-column elementor-element elementor-element-ffe2c35\" data-id=\"ffe2c35\" data-element_type=\"column\">\n\t\t\t<div class=\"elementor-widget-wrap elementor-element-populated\">\n\t\t\t\t\t\t\t\t<div class=\"elementor-element elementor-element-99858ec elementor-widget elementor-widget-text-editor\" data-id=\"99858ec\" data-element_type=\"widget\" data-widget_type=\"text-editor.default\">\n\t\t\t\t<div class=\"elementor-widget-container\">\n\t\t\t\t\t\t\t<p><code><div class=\"h5p-iframe-wrapper\"><iframe id=\"h5p-iframe-34\" class=\"h5p-iframe\" data-content-id=\"34\" style=\"height:1px\" src=\"about:blank\" frameBorder=\"0\" scrolling=\"no\" title=\"OK_Interfare_donnerlaparole_Explicite \u00ab att\u00e9nuation \u00bb et adressage direct\"><\/iframe><\/div><\/code><\/p>\t\t\t\t\t\t<\/div>\n\t\t\t\t<\/div>\n\t\t\t\t\t<\/div>\n\t\t<\/div>\n\t\t\t\t\t\t\t<\/div>\n\t\t<\/section>\n\t\t\t\t<section class=\"elementor-section elementor-top-section elementor-element elementor-element-537dabd elementor-section-boxed elementor-section-height-default elementor-section-height-default\" data-id=\"537dabd\" data-element_type=\"section\">\n\t\t\t\t\t\t<div class=\"elementor-container elementor-column-gap-default\">\n\t\t\t\t\t<div class=\"elementor-column elementor-col-50 elementor-top-column elementor-element elementor-element-31b3b6e\" data-id=\"31b3b6e\" data-element_type=\"column\">\n\t\t\t<div class=\"elementor-widget-wrap elementor-element-populated\">\n\t\t\t\t\t\t\t\t<div class=\"elementor-element elementor-element-704a01a elementor-widget elementor-widget-menu-anchor\" data-id=\"704a01a\" data-element_type=\"widget\" data-widget_type=\"menu-anchor.default\">\n\t\t\t\t<div class=\"elementor-widget-container\">\n\t\t\t\t\t<div id=\"exercice_34\" class=\"elementor-menu-anchor\"><\/div>\n\t\t\t\t<\/div>\n\t\t\t\t<\/div>\n\t\t\t\t\t<\/div>\n\t\t<\/div>\n\t\t\t\t<div class=\"elementor-column elementor-col-50 elementor-top-column elementor-element elementor-element-aa0bcc0\" data-id=\"aa0bcc0\" data-element_type=\"column\">\n\t\t\t<div class=\"elementor-widget-wrap elementor-element-populated\">\n\t\t\t\t\t\t\t\t<div class=\"elementor-element elementor-element-4a838e0 elementor-widget elementor-widget-text-editor\" data-id=\"4a838e0\" data-element_type=\"widget\" data-widget_type=\"text-editor.default\">\n\t\t\t\t<div class=\"elementor-widget-container\">\n\t\t\t\t\t\t\t<p><code><div class=\"h5p-iframe-wrapper\"><iframe id=\"h5p-iframe-36\" class=\"h5p-iframe\" data-content-id=\"36\" style=\"height:1px\" src=\"about:blank\" frameBorder=\"0\" scrolling=\"no\" title=\"OK_Interfare_donerlaparole_faut qu&#039;on recrute du monde tu penses\"><\/iframe><\/div><\/code><\/p>\t\t\t\t\t\t<\/div>\n\t\t\t\t<\/div>\n\t\t\t\t\t<\/div>\n\t\t<\/div>\n\t\t\t\t\t\t\t<\/div>\n\t\t<\/section>\n\t\t\t\t<section class=\"elementor-section elementor-top-section elementor-element elementor-element-44cbada elementor-section-boxed elementor-section-height-default elementor-section-height-default\" data-id=\"44cbada\" data-element_type=\"section\">\n\t\t\t\t\t\t<div class=\"elementor-container elementor-column-gap-default\">\n\t\t\t\t\t<div class=\"elementor-column elementor-col-50 elementor-top-column elementor-element elementor-element-f26e79d\" data-id=\"f26e79d\" data-element_type=\"column\">\n\t\t\t<div class=\"elementor-widget-wrap elementor-element-populated\">\n\t\t\t\t\t\t\t\t<div class=\"elementor-element elementor-element-db1d89b elementor-widget elementor-widget-menu-anchor\" data-id=\"db1d89b\" data-element_type=\"widget\" data-widget_type=\"menu-anchor.default\">\n\t\t\t\t<div class=\"elementor-widget-container\">\n\t\t\t\t\t<div id=\"exercice_34\" class=\"elementor-menu-anchor\"><\/div>\n\t\t\t\t<\/div>\n\t\t\t\t<\/div>\n\t\t\t\t\t<\/div>\n\t\t<\/div>\n\t\t\t\t<div class=\"elementor-column elementor-col-50 elementor-top-column elementor-element elementor-element-bee3237\" data-id=\"bee3237\" data-element_type=\"column\">\n\t\t\t<div class=\"elementor-widget-wrap elementor-element-populated\">\n\t\t\t\t\t\t\t\t<div class=\"elementor-element elementor-element-861231f elementor-widget elementor-widget-text-editor\" data-id=\"861231f\" data-element_type=\"widget\" data-widget_type=\"text-editor.default\">\n\t\t\t\t<div class=\"elementor-widget-container\">\n\t\t\t\t\t\t\t<p><code><div class=\"h5p-iframe-wrapper\"><iframe id=\"h5p-iframe-48\" class=\"h5p-iframe\" data-content-id=\"48\" style=\"height:1px\" src=\"about:blank\" frameBorder=\"0\" scrolling=\"no\" title=\"OK_Interfare_donnerlaparole_Probl\u00e8me d\u2019\u00e9coute\"><\/iframe><\/div><\/code><\/p>\t\t\t\t\t\t<\/div>\n\t\t\t\t<\/div>\n\t\t\t\t\t<\/div>\n\t\t<\/div>\n\t\t\t\t\t\t\t<\/div>\n\t\t<\/section>\n\t\t\t\t<section class=\"elementor-section elementor-top-section elementor-element elementor-element-fc15e7a elementor-section-boxed elementor-section-height-default elementor-section-height-default\" data-id=\"fc15e7a\" data-element_type=\"section\">\n\t\t\t\t\t\t<div class=\"elementor-container elementor-column-gap-default\">\n\t\t\t\t\t<div class=\"elementor-column elementor-col-50 elementor-top-column elementor-element elementor-element-9107634\" data-id=\"9107634\" data-element_type=\"column\">\n\t\t\t<div class=\"elementor-widget-wrap elementor-element-populated\">\n\t\t\t\t\t\t\t\t<div class=\"elementor-element elementor-element-628f6c0 elementor-widget elementor-widget-menu-anchor\" data-id=\"628f6c0\" data-element_type=\"widget\" data-widget_type=\"menu-anchor.default\">\n\t\t\t\t<div class=\"elementor-widget-container\">\n\t\t\t\t\t<div id=\"exercice_34\" class=\"elementor-menu-anchor\"><\/div>\n\t\t\t\t<\/div>\n\t\t\t\t<\/div>\n\t\t\t\t\t<\/div>\n\t\t<\/div>\n\t\t\t\t<div class=\"elementor-column elementor-col-50 elementor-top-column elementor-element elementor-element-f17aae9\" data-id=\"f17aae9\" data-element_type=\"column\">\n\t\t\t<div class=\"elementor-widget-wrap elementor-element-populated\">\n\t\t\t\t\t\t\t\t<div class=\"elementor-element elementor-element-939b66f elementor-widget elementor-widget-text-editor\" data-id=\"939b66f\" data-element_type=\"widget\" data-widget_type=\"text-editor.default\">\n\t\t\t\t<div class=\"elementor-widget-container\">\n\t\t\t\t\t\t\t<p><code><div class=\"h5p-iframe-wrapper\"><iframe id=\"h5p-iframe-45\" class=\"h5p-iframe\" data-content-id=\"45\" style=\"height:1px\" src=\"about:blank\" frameBorder=\"0\" scrolling=\"no\" title=\"OK_Interfare-donner la parole_question suspensive\"><\/iframe><\/div><\/code><\/p>\t\t\t\t\t\t<\/div>\n\t\t\t\t<\/div>\n\t\t\t\t\t<\/div>\n\t\t<\/div>\n\t\t\t\t\t\t\t<\/div>\n\t\t<\/section>\n\t\t\t\t<section class=\"elementor-section elementor-top-section elementor-element elementor-element-4a16634 elementor-section-boxed elementor-section-height-default elementor-section-height-default\" data-id=\"4a16634\" data-element_type=\"section\">\n\t\t\t\t\t\t<div class=\"elementor-container elementor-column-gap-default\">\n\t\t\t\t\t<div class=\"elementor-column elementor-col-50 elementor-top-column elementor-element elementor-element-e670447\" data-id=\"e670447\" data-element_type=\"column\">\n\t\t\t<div class=\"elementor-widget-wrap elementor-element-populated\">\n\t\t\t\t\t\t\t\t<div class=\"elementor-element elementor-element-00ed1ec elementor-widget elementor-widget-menu-anchor\" data-id=\"00ed1ec\" data-element_type=\"widget\" data-widget_type=\"menu-anchor.default\">\n\t\t\t\t<div class=\"elementor-widget-container\">\n\t\t\t\t\t<div id=\"exercice_34\" class=\"elementor-menu-anchor\"><\/div>\n\t\t\t\t<\/div>\n\t\t\t\t<\/div>\n\t\t\t\t\t<\/div>\n\t\t<\/div>\n\t\t\t\t<div class=\"elementor-column elementor-col-50 elementor-top-column elementor-element elementor-element-e109e01\" data-id=\"e109e01\" data-element_type=\"column\">\n\t\t\t<div class=\"elementor-widget-wrap elementor-element-populated\">\n\t\t\t\t\t\t\t\t<div class=\"elementor-element elementor-element-3e05b9e elementor-widget elementor-widget-text-editor\" data-id=\"3e05b9e\" data-element_type=\"widget\" data-widget_type=\"text-editor.default\">\n\t\t\t\t<div class=\"elementor-widget-container\">\n\t\t\t\t\t\t\t<p><code><div class=\"h5p-iframe-wrapper\"><iframe id=\"h5p-iframe-47\" class=\"h5p-iframe\" data-content-id=\"47\" style=\"height:1px\" src=\"about:blank\" frameBorder=\"0\" scrolling=\"no\" title=\"OK_INTERFARE_Donnerlaparole_vas-y vas-y vas-y vas-y\"><\/iframe><\/div><\/code><\/p>\t\t\t\t\t\t<\/div>\n\t\t\t\t<\/div>\n\t\t\t\t\t<\/div>\n\t\t<\/div>\n\t\t\t\t\t\t\t<\/div>\n\t\t<\/section>\n\t\t\t\t\t\t\t<\/div>\n\t\t","protected":false},"excerpt":{"rendered":"<p>Les rubriques &gt; Donner la parole Exercice transversaux Donner la parole &nbsp; &nbsp;Les exercices Objectifs p\u00e9dagogiques : A partir d\u2019extraits o\u00f9 des locuteurs donnent la parole : \u00catre capable de comprendre \u00e0 qui le locuteur donne la parole \u00catre en mesure de comprendre\u00a0 pourquoi il demande \u00e0 quelqu&rsquo;un d&rsquo;autre d&rsquo;intervenir \u00catre capable d&rsquo;identifier de quelle [&hellip;]<\/p>\n","protected":false},"author":2,"featured_media":0,"parent":0,"menu_order":0,"comment_status":"closed","ping_status":"closed","template":"","meta":{"footnotes":""},"_links":{"self":[{"href":"https:\/\/icar.cnrs.fr\/interfare\/wp-json\/wp\/v2\/pages\/8328"}],"collection":[{"href":"https:\/\/icar.cnrs.fr\/interfare\/wp-json\/wp\/v2\/pages"}],"about":[{"href":"https:\/\/icar.cnrs.fr\/interfare\/wp-json\/wp\/v2\/types\/page"}],"author":[{"embeddable":true,"href":"https:\/\/icar.cnrs.fr\/interfare\/wp-json\/wp\/v2\/users\/2"}],"replies":[{"embeddable":true,"href":"https:\/\/icar.cnrs.fr\/interfare\/wp-json\/wp\/v2\/comments?post=8328"}],"version-history":[{"count":4,"href":"https:\/\/icar.cnrs.fr\/interfare\/wp-json\/wp\/v2\/pages\/8328\/revisions"}],"predecessor-version":[{"id":8332,"href":"https:\/\/icar.cnrs.fr\/interfare\/wp-json\/wp\/v2\/pages\/8328\/revisions\/8332"}],"wp:attachment":[{"href":"https:\/\/icar.cnrs.fr\/interfare\/wp-json\/wp\/v2\/media?parent=8328"}],"curies":[{"name":"wp","href":"https:\/\/api.w.org\/{rel}","templated":true}]}}