{"id":9202,"date":"2025-04-21T16:46:31","date_gmt":"2025-04-21T14:46:31","guid":{"rendered":"https:\/\/icar.cnrs.fr\/interfare\/?page_id=9202"},"modified":"2025-05-22T12:51:31","modified_gmt":"2025-05-22T10:51:31","slug":"fp-jobserve-commencer-la-reunion","status":"publish","type":"page","link":"https:\/\/icar.cnrs.fr\/interfare\/fp-jobserve-commencer-la-reunion\/","title":{"rendered":"FP &#8211; J&rsquo;observe : Commencer la r\u00e9union"},"content":{"rendered":"\t\t<div data-elementor-type=\"wp-page\" data-elementor-id=\"9202\" class=\"elementor elementor-9202\">\n\t\t\t\t\t\t\t\t\t<section class=\"elementor-section elementor-top-section elementor-element elementor-element-7166c64f elementor-section-boxed elementor-section-height-default elementor-section-height-default\" data-id=\"7166c64f\" data-element_type=\"section\">\n\t\t\t\t\t\t<div class=\"elementor-container elementor-column-gap-default\">\n\t\t\t\t\t<div class=\"elementor-column elementor-col-100 elementor-top-column elementor-element elementor-element-318bd4\" data-id=\"318bd4\" data-element_type=\"column\">\n\t\t\t<div class=\"elementor-widget-wrap elementor-element-populated\">\n\t\t\t\t\t\t\t\t<div class=\"elementor-element elementor-element-5eb5b852 elementor-widget elementor-widget-heading\" data-id=\"5eb5b852\" data-element_type=\"widget\" data-widget_type=\"heading.default\">\n\t\t\t\t<div class=\"elementor-widget-container\">\n\t\t\t<style>\/*! elementor - v3.6.0 - 21-03-2022 *\/\n.elementor-heading-title{padding:0;margin:0;line-height:1}.elementor-widget-heading .elementor-heading-title[class*=elementor-size-]>a{color:inherit;font-size:inherit;line-height:inherit}.elementor-widget-heading .elementor-heading-title.elementor-size-small{font-size:15px}.elementor-widget-heading .elementor-heading-title.elementor-size-medium{font-size:19px}.elementor-widget-heading .elementor-heading-title.elementor-size-large{font-size:29px}.elementor-widget-heading .elementor-heading-title.elementor-size-xl{font-size:39px}.elementor-widget-heading .elementor-heading-title.elementor-size-xxl{font-size:59px}<\/style><h2 class=\"elementor-heading-title elementor-size-default\">Commencer la r\u00e9union<\/h2>\t\t<\/div>\n\t\t\t\t<\/div>\n\t\t\t\t\t<\/div>\n\t\t<\/div>\n\t\t\t\t\t\t\t<\/div>\n\t\t<\/section>\n\t\t\t\t<section class=\"elementor-section elementor-top-section elementor-element elementor-element-66fb7da6 elementor-section-boxed elementor-section-height-default elementor-section-height-default\" data-id=\"66fb7da6\" data-element_type=\"section\">\n\t\t\t\t\t\t<div class=\"elementor-container elementor-column-gap-default\">\n\t\t\t\t\t<div class=\"elementor-column elementor-col-50 elementor-top-column elementor-element elementor-element-3c2dd3f\" data-id=\"3c2dd3f\" data-element_type=\"column\">\n\t\t\t<div class=\"elementor-widget-wrap elementor-element-populated\">\n\t\t\t\t\t\t\t\t<div class=\"elementor-element elementor-element-23d5a11d elementor-widget elementor-widget-text-editor\" data-id=\"23d5a11d\" data-element_type=\"widget\" data-widget_type=\"text-editor.default\">\n\t\t\t\t<div class=\"elementor-widget-container\">\n\t\t\t<style>\/*! elementor - v3.6.0 - 21-03-2022 *\/\n.elementor-widget-text-editor.elementor-drop-cap-view-stacked .elementor-drop-cap{background-color:#818a91;color:#fff}.elementor-widget-text-editor.elementor-drop-cap-view-framed .elementor-drop-cap{color:#818a91;border:3px solid;background-color:transparent}.elementor-widget-text-editor:not(.elementor-drop-cap-view-default) .elementor-drop-cap{margin-top:8px}.elementor-widget-text-editor:not(.elementor-drop-cap-view-default) .elementor-drop-cap-letter{width:1em;height:1em}.elementor-widget-text-editor .elementor-drop-cap{float:left;text-align:center;line-height:1;font-size:50px}.elementor-widget-text-editor .elementor-drop-cap-letter{display:inline-block}<\/style>\t\t\t\t<p>\u00a0Rappel des objectifs ou ordre du jour<\/p>\t\t\t\t\t\t<\/div>\n\t\t\t\t<\/div>\n\t\t\t\t\t<\/div>\n\t\t<\/div>\n\t\t\t\t<div class=\"elementor-column elementor-col-50 elementor-top-column elementor-element elementor-element-b181f41\" data-id=\"b181f41\" data-element_type=\"column\">\n\t\t\t<div class=\"elementor-widget-wrap elementor-element-populated\">\n\t\t\t\t\t\t\t\t<div class=\"elementor-element elementor-element-39d1de0c elementor-widget elementor-widget-text-editor\" data-id=\"39d1de0c\" data-element_type=\"widget\" data-widget_type=\"text-editor.default\">\n\t\t\t\t<div class=\"elementor-widget-container\">\n\t\t\t\t\t\t\t<p style=\"text-align: center;\">D\u00e9marrage sans ordre du jour<\/p>\t\t\t\t\t\t<\/div>\n\t\t\t\t<\/div>\n\t\t\t\t\t<\/div>\n\t\t<\/div>\n\t\t\t\t\t\t\t<\/div>\n\t\t<\/section>\n\t\t\t\t<section class=\"elementor-section elementor-top-section elementor-element elementor-element-4fb5a0f0 elementor-section-boxed elementor-section-height-default elementor-section-height-default\" data-id=\"4fb5a0f0\" data-element_type=\"section\">\n\t\t\t\t\t\t<div class=\"elementor-container elementor-column-gap-default\">\n\t\t\t\t\t<div class=\"elementor-column elementor-col-50 elementor-top-column elementor-element elementor-element-27f9f7ea\" data-id=\"27f9f7ea\" data-element_type=\"column\">\n\t\t\t<div class=\"elementor-widget-wrap elementor-element-populated\">\n\t\t\t\t\t\t\t\t<div class=\"elementor-element elementor-element-344a776 elementor-widget__width-initial elementor-widget elementor-widget-text-editor\" data-id=\"344a776\" data-element_type=\"widget\" data-widget_type=\"text-editor.default\">\n\t\t\t\t<div class=\"elementor-widget-container\">\n\t\t\t\t\t\t\t<p><span class=\"textstyle21\">Rappel de l&rsquo;ordre du jour et remerciements<\/span> <br><\/p>\t\t\t\t\t\t<\/div>\n\t\t\t\t<\/div>\n\t\t\t\t<div class=\"elementor-element elementor-element-2d82f5d2 elementor-widget__width-initial elementor-widget elementor-widget-image\" data-id=\"2d82f5d2\" data-element_type=\"widget\" data-widget_type=\"image.default\">\n\t\t\t\t<div class=\"elementor-widget-container\">\n\t\t\t<style>\/*! elementor - v3.6.0 - 21-03-2022 *\/\n.elementor-widget-image{text-align:center}.elementor-widget-image a{display:inline-block}.elementor-widget-image a img[src$=\".svg\"]{width:48px}.elementor-widget-image img{vertical-align:middle;display:inline-block}<\/style>\t\t\t\t\t\t\t\t\t\t\t\t<img decoding=\"async\" src=\"https:\/\/icar.cnrs.fr\/interfare\/wp-content\/uploads\/audio-e1645197811992.png\" title=\"audio\" alt=\"audio\" \/>\t\t\t\t\t\t\t\t\t\t\t\t\t\t\t<\/div>\n\t\t\t\t<\/div>\n\t\t\t\t<div class=\"elementor-element elementor-element-14e1907 elementor-widget elementor-widget-text-editor\" data-id=\"14e1907\" data-element_type=\"widget\" data-widget_type=\"text-editor.default\">\n\t\t\t\t<div class=\"elementor-widget-container\">\n\t\t\t\t\t\t\t<p><a href=\"https:\/\/icar.cnrs.fr\/interfare\/fp-jobserve-commencer-la-reunion-debut-association-scolaire\/\" target=\"_blank\" rel=\"noopener\"><i>\u00ab\u00a0alors <b>\u00e0 l&rsquo;ordre du jour<\/b> ce soir&#8230;\u00a0\u00bb + \u00ab\u00a0dans un premier temps <b>merci d&rsquo;\u00eatre venus\u00a0\u00bb<\/b><\/i><\/a><\/p><p>(Association scolaire)<\/p>\t\t\t\t\t\t<\/div>\n\t\t\t\t<\/div>\n\t\t\t\t<div class=\"elementor-element elementor-element-1251073 elementor-widget elementor-widget-text-editor\" data-id=\"1251073\" data-element_type=\"widget\" data-widget_type=\"text-editor.default\">\n\t\t\t\t<div class=\"elementor-widget-container\">\n\t\t\t\t\t\t\t<p><span class=\"textstyle21\">Bienvenue + passage de parole + point 1 + crit\u00e8res<\/span><\/p><p>\u00a0<\/p>\t\t\t\t\t\t<\/div>\n\t\t\t\t<\/div>\n\t\t\t\t<div class=\"elementor-element elementor-element-6d99ffa elementor-widget__width-initial elementor-widget elementor-widget-image\" data-id=\"6d99ffa\" data-element_type=\"widget\" data-widget_type=\"image.default\">\n\t\t\t\t<div class=\"elementor-widget-container\">\n\t\t\t\t\t\t\t\t\t\t\t\t\t\t\t<img loading=\"lazy\" decoding=\"async\" width=\"38\" height=\"35\" src=\"https:\/\/icar.cnrs.fr\/interfare\/wp-content\/uploads\/audio-e1645197811992.png\" class=\"attachment-medium size-medium\" alt=\"\" \/>\t\t\t\t\t\t\t\t\t\t\t\t\t\t\t<\/div>\n\t\t\t\t<\/div>\n\t\t\t\t<div class=\"elementor-element elementor-element-ba50d0d elementor-widget elementor-widget-text-editor\" data-id=\"ba50d0d\" data-element_type=\"widget\" data-widget_type=\"text-editor.default\">\n\t\t\t\t<div class=\"elementor-widget-container\">\n\t\t\t\t\t\t\t<p><a href=\"https:\/\/icar.cnrs.fr\/interfare\/fp-jobserve-commencer-la-reunion-debu-judo\/\" target=\"_blank\" rel=\"noopener\"><i><span class=\"textstyle23\">\u00abbon <b>bienvenue \u00e0 tout le monde<\/b>\u00a0\u00bb + <b>\u00abon va commencer par le point1<\/b>\u00bb + \u00abX je te laisse parler\u00bb + \u00abj&rsquo;ai mis <b>quelques crit\u00e8res<\/b><\/span><\/i><span class=\"textstyle23\">\u00bb<\/span><\/a><\/p><p><span class=\"textstyle24\">(Judo sport)<\/span><\/p><p><span class=\"textstyle24\">\u00a0<\/span><\/p>\t\t\t\t\t\t<\/div>\n\t\t\t\t<\/div>\n\t\t\t\t<div class=\"elementor-element elementor-element-860cc4f elementor-widget elementor-widget-text-editor\" data-id=\"860cc4f\" data-element_type=\"widget\" data-widget_type=\"text-editor.default\">\n\t\t\t\t<div class=\"elementor-widget-container\">\n\t\t\t\t\t\t\t<p>\u00a0<\/p><p><span class=\"textstyle21\">Ouverture avec la date puis un probl\u00e8me d\u00e9j\u00e0 identifi\u00e9 \u00e0 la derni\u00e8re r\u00e9union<\/span><\/p>\t\t\t\t\t\t<\/div>\n\t\t\t\t<\/div>\n\t\t\t\t<div class=\"elementor-element elementor-element-7b20dfd elementor-widget elementor-widget-image\" data-id=\"7b20dfd\" data-element_type=\"widget\" data-widget_type=\"image.default\">\n\t\t\t\t<div class=\"elementor-widget-container\">\n\t\t\t\t\t\t\t\t\t\t\t\t\t\t\t<img loading=\"lazy\" decoding=\"async\" width=\"43\" height=\"46\" src=\"https:\/\/icar.cnrs.fr\/interfare\/wp-content\/uploads\/video.png\" class=\"attachment-full size-full\" alt=\"\" \/>\t\t\t\t\t\t\t\t\t\t\t\t\t\t\t<\/div>\n\t\t\t\t<\/div>\n\t\t\t\t<div class=\"elementor-element elementor-element-15b696d elementor-widget elementor-widget-text-editor\" data-id=\"15b696d\" data-element_type=\"widget\" data-widget_type=\"text-editor.default\">\n\t\t\t\t<div class=\"elementor-widget-container\">\n\t\t\t\t\t\t\t<p><a href=\"https:\/\/icar.cnrs.fr\/interfare\/fp-jobserve-commencer-la-reunion-debut-production-4\/\" target=\"_blank\" rel=\"noopener\"><em><span class=\"textstyle22\">\u00ab\u00a0<strong>alors on est le<\/strong>\u00a0\u00bb &#8230; +<\/span><span class=\"textstyle31\">\u00ab\u00a0<\/span><span class=\"textstyle23\">alors on a un premier point <strong>donc on avait dit<\/strong> + probl\u00e8me\u00a0\u00bb<\/span><\/em><\/a><\/p><p><span class=\"textstyle24\">(Production4)<\/span><\/p>\t\t\t\t\t\t<\/div>\n\t\t\t\t<\/div>\n\t\t\t\t<div class=\"elementor-element elementor-element-49e774a elementor-widget elementor-widget-text-editor\" data-id=\"49e774a\" data-element_type=\"widget\" data-widget_type=\"text-editor.default\">\n\t\t\t\t<div class=\"elementor-widget-container\">\n\t\t\t\t\t\t\t<p><span class=\"textstyle21\">Justification avec minimisation (un peu\/imparfait\/petit point)<\/span><\/p>\t\t\t\t\t\t<\/div>\n\t\t\t\t<\/div>\n\t\t\t\t<div class=\"elementor-element elementor-element-5dc4b32 elementor-widget__width-initial elementor-widget elementor-widget-image\" data-id=\"5dc4b32\" data-element_type=\"widget\" data-widget_type=\"image.default\">\n\t\t\t\t<div class=\"elementor-widget-container\">\n\t\t\t\t\t\t\t\t\t\t\t\t\t\t\t<img decoding=\"async\" src=\"https:\/\/icar.cnrs.fr\/interfare\/wp-content\/uploads\/audio-e1645197811992.png\" title=\"audio\" alt=\"audio\" \/>\t\t\t\t\t\t\t\t\t\t\t\t\t\t\t<\/div>\n\t\t\t\t<\/div>\n\t\t\t\t<div class=\"elementor-element elementor-element-8fbcfe3 elementor-widget elementor-widget-text-editor\" data-id=\"8fbcfe3\" data-element_type=\"widget\" data-widget_type=\"text-editor.default\">\n\t\t\t\t<div class=\"elementor-widget-container\">\n\t\t\t\t\t\t\t<p><a href=\"https:\/\/icar.cnrs.fr\/interfare\/fp-jobserve-commencer-la-reunion-debut-menuiserie-point\/\" target=\"_blank\" rel=\"noopener\"><em>\u00ab<\/em><em><span class=\"textstyle23\">donc l\u00e0 le but <strong>c&rsquo;\u00e9tait un peu<\/strong> de faire un <strong>petit<\/strong> point<\/span><\/em><span class=\"textstyle22\">\u00bb<\/span><\/a><\/p><p><span class=\"textstyle24\">(Menuiserie)<\/span><\/p>\t\t\t\t\t\t<\/div>\n\t\t\t\t<\/div>\n\t\t\t\t\t<\/div>\n\t\t<\/div>\n\t\t\t\t<div class=\"elementor-column elementor-col-50 elementor-top-column elementor-element elementor-element-55c5239a\" data-id=\"55c5239a\" data-element_type=\"column\">\n\t\t\t<div class=\"elementor-widget-wrap elementor-element-populated\">\n\t\t\t\t\t\t\t\t<div class=\"elementor-element elementor-element-7abf716f elementor-widget elementor-widget-text-editor\" data-id=\"7abf716f\" data-element_type=\"widget\" data-widget_type=\"text-editor.default\">\n\t\t\t\t<div class=\"elementor-widget-container\">\n\t\t\t\t\t\t\t<p><span class=\"textstyle21\">Le plus difficile en premier<\/span><\/p><p>\u00a0<\/p>\t\t\t\t\t\t<\/div>\n\t\t\t\t<\/div>\n\t\t\t\t<div class=\"elementor-element elementor-element-8a9fc14 elementor-widget__width-initial elementor-widget elementor-widget-image\" data-id=\"8a9fc14\" data-element_type=\"widget\" data-widget_type=\"image.default\">\n\t\t\t\t<div class=\"elementor-widget-container\">\n\t\t\t\t\t\t\t\t\t\t\t\t\t\t\t<img decoding=\"async\" src=\"https:\/\/icar.cnrs.fr\/interfare\/wp-content\/uploads\/audio-e1645197811992.png\" title=\"audio\" alt=\"audio\" \/>\t\t\t\t\t\t\t\t\t\t\t\t\t\t\t<\/div>\n\t\t\t\t<\/div>\n\t\t\t\t<div class=\"elementor-element elementor-element-813a5c6 elementor-widget elementor-widget-text-editor\" data-id=\"813a5c6\" data-element_type=\"widget\" data-widget_type=\"text-editor.default\">\n\t\t\t\t<div class=\"elementor-widget-container\">\n\t\t\t\t\t\t\t<p><a href=\"https:\/\/icar.cnrs.fr\/interfare\/fp-jobserve-commencer-la-reunion-debut-menuiserie-souci\/\" target=\"_blank\" rel=\"noopener\"><em><span class=\"textstyle23\">\u00ab bon <strong>j\u2019ai un souci sur<\/strong><\/span><\/em><span class=\"textstyle22\">\u00bb<\/span><\/a><\/p><p><span class=\"textstyle24\">(Menuiserie)<\/span><\/p>\t\t\t\t\t\t<\/div>\n\t\t\t\t<\/div>\n\t\t\t\t<div class=\"elementor-element elementor-element-0cb4a1f elementor-widget elementor-widget-text-editor\" data-id=\"0cb4a1f\" data-element_type=\"widget\" data-widget_type=\"text-editor.default\">\n\t\t\t\t<div class=\"elementor-widget-container\">\n\t\t\t\t\t\t\t<p><span class=\"textstyle21\">\u00a0<\/span><\/p><p><span class=\"textstyle21\">Le plus simple en premier<\/span><\/p><p>\u00a0<\/p>\t\t\t\t\t\t<\/div>\n\t\t\t\t<\/div>\n\t\t\t\t<div class=\"elementor-element elementor-element-85a3808 elementor-widget__width-initial elementor-widget elementor-widget-image\" data-id=\"85a3808\" data-element_type=\"widget\" data-widget_type=\"image.default\">\n\t\t\t\t<div class=\"elementor-widget-container\">\n\t\t\t\t\t\t\t\t\t\t\t\t\t\t\t<img decoding=\"async\" src=\"https:\/\/icar.cnrs.fr\/interfare\/wp-content\/uploads\/audio-e1645197811992.png\" title=\"audio\" alt=\"audio\" \/>\t\t\t\t\t\t\t\t\t\t\t\t\t\t\t<\/div>\n\t\t\t\t<\/div>\n\t\t\t\t<div class=\"elementor-element elementor-element-dce1324 elementor-widget elementor-widget-text-editor\" data-id=\"dce1324\" data-element_type=\"widget\" data-widget_type=\"text-editor.default\">\n\t\t\t\t<div class=\"elementor-widget-container\">\n\t\t\t\t\t\t\t<p><a href=\"https:\/\/icar.cnrs.fr\/interfare\/fp-jobserve-commencer-la-reunion-debut-menuiserie-preference\/\" target=\"_blank\" rel=\"noopener\"><em>\u00abbah en <strong>en premier sujet<\/strong> je pr\u00e9f\u00e9rerais qu&rsquo;on parle de X <strong>\u00e7a va \u00eatre le plus rapide\u00bb<\/strong><\/em><\/a><\/p><p><span class=\"textstyle24\">(Menuiserie)<\/span><\/p>\t\t\t\t\t\t<\/div>\n\t\t\t\t<\/div>\n\t\t\t\t<div class=\"elementor-element elementor-element-a886fcc elementor-widget elementor-widget-text-editor\" data-id=\"a886fcc\" data-element_type=\"widget\" data-widget_type=\"text-editor.default\">\n\t\t\t\t<div class=\"elementor-widget-container\">\n\t\t\t\t\t\t\t<p><span class=\"textstyle21\"><span class=\"textstyle29\">D\u00e9marrage imm\u00e9diat avec \u00ab\u00a0donc\u00a0\u00bb suivi du nom du premier chantier \u00e0 traiter<\/span><\/span><\/p>\t\t\t\t\t\t<\/div>\n\t\t\t\t<\/div>\n\t\t\t\t<div class=\"elementor-element elementor-element-6acb3f5 elementor-widget__width-initial elementor-widget elementor-widget-image\" data-id=\"6acb3f5\" data-element_type=\"widget\" data-widget_type=\"image.default\">\n\t\t\t\t<div class=\"elementor-widget-container\">\n\t\t\t\t\t\t\t\t\t\t\t\t\t\t\t<img decoding=\"async\" src=\"https:\/\/icar.cnrs.fr\/interfare\/wp-content\/uploads\/audio-e1645197811992.png\" title=\"audio\" alt=\"audio\" \/>\t\t\t\t\t\t\t\t\t\t\t\t\t\t\t<\/div>\n\t\t\t\t<\/div>\n\t\t\t\t<div class=\"elementor-element elementor-element-e123268 elementor-widget elementor-widget-text-editor\" data-id=\"e123268\" data-element_type=\"widget\" data-widget_type=\"text-editor.default\">\n\t\t\t\t<div class=\"elementor-widget-container\">\n\t\t\t\t\t\t\t<p><a href=\"https:\/\/icar.cnrs.fr\/interfare\/fp-jobserve-commencer-la-reunion-debut-menuiserie-donc\/\" target=\"_blank\" rel=\"noopener\"><span class=\"textstyle22\"><em><span class=\"textstyle23\"><strong>\u00ab\u00a0donc<\/strong> <b>chantier1<\/b> pas de livraison lundi\u00a0\u00bb<\/span><\/em><\/span><\/a><\/p><p><span class=\"textstyle24\">(Menuiserie)<\/span><span class=\"textstyle26\"><br \/><\/span><\/p>\t\t\t\t\t\t<\/div>\n\t\t\t\t<\/div>\n\t\t\t\t\t<\/div>\n\t\t<\/div>\n\t\t\t\t\t\t\t<\/div>\n\t\t<\/section>\n\t\t\t\t\t\t\t<\/div>\n\t\t","protected":false},"excerpt":{"rendered":"<p>Commencer la r\u00e9union \u00a0Rappel des objectifs ou ordre du jour D\u00e9marrage sans ordre du jour Rappel de l&rsquo;ordre du jour et remerciements \u00ab\u00a0alors \u00e0 l&rsquo;ordre du jour ce soir&#8230;\u00a0\u00bb + \u00ab\u00a0dans un premier temps merci d&rsquo;\u00eatre venus\u00a0\u00bb (Association scolaire) Bienvenue + passage de parole + point 1 + crit\u00e8res \u00a0 \u00abbon bienvenue \u00e0 tout le [&hellip;]<\/p>\n","protected":false},"author":10,"featured_media":0,"parent":0,"menu_order":0,"comment_status":"closed","ping_status":"closed","template":"","meta":{"footnotes":""},"_links":{"self":[{"href":"https:\/\/icar.cnrs.fr\/interfare\/wp-json\/wp\/v2\/pages\/9202"}],"collection":[{"href":"https:\/\/icar.cnrs.fr\/interfare\/wp-json\/wp\/v2\/pages"}],"about":[{"href":"https:\/\/icar.cnrs.fr\/interfare\/wp-json\/wp\/v2\/types\/page"}],"author":[{"embeddable":true,"href":"https:\/\/icar.cnrs.fr\/interfare\/wp-json\/wp\/v2\/users\/10"}],"replies":[{"embeddable":true,"href":"https:\/\/icar.cnrs.fr\/interfare\/wp-json\/wp\/v2\/comments?post=9202"}],"version-history":[{"count":30,"href":"https:\/\/icar.cnrs.fr\/interfare\/wp-json\/wp\/v2\/pages\/9202\/revisions"}],"predecessor-version":[{"id":9690,"href":"https:\/\/icar.cnrs.fr\/interfare\/wp-json\/wp\/v2\/pages\/9202\/revisions\/9690"}],"wp:attachment":[{"href":"https:\/\/icar.cnrs.fr\/interfare\/wp-json\/wp\/v2\/media?parent=9202"}],"curies":[{"name":"wp","href":"https:\/\/api.w.org\/{rel}","templated":true}]}}