{"id":132,"date":"2021-02-09T16:20:11","date_gmt":"2021-02-09T15:20:11","guid":{"rendered":"http:\/\/icar.cnrs.fr\/jeux\/?page_id=132"},"modified":"2025-02-03T10:01:27","modified_gmt":"2025-02-03T09:01:27","slug":"joues","status":"publish","type":"page","link":"https:\/\/icar.cnrs.fr\/jeux\/equipe\/joues\/","title":{"rendered":"Our projects"},"content":{"rendered":"<p>We conduct several projects concerning video- and board games :<\/p>\n<h2><span style=\"color: #333399\">JouEs!\u00a0<\/span><\/h2>\n<p><span style=\"color: #333399\">Jouer ensemble \u2013 pratiques interactionnelles de jeu\/ Playing together \u2013 interactional practices of gaming<\/span><\/p>\n<div class=\"su-tabs su-tabs-style-default su-tabs-mobile-stack\" data-active=\"1\" data-scroll-offset=\"0\" data-anchor-in-url=\"no\"><div class=\"su-tabs-nav\"><span class=\"\" data-url=\"\" data-target=\"blank\" tabindex=\"0\" role=\"button\">Team Project<\/span><span class=\"\" data-url=\"\" data-target=\"blank\" tabindex=\"0\" role=\"button\">Funded &amp; Aims<\/span><span class=\"\" data-url=\"\" data-target=\"blank\" tabindex=\"0\" role=\"button\">Protocol &amp; Method<\/span><span class=\"\" data-url=\"\" data-target=\"blank\" tabindex=\"0\" role=\"button\">Corpus<\/span><span class=\"\" data-url=\"\" data-target=\"blank\" tabindex=\"0\" role=\"button\">Results<\/span><span class=\"\" data-url=\"\" data-target=\"blank\" tabindex=\"0\" role=\"button\">Resources<\/span><\/div><div class=\"su-tabs-panes\"><div class=\"su-tabs-pane su-u-clearfix su-u-trim\" data-title=\"Team Project\">\n<ul>\n<li><strong>Carole Etienne<\/strong><br \/>\nIng\u00e9nieure de Recherche, CNRS (Research Engineer)<\/li>\n<li><strong>Margot Lambert<\/strong><br \/>\nAssistante de recherche, ICAR (Research assistant)<\/li>\n<li><strong>Laur\u00e8ne Smykowski<\/strong><br \/>\nAssistante de recherche, ICAR (Research assistant)<\/li>\n<li><strong>Samira Ibnelka\u00efd<\/strong><br \/>\nChercheuse associ\u00e9e, ICAR (Research associate)<\/li>\n<\/ul>\n<\/div>\n<div class=\"su-tabs-pane su-u-clearfix su-u-trim\" data-title=\"Funded &amp; Aims\">\n<p><strong>Funded by : <\/strong>LabEx ASLAN, 2018-2019, 16 130 \u20ac<\/p>\n<p>Within this project, we analyse <strong>interactional practices of playing<\/strong> and <strong>compare<\/strong> different types of <strong>games<\/strong> with regard to their<strong> interactional organisation<\/strong> (especially concerning <strong>participation framework<\/strong> and the <strong>positioning<\/strong> of the participants in game and interaction) as well as to their <strong>sequence structure<\/strong> (organisation of the space, role and use of objects, etc.). The study follows an <strong>emic approach<\/strong> to complexity : we are interested in the combination of multiple elements on different levels.<\/p>\n<h2><strong>Research questions ?\u00a0<\/strong><\/h2>\n<p>\u2022 How are <strong>playfulness<\/strong> and <strong>spatiality<\/strong> <strong>organized<\/strong> and built in interaction ?<\/p>\n<p>\u2022 What is the <strong>role<\/strong> of <strong>affordances<\/strong> of the game in the organization of the interaction ?<\/p>\n<p>\u2022 How games and gaming interaction influence the <strong>learning process<\/strong> ?<\/p>\n<\/div>\n<div class=\"su-tabs-pane su-u-clearfix su-u-trim\" data-title=\"Protocol &amp; Method\">\n<p><u>Absract<\/u>: We gathered a corpus of various board and video games.\u00a0 Gaming sessions were recorded inside differents private context : within a family or a group of friends.<\/p>\n<p><span style=\"text-decoration: underline\">Context :<\/span> The participants were mostly recorded inside their <strong>personal environment<\/strong>. They may be in situation when they play on one of multiples screens, or either toward a game board or a card game.<\/p>\n<p><span style=\"text-decoration: underline\">Recording method :<\/span> <strong>Cameras and microphones<\/strong> were placed in the gaming space, covering the entirety of the scene, including\u00a0<strong>the players<\/strong>,\u00a0<strong>the game table <\/strong>or the <strong>television and console.<\/strong><\/p>\n<\/div>\n<div class=\"su-tabs-pane su-u-clearfix su-u-trim\" data-title=\"Corpus\">\n<table width=\"488\">\n<tbody>\n<tr>\n<td width=\"122\"><strong>Nom anonymis\u00e9 du corpus<\/strong><\/td>\n<td width=\"79\"><strong>Type de jeu<\/strong><\/td>\n<td width=\"173\"><strong>Dur\u00e9e totale<\/strong><\/td>\n<td width=\"114\"><strong>Participants<\/strong><\/td>\n<\/tr>\n<tr>\n<td><em>Catane<\/em><\/td>\n<td><span style=\"color: #333399\">Board <\/span><\/td>\n<td>00:47:33<\/td>\n<td>3<\/td>\n<\/tr>\n<tr>\n<td><em>Jeu d&rsquo;\u00e9checs<\/em><\/td>\n<td><span style=\"color: #333399\">Board<\/span><\/td>\n<td>00:38:55<\/td>\n<td>2<\/td>\n<\/tr>\n<tr>\n<td><em>Jeu de cartes1<\/em><\/td>\n<td><span style=\"color: #333399\">Board<\/span><\/td>\n<td>00:36:41<\/td>\n<td>2<\/td>\n<\/tr>\n<tr>\n<td><em>Mistigri<\/em><\/td>\n<td><span style=\"color: #333399\">Board<\/span><\/td>\n<td>00:12:35<\/td>\n<td>5<\/td>\n<\/tr>\n<tr>\n<td><em>Dooble<\/em><\/td>\n<td><span style=\"color: #333399\">Board<\/span><\/td>\n<td>00:06:50<\/td>\n<td>5<\/td>\n<\/tr>\n<tr>\n<td><em>Myst\u00e8res de Pekin<\/em><\/td>\n<td><span style=\"color: #333399\">Board<\/span><\/td>\n<td>00:27:47<\/td>\n<td>5<\/td>\n<\/tr>\n<tr>\n<td><em>Jeu de cartes2<\/em><\/td>\n<td><span style=\"color: #333399\">Board<\/span><\/td>\n<td>00:30:04<\/td>\n<td>3<\/td>\n<\/tr>\n<tr>\n<td><em>Jeu de cartes3<\/em><\/td>\n<td><span style=\"color: #333399\">Board<\/span><\/td>\n<td>00:36:32<\/td>\n<td>5<\/td>\n<\/tr>\n<tr>\n<td><em>Dixit<\/em><\/td>\n<td><span style=\"color: #333399\">Board<\/span><\/td>\n<td>02:25:34<\/td>\n<td>4<\/td>\n<\/tr>\n<tr>\n<td><em>Concept<\/em><\/td>\n<td><span style=\"color: #333399\">Board<\/span><\/td>\n<td>00:52:11<\/td>\n<td>4<\/td>\n<\/tr>\n<tr>\n<td><em>Playstation_CallOfDuty<\/em><\/td>\n<td><span style=\"color: #ff0000\">Video<\/span><\/td>\n<td>01:20:00<\/td>\n<td>5<\/td>\n<\/tr>\n<tr>\n<td><em>Playstation_DragonBall<\/em><\/td>\n<td><span style=\"color: #ff0000\">Video<\/span><\/td>\n<td>01:10:00<\/td>\n<td>5<\/td>\n<\/tr>\n<tr>\n<td><em>Playstation_Tekken<\/em><\/td>\n<td><span style=\"color: #ff0000\">Video<\/span><\/td>\n<td>00:40:00<\/td>\n<td>5<\/td>\n<\/tr>\n<tr>\n<td><em>Playstation_Burnout<\/em><\/td>\n<td><span style=\"color: #ff0000\">Video<\/span><\/td>\n<td>01:20:00<\/td>\n<td>5<\/td>\n<\/tr>\n<tr>\n<td><em>Kinect_Dance<\/em><\/td>\n<td><span style=\"color: #ff0000\">Video<\/span><\/td>\n<td>00:21:43<\/td>\n<td>4<\/td>\n<\/tr>\n<tr>\n<td><em>Kinect_AventureGame<\/em><\/td>\n<td><span style=\"color: #ff0000\">Video<\/span><\/td>\n<td>00:14:12<\/td>\n<td>4<\/td>\n<\/tr>\n<tr>\n<td><em>Wii_TombRaider<\/em><\/td>\n<td><span style=\"color: #ff0000\">Video<\/span><\/td>\n<td>01:31:00<\/td>\n<td>2<\/td>\n<\/tr>\n<tr>\n<td><em>Wii_Mario<\/em><\/td>\n<td><span style=\"color: #ff0000\">Video<\/span><\/td>\n<td>01:21:22<\/td>\n<td>4<\/td>\n<\/tr>\n<tr>\n<td><em>LAN_UnrealTournment<\/em><\/td>\n<td><span style=\"color: #ff0000\">Video<\/span><\/td>\n<td>03:00:00<\/td>\n<td>8<\/td>\n<\/tr>\n<tr>\n<td><em>LAN_CounterStrike<\/em><\/td>\n<td><span style=\"color: #ff0000\">Video<\/span><\/td>\n<td>01:12:00<\/td>\n<td>8<\/td>\n<\/tr>\n<tr>\n<td><em>LAN_Starcraft<\/em><\/td>\n<td><span style=\"color: #ff0000\">Video<\/span><\/td>\n<td>00:56:00<\/td>\n<td>8<\/td>\n<\/tr>\n<\/tbody>\n<\/table>\n<\/div>\n<div class=\"su-tabs-pane su-u-clearfix su-u-trim\" data-title=\"Results\">\n<p>See publications. New data available on multiples platforms (CLAPI, ORTOLANG).<\/p>\n<\/div>\n<div class=\"su-tabs-pane su-u-clearfix su-u-trim\" data-title=\"Resources\">\n<h3><strong>Resources<\/strong><\/h3>\n<p><a href=\"https:\/\/aslan.universite-lyon.fr\/medias\/fichier\/ficheprojet-joues-reluisa-vf_1542122520753-pdf\">Fiche de projet : JouEs! (universite-lyon.fr)<\/a><\/p>\n<\/div><\/div><\/div>\n<h2><span style=\"color: #333399\">Interjeux\u00a0<\/span><\/h2>\n<p><span style=\"color: #333399\">Pratiques interactionnelles et processus d\u2019apprentissage situ\u00e9s dans les jeux entre parents et enfants\/ Interactional practices and situated learning processes during parent-children gaming situations<\/span><\/p>\n<div class=\"su-tabs su-tabs-style-default su-tabs-mobile-stack\" data-active=\"1\" data-scroll-offset=\"0\" data-anchor-in-url=\"no\"><div class=\"su-tabs-nav\"><span class=\"\" data-url=\"\" data-target=\"blank\" tabindex=\"0\" role=\"button\">Team Project<\/span><span class=\"\" data-url=\"\" data-target=\"blank\" tabindex=\"0\" role=\"button\">Funded &amp; Aims<\/span><span class=\"\" data-url=\"\" data-target=\"blank\" tabindex=\"0\" role=\"button\">Protocol &amp; Method<\/span><span class=\"\" data-url=\"\" data-target=\"blank\" tabindex=\"0\" role=\"button\">Corpus<\/span><span class=\"\" data-url=\"\" data-target=\"blank\" tabindex=\"0\" role=\"button\">Results<\/span><span class=\"\" data-url=\"\" data-target=\"blank\" tabindex=\"0\" role=\"button\">Resources<\/span><\/div><div class=\"su-tabs-panes\"><div class=\"su-tabs-pane su-u-clearfix su-u-trim\" data-title=\"Team Project\">\n<p>The INTERJEUX project gathers multiples researchers of the ICAR lab, each one bringing a specific knowledge and questionning about differents aspects of gaming interaction : children-parent interaction, learning, socialization, cooperation.<\/p>\n<ul>\n<li><strong>Karine Becu-Robinault<\/strong><br \/>\nMaitresse de conf\u00e9rences HDR en didactique de la physique, ENS de Lyon (Associate Professor in Didactics of Physics)<\/li>\n<li><strong>Anna Ghimenton<\/strong><br \/>\nMaitresse de conf\u00e9rences en sciences du langage, Universit\u00e9 Lyon 2 (Associate Professor in Linguistics)<\/li>\n<li><strong>Justine Lascar<\/strong><br \/>\nIng\u00e9nieure d\u2019\u00e9tudes en production et analyse de donn\u00e9es, CNRS (Research Engineer in production and analysis of audiovisuel data)<\/li>\n<li><strong>Bertrand Marne<\/strong><br \/>\nMaitre de conf\u00e9rences en information-communication, Universit\u00e9 Lyon 2 (Associate Professor in Communication)<\/li>\n<li><strong>Vassiliki Markaki-Lothe<\/strong><br \/>\nMaitresse de conf\u00e9rences en sciences du langage et \u00e9ducation, Universit\u00e9 Grenoble-Alpes (Associate Professor in Linguistics and Education)<\/li>\n<\/ul>\n<\/div>\n<div class=\"su-tabs-pane su-u-clearfix su-u-trim\" data-title=\"Funded &amp; Aims\">\n<p><strong>Funded by<\/strong> : Fond Recherche ENS, 2020-2022, 10 000 \u20ac<\/p>\n<p>The INTERJEUX project aims to describe <strong>interactive learning processes<\/strong> in a <strong>playful and informal situation<\/strong>. Its main point lies in natural interactions in gaming situations (board games or video games) <strong>between parents and children<\/strong> which will be analyzed from an interactional, didactical, acquisitional and game engineering perspectives.<\/p>\n<p><strong>Research questions ?\u00a0<\/strong><\/p>\n<ul>\n<li>How do the <strong>participants<\/strong><strong>\u00a0construct their role<\/strong> as players \/ parents \/ children at different times in the game ?<\/li>\n<li>How does<strong> the game<\/strong>, in particular through its <strong>temporality<\/strong> and its <strong>structures<\/strong>, influence the distribution of <strong>roles assumed<\/strong> by the participants in the <strong>transmission of knowledge <\/strong>?<\/li>\n<li>Which <strong>multimodal resources<\/strong> do the participants use to <strong>co-construct<\/strong> knowledge and what is the <strong>nature<\/strong> of the knowledge developed during the games ?<\/li>\n<li>What <strong>individual<\/strong> and <strong>group skills<\/strong> do children develop with games ?<\/li>\n<\/ul>\n<\/div>\n<div class=\"su-tabs-pane su-u-clearfix su-u-trim\" data-title=\"Protocol &amp; Method\">\n<h2><strong>Protocol<\/strong><\/h2>\n<p><u>Abstract<\/u>: We gathered a corpus of two specifics games : <strong>TimeLine<\/strong> and <strong>Cortex<\/strong>. The corpus consists of 4 families playing each one \u00a0in 3 gaming sessions within several days. Ah the end of the sessions, the video-recording was completed by a survey.<\/p>\n<p><span style=\"text-decoration: underline\">Context :<\/span> The families were recorded inside their <strong>personal environment<\/strong>, mostly the household. No researcher was present during the recording.<\/p>\n<p><span style=\"text-decoration: underline\">Recording method :<\/span> <strong>Two cameras and microphones<\/strong> were placed in the gaming space, covering the entirety of the scene, including <strong>the game table<\/strong> and<strong> the players<\/strong>. The participants were autonomous in the management of the material.<\/p>\n<\/div>\n<div class=\"su-tabs-pane su-u-clearfix su-u-trim\" data-title=\"Corpus\">\n<table width=\"488\">\n<tbody>\n<tr>\n<td width=\"122\"><strong>Nom anonymis\u00e9 du corpus<\/strong><\/td>\n<td width=\"79\"><strong>Type de jeu<\/strong><\/td>\n<td width=\"173\"><strong>Dur\u00e9e totale<\/strong><\/td>\n<td width=\"114\"><strong>Participants<\/strong><\/td>\n<\/tr>\n<tr>\n<td><em>Corpus test<\/em><\/td>\n<td><span style=\"color: #333399\">Board<\/span><\/td>\n<td>00:33:41<\/td>\n<td>5 (2 ad., 3 enf.)<\/td>\n<\/tr>\n<tr>\n<td><em>F2F<\/em><\/td>\n<td><span style=\"color: #333399\">Board<\/span><\/td>\n<td>02:27:38<\/td>\n<td>4 (2 ad., 2 enf.)<\/td>\n<\/tr>\n<tr>\n<td><em>F2G<\/em><\/td>\n<td><span style=\"color: #333399\">Board<\/span><\/td>\n<td>01:53:00<\/td>\n<td>4 (2 ad., 2 enf.)<\/td>\n<\/tr>\n<tr>\n<td><em>FGF<\/em><\/td>\n<td><span style=\"color: #333399\">Board<\/span><\/td>\n<td>01:53:57<\/td>\n<td>4 (2 ad., 2 enf.)<\/td>\n<\/tr>\n<tr>\n<td><em>F3E<\/em><\/td>\n<td><span style=\"color: #333399\">Board<\/span><\/td>\n<td>02:40:25<\/td>\n<td>5 (2 ad., 3 enf.)<\/td>\n<\/tr>\n<\/tbody>\n<\/table>\n<\/div>\n<div class=\"su-tabs-pane su-u-clearfix su-u-trim\" data-title=\"Results\">\n<p>The data acquired are currently transcribed, analyzed and discussed among the project&rsquo;s members.<\/p>\n<\/div>\n<div class=\"su-tabs-pane su-u-clearfix su-u-trim\" data-title=\"Resources\">\n<p>upcoming<\/p>\n<\/div><\/div><\/div>\n<h2><span style=\"color: #333399\">EnJeux\u00a0<\/span><\/h2>\n<div class=\"su-tabs su-tabs-style-default su-tabs-mobile-stack\" data-active=\"1\" data-scroll-offset=\"0\" data-anchor-in-url=\"no\"><div class=\"su-tabs-nav\"><span class=\"\" data-url=\"\" data-target=\"blank\" tabindex=\"0\" role=\"button\">Team Project<\/span><span class=\"\" data-url=\"\" data-target=\"blank\" tabindex=\"0\" role=\"button\">Funded &amp; Aims<\/span><span class=\"\" data-url=\"\" data-target=\"blank\" tabindex=\"0\" role=\"button\">Protocol &amp; Method<\/span><span class=\"\" data-url=\"\" data-target=\"blank\" tabindex=\"0\" role=\"button\">Corpus<\/span><span class=\"\" data-url=\"\" data-target=\"blank\" tabindex=\"0\" role=\"button\">Results<\/span><span class=\"\" data-url=\"\" data-target=\"blank\" tabindex=\"0\" role=\"button\">Resources<\/span><\/div><div class=\"su-tabs-panes\"><div class=\"su-tabs-pane su-u-clearfix su-u-trim\" data-title=\"Team Project\">\n<ul>\n<li><strong>Heike Baldauf-Quilliatre<\/strong><br \/>\nProfesseur des Universit\u00e9s, Universit\u00e9 Lyon 2<\/li>\n<li><strong>Isabel Col\u00f3n\u00a0de Carvajal<\/strong><br \/>\nIng\u00e9nieure d\u2019\u00e9tudes en production et analyse de donn\u00e9es Maitresse de Conf\u00e9rence, ENS Lyon, &amp; Directrice adjointe du laboratoire ICAR<\/li>\n<li><strong>Carole Etienne<\/strong><br \/>\nIng\u00e9nieur de Recherche, CNRS (Research Engineer)<\/li>\n<\/ul>\n<p><u>Contribution :<\/u><\/p>\n<ul>\n<li><strong>Elizaveta Chernyshova<\/strong><\/li>\n<li><strong>Lydia Heiden<\/strong><\/li>\n<li><strong>Laur\u00e8ne Smykowski<\/strong><\/li>\n<\/ul>\n<p><strong>Financement<\/strong> : Datagora (MESRI)\u00a010 250 \u20ac<\/p>\n<\/div>\n<div class=\"su-tabs-pane su-u-clearfix su-u-trim\" data-title=\"Funded &amp; Aims\">\n<p><u>Absract<\/u>: The aim of the ENJEUX project is to explore ways of visualising video extracts and transcripts of several extracts, with a particular focus on interactions in a game situation. It is based on the work carried out as part of the ASLAN JouEs! project (2018\/2019) and the ENS INTER-JEUX research fund project (2020\/2021), which explore interaction and learning practices in different game situations.<\/p>\n<\/div>\n<div class=\"su-tabs-pane su-u-clearfix su-u-trim\" data-title=\"Protocol &amp; Method\">\n<h2>Protocol<\/h2>\n<p><strong>\u00e0 construire<\/strong><\/p>\n<\/div>\n<div class=\"su-tabs-pane su-u-clearfix su-u-trim\" data-title=\"Corpus\">\n<table width=\"488\">\n<tbody>\n<tr>\n<td width=\"122\"><strong>Nom anonymis\u00e9 du corpus<\/strong><\/td>\n<td width=\"79\"><strong>Type de jeu<\/strong><\/td>\n<td width=\"173\"><strong>Dur\u00e9e totale<\/strong><\/td>\n<td width=\"114\"><strong>Participants<\/strong><\/td>\n<\/tr>\n<tr>\n<td><\/td>\n<td><\/td>\n<td><\/td>\n<td><\/td>\n<\/tr>\n<tr>\n<td><\/td>\n<td><\/td>\n<td><\/td>\n<td><\/td>\n<\/tr>\n<tr>\n<td><\/td>\n<td><\/td>\n<td><\/td>\n<td><\/td>\n<\/tr>\n<tr>\n<td><\/td>\n<td><\/td>\n<td><\/td>\n<td><\/td>\n<\/tr>\n<tr>\n<td><\/td>\n<td><\/td>\n<td><\/td>\n<td><\/td>\n<\/tr>\n<\/tbody>\n<\/table>\n<\/div>\n<div class=\"su-tabs-pane su-u-clearfix su-u-trim\" data-title=\"Results\">\u00e0 compl\u00e9ter<\/p>\n<\/div>\n<div class=\"su-tabs-pane su-u-clearfix su-u-trim\" data-title=\"Resources\">\n<p>\u00e0 construire<\/p>\n<\/div><\/div><\/div>\n<h2>Th\u00e8ses CIFRE<\/h2>\n<div class=\"su-tabs su-tabs-style-default su-tabs-mobile-stack\" data-active=\"1\" data-scroll-offset=\"0\" data-anchor-in-url=\"no\"><div class=\"su-tabs-nav\"><span class=\"\" data-url=\"\" data-target=\"blank\" tabindex=\"0\" role=\"button\">Thomas Franco-Pinto<\/span><span class=\"\" data-url=\"\" data-target=\"blank\" tabindex=\"0\" role=\"button\">Funded &amp; Aims<\/span><span class=\"\" data-url=\"\" data-target=\"blank\" tabindex=\"0\" role=\"button\">Corpus<\/span><span class=\"\" data-url=\"\" data-target=\"blank\" tabindex=\"0\" role=\"button\">Results<\/span><span class=\"\" data-url=\"\" data-target=\"blank\" tabindex=\"0\" role=\"button\">Resources<\/span><\/div><div class=\"su-tabs-panes\"><div class=\"su-tabs-pane su-u-clearfix su-u-trim\" data-title=\"Thomas Franco-Pinto\">\n<ul>\n<li>\u00e0 construire<\/li>\n<\/ul>\n<\/div>\n<div class=\"su-tabs-pane su-u-clearfix su-u-trim\" data-title=\"Funded &amp; Aims\">\n<p><u>Titre : <\/u>Les strat\u00e9gies interactionnelles et multimodales d\u00e9velopp\u00e9es par les enfants Dys et leur famille dans l&rsquo;exp\u00e9rience d&rsquo;un jeu de soci\u00e9t\u00e9 de complexit\u00e9 moyenne.<\/p>\n<p><u>Sous la direction de<\/u> : Heike Baldauf-quilliatre &amp; Isabel\u00a0 Col\u00f3n\u00a0 de Carvajal<\/p>\n<\/div>\n<div class=\"su-tabs-pane su-u-clearfix su-u-trim\" data-title=\"Corpus\">\n<table width=\"488\">\n<tbody>\n<tr>\n<td width=\"122\"><strong>Nom anonymis\u00e9 du corpus<\/strong><\/td>\n<td width=\"79\"><strong>Type de jeu<\/strong><\/td>\n<td width=\"173\"><strong>Dur\u00e9e totale<\/strong><\/td>\n<td width=\"114\"><strong>Participants<\/strong><\/td>\n<\/tr>\n<tr>\n<td><\/td>\n<td><\/td>\n<td><\/td>\n<td><\/td>\n<\/tr>\n<tr>\n<td><\/td>\n<td><\/td>\n<td><\/td>\n<td><\/td>\n<\/tr>\n<tr>\n<td><\/td>\n<td><\/td>\n<td><\/td>\n<td><\/td>\n<\/tr>\n<tr>\n<td><\/td>\n<td><\/td>\n<td><\/td>\n<td><\/td>\n<\/tr>\n<tr>\n<td><\/td>\n<td><\/td>\n<td><\/td>\n<td><\/td>\n<\/tr>\n<\/tbody>\n<\/table>\n<\/div>\n<div class=\"su-tabs-pane su-u-clearfix su-u-trim\" data-title=\"Results\">\u00e0 compl\u00e9ter<\/p>\n<\/div>\n<div class=\"su-tabs-pane su-u-clearfix su-u-trim\" data-title=\"Resources\">\n<p>\u00e0 construire<\/p>\n<\/div><\/div><\/div>\n<div class=\"su-tabs su-tabs-style-default su-tabs-mobile-stack\" data-active=\"1\" data-scroll-offset=\"0\" data-anchor-in-url=\"no\"><div class=\"su-tabs-nav\"><span class=\"\" data-url=\"\" data-target=\"blank\" tabindex=\"0\" role=\"button\">lydia Heiden<\/span><span class=\"\" data-url=\"\" data-target=\"blank\" tabindex=\"0\" role=\"button\">Funded &amp; Aims<\/span><span class=\"\" data-url=\"\" data-target=\"blank\" tabindex=\"0\" role=\"button\">Corpus<\/span><span class=\"\" data-url=\"\" data-target=\"blank\" tabindex=\"0\" role=\"button\">Results<\/span><span class=\"\" data-url=\"\" data-target=\"blank\" tabindex=\"0\" role=\"button\">Resources<\/span><\/div><div class=\"su-tabs-panes\"><div class=\"su-tabs-pane su-u-clearfix su-u-trim\" data-title=\"lydia Heiden\">\n<p>CIFRE 2020-2023 avec start-up Skilder (aujourd\u2019hui, nouveau nom Sweeeft).<\/p>\n<\/div>\n<div class=\"su-tabs-pane su-u-clearfix su-u-trim\" data-title=\"Funded &amp; Aims\">\n<p><u>Titre: <\/u>Identifier les pratiques multimodales d\u2019alignement dans une situation de jeu digitalis\u00e9<\/p>\n<p><u>Sous la direction de<\/u> : Heike Baldauf-quilliatre &amp; Matthieu Quignard<\/p>\n<\/div>\n<div class=\"su-tabs-pane su-u-clearfix su-u-trim\" data-title=\"Corpus\">\n<table width=\"488\">\n<tbody>\n<tr>\n<td width=\"122\"><strong>Nom anonymis\u00e9 du corpus<\/strong><\/td>\n<td width=\"79\"><strong>Type de jeu<\/strong><\/td>\n<td width=\"173\"><strong>Dur\u00e9e totale<\/strong><\/td>\n<td width=\"114\"><strong>Participants<\/strong><\/td>\n<\/tr>\n<tr>\n<td><\/td>\n<td><\/td>\n<td><\/td>\n<td><\/td>\n<\/tr>\n<tr>\n<td><\/td>\n<td><\/td>\n<td><\/td>\n<td><\/td>\n<\/tr>\n<tr>\n<td><\/td>\n<td><\/td>\n<td><\/td>\n<td><\/td>\n<\/tr>\n<tr>\n<td><\/td>\n<td><\/td>\n<td><\/td>\n<td><\/td>\n<\/tr>\n<tr>\n<td><\/td>\n<td><\/td>\n<td><\/td>\n<td><\/td>\n<\/tr>\n<\/tbody>\n<\/table>\n<\/div>\n<div class=\"su-tabs-pane su-u-clearfix su-u-trim\" data-title=\"Results\">\u00e0 compl\u00e9ter<\/p>\n<\/div>\n<div class=\"su-tabs-pane su-u-clearfix su-u-trim\" data-title=\"Resources\">\n<p>\u00e0 construire<\/p>\n<\/div><\/div><\/div>\n<h2>Boardgames on Twitch.Tv<\/h2>\n<div class=\"su-tabs su-tabs-style-default su-tabs-mobile-stack\" data-active=\"1\" data-scroll-offset=\"0\" data-anchor-in-url=\"no\"><div class=\"su-tabs-nav\"><span class=\"\" data-url=\"\" data-target=\"blank\" tabindex=\"0\" role=\"button\">Team Project<\/span><span class=\"\" data-url=\"\" data-target=\"blank\" tabindex=\"0\" role=\"button\">Funded &amp; Aims<\/span><span class=\"\" data-url=\"\" data-target=\"blank\" tabindex=\"0\" role=\"button\">Protocol &amp; Method<\/span><span class=\"\" data-url=\"\" data-target=\"blank\" tabindex=\"0\" role=\"button\">Corpus<\/span><span class=\"\" data-url=\"\" data-target=\"blank\" tabindex=\"0\" role=\"button\">Results<\/span><span class=\"\" data-url=\"\" data-target=\"blank\" tabindex=\"0\" role=\"button\">Resources<\/span><\/div><div class=\"su-tabs-panes\"><div class=\"su-tabs-pane su-u-clearfix su-u-trim\" data-title=\"Team Project\">\n<ul>\n<li>\u00e0 construire<\/li>\n<\/ul>\n<\/div>\n<div class=\"su-tabs-pane su-u-clearfix su-u-trim\" data-title=\"Funded &amp; Aims\">\n<p><b>\u00e0 construire<\/b><\/p>\n<\/div>\n<div class=\"su-tabs-pane su-u-clearfix su-u-trim\" data-title=\"Protocol &amp; Method\">\n<p><strong>\u00e0 construire<\/strong><\/p>\n<\/div>\n<div class=\"su-tabs-pane su-u-clearfix su-u-trim\" data-title=\"Corpus\">\n<table width=\"488\">\n<tbody>\n<tr>\n<td width=\"122\"><strong>Nom anonymis\u00e9 du corpus<\/strong><\/td>\n<td width=\"79\"><strong>Type de jeu<\/strong><\/td>\n<td width=\"173\"><strong>Dur\u00e9e totale<\/strong><\/td>\n<td width=\"114\"><strong>Participants<\/strong><\/td>\n<\/tr>\n<tr>\n<td><\/td>\n<td><\/td>\n<td><\/td>\n<td><\/td>\n<\/tr>\n<tr>\n<td><\/td>\n<td><\/td>\n<td><\/td>\n<td><\/td>\n<\/tr>\n<tr>\n<td><\/td>\n<td><\/td>\n<td><\/td>\n<td><\/td>\n<\/tr>\n<tr>\n<td><\/td>\n<td><\/td>\n<td><\/td>\n<td><\/td>\n<\/tr>\n<tr>\n<td><\/td>\n<td><\/td>\n<td><\/td>\n<td><\/td>\n<\/tr>\n<\/tbody>\n<\/table>\n<\/div>\n<div class=\"su-tabs-pane su-u-clearfix su-u-trim\" data-title=\"Results\">\u00e0 compl\u00e9ter<\/p>\n<\/div>\n<div class=\"su-tabs-pane su-u-clearfix su-u-trim\" data-title=\"Resources\">\n<p>\u00e0 construire<\/p>\n<\/div><\/div><\/div>\n","protected":false},"excerpt":{"rendered":"<p>We conduct several projects concerning video- and board games : JouEs!\u00a0 Jouer ensemble \u2013 pratiques interactionnelles de jeu\/ Playing together \u2013 interactional practices of gaming Interjeux\u00a0 Pratiques interactionnelles et processus&#8230;<\/p>\n","protected":false},"author":41,"featured_media":0,"parent":24,"menu_order":0,"comment_status":"closed","ping_status":"closed","template":"","meta":{"inline_featured_image":false,"footnotes":""},"class_list":["post-132","page","type-page","status-publish","hentry"],"_links":{"self":[{"href":"https:\/\/icar.cnrs.fr\/jeux\/wp-json\/wp\/v2\/pages\/132","targetHints":{"allow":["GET"]}}],"collection":[{"href":"https:\/\/icar.cnrs.fr\/jeux\/wp-json\/wp\/v2\/pages"}],"about":[{"href":"https:\/\/icar.cnrs.fr\/jeux\/wp-json\/wp\/v2\/types\/page"}],"author":[{"embeddable":true,"href":"https:\/\/icar.cnrs.fr\/jeux\/wp-json\/wp\/v2\/users\/41"}],"replies":[{"embeddable":true,"href":"https:\/\/icar.cnrs.fr\/jeux\/wp-json\/wp\/v2\/comments?post=132"}],"version-history":[{"count":12,"href":"https:\/\/icar.cnrs.fr\/jeux\/wp-json\/wp\/v2\/pages\/132\/revisions"}],"predecessor-version":[{"id":549,"href":"https:\/\/icar.cnrs.fr\/jeux\/wp-json\/wp\/v2\/pages\/132\/revisions\/549"}],"up":[{"embeddable":true,"href":"https:\/\/icar.cnrs.fr\/jeux\/wp-json\/wp\/v2\/pages\/24"}],"wp:attachment":[{"href":"https:\/\/icar.cnrs.fr\/jeux\/wp-json\/wp\/v2\/media?parent=132"}],"curies":[{"name":"wp","href":"https:\/\/api.w.org\/{rel}","templated":true}]}}