{"id":60,"date":"2020-10-13T09:35:23","date_gmt":"2020-10-13T07:35:23","guid":{"rendered":"http:\/\/icar.cnrs.fr\/jeux\/?page_id=60"},"modified":"2025-02-03T10:15:13","modified_gmt":"2025-02-03T09:15:13","slug":"actualites","status":"publish","type":"page","link":"https:\/\/icar.cnrs.fr\/jeux\/actualites\/","title":{"rendered":"News"},"content":{"rendered":"<h1><span style=\"color: #333399\"><strong>Upcoming soon<\/strong><\/span><\/h1>\n<h2><strong>Conf\u00e9rence au Festival International des Jeu \u00e0 Cannes <\/strong>&#8211; 28\/02\/2025.<\/h2>\n<ul>\n<li><strong>\u00ab\u00a0Jouer pour explorer : de l\u2019exp\u00e9rience sociale aux enjeux des troubles dys.\u00a0\u00bb<\/strong>\u00a0par\u00a0<strong>GAME IN LAB\u00a0<\/strong>(14h30-16h &#8211; HI5 Studio)Thomas Franco Pinto (doctorant Game in Lab) pr\u00e9sentera les premiers r\u00e9sultats de sa th\u00e8se sur les pratiques ludiques dans les familles avec enfants dys, puis Pr. Heike\u00a0Baldauf-Quilliatre et Dr. Isabel Colon-de-Carjaval pr\u00e9senteront un r\u00e9sum\u00e9 de leurs travaux sur les raisons pour lesquels nous aimons jouer, tout cela sous le prisme des sciences du langage et de l\u2019analyse conversationnelle (\u00e0 savoir l\u2019analyse des \u00e9changes entre les joueurs).<\/li>\n<li><strong>Intervenants\u00a0<\/strong>:<br \/>\n&#8211;\u00a0Thomas Franco Pinto<br \/>\n&#8211;\u00a0Pr. Heike\u00a0Baldauf-Quilliatre<br \/>\n&#8211; Dr. Isabel Colon-de-Carjaval<\/li>\n<\/ul>\n<p>Table ronde \u00e0 l\u2019issue en pr\u00e9sence des diff\u00e9rentes personnalit\u00e9s intervenantes au HI5 Studio.<\/p>\n<p><span style=\"color: #0000ff\">https:\/\/www.festivaldesjeux-cannes.com\/fr\/festival-conferences<\/span><\/p>\n\n\n<div class=\"su-posts su-posts-default-loop \">\n\n\t\n\t\t\t\t\t\n\t\t\t\n\t\t\t<div id=\"su-post-475\" class=\"su-post \">\n\n\t\t\t\t\n\t\t\t\t<h2 class=\"su-post-title\"><a href=\"https:\/\/icar.cnrs.fr\/jeux\/publication-a-venir-revue-corps-streamer-une-session-de-jeu-de-societe-sur-twitch-tv-un-entrecroisement-des-interfaces-au-service-de-lapprentissage-du-jeu-by-isabel-colon-de-carvaj\/\">Publication \u00ab\u00a0revue corps\u00a0\u00bb \u00e0 venir &#8211;  Streamer une session de jeu de soci\u00e9t\u00e9 sur Twitch.Tv\u00a0: un entrecroisement des interfaces au service de l\u2019apprentissage du jeu, by Isabel Col\u00f3n de Carvajal<\/a><\/h2>\n\n\t\t\t\t<div class=\"su-post-meta\">\n\t\t\t\t\tPubli\u00e9: 22 mai 2024\t\t\t\t<\/div>\n\n\t\t\t\t<div class=\"su-post-excerpt\">\n\t\t\t\t\t<p>\u00e0 venir. Link :\u00a0https:\/\/www.cnrseditions.fr\/revue\/revue-corps\/<\/p>\n\t\t\t\t<\/div>\n\n\t\t\t\t\n\t\t\t<\/div>\n\n\t\t\t\t\t\n\t\t\t\n\t\t\t<div id=\"su-post-466\" class=\"su-post \">\n\n\t\t\t\t\n\t\t\t\t<h2 class=\"su-post-title\"><a href=\"https:\/\/icar.cnrs.fr\/jeux\/publication-a-venir-prologi-by-baldauf-quilliatre-h-colon-de-carvajal-i\/\">Publication \u00ab\u00a0Prologi\u00a0\u00bb \u00e0 venir &#8211; by Baldauf-Quilliatre, H. &amp;\u00a0Col\u00f3n de Carvajal, I.<\/a><\/h2>\n\n\t\t\t\t<div class=\"su-post-meta\">\n\t\t\t\t\tPubli\u00e9: 22 mai 2024\t\t\t\t<\/div>\n\n\t\t\t\t<div class=\"su-post-excerpt\">\n\t\t\t\t\t<p>Prologi\u00a0(Journal of communication and social interaction). Project : non players\u2019 embodied practices of engagement in videogaming. Link :\u00a0https:\/\/journal.fi\/prologi\/index.<\/p>\n\t\t\t\t<\/div>\n\n\t\t\t\t\n\t\t\t<\/div>\n\n\t\t\t\t\t\n\t\t\t\n\t\t\t<div id=\"su-post-463\" class=\"su-post \">\n\n\t\t\t\t\t\t\t\t\t<a class=\"su-post-thumbnail\" href=\"https:\/\/icar.cnrs.fr\/jeux\/publication-a-venir-interagir-en-situation-de-jeu-categorisations-et-positionnement\/\"><img loading=\"lazy\" decoding=\"async\" width=\"300\" height=\"125\" src=\"https:\/\/icar.cnrs.fr\/jeux\/files\/2024\/04\/cropped-bandeau_siteJeu-300x125.png\" class=\"attachment-post-thumbnail size-post-thumbnail wp-post-image\" alt=\"\" srcset=\"https:\/\/icar.cnrs.fr\/jeux\/files\/2024\/04\/cropped-bandeau_siteJeu-300x125.png 300w, https:\/\/icar.cnrs.fr\/jeux\/files\/2024\/04\/cropped-bandeau_siteJeu-1024x426.png 1024w, https:\/\/icar.cnrs.fr\/jeux\/files\/2024\/04\/cropped-bandeau_siteJeu-768x319.png 768w, https:\/\/icar.cnrs.fr\/jeux\/files\/2024\/04\/cropped-bandeau_siteJeu-850x354.png 850w, https:\/\/icar.cnrs.fr\/jeux\/files\/2024\/04\/cropped-bandeau_siteJeu.png 1500w\" sizes=\"auto, (max-width: 300px) 100vw, 300px\" \/><\/a>\n\t\t\t\t\n\t\t\t\t<h2 class=\"su-post-title\"><a href=\"https:\/\/icar.cnrs.fr\/jeux\/publication-a-venir-interagir-en-situation-de-jeu-categorisations-et-positionnement\/\">Publication \u00e0 venir &#8211;  Interagir en situation de jeu\u00a0: cat\u00e9gorisations et positionnement<\/a><\/h2>\n\n\t\t\t\t<div class=\"su-post-meta\">\n\t\t\t\t\tPubli\u00e9: 22 mai 2024\t\t\t\t<\/div>\n\n\t\t\t\t<div class=\"su-post-excerpt\">\n\t\t\t\t\t<p>Interagir en situation de jeu : cat\u00e9gorisations et positionnement (langage et soci\u00e9t\u00e9).\u00a0 R\u00e9sum\u00e9\u00a0: Le jeu comme objet d\u2019\u00e9tude suscite un int\u00e9r\u00eat grandissant, essentiellement en psychologie, sociologie et dans les sciences&#8230;<\/p>\n\t\t\t\t<\/div>\n\n\t\t\t\t\n\t\t\t<\/div>\n\n\t\t\n\t\n<\/div>\n\n<p>&nbsp;<\/p>\n<p>&nbsp;<\/p>\n","protected":false},"excerpt":{"rendered":"<p>Upcoming soon Conf\u00e9rence au Festival International des Jeu \u00e0 Cannes &#8211; 28\/02\/2025. \u00ab\u00a0Jouer pour explorer : de l\u2019exp\u00e9rience sociale aux enjeux des troubles dys.\u00a0\u00bb\u00a0par\u00a0GAME IN LAB\u00a0(14h30-16h &#8211; HI5 Studio)Thomas Franco&#8230;<\/p>\n","protected":false},"author":22,"featured_media":0,"parent":0,"menu_order":2,"comment_status":"closed","ping_status":"closed","template":"","meta":{"inline_featured_image":false,"footnotes":""},"class_list":["post-60","page","type-page","status-publish","hentry"],"_links":{"self":[{"href":"https:\/\/icar.cnrs.fr\/jeux\/wp-json\/wp\/v2\/pages\/60","targetHints":{"allow":["GET"]}}],"collection":[{"href":"https:\/\/icar.cnrs.fr\/jeux\/wp-json\/wp\/v2\/pages"}],"about":[{"href":"https:\/\/icar.cnrs.fr\/jeux\/wp-json\/wp\/v2\/types\/page"}],"author":[{"embeddable":true,"href":"https:\/\/icar.cnrs.fr\/jeux\/wp-json\/wp\/v2\/users\/22"}],"replies":[{"embeddable":true,"href":"https:\/\/icar.cnrs.fr\/jeux\/wp-json\/wp\/v2\/comments?post=60"}],"version-history":[{"count":10,"href":"https:\/\/icar.cnrs.fr\/jeux\/wp-json\/wp\/v2\/pages\/60\/revisions"}],"predecessor-version":[{"id":556,"href":"https:\/\/icar.cnrs.fr\/jeux\/wp-json\/wp\/v2\/pages\/60\/revisions\/556"}],"wp:attachment":[{"href":"https:\/\/icar.cnrs.fr\/jeux\/wp-json\/wp\/v2\/media?parent=60"}],"curies":[{"name":"wp","href":"https:\/\/api.w.org\/{rel}","templated":true}]}}