{"id":93,"date":"2021-02-09T11:40:14","date_gmt":"2021-02-09T10:40:14","guid":{"rendered":"http:\/\/icar.cnrs.fr\/jeux\/?page_id=93"},"modified":"2025-02-03T12:48:57","modified_gmt":"2025-02-03T11:48:57","slug":"evenements-passes","status":"publish","type":"page","link":"https:\/\/icar.cnrs.fr\/jeux\/evenements-passes\/","title":{"rendered":"Past events"},"content":{"rendered":"\n\n<div class=\"su-posts su-posts-default-loop \">\n\n\t\n\t\t\t\t\t\n\t\t\t\n\t\t\t<div id=\"su-post-491\" class=\"su-post \">\n\n\t\t\t\t\n\t\t\t\t<h2 class=\"su-post-title\"><a href=\"https:\/\/icar.cnrs.fr\/jeux\/soutenance-de-these-novembre-2024-by-martin-burtheau\/\">Soutenance de th\u00e8se &#8211; novembre 2024, by Martin Burtheau\u00a0<\/a><\/h2>\n\n\t\t\t\t<div class=\"su-post-meta\">\n\t\t\t\t\tPubli\u00e9: 22 mai 2024\t\t\t\t<\/div>\n\n\t\t\t\t<div class=\"su-post-excerpt\">\n\t\t\t\t\t<p>\u00e0 venir.<\/p>\n\t\t\t\t<\/div>\n\n\t\t\t\t\n\t\t\t<\/div>\n\n\t\t\t\t\t\n\t\t\t\n\t\t\t<div id=\"su-post-489\" class=\"su-post \">\n\n\t\t\t\t\n\t\t\t\t<h2 class=\"su-post-title\"><a href=\"https:\/\/icar.cnrs.fr\/jeux\/linguistics-research-seminar-zuschauen-als-soziale-praxis-spectating-as-social-praxis-may-14-2024-by-heike-baldauf-quilliatre\/\">Linguistics research seminar \u00ab\u00a0Zuschauen als soziale Praxis [spectating as social praxis]\u00a0\u00bb &#8211; May, 14, 2024 by Heike Baldauf-Quilliatre<\/a><\/h2>\n\n\t\t\t\t<div class=\"su-post-meta\">\n\t\t\t\t\tPubli\u00e9: 22 mai 2024\t\t\t\t<\/div>\n\n\t\t\t\t<div class=\"su-post-excerpt\">\n\t\t\t\t\t<p>\u00e0 venir<\/p>\n\t\t\t\t<\/div>\n\n\t\t\t\t\n\t\t\t<\/div>\n\n\t\t\t\t\t\n\t\t\t\n\t\t\t<div id=\"su-post-432\" class=\"su-post \">\n\n\t\t\t\t\n\t\t\t\t<h2 class=\"su-post-title\"><a href=\"https:\/\/icar.cnrs.fr\/jeux\/publication-a-venir-dans-les-cahiers-de-marge\/\">Publication \u00e0 venir dans les cahiers de Marge by Isabel Col\u00f3n de Carvajal<\/a><\/h2>\n\n\t\t\t\t<div class=\"su-post-meta\">\n\t\t\t\t\tPubli\u00e9: 15 mai 2024\t\t\t\t<\/div>\n\n\t\t\t\t<div class=\"su-post-excerpt\">\n\t\t\t\t\t<p>\u00ab j` suis o\u00f9 \u00bb, \u00ab c\u2019est qui le bleu \u00bb, \u00ab c\u2019est qui valdrek \u00bb : usages et fonctions de ces petites questions pour se rep\u00e9rer dans l\u2019espace d\u2019un&#8230;<\/p>\n\t\t\t\t<\/div>\n\n\t\t\t\t\n\t\t\t<\/div>\n\n\t\t\t\t\t\n\t\t\t\n\t\t\t<div id=\"su-post-420\" class=\"su-post \">\n\n\t\t\t\t\n\t\t\t\t<h2 class=\"su-post-title\"><a href=\"https:\/\/icar.cnrs.fr\/jeux\/26th-board-games-studies-colloquium-tampere\/\">26th Board Games Studies Colloquium &#8211; Tampere<\/a><\/h2>\n\n\t\t\t\t<div class=\"su-post-meta\">\n\t\t\t\t\tPubli\u00e9: 23 avril 2024\t\t\t\t<\/div>\n\n\t\t\t\t<div class=\"su-post-excerpt\">\n\t\t\t\t\t<p>Isabel Col\u00f3n de Carvajal &#8211; \u00ab\u00a0Streaming a board game session on Twitch.Tv: Crossing the interfaces involved to facilitate game learning\u00a0\u00bb The notion of interface, in its current usage, refers to&#8230;<\/p>\n\t\t\t\t<\/div>\n\n\t\t\t\t\n\t\t\t<\/div>\n\n\t\t\t\t\t\n\t\t\t\n\t\t\t<div id=\"su-post-444\" class=\"su-post \">\n\n\t\t\t\t\n\t\t\t\t<h2 class=\"su-post-title\"><a href=\"https:\/\/icar.cnrs.fr\/jeux\/conference-loisir-jeu-et-education-by-vincent-berry-november-2023\/\">Conference \u00ab\u00a0Loisir, jeu et \u00e9ducation\u00a0\u00bb by Vincent Berry (EXPERICE, Paris) &#8211; 20 novembre 2023<\/a><\/h2>\n\n\t\t\t\t<div class=\"su-post-meta\">\n\t\t\t\t\tPubli\u00e9: 20 novembre 2023\t\t\t\t<\/div>\n\n\t\t\t\t<div class=\"su-post-excerpt\">\n\t\t\t\t\t<p>French summary: Qu\u2019ils s\u2019int\u00e9ressent aux \u00ab fans \u00bb de jeux vid\u00e9o, aux passionn\u00e9s de jeux de soci\u00e9t\u00e9 ou encore aux amateurs de jeux d\u2019argent, de nombreux travaux se sont attach\u00e9s&#8230;<\/p>\n\t\t\t\t<\/div>\n\n\t\t\t\t\n\t\t\t<\/div>\n\n\t\t\t\t\t\n\t\t\t\n\t\t\t<div id=\"su-post-442\" class=\"su-post \">\n\n\t\t\t\t\n\t\t\t\t<h2 class=\"su-post-title\"><a href=\"https:\/\/icar.cnrs.fr\/jeux\/workshop-categorisation-et-positionnement-dans-des-interactions-en-situation-de-jeu-16-janvier-2023\/\">Workshop \u00ab\u00a0Cat\u00e9gorisation et positionnement dans des interactions en situation de jeu\u00a0\u00bb &#8211; 16 janvier 2023<\/a><\/h2>\n\n\t\t\t\t<div class=\"su-post-meta\">\n\t\t\t\t\tPubli\u00e9: 16 janvier 2023\t\t\t\t<\/div>\n\n\t\t\t\t<div class=\"su-post-excerpt\">\n\t\t\t\t\t<p>Participants: Anna Ghimenton (DDL, Lyon) &amp; Karine B\u00e9cu-Robinault (ICAR, Lyon) Lydia Heiden (ICAR, Skilder, Lyon) &amp; Mathieu Quignard (ICAR, Lyon) Elise Choquard (LHUMAIN, Montpellier) Philippe Sormani (Universit\u00e9 de Lausanne) Isabel&#8230;<\/p>\n\t\t\t\t<\/div>\n\n\t\t\t\t\n\t\t\t<\/div>\n\n\t\t\t\t\t\n\t\t\t\n\t\t\t<div id=\"su-post-302\" class=\"su-post \">\n\n\t\t\t\t\n\t\t\t\t<h2 class=\"su-post-title\"><a href=\"https:\/\/icar.cnrs.fr\/jeux\/new-book\/\">Article : \u00ab\u00a0Multimodal practice of participation in a complex and dynamic framework\u00a0\u00bb in P. Basso-Fossali &amp; al, Complexity in Interaction.<\/a><\/h2>\n\n\t\t\t\t<div class=\"su-post-meta\">\n\t\t\t\t\tPubli\u00e9: 9 novembre 2021\t\t\t\t<\/div>\n\n\t\t\t\t<div class=\"su-post-excerpt\">\n\t\t\t\t\t<p>Multimodal practice of participation in a complex and dynamic framework. In: Basso-Fosali, Pierluigi et al.: Complexity in Interaction. Berlin: Language Science Press. Link to the book :\u00a0incoming.<\/p>\n\t\t\t\t<\/div>\n\n\t\t\t\t\n\t\t\t<\/div>\n\n\t\t\t\t\t\n\t\t\t\n\t\t\t<div id=\"su-post-299\" class=\"su-post \">\n\n\t\t\t\t\n\t\t\t\t<h2 class=\"su-post-title\"><a href=\"https:\/\/icar.cnrs.fr\/jeux\/299-2\/\">Article review : \u00ab\u00a0Spectating: How non-players participate in video gaming\u00a0\u00bb by H. Baldauf-Quilliatre &amp; I. Colon de Carvajal<\/a><\/h2>\n\n\t\t\t\t<div class=\"su-post-meta\">\n\t\t\t\t\tPubli\u00e9: 9 novembre 2021\t\t\t\t<\/div>\n\n\t\t\t\t<div class=\"su-post-excerpt\">\n\t\t\t\t\t<p>Spectating: How non-players participate in video gaming (discussion paper:\u00a0Doing participation.)\u00a0In: Co-constructing presence between players and non-players in videogame interactions. Special Issue of\u00a0Journal f\u00fcr Medienlinguistik, ed. by Heike Baldauf-Quilliatre &amp; Isabel&#8230;<\/p>\n\t\t\t\t<\/div>\n\n\t\t\t\t\n\t\t\t<\/div>\n\n\t\t\t\t\t\n\t\t\t\n\t\t\t<div id=\"su-post-233\" class=\"su-post \">\n\n\t\t\t\t\n\t\t\t\t<h2 class=\"su-post-title\"><a href=\"https:\/\/icar.cnrs.fr\/jeux\/student-thesis-the-player-the-avatar-the-immersion-conversational-analysis-by-t-franco-pinto\/\">Student thesis : \u00ab\u00a0The player, the avatar, the immersion : conversational analysis\u00a0\u00bb by T. Franco Pinto<\/a><\/h2>\n\n\t\t\t\t<div class=\"su-post-meta\">\n\t\t\t\t\tPubli\u00e9: 2 novembre 2021\t\t\t\t<\/div>\n\n\t\t\t\t<div class=\"su-post-excerpt\">\n\t\t\t\t\t<p>To what degree the immersion of the players are distinct and analyzable on a casual gaming interaction ? This thesis aims to bring an answer to this problematic by questionning&#8230;<\/p>\n\t\t\t\t<\/div>\n\n\t\t\t\t\n\t\t\t<\/div>\n\n\t\t\t\t\t\n\t\t\t\n\t\t\t<div id=\"su-post-230\" class=\"su-post \">\n\n\t\t\t\t\n\t\t\t\t<h2 class=\"su-post-title\"><a href=\"https:\/\/icar.cnrs.fr\/jeux\/publication-constructing-local-identities-in-multiparty-interactions-with-tablets-by-h-baldauf-quilliatre-b-ursi\/\">Publication : \u00ab\u00a0Constructing local identities in multiparty interactions with tablets\u00a0\u00bb by H. Baldauf-Quilliatre &amp; B. Ursi<\/a><\/h2>\n\n\t\t\t\t<div class=\"su-post-meta\">\n\t\t\t\t\tPubli\u00e9: 2 novembre 2021\t\t\t\t<\/div>\n\n\t\t\t\t<div class=\"su-post-excerpt\">\n\t\t\t\t\t<p>Heike Baldauf-Quilliatre and Biago Ursi question the sequential and spatial organisation of bodily resources between children and their grandparents during a gaming interaction on a large tablet, in order to&#8230;<\/p>\n\t\t\t\t<\/div>\n\n\t\t\t\t\n\t\t\t<\/div>\n\n\t\t\n\t\n<\/div>\n\n","protected":false},"excerpt":{"rendered":"Heike Baldauf-Quilliatre and Biago Ursi question the sequential and spatial organisation of bodily resources between children and their grandparents during a gaming interaction on a large tablet, in order to...","protected":false},"author":41,"featured_media":0,"parent":0,"menu_order":5,"comment_status":"closed","ping_status":"closed","template":"","meta":{"inline_featured_image":false,"footnotes":""},"class_list":["post-93","page","type-page","status-publish","hentry"],"_links":{"self":[{"href":"https:\/\/icar.cnrs.fr\/jeux\/wp-json\/wp\/v2\/pages\/93","targetHints":{"allow":["GET"]}}],"collection":[{"href":"https:\/\/icar.cnrs.fr\/jeux\/wp-json\/wp\/v2\/pages"}],"about":[{"href":"https:\/\/icar.cnrs.fr\/jeux\/wp-json\/wp\/v2\/types\/page"}],"author":[{"embeddable":true,"href":"https:\/\/icar.cnrs.fr\/jeux\/wp-json\/wp\/v2\/users\/41"}],"replies":[{"embeddable":true,"href":"https:\/\/icar.cnrs.fr\/jeux\/wp-json\/wp\/v2\/comments?post=93"}],"version-history":[{"count":7,"href":"https:\/\/icar.cnrs.fr\/jeux\/wp-json\/wp\/v2\/pages\/93\/revisions"}],"predecessor-version":[{"id":419,"href":"https:\/\/icar.cnrs.fr\/jeux\/wp-json\/wp\/v2\/pages\/93\/revisions\/419"}],"wp:attachment":[{"href":"https:\/\/icar.cnrs.fr\/jeux\/wp-json\/wp\/v2\/media?parent=93"}],"curies":[{"name":"wp","href":"https:\/\/api.w.org\/{rel}","templated":true}]}}