{"id":164,"date":"2016-12-08T11:36:15","date_gmt":"2016-12-08T10:36:15","guid":{"rendered":"https:\/\/icar.cnrs.fr\/membre\/amazurpalandre\/?page_id=164"},"modified":"2018-02-22T00:27:06","modified_gmt":"2018-02-21T23:27:06","slug":"formation","status":"publish","type":"page","link":"https:\/\/icar.cnrs.fr\/membre\/amazur\/formation\/","title":{"rendered":"Formation et exp\u00e9riences"},"content":{"rendered":"<h3>Parcours universitaire<\/h3>\n<ul>\n<li>DEUG (2000-2002), Licence (2002-2003), Ma\u00eetrise (2003-2004), Master 2 (2004-2005), Doctorat (2005-2009) : D\u00e9partement Science Du Langage \u00e0 l&rsquo;Universit\u00e9 Lyon 2<\/li>\n<li>M\u00e9moire de Ma\u00eetrise : \u00c9tude d\u00e9veloppementale de la causalit\u00e9<\/li>\n<li>M\u00e9moire de Master 2 : \u00c9tude d\u00e9veloppementale de la complexit\u00e9 des syntagmes nominaux lexicaux en position sujet<\/li>\n<li>Th\u00e8se de doctorat (soutenue le 18\/09\/2009) : <a href=\"http:\/\/www.ddl.ish-lyon.cnrs.fr\/fulltext\/mazur\/Mazur%20Palandre_2009_Th\u00e8se.pdf\">Le flux de l\u2019information, aspects syntaxiques et discursifs : Une \u00e9tude fonctionnaliste et d\u00e9veloppementale<\/a><br \/>\nLaboratoire Dynamique du Langage (UMR 5596-CNRS) et\u00a0Universit\u00e9 Lyon 2<br \/>\nSous la direction de Harriet Jisa et de Michel Fayol<br \/>\nJury :<br \/>\nProf. Michel Charolles, Universit\u00e9 Paris 3<br \/>\nProf. Jean-Pierre Chevrot, Universit\u00e9 Stendhal Grenoble 3 (Rapporteur)<br \/>\nProf. Michel Fayol, Universit\u00e9 Blaise Pascal (Co-directeur de th\u00e8se)<br \/>\nProf. Harriet Jisa, Universit\u00e9 Lumi\u00e8re Lyon 2 (Co-directeur de th\u00e8se)<br \/>\nProf. Judy Reilly, Universit\u00e9 d\u2019\u00e9tat de San Diego, Californie, \u00c9tats-Unis (Rapporteur)<\/li>\n<\/ul>\n<h3><\/h3>\n<h3>Parcours professionnel<\/h3>\n<div>\n<ul>\n<li><em>Juin 2012 &#8211; Mai 2015 : Ing\u00e9nieure de Recherche &#8211;\u00a0<\/em>Universit\u00e9 de Lyon<br \/>\nLaboratoire d&rsquo;excellence ASLAN (Responsable : Fran\u00e7ois Pellegrino)<br \/>\nLaboratoire CNRS ICAR (UMR 5191)<\/li>\n<\/ul>\n<\/div>\n<ul>\n<li><em>Juin 2015 &#8211; Mai 2017 : Ing\u00e9nieure de Recherche &#8211;\u00a0<\/em>CNRS<br \/>\nLaboratoire d&rsquo;excellence ASLAN (Responsable : Fran\u00e7ois Pellegrino)<br \/>\nLaboratoire CNRS ICAR (UMR 5191)<\/li>\n<\/ul>\n<ul>\n<li><em>Juin 2012 &#8211; Mai 2015 : Ing\u00e9nieure de Recherche &#8211;\u00a0<\/em>Universit\u00e9 de Lyon<br \/>\nLaboratoire d&rsquo;excellence ASLAN (Responsable : Fran\u00e7ois Pellegrino)<br \/>\nLaboratoire CNRS ICAR (UMR 5191)<\/li>\n<\/ul>\n<ul>\n<li><i>D\u00e9cembre 2010 &#8211; Mai 2012 : Chercheure contractuelle (Post-Doc) &#8211;\u00a0<\/i>Laboratoire CNRS ICAR<br \/>\nProjet PAMEALE (Responsable : Kristine Lund)<\/li>\n<\/ul>\n<ul>\n<li><em>Septembre et octobre 2010 : Ing\u00e9nieure d\u2019\u00e9tude &#8211;\u00a0<\/em>Laboratoire CNRS Dynamique Du Langage (UMR 5596)<\/li>\n<li><em>2008 \u2013 2010 : Attach\u00e9e Temporaire \u00e0 l\u2019Enseignement et \u00e0 la Recherche &#8211;\u00a0<\/em>Universit\u00e9 Lyon 2 et Laboratoire Dynamique Du Langage (UMR 5596)<\/li>\n<\/ul>\n<p style=\"padding-left: 30px\">Enseignements : D\u00e9partement des Sciences Du Langage (linguistique fran\u00e7aise, m\u00e9thodologie universitaire)<\/p>\n<p style=\"padding-left: 30px\">Th\u00e9matiques\u00a0de recherche : La lit\u00e9racie, le flux de l\u2019information, la production orale et \u00e9crite d\u2019enfants et adolescents, le contexte de production, l\u2019acquisition tardive du langage<\/p>\n<ul>\n<li><em>2004 \u2013 2008 : Stagiaire puis Assistante de recherche &#8211;\u00a0<\/em>Laboratoire CNRS Dynamique Du Langage (UMR 5596)<\/li>\n<\/ul>\n","protected":false},"excerpt":{"rendered":"<p>Parcours universitaire DEUG (2000-2002), Licence (2002-2003), Ma\u00eetrise (2003-2004), Master 2 (2004-2005), Doctorat (2005-2009) : D\u00e9partement Science Du Langage \u00e0 l&rsquo;Universit\u00e9 Lyon 2 M\u00e9moire de Ma\u00eetrise : \u00c9tude d\u00e9veloppementale de la causalit\u00e9 M\u00e9moire de Master 2 : \u00c9tude d\u00e9veloppementale de la &hellip; <a href=\"https:\/\/icar.cnrs.fr\/membre\/amazur\/formation\/\">Continuer la lecture <span class=\"meta-nav\">&rarr;<\/span><\/a><\/p>\n","protected":false},"author":1,"featured_media":0,"parent":0,"menu_order":0,"comment_status":"closed","ping_status":"closed","template":"","meta":{"footnotes":""},"class_list":["post-164","page","type-page","status-publish","hentry"],"_links":{"self":[{"href":"https:\/\/icar.cnrs.fr\/membre\/amazur\/wp-json\/wp\/v2\/pages\/164","targetHints":{"allow":["GET"]}}],"collection":[{"href":"https:\/\/icar.cnrs.fr\/membre\/amazur\/wp-json\/wp\/v2\/pages"}],"about":[{"href":"https:\/\/icar.cnrs.fr\/membre\/amazur\/wp-json\/wp\/v2\/types\/page"}],"author":[{"embeddable":true,"href":"https:\/\/icar.cnrs.fr\/membre\/amazur\/wp-json\/wp\/v2\/users\/1"}],"replies":[{"embeddable":true,"href":"https:\/\/icar.cnrs.fr\/membre\/amazur\/wp-json\/wp\/v2\/comments?post=164"}],"version-history":[{"count":5,"href":"https:\/\/icar.cnrs.fr\/membre\/amazur\/wp-json\/wp\/v2\/pages\/164\/revisions"}],"predecessor-version":[{"id":198,"href":"https:\/\/icar.cnrs.fr\/membre\/amazur\/wp-json\/wp\/v2\/pages\/164\/revisions\/198"}],"wp:attachment":[{"href":"https:\/\/icar.cnrs.fr\/membre\/amazur\/wp-json\/wp\/v2\/media?parent=164"}],"curies":[{"name":"wp","href":"https:\/\/api.w.org\/{rel}","templated":true}]}}