{"id":4,"date":"2016-11-02T17:37:52","date_gmt":"2016-11-02T16:37:52","guid":{"rendered":"https:\/\/icar.cnrs.fr\/membre\/amazurpalandre\/?page_id=4"},"modified":"2021-12-01T14:02:54","modified_gmt":"2021-12-01T13:02:54","slug":"accueil","status":"publish","type":"page","link":"https:\/\/icar.cnrs.fr\/membre\/amazur\/","title":{"rendered":"Accueil"},"content":{"rendered":"<div class=\"cadregris\">\n<h2><span class=\"Apple-style-span\"><strong>Audrey Mazur<br \/>\n<\/strong><\/span><\/h2>\n<p><em>Ing\u00e9nieure de recherche<\/em><em><img loading=\"lazy\" decoding=\"async\" class=\"wp-image-282 alignright\" src=\"https:\/\/icar.cnrs.fr\/membre\/amazurpalandre\/wp-content\/uploads\/sites\/82\/2021\/11\/IMG_5728-291x300.jpg\" alt=\"\" width=\"127\" height=\"131\" srcset=\"https:\/\/icar.cnrs.fr\/membre\/amazur\/wp-content\/uploads\/sites\/82\/2021\/11\/IMG_5728-291x300.jpg 291w, https:\/\/icar.cnrs.fr\/membre\/amazur\/wp-content\/uploads\/sites\/82\/2021\/11\/IMG_5728-768x791.jpg 768w, https:\/\/icar.cnrs.fr\/membre\/amazur\/wp-content\/uploads\/sites\/82\/2021\/11\/IMG_5728-994x1024.jpg 994w, https:\/\/icar.cnrs.fr\/membre\/amazur\/wp-content\/uploads\/sites\/82\/2021\/11\/IMG_5728.jpg 1016w\" sizes=\"auto, (max-width: 127px) 100vw, 127px\" \/><\/em><\/p>\n<p><em>Responsable de l&rsquo;axe Science with and for society LabEx ASLAN<\/em><br \/>\n<em>Charg\u00e9e de projets de recher<\/em><em>che <\/em><em>translationnelle \u2013 Langa<\/em><em>g<\/em><em>e, <\/em><em>Cognition, \u00c9ducation et\u00a0de valorisation<\/em><\/p>\n<p><span class=\"Apple-style-span\">Laboratoire d&rsquo;Excellence ASLAN<br \/>\n<\/span>Laboratoire ICAR (<em>Equipe<\/em>\u00a0:\u00a0INteractions : SItuations, praTiques et oUtils (InSitu))<\/p>\n<p>Email\u00a0: <a href=\"mailto:Audrey.mazur_palandre@ens-lyon.fr\">Audrey.mazur@ens-lyon.fr<\/a><br \/>\nTel. : 33 (0)4 37 37 62 99<\/p>\n<p>&nbsp;<\/p>\n<p style=\"text-align: left\"><strong>Th\u00e9matiques de recherche<\/strong><\/p>\n<ul>\n<li>Dyslexie \u00e0 l&rsquo;\u00e2ge adulte<\/li>\n<li style=\"text-align: left\">D\u00e9veloppement du langage oral (en monologue et en interaction) de l&rsquo;enfant, adolescent et jeune adulte (dont des individus pr\u00e9sentant une dyslexie)<\/li>\n<li style=\"text-align: left\">D\u00e9veloppement du langage \u00e9crit de l&rsquo;enfant, adolescent et jeune adulte (dont des individus pr\u00e9sentant une dyslexie)<\/li>\n<li style=\"text-align: left\">Litt\u00e9racie linguistique<\/li>\n<li style=\"text-align: left\">Coh\u00e9rence et coh\u00e9sion du discours (syntaxe, flux de l\u2019information, r\u00e9f\u00e9rence, etc.)<\/li>\n<li style=\"text-align: left\">Gestualit\u00e9 et multimodalit\u00e9<\/li>\n<\/ul>\n<p style=\"text-align: left\"><strong>Activit\u00e9s de recherche<\/strong><\/p>\n<ul>\n<li>D\u00e9veloppement et participation \u00e0 des projets de recherche (r\u00e9daction d&rsquo;un projet, recherche de collaborations et de financements, coordination, mise en place de protocoles, collectes des donn\u00e9es, analyses, etc.)<\/li>\n<li>Concevoir et piloter des projets de recherche translationnelle dans les secteurs du Langage, de la cognition et de l\u2019\u00c9ducation<\/li>\n<li>Veille scientifique et m\u00e9thodologique dans les th\u00e9matiques de recherche<\/li>\n<li>Valorisation scientifique des r\u00e9sultats de recherche (publications, pr\u00e9sentations orales, etc.)<\/li>\n<li>Organisation d&rsquo;\u00e9v\u00e8nements scientifiques<\/li>\n<li>D\u00e9veloppement d&rsquo;outils de diffusion des savoirs et m\u00e9thodes dans un objectif d\u2019appropriation par diff\u00e9rents partenaires<\/li>\n<\/ul>\n<p>&nbsp;<\/p>\n<p style=\"text-align: left\"><strong>Activit\u00e9s de valorisation<\/strong><\/p>\n<ul>\n<li style=\"text-align: left\">D\u00e9veloppement des activit\u00e9s de valorisation du LabEx, en animant un r\u00e9seau interdisciplinaire et partenarial, incluant des chercheurs appartenant \u00e0 diff\u00e9rents domaines et paradigmes,ainsi que des membres non-acad\u00e9miques<\/li>\n<li style=\"text-align: left\">Accompagnement et\/ou mise en place de partenariats entre les chercheurs du laboratoire ICAR et du LabEx ASLAN avec des organismes acad\u00e9miques et extra-acad\u00e9miques, pour le d\u00e9veloppement de\u00a0projets Recherche \/ Action<\/li>\n<li>Concevoir et mettre en place des dispositifs d\u2019animation de l\u2019interdisciplinarit\u00e9 et de la valorisation<\/li>\n<li style=\"text-align: left\">Organisation d\u2019\u00e9v\u00e8nements Grand public<\/li>\n<li style=\"text-align: left\">Participation \u00e0 des \u00e9v\u00e8nements Grand Public<\/li>\n<li style=\"text-align: left\">Participation \u00e0 la cr\u00e9ation d\u2019outils de diffusion<\/li>\n<\/ul>\n<p>&nbsp;<\/p>\n<p><strong>Adresse<br \/>\n<\/strong>Laboratoire ICAR<br \/>\nEcole Normale Sup\u00e9rieure de Lyon<br \/>\n15 parvis Ren\u00e9 Descartes &#8211; BP 7000<br \/>\n69342 LYON Cedex 07<br \/>\nFrance<\/p>\n<\/div>\n","protected":false},"excerpt":{"rendered":"<p>Audrey Mazur Ing\u00e9nieure de recherche Responsable de l&rsquo;axe Science with and for society LabEx ASLAN Charg\u00e9e de projets de recherche translationnelle \u2013 Langage, Cognition, \u00c9ducation et\u00a0de valorisation Laboratoire d&rsquo;Excellence ASLAN Laboratoire ICAR (Equipe\u00a0:\u00a0INteractions : SItuations, praTiques et oUtils (InSitu)) Email\u00a0: &hellip; <a href=\"https:\/\/icar.cnrs.fr\/membre\/amazur\/\">Continuer la lecture <span class=\"meta-nav\">&rarr;<\/span><\/a><\/p>\n","protected":false},"author":1,"featured_media":0,"parent":0,"menu_order":0,"comment_status":"closed","ping_status":"closed","template":"","meta":{"footnotes":""},"class_list":["post-4","page","type-page","status-publish","hentry"],"_links":{"self":[{"href":"https:\/\/icar.cnrs.fr\/membre\/amazur\/wp-json\/wp\/v2\/pages\/4","targetHints":{"allow":["GET"]}}],"collection":[{"href":"https:\/\/icar.cnrs.fr\/membre\/amazur\/wp-json\/wp\/v2\/pages"}],"about":[{"href":"https:\/\/icar.cnrs.fr\/membre\/amazur\/wp-json\/wp\/v2\/types\/page"}],"author":[{"embeddable":true,"href":"https:\/\/icar.cnrs.fr\/membre\/amazur\/wp-json\/wp\/v2\/users\/1"}],"replies":[{"embeddable":true,"href":"https:\/\/icar.cnrs.fr\/membre\/amazur\/wp-json\/wp\/v2\/comments?post=4"}],"version-history":[{"count":67,"href":"https:\/\/icar.cnrs.fr\/membre\/amazur\/wp-json\/wp\/v2\/pages\/4\/revisions"}],"predecessor-version":[{"id":284,"href":"https:\/\/icar.cnrs.fr\/membre\/amazur\/wp-json\/wp\/v2\/pages\/4\/revisions\/284"}],"wp:attachment":[{"href":"https:\/\/icar.cnrs.fr\/membre\/amazur\/wp-json\/wp\/v2\/media?parent=4"}],"curies":[{"name":"wp","href":"https:\/\/api.w.org\/{rel}","templated":true}]}}