{"id":2,"date":"2016-11-02T17:35:25","date_gmt":"2016-11-02T16:35:25","guid":{"rendered":"https:\/\/icar.cnrs.fr\/membre\/arabatel\/?page_id=2"},"modified":"2018-02-05T14:14:28","modified_gmt":"2018-02-05T13:14:28","slug":"collaborations-scientifique","status":"publish","type":"page","link":"https:\/\/icar.cnrs.fr\/membre\/arabatel\/collaborations-scientifique\/","title":{"rendered":"Collaborations scientifiques"},"content":{"rendered":"<p><strong><em>R\u00e9seaux de recherche collaborations r\u00e9guli\u00e8res, projets \u00e9ditoriaux communs<\/em><\/strong><\/p>\n<p>&nbsp;<\/p>\n<p><strong><em>France\u00a0:<\/em><\/strong><\/p>\n<ul>\n<li>Coll\u00e8ge de France\u00a0: Alain Berthoz.<\/li>\n<li>EHESS\u00a0: M. Carel.<\/li>\n<li>Universit\u00e9 de Bordeaux 3\u00a0: Alpha Bari.<\/li>\n<li>Universit\u00e9 de Caen\u00a0: Estelle Moline.<\/li>\n<li>Universit\u00e9 de Cergy-Pontoise\u00a0: P.-P. Haillet, J. Longhi, C. Bor\u00e9, J. David.<\/li>\n<li>Universit\u00e9 de Franche Comt\u00e9\u00a0: A. Chauvin-Vileno, P. Schepens, J.-M. Viprey, I. Hekmat, J. Auboussier.<\/li>\n<li>Universit\u00e9 de Grenoble 3\u00a0: F. Grossmann, I. Novakova, C. Mo\u00efse, F. Rinck, F. Boch.<\/li>\n<li>Universit\u00e9 de Lorraine : A. Petitjean, G. Achard-Bayle, C. Masseron, M. Kara, A. Leclaire-Halt\u00e9, M. Lecolle, S. Milcent-Lawson, D. Ablali, B. Wiederspiel, J. Walter, B. Fleury.<\/li>\n<li>Universit\u00e9 de Montpellier 3\u00a0: J. Bres, J.-M. Barb\u00e9ris, C. D\u00e9trie, B. Verine, A. Steuckardt.<\/li>\n<li>Universit\u00e9 de Nancy 2\u00a0: C. Badiou-Monferran, D. Apoth\u00e9loz.<\/li>\n<li>Universit\u00e9 de Nice-Sophia Antipolis\u00a0: A. Jaubert, G. Salvan, A. de Georges-Mestral, M.-A. Watine, S. Mellet, V. Magri, N. Biaggioli-Bilous, F. Torterat, I. Yocaris.<\/li>\n<li>Paris 3 : J. Authier-Revuz, S. Moirand, F. Sitri, S. Branca-Rosoff, P. von M\u00fcchnow, C. Doquet.<\/li>\n<li>Paris 4 : D. Maingueneau, C. Stolz, C. Narjoux, G. Berthomieu, D. Denis, P. Monneret, G. Siouffi, F. Neveu, S. Plane.<\/li>\n<li>Paris 10 : J.-F. Jeandillou.<\/li>\n<li>Paris 12 : L. Perrin, D. Ducard, I. Laborde-Milaa, M. Temmar, L. Gournay, J.M. Leblanc, A. Krieg-Planque.<\/li>\n<li>Paris 13\u00a0: P. Charaudeau, M.-A. Paveau, J.-F. Sablayrolles.<\/li>\n<li>Universit\u00e9 de Pau et des pays de l\u2019Adour\u00a0: S. Bedouret.<\/li>\n<li>Universit\u00e9 de Provence\u00a0: R. Vion, G. Lacaze, M. de Matthia.<\/li>\n<li>Universit\u00e9 de Rennes\u00a0: E. Richard.<\/li>\n<li>Universit\u00e9 de Rouen\u00a0: L. Gosselin, M.-C. Penloup.<\/li>\n<li>Universit\u00e9 de Strasbourg\u00a0: G. Kleiber, A. Kuyumcuyan, H. Vassiliadou<\/li>\n<li>Universit\u00e9 de Toulon\u00a0: M. Monte, E. Devriendt, D. Bilous, L. Gaudin.<\/li>\n<li>Universit\u00e9 de Toulouse\u00a0: A. Lescano.<\/li>\n<li>Universit\u00e9 de Toulouse, ESPE\u00a0: M. Favriaud.<\/li>\n<\/ul>\n<p><strong><em>Etranger\u00a0:<\/em><\/strong><\/p>\n<ul>\n<li>Allemagne\u00a0: Universit\u00e9 de Trier\u00a0: E. Winter-Froemel.<\/li>\n<li>Angleterre\u00a0: Universit\u00e9 d\u2019Oxford\u00a0: S. Marnette.<\/li>\n<li>Belgique\u00a0: Universiteit Antwerpen\u00a0: P. Dendale.<\/li>\n<li>Belgique\u00a0: Universit\u00e9 libre de Bruxelles\u00a0: L. Rosier, E. Danblon, L. Calabrese.<\/li>\n<li>Belgique\u00a0: Universit\u00e9 de Li\u00e8ge\u00a0: J.-M. Klinkenberg, S. Badir, F. Provenzano, MG Dondero.<\/li>\n<li>Br\u00e9sil : USP, San Paulo\u00a0: V. Braun-Dahlet.<\/li>\n<li>Br\u00e9sil\u00a0: U. Rio del Norte, Natal : M. das Gra\u00e7as Soares, L. Passeggi. JN Gomes da Silva.<\/li>\n<li>Br\u00e9sil\u00a0: U. F\u00e9d\u00e9rale de Pernambouc, Natal\u00a0: D. Da Cunha, S. Cortez.<\/li>\n<li>Br\u00e9sil\u00a0: Universit\u00e9 F\u00e9d\u00e9rale du Minas G\u00e9rais, Belo Horizonte\u00a0: W. Emediato, I.L. Machado.<\/li>\n<li>Canada\u00a0: Universit\u00e9 Laval\u00a0: M. Laforest.<\/li>\n<li>Chypre\u00a0: Universit\u00e9 de Chypre\u00a0: M. Chehab.<\/li>\n<li>Danemark\u00a0: Universit\u00e9 d\u2019A\u00e5rhus\u00a0: H. N\u00f8lke et M. Birkelund.<\/li>\n<li>Danemark\u00a0: Universit\u00e9 de Roskilde\u00a0: M. Olsen.<\/li>\n<li>Danemark\u00a0: Ecole des Hautes \u00e9tudes commerciales de Copenhague\u00a0: K. S\u00f8rensen Ravn J\u00f8rgensen, R. Lundquist.<\/li>\n<li>Egypte\u00a0: Elweya Soliman Al Hakim, Universit\u00e9 Ain Shams Facult\u00e9 Al Alsun, Le Caire.<\/li>\n<li>Espagne\u00a0: Universit\u00e9 de Cadix\u00a0: J.-M. Lopez-Munoz.<\/li>\n<li>Espagne\u00a0: Universit\u00e9 de Madrid\/Autonoma\u00a0: D. Vivero Garcia, M. Tordesillas.<\/li>\n<li>Estonie\u00a0: Universit\u00e9 de Tallin\u00a0: S. Montes.<\/li>\n<li>Finlande\u00a0: Universit\u00e9 d\u2019Helsinki\u00a0: U. Tuomarla.<\/li>\n<li>Isra\u00ebl\u00a0: Universit\u00e9 de Tel Aviv\u00a0: R. Amossy.<\/li>\n<li>Isra\u00ebl\u00a0: Universit\u00e9 de Bar Ilan\u00a0: R. Koren.<\/li>\n<li>Italie : Universit\u00e9 de Roma Sapienza: L. Santone.<\/li>\n<li>Italie : Universit\u00e9 pontificale: J.-P. Sonnet.<\/li>\n<li>Italie : Universit\u00e9 de Turin: P. Paissa, R. Druetta.<\/li>\n<li>Luxembourg : M. Colas-Blaise, S. Freyermuth, G.M. Tore.<\/li>\n<li>Pologne : Universit\u00e9 de Wroclaw, E. Biardzka.<\/li>\n<li>Portugal : Universit\u00e9 de Lisbonne : R. Pinto.<\/li>\n<li>Portugal : Universit\u00e9 de Porto : I. Duarte.<\/li>\n<li>Portugal : Universit\u00e9 de Braga: M.A. Marques.<\/li>\n<li>Roumanie\u00a0: Universit\u00e9 Babes-Bolyai, Cluj-Napoca\u00a0: L. S. Florea, L. Pop.<\/li>\n<li>Roumanie\u00a0: Universit\u00e9 de Craiova\u00a0: A. Radulescu<\/li>\n<li>Su\u00e8de\u00a0: Universit\u00e9 de Stockholm\u00a0: F. Sullet-Nylander. Mats Forsgren.<\/li>\n<li>Su\u00e8de\u00a0: Universit\u00e9 d\u2019Uppsala\u00a0: H. Kronning, C. Noren.<\/li>\n<li>Suisse: Universit\u00e9 de Berne : M. Bonhomme.<\/li>\n<li>Suisse\u00a0: Universit\u00e9 de Gen\u00e8ve\u00a0: L. Filliettaz, J.-P. Bronckart, E. Bulea Bronckart, K. Balslev, S. Vanhulle.<\/li>\n<li>Suisse\u00a0: Universit\u00e9 de Lausanne\u00a0: D. Marguerat, J.-D. Kaestli, J.-M. Adam, R. Micheli, G. Philippe, M. Burger.<\/li>\n<li>Suisse\u00a0: Haute \u00e9cole p\u00e9dagogique du canton de Vaud\u00a0: R. Gagnon. Suisse\u00a0: Universit\u00e9 de Bern\u00a0: Marc Bonhomme<\/li>\n<li>Suisse\u00a0: Universit\u00e9 de Fribourg\u00a0: F. Revaz, G. Corminboeuf.<\/li>\n<li>Tunisie\u00a0: Universit\u00e9 de Tunis\u00a0: J. Chaker.<\/li>\n<li>Tunisie\u00a0: universit\u00e9 de Sousse\u00a0: Amar Azouzi<\/li>\n<\/ul>\n<div style=\"padding-left: 30px;\"><\/div>\n<p>&nbsp;<\/p>\n","protected":false},"excerpt":{"rendered":"<p>R\u00e9seaux de recherche collaborations r\u00e9guli\u00e8res, projets \u00e9ditoriaux communs &nbsp; France\u00a0: Coll\u00e8ge de France\u00a0: Alain Berthoz. EHESS\u00a0: M. Carel. Universit\u00e9 de Bordeaux 3\u00a0: Alpha Bari. Universit\u00e9 de Caen\u00a0: Estelle Moline. Universit\u00e9 de Cergy-Pontoise\u00a0: P.-P. Haillet, J. Longhi, C. Bor\u00e9, J. David. &hellip; <a href=\"https:\/\/icar.cnrs.fr\/membre\/arabatel\/collaborations-scientifique\/\">Continuer la lecture <span class=\"meta-nav\">&rarr;<\/span><\/a><\/p>\n","protected":false},"author":69,"featured_media":0,"parent":0,"menu_order":5,"comment_status":"closed","ping_status":"closed","template":"","meta":{"footnotes":""},"class_list":["post-2","page","type-page","status-publish","hentry"],"_links":{"self":[{"href":"https:\/\/icar.cnrs.fr\/membre\/arabatel\/wp-json\/wp\/v2\/pages\/2","targetHints":{"allow":["GET"]}}],"collection":[{"href":"https:\/\/icar.cnrs.fr\/membre\/arabatel\/wp-json\/wp\/v2\/pages"}],"about":[{"href":"https:\/\/icar.cnrs.fr\/membre\/arabatel\/wp-json\/wp\/v2\/types\/page"}],"author":[{"embeddable":true,"href":"https:\/\/icar.cnrs.fr\/membre\/arabatel\/wp-json\/wp\/v2\/users\/69"}],"replies":[{"embeddable":true,"href":"https:\/\/icar.cnrs.fr\/membre\/arabatel\/wp-json\/wp\/v2\/comments?post=2"}],"version-history":[{"count":6,"href":"https:\/\/icar.cnrs.fr\/membre\/arabatel\/wp-json\/wp\/v2\/pages\/2\/revisions"}],"predecessor-version":[{"id":214,"href":"https:\/\/icar.cnrs.fr\/membre\/arabatel\/wp-json\/wp\/v2\/pages\/2\/revisions\/214"}],"wp:attachment":[{"href":"https:\/\/icar.cnrs.fr\/membre\/arabatel\/wp-json\/wp\/v2\/media?parent=2"}],"curies":[{"name":"wp","href":"https:\/\/api.w.org\/{rel}","templated":true}]}}