{"id":10,"date":"2016-11-02T17:39:41","date_gmt":"2016-11-02T16:39:41","guid":{"rendered":"https:\/\/icar.cnrs.fr\/membre\/atiberghien\/?page_id=10"},"modified":"2024-06-19T18:20:14","modified_gmt":"2024-06-19T16:20:14","slug":"enseignements","status":"publish","type":"page","link":"https:\/\/icar.cnrs.fr\/membre\/atiberghien\/enseignements\/","title":{"rendered":"Titre(s) et position"},"content":{"rendered":"<h2>Titres et position<\/h2>\n<div>\n<h3>Dipl\u00f4mes<\/h3>\n<p>Doctorat de 3\u00e8me cycle, Physique des solides, universit\u00e9 d&rsquo;Orsay<br \/>\n(Jury : MM Castaing, Guinier, Jouffrey)<\/p>\n<p>Doctorat d&rsquo;Etat \u00e8s Sciences Physiques (Universit\u00e9 Paris 6 Paris, Mars 1972)<br \/>\n(Jury : MM Daudel, P.G. de Gennes, P. Nozi\u00e8res, G. Delac\u00f4te)<\/p>\n<p>Position<\/p>\n<p>Directrice de recherche \u00e9m\u00e9rite au CNRS<\/p>\n<\/div>\n","protected":false},"excerpt":{"rendered":"<p>Titres et position Dipl\u00f4mes Doctorat de 3\u00e8me cycle, Physique des solides, universit\u00e9 d&rsquo;Orsay (Jury : MM Castaing, Guinier, Jouffrey) Doctorat d&rsquo;Etat \u00e8s Sciences Physiques (Universit\u00e9 Paris 6 Paris, Mars 1972) (Jury : MM Daudel, P.G. de Gennes, P. Nozi\u00e8res, G. &hellip; <a href=\"https:\/\/icar.cnrs.fr\/membre\/atiberghien\/enseignements\/\">Continuer la lecture <span class=\"meta-nav\">&rarr;<\/span><\/a><\/p>\n","protected":false},"author":1,"featured_media":0,"parent":0,"menu_order":3,"comment_status":"closed","ping_status":"closed","template":"","meta":{"footnotes":""},"class_list":["post-10","page","type-page","status-publish","hentry"],"_links":{"self":[{"href":"https:\/\/icar.cnrs.fr\/membre\/atiberghien\/wp-json\/wp\/v2\/pages\/10","targetHints":{"allow":["GET"]}}],"collection":[{"href":"https:\/\/icar.cnrs.fr\/membre\/atiberghien\/wp-json\/wp\/v2\/pages"}],"about":[{"href":"https:\/\/icar.cnrs.fr\/membre\/atiberghien\/wp-json\/wp\/v2\/types\/page"}],"author":[{"embeddable":true,"href":"https:\/\/icar.cnrs.fr\/membre\/atiberghien\/wp-json\/wp\/v2\/users\/1"}],"replies":[{"embeddable":true,"href":"https:\/\/icar.cnrs.fr\/membre\/atiberghien\/wp-json\/wp\/v2\/comments?post=10"}],"version-history":[{"count":13,"href":"https:\/\/icar.cnrs.fr\/membre\/atiberghien\/wp-json\/wp\/v2\/pages\/10\/revisions"}],"predecessor-version":[{"id":182,"href":"https:\/\/icar.cnrs.fr\/membre\/atiberghien\/wp-json\/wp\/v2\/pages\/10\/revisions\/182"}],"wp:attachment":[{"href":"https:\/\/icar.cnrs.fr\/membre\/atiberghien\/wp-json\/wp\/v2\/media?parent=10"}],"curies":[{"name":"wp","href":"https:\/\/api.w.org\/{rel}","templated":true}]}}