{"id":4,"date":"2016-11-02T17:37:52","date_gmt":"2016-11-02T16:37:52","guid":{"rendered":"https:\/\/icar.cnrs.fr\/membre\/atiberghien\/?page_id=4"},"modified":"2018-01-31T09:40:16","modified_gmt":"2018-01-31T08:40:16","slug":"accueil","status":"publish","type":"page","link":"https:\/\/icar.cnrs.fr\/membre\/atiberghien\/","title":{"rendered":"Accueil"},"content":{"rendered":"<div class=\"cadregris\">\n<h2><strong><img loading=\"lazy\" decoding=\"async\" class=\"alignright wp-image-165\" src=\"https:\/\/icar.cnrs.fr\/membre\/atiberghien\/wp-content\/uploads\/sites\/70\/2016\/11\/photo-1.jpg\" width=\"100\" height=\"128\" \/>Andr\u00e9e Tiberghien<\/strong><\/h2>\n<p>Directrice de recherche \u00e9m\u00e9rite CNRS<\/p>\n<p>Email\u00a0: <span lang=\"de\" xml:lang=\"de\"><a href=\"mailto:Andree.Tiberghien@univ-lyon2.fr\">Andree.Tiberghien@univ-lyon2.fr<\/a><\/span><br \/>\nTel. : 33 (0)4 37 37 62 94<\/p>\n<p style=\"text-align: left\"><strong>Adresse<br \/>\n<\/strong>Laboratoire <a href=\"http:\/\/icar.univ-lyon2.fr\/\">ICAR<\/a>\u00a0<a href=\"http:\/\/icar.univ-lyon2.fr\/\">UMR 5191<\/a>\u00a0(Interactions, Corpus, Apprentissage, Repr\u00e9sentations)<br \/>\n<em>Equipe<\/em>\u00a0: Apprentissages, discours, interactions, savoirs (ADIS)<br \/>\nEcole Normale Sup\u00e9rieure de Lyon<br \/>\n15 parvis Ren\u00e9 Descartes &#8211; BP 7000<br \/>\n69342 LYON Cedex 07<br \/>\nFrance<\/p>\n<\/div>\n","protected":false},"excerpt":{"rendered":"<p>Andr\u00e9e Tiberghien Directrice de recherche \u00e9m\u00e9rite CNRS Email\u00a0: Andree.Tiberghien@univ-lyon2.fr Tel. : 33 (0)4 37 37 62 94 Adresse Laboratoire ICAR\u00a0UMR 5191\u00a0(Interactions, Corpus, Apprentissage, Repr\u00e9sentations) Equipe\u00a0: Apprentissages, discours, interactions, savoirs (ADIS) Ecole Normale Sup\u00e9rieure de Lyon 15 parvis Ren\u00e9 Descartes &#8211; &hellip; <a href=\"https:\/\/icar.cnrs.fr\/membre\/atiberghien\/\">Continuer la lecture <span class=\"meta-nav\">&rarr;<\/span><\/a><\/p>\n","protected":false},"author":1,"featured_media":0,"parent":0,"menu_order":0,"comment_status":"closed","ping_status":"closed","template":"","meta":{"footnotes":""},"class_list":["post-4","page","type-page","status-publish","hentry"],"_links":{"self":[{"href":"https:\/\/icar.cnrs.fr\/membre\/atiberghien\/wp-json\/wp\/v2\/pages\/4","targetHints":{"allow":["GET"]}}],"collection":[{"href":"https:\/\/icar.cnrs.fr\/membre\/atiberghien\/wp-json\/wp\/v2\/pages"}],"about":[{"href":"https:\/\/icar.cnrs.fr\/membre\/atiberghien\/wp-json\/wp\/v2\/types\/page"}],"author":[{"embeddable":true,"href":"https:\/\/icar.cnrs.fr\/membre\/atiberghien\/wp-json\/wp\/v2\/users\/1"}],"replies":[{"embeddable":true,"href":"https:\/\/icar.cnrs.fr\/membre\/atiberghien\/wp-json\/wp\/v2\/comments?post=4"}],"version-history":[{"count":46,"href":"https:\/\/icar.cnrs.fr\/membre\/atiberghien\/wp-json\/wp\/v2\/pages\/4\/revisions"}],"predecessor-version":[{"id":170,"href":"https:\/\/icar.cnrs.fr\/membre\/atiberghien\/wp-json\/wp\/v2\/pages\/4\/revisions\/170"}],"wp:attachment":[{"href":"https:\/\/icar.cnrs.fr\/membre\/atiberghien\/wp-json\/wp\/v2\/media?parent=4"}],"curies":[{"name":"wp","href":"https:\/\/api.w.org\/{rel}","templated":true}]}}