{"id":194,"date":"2022-05-11T08:58:55","date_gmt":"2022-05-11T06:58:55","guid":{"rendered":"https:\/\/icar.cnrs.fr\/membre\/atlili\/?page_id=194"},"modified":"2025-07-09T16:22:07","modified_gmt":"2025-07-09T14:22:07","slug":"these","status":"publish","type":"page","link":"https:\/\/icar.cnrs.fr\/membre\/atlili\/these\/","title":{"rendered":"Th\u00e8se"},"content":{"rendered":"<p><em>\u00ab\u00a0Anomie et culture \u00e9crite. Enqu\u00eate d&rsquo;ethnographie linguistique sur le rapport entre la R\u00e9volution de 2011 en Tunisie et le dire-\u00e9crire des jeunes Tunisiens sur Facebook\u00a0\u00bb<\/em> soutenue \u00e0 l&rsquo;Universit\u00e9 de Rouen sous la direction de Foued Laroussi.<\/p>\n<h2>R\u00e9sum\u00e9<\/h2>\n<p>Ce travail d\u2019investigation est une enqu\u00eate d\u2019ethnographie linguistique pour penser et concevoir la relation entre deux notions : celle de la R\u00e9volution, cette mutation politique qui a eu lieu en Tunisie en 2011 (nous sommes l\u00e0 en face d\u2019un probl\u00e8me extralinguistique) et celle de la culture \u00e9crite ou du parler-\u00e9crire des jeunes Tunisiens sur Facebook qui est un ph\u00e9nom\u00e8ne purement linguistique. Tout notre travail consiste \u00e0 \u00e9tudier les transformations et les m\u00e9tamorphoses mais aussi le maintien et la conservation de tel ou tel aspect de ce dire-\u00e9crire des jeunes dans une situation exceptionnelle, une situation d\u2019anomie, de subversion et d\u2019h\u00e9r\u00e9sie. Autrement dit, il s&rsquo;agit d&rsquo;\u00e9tudier les inventions mais aussi les ritualisations et les mises en sc\u00e8nes ainsi que les diff\u00e9rences et les in\u00e9galit\u00e9s entre les jeunes face \u00e0 la culture \u00e9crite. (<a href=\"https:\/\/theses.fr\/2021NORMR004\">Anomie et culture \u00e9crite. Enqu\u00eate d&rsquo;ethnographie linguistique sur le rapport entre la R\u00e9volution de 2011 en Tunisie et le dire-\u00e9crire des jeunes Tunisiens sur Facebook | Theses.fr<\/a>)<\/p>\n<p><em>Anomie and written culture. Linguistic-ethnography survey on the relationship between 2011 revolution in Tunisia and the speaking writing of young Tunisians on Facebook<\/em><\/p>\n<h2>Abstract<\/h2>\n<p>This work is a linguistic ethnography survey to think and conceive the relation between two notions : the Revolution in Tunisia, this political mutation which took place in 2011 (this is an extra-linguistic problem) and the written culture of young Tunisians on Facebook which is a purely linguistic phenomenon. All our work consists of studying the transformations and metamorphoses but also the maintenance and conservation of the different aspects of this speaking \/ writing of young people in such an exceptional situation combining anomie, subversion and heresy. In other words, it is necessary to examine the inventions but also the ritualizations and the presentation of self in everyday life as well as the differences and the inequalities between the young people facing the written culture.<\/p>\n","protected":false},"excerpt":{"rendered":"<p>\u00ab\u00a0Anomie et culture \u00e9crite. Enqu\u00eate d&rsquo;ethnographie linguistique sur le rapport entre la R\u00e9volution de 2011 en Tunisie et le dire-\u00e9crire des jeunes Tunisiens sur Facebook\u00a0\u00bb soutenue \u00e0 l&rsquo;Universit\u00e9 de Rouen sous la direction de Foued Laroussi. R\u00e9sum\u00e9 Ce travail d\u2019investigation &hellip; <a href=\"https:\/\/icar.cnrs.fr\/membre\/atlili\/these\/\">Continuer la lecture <span class=\"meta-nav\">&rarr;<\/span><\/a><\/p>\n","protected":false},"author":134,"featured_media":0,"parent":0,"menu_order":0,"comment_status":"closed","ping_status":"closed","template":"","meta":{"footnotes":""},"class_list":["post-194","page","type-page","status-publish","hentry"],"_links":{"self":[{"href":"https:\/\/icar.cnrs.fr\/membre\/atlili\/wp-json\/wp\/v2\/pages\/194","targetHints":{"allow":["GET"]}}],"collection":[{"href":"https:\/\/icar.cnrs.fr\/membre\/atlili\/wp-json\/wp\/v2\/pages"}],"about":[{"href":"https:\/\/icar.cnrs.fr\/membre\/atlili\/wp-json\/wp\/v2\/types\/page"}],"author":[{"embeddable":true,"href":"https:\/\/icar.cnrs.fr\/membre\/atlili\/wp-json\/wp\/v2\/users\/134"}],"replies":[{"embeddable":true,"href":"https:\/\/icar.cnrs.fr\/membre\/atlili\/wp-json\/wp\/v2\/comments?post=194"}],"version-history":[{"count":16,"href":"https:\/\/icar.cnrs.fr\/membre\/atlili\/wp-json\/wp\/v2\/pages\/194\/revisions"}],"predecessor-version":[{"id":215,"href":"https:\/\/icar.cnrs.fr\/membre\/atlili\/wp-json\/wp\/v2\/pages\/194\/revisions\/215"}],"wp:attachment":[{"href":"https:\/\/icar.cnrs.fr\/membre\/atlili\/wp-json\/wp\/v2\/media?parent=194"}],"curies":[{"name":"wp","href":"https:\/\/api.w.org\/{rel}","templated":true}]}}