{"id":39,"date":"2016-11-09T15:36:16","date_gmt":"2016-11-09T14:36:16","guid":{"rendered":"https:\/\/icar.cnrs.fr\/membre\/atlili\/?page_id=39"},"modified":"2025-07-09T16:17:43","modified_gmt":"2025-07-09T14:17:43","slug":"axes-de-recherche","status":"publish","type":"page","link":"https:\/\/icar.cnrs.fr\/membre\/atlili\/axes-de-recherche\/","title":{"rendered":"Axes de recherche"},"content":{"rendered":"<h3>Principaux axes de recherche<\/h3>\n<ul>\n<li>Sociolinguistique<\/li>\n<li>Ethnographie linguistique<\/li>\n<li>Variation linguistique<\/li>\n<li>Didactiques des langues \u00e9trang\u00e8res<\/li>\n<li>Linguistique de corpus<\/li>\n<li>Humanit\u00e9s num\u00e9riques<\/li>\n<li>Logom\u00e9trie<\/li>\n<li>Intelligence artificielle<\/li>\n<li>Traitement automatique des langues\u00a0 (TAL)<\/li>\n<\/ul>\n","protected":false},"excerpt":{"rendered":"<p>Principaux axes de recherche Sociolinguistique Ethnographie linguistique Variation linguistique Didactiques des langues \u00e9trang\u00e8res Linguistique de corpus Humanit\u00e9s num\u00e9riques Logom\u00e9trie Intelligence artificielle Traitement automatique des langues\u00a0 (TAL)<\/p>\n","protected":false},"author":1,"featured_media":0,"parent":0,"menu_order":2,"comment_status":"closed","ping_status":"closed","template":"","meta":{"footnotes":""},"class_list":["post-39","page","type-page","status-publish","hentry"],"_links":{"self":[{"href":"https:\/\/icar.cnrs.fr\/membre\/atlili\/wp-json\/wp\/v2\/pages\/39","targetHints":{"allow":["GET"]}}],"collection":[{"href":"https:\/\/icar.cnrs.fr\/membre\/atlili\/wp-json\/wp\/v2\/pages"}],"about":[{"href":"https:\/\/icar.cnrs.fr\/membre\/atlili\/wp-json\/wp\/v2\/types\/page"}],"author":[{"embeddable":true,"href":"https:\/\/icar.cnrs.fr\/membre\/atlili\/wp-json\/wp\/v2\/users\/1"}],"replies":[{"embeddable":true,"href":"https:\/\/icar.cnrs.fr\/membre\/atlili\/wp-json\/wp\/v2\/comments?post=39"}],"version-history":[{"count":17,"href":"https:\/\/icar.cnrs.fr\/membre\/atlili\/wp-json\/wp\/v2\/pages\/39\/revisions"}],"predecessor-version":[{"id":212,"href":"https:\/\/icar.cnrs.fr\/membre\/atlili\/wp-json\/wp\/v2\/pages\/39\/revisions\/212"}],"wp:attachment":[{"href":"https:\/\/icar.cnrs.fr\/membre\/atlili\/wp-json\/wp\/v2\/media?parent=39"}],"curies":[{"name":"wp","href":"https:\/\/api.w.org\/{rel}","templated":true}]}}