{"id":10,"date":"2016-11-02T17:39:41","date_gmt":"2016-11-02T16:39:41","guid":{"rendered":"https:\/\/icar.cnrs.fr\/membre\/bpaoli\/?page_id=10"},"modified":"2018-03-13T17:21:28","modified_gmt":"2018-03-13T16:21:28","slug":"enseignements","status":"publish","type":"page","link":"https:\/\/icar.cnrs.fr\/membre\/bpaoli\/enseignements\/","title":{"rendered":"Enseignements"},"content":{"rendered":"<p><strong>Licence LLCE arabe<\/strong><\/p>\n<p>&#8211; L2 : grammaire<\/p>\n<p>&#8211; L3 : linguistique<\/p>\n<p><strong>Master d&rsquo;\u00e9tudes arabes<\/strong><\/p>\n<p>&#8211; M1 : m\u00e9thodologie, linguistique, g\u00e9opolitique<\/p>\n<p>&#8211; M2 : s\u00e9minaire de linguistique<\/p>\n<p>&#8211; po\u00e9tique\u00a0: analyse linguistique et historique des formes et des techniques \u00a0litt\u00e9raires (m\u00e9trique, style formulaire, intertextualit\u00e9, etc.)<\/p>\n<p>&#8211; morpholexicologie (constitution et nature de l&rsquo;arabe dit \u00ab\u00a0classique\u00a0\u00bb dans ses rapports aux dialectes anciens, au Coran et \u00e0 la po\u00e9sie pr\u00e9islamique\u00a0; apport de la th\u00e9orie des matrices et des \u00e9tymons \u00e0 la compr\u00e9hension de l&rsquo;organisation et du d\u00e9veloppement du lexique de l&rsquo;arabe\u00a0; \u00e9laboration et contenu des dictionnaires arabes classiques)<\/p>\n<p><strong>Pr\u00e9paration \u00e0 l&rsquo;agr\u00e9gation d&rsquo;arabe<\/strong><\/p>\n<p>Questions de linguistique du programme et hors programme<\/p>\n","protected":false},"excerpt":{"rendered":"<p>Licence LLCE arabe &#8211; L2 : grammaire &#8211; L3 : linguistique Master d&rsquo;\u00e9tudes arabes &#8211; M1 : m\u00e9thodologie, linguistique, g\u00e9opolitique &#8211; M2 : s\u00e9minaire de linguistique &#8211; po\u00e9tique\u00a0: analyse linguistique et historique des formes et des techniques \u00a0litt\u00e9raires (m\u00e9trique, style &hellip; <a href=\"https:\/\/icar.cnrs.fr\/membre\/bpaoli\/enseignements\/\">Continuer la lecture <span class=\"meta-nav\">&rarr;<\/span><\/a><\/p>\n","protected":false},"author":1,"featured_media":0,"parent":0,"menu_order":3,"comment_status":"closed","ping_status":"closed","template":"","meta":{"footnotes":""},"class_list":["post-10","page","type-page","status-publish","hentry"],"_links":{"self":[{"href":"https:\/\/icar.cnrs.fr\/membre\/bpaoli\/wp-json\/wp\/v2\/pages\/10","targetHints":{"allow":["GET"]}}],"collection":[{"href":"https:\/\/icar.cnrs.fr\/membre\/bpaoli\/wp-json\/wp\/v2\/pages"}],"about":[{"href":"https:\/\/icar.cnrs.fr\/membre\/bpaoli\/wp-json\/wp\/v2\/types\/page"}],"author":[{"embeddable":true,"href":"https:\/\/icar.cnrs.fr\/membre\/bpaoli\/wp-json\/wp\/v2\/users\/1"}],"replies":[{"embeddable":true,"href":"https:\/\/icar.cnrs.fr\/membre\/bpaoli\/wp-json\/wp\/v2\/comments?post=10"}],"version-history":[{"count":12,"href":"https:\/\/icar.cnrs.fr\/membre\/bpaoli\/wp-json\/wp\/v2\/pages\/10\/revisions"}],"predecessor-version":[{"id":168,"href":"https:\/\/icar.cnrs.fr\/membre\/bpaoli\/wp-json\/wp\/v2\/pages\/10\/revisions\/168"}],"wp:attachment":[{"href":"https:\/\/icar.cnrs.fr\/membre\/bpaoli\/wp-json\/wp\/v2\/media?parent=10"}],"curies":[{"name":"wp","href":"https:\/\/api.w.org\/{rel}","templated":true}]}}