{"id":10,"date":"2016-11-02T17:39:41","date_gmt":"2016-11-02T16:39:41","guid":{"rendered":"https:\/\/icar.cnrs.fr\/membre\/ccohen\/?page_id=10"},"modified":"2024-01-26T20:13:38","modified_gmt":"2024-01-26T19:13:38","slug":"enseignements","status":"publish","type":"page","link":"https:\/\/icar.cnrs.fr\/membre\/ccohen\/enseignements\/","title":{"rendered":"Enseignements"},"content":{"rendered":"<h2>Exp\u00e9riences professionnelles<\/h2>\n<p>Actuellement Ma\u00eetre de conf\u00e9rences en anglais et didactique des langues \u00e0 l\u2019INSPE, Universit\u00e9 Lyon 1 (depuis septembre 2012)<\/p>\n<p>2009\u20132012 Directrice du Centre de Langues (D\u00e9partement LANSAD), Universit\u00e9 Lyon 2<\/p>\n<p>2007\u20132012 Professeur Certifi\u00e9 d\u2019anglais au Centre de Langues (D\u00e9partement LANSAD), Universit\u00e9 Lyon 2<\/p>\n<h2>Enseignements<\/h2>\n<h3>Actuellement Ma\u00eetre de Conf\u00e9rences \u00e0 l\u2019ESPE, Universit\u00e9 Lyon 1<\/h3>\n<p style=\"padding-left: 30px\"><strong> Master MEEF (M\u00e9tiers de l\u2019Enseignement, de l\u2019Education et de la Formation) <\/strong><\/p>\n<p style=\"padding-left: 30px\"><strong><em>MEEF Professeurs des \u00e9coles (PE)<\/em><\/strong><\/p>\n<p style=\"padding-left: 30px\">UE Recherche \u2013 Responsable du s\u00e9minaire recherche : <em>Bilinguisme, \u00e9ducation bilingue et prise en compte de la diversit\u00e9 linguistique<\/em>, M1 et M2, depuis 2013.<\/p>\n<p style=\"padding-left: 30px\">UE Langue (anglais) \u2013 Pratique d\u2019une langue en situations professionnelles \u2013 M1, depuis 2012.<\/p>\n<p style=\"padding-left: 30px\"><strong><em>MEEF Pratiques et Ing\u00e9nierie de la Formation (PIF)<\/em><\/strong><\/p>\n<p style=\"padding-left: 30px\">UE Langue (anglais scientifique) \u00a0\u2013 M2 Parcours M\u00e9tiers de l&rsquo;\u00e9ducation \u00e0 la sant\u00e9 \u00e0 l&rsquo;\u00e9cole et Parcours M\u00e9tiers de l&rsquo;intervention aupr\u00e8s des publics \u00e0 besoins particuliers, depuis 2017.<\/p>\n<h3>Universit\u00e9 Lyon 2<\/h3>\n<p style=\"padding-left: 30px\"><strong><i>MEEF Professeurs des coll\u00e8ges et\u00a0lyc\u00e9es anglais (PCL)<\/i><\/strong><\/p>\n<p style=\"padding-left: 30px\">UE Didactisation de la discipline (introduction \u00e0 la didactique de l\u2019anglais), M1, depuis 2012.<\/p>\n<p style=\"padding-left: 30px\">UE Analyse de dossiers didactiques (pr\u00e9paration \u00e0 la deuxi\u00e8me partie de la deuxi\u00e8me \u00e9preuve d\u2019admission du CAPES d\u2019anglais, <em>Epreuve d&rsquo;entretien \u00e0 partir d&rsquo;un dossier<\/em>), M1 et M2B, 2013-2017.<\/p>\n<p style=\"padding-left: 30px\"><em><strong> Master 2 (Recherche) et Doctorants Psychologie Sociale <\/strong><\/em><\/p>\n<p style=\"padding-left: 30px\">UE Anglais scientifique pour psychologues, 2012-2016.<\/p>\n","protected":false},"excerpt":{"rendered":"<p>Exp\u00e9riences professionnelles Actuellement Ma\u00eetre de conf\u00e9rences en anglais et didactique des langues \u00e0 l\u2019INSPE, Universit\u00e9 Lyon 1 (depuis septembre 2012) 2009\u20132012 Directrice du Centre de Langues (D\u00e9partement LANSAD), Universit\u00e9 Lyon 2 2007\u20132012 Professeur Certifi\u00e9 d\u2019anglais au Centre de Langues (D\u00e9partement &hellip; <a href=\"https:\/\/icar.cnrs.fr\/membre\/ccohen\/enseignements\/\">Continuer la lecture <span class=\"meta-nav\">&rarr;<\/span><\/a><\/p>\n","protected":false},"author":1,"featured_media":0,"parent":0,"menu_order":5,"comment_status":"closed","ping_status":"closed","template":"","meta":{"footnotes":""},"class_list":["post-10","page","type-page","status-publish","hentry"],"_links":{"self":[{"href":"https:\/\/icar.cnrs.fr\/membre\/ccohen\/wp-json\/wp\/v2\/pages\/10","targetHints":{"allow":["GET"]}}],"collection":[{"href":"https:\/\/icar.cnrs.fr\/membre\/ccohen\/wp-json\/wp\/v2\/pages"}],"about":[{"href":"https:\/\/icar.cnrs.fr\/membre\/ccohen\/wp-json\/wp\/v2\/types\/page"}],"author":[{"embeddable":true,"href":"https:\/\/icar.cnrs.fr\/membre\/ccohen\/wp-json\/wp\/v2\/users\/1"}],"replies":[{"embeddable":true,"href":"https:\/\/icar.cnrs.fr\/membre\/ccohen\/wp-json\/wp\/v2\/comments?post=10"}],"version-history":[{"count":20,"href":"https:\/\/icar.cnrs.fr\/membre\/ccohen\/wp-json\/wp\/v2\/pages\/10\/revisions"}],"predecessor-version":[{"id":276,"href":"https:\/\/icar.cnrs.fr\/membre\/ccohen\/wp-json\/wp\/v2\/pages\/10\/revisions\/276"}],"wp:attachment":[{"href":"https:\/\/icar.cnrs.fr\/membre\/ccohen\/wp-json\/wp\/v2\/media?parent=10"}],"curies":[{"name":"wp","href":"https:\/\/api.w.org\/{rel}","templated":true}]}}