{"id":39,"date":"2016-11-09T15:36:16","date_gmt":"2016-11-09T14:36:16","guid":{"rendered":"https:\/\/icar.cnrs.fr\/membre\/ccohen\/?page_id=39"},"modified":"2019-12-27T14:57:55","modified_gmt":"2019-12-27T13:57:55","slug":"axes-de-recherche","status":"publish","type":"page","link":"https:\/\/icar.cnrs.fr\/membre\/ccohen\/axes-de-recherche\/","title":{"rendered":"Axes de recherche"},"content":{"rendered":"<h2>Principaux axes de recherche<\/h2>\n<p><em><strong>Acquisition et d\u00e9veloppement du bilinguisme chez les enfants<\/strong><\/em><\/p>\n<p>&#8211; Influence des facteurs d\u2019input sur l\u2019acquisition du bilinguisme<\/p>\n<p>&#8211; D\u00e9veloppement des comp\u00e9tences narratives (micro et macrostructure)<\/p>\n<p>&#8211; Pratiques linguistiques familiales<\/p>\n<p>&#8211; D\u00e9veloppement de l&rsquo;identit\u00e9 chez l&rsquo;enfant bilingue<\/p>\n<p>&#8211; Relations entre le bilinguisme et les comp\u00e9tences m\u00e9talinguistiques<\/p>\n<p><em><strong>Apprentissage et didactique des langues \u00e9trang\u00e8res<\/strong><\/em><\/p>\n<p>&#8211; Apprentissage des langues m\u00e9diatis\u00e9 par les technologies<\/p>\n<p>&#8211; Analyses des interactions multimodales dans les situations d&rsquo;apprentissage en ligne<\/p>\n<p>&nbsp;<\/p>\n<hr \/>\n<h2>Directions de m\u00e9moires<\/h2>\n<p>Master 2 MEEF premier degr\u00e9, INSPE Universit\u00e9 Lyon 1 (2012-pr\u00e9sent)<\/p>\n<p>Master 2 MEEF second degr\u00e9 PCL anglais, Universit\u00e9 Lyon 2 (2014-pr\u00e9sent)<\/p>\n<p>Master 2 FLES, Universit\u00e9 Lyon 2 (2013-pr\u00e9sent)<\/p>\n<p>Master 2 Orthophonie, ISTR Universit\u00e9 Lyon 1 (2017-pr\u00e9sent)<\/p>\n<p>Master 2 Didactique des langues \u00e9trang\u00e8res et TIC, Universit\u00e9 Lyon 2 (2007-2015)<\/p>\n<p>&nbsp;<\/p>\n<p>&nbsp;<\/p>\n","protected":false},"excerpt":{"rendered":"<p>Principaux axes de recherche Acquisition et d\u00e9veloppement du bilinguisme chez les enfants &#8211; Influence des facteurs d\u2019input sur l\u2019acquisition du bilinguisme &#8211; D\u00e9veloppement des comp\u00e9tences narratives (micro et macrostructure) &#8211; Pratiques linguistiques familiales &#8211; D\u00e9veloppement de l&rsquo;identit\u00e9 chez l&rsquo;enfant bilingue &hellip; <a href=\"https:\/\/icar.cnrs.fr\/membre\/ccohen\/axes-de-recherche\/\">Continuer la lecture <span class=\"meta-nav\">&rarr;<\/span><\/a><\/p>\n","protected":false},"author":1,"featured_media":0,"parent":0,"menu_order":2,"comment_status":"closed","ping_status":"closed","template":"","meta":{"footnotes":""},"class_list":["post-39","page","type-page","status-publish","hentry"],"_links":{"self":[{"href":"https:\/\/icar.cnrs.fr\/membre\/ccohen\/wp-json\/wp\/v2\/pages\/39","targetHints":{"allow":["GET"]}}],"collection":[{"href":"https:\/\/icar.cnrs.fr\/membre\/ccohen\/wp-json\/wp\/v2\/pages"}],"about":[{"href":"https:\/\/icar.cnrs.fr\/membre\/ccohen\/wp-json\/wp\/v2\/types\/page"}],"author":[{"embeddable":true,"href":"https:\/\/icar.cnrs.fr\/membre\/ccohen\/wp-json\/wp\/v2\/users\/1"}],"replies":[{"embeddable":true,"href":"https:\/\/icar.cnrs.fr\/membre\/ccohen\/wp-json\/wp\/v2\/comments?post=39"}],"version-history":[{"count":28,"href":"https:\/\/icar.cnrs.fr\/membre\/ccohen\/wp-json\/wp\/v2\/pages\/39\/revisions"}],"predecessor-version":[{"id":238,"href":"https:\/\/icar.cnrs.fr\/membre\/ccohen\/wp-json\/wp\/v2\/pages\/39\/revisions\/238"}],"wp:attachment":[{"href":"https:\/\/icar.cnrs.fr\/membre\/ccohen\/wp-json\/wp\/v2\/media?parent=39"}],"curies":[{"name":"wp","href":"https:\/\/api.w.org\/{rel}","templated":true}]}}