{"id":39,"date":"2016-11-09T15:36:16","date_gmt":"2016-11-09T14:36:16","guid":{"rendered":"https:\/\/icar.cnrs.fr\/membre\/ckerbrat\/?page_id=39"},"modified":"2016-12-09T09:48:01","modified_gmt":"2016-12-09T08:48:01","slug":"axes-de-recherche","status":"publish","type":"page","link":"https:\/\/icar.cnrs.fr\/membre\/ckerbrat\/axes-de-recherche\/","title":{"rendered":"Responsabilit\u00e9s scientifiques"},"content":{"rendered":"<h3><strong>Responsabilit\u00e9s scientifiques<\/strong><\/h3>\n<div>\n<p>\u2013\u00a0Cr\u00e9ation en 1983 et direction jusqu&rsquo;en 1999 du GRIC (Groupe de Recherches sur les Interactions Communicatives, devenu UMR en 1995).<\/p>\n<p>\u2013 Membre \u00e9lue du Comit\u00e9 National du CNRS, section 34, de 1987 \u00e0 1995.<\/p>\n<p>\u2013\u00a0Direction de l&rsquo;\u00c9cole doctorale ECLIPs (\u00c9ducation, Cognition, Langage, Interactions, Psychologie) \u00e0 l&rsquo;Universit\u00e9 Lumi\u00e8re Lyon 2 de 1999 \u00e0 2005.<\/p>\n<p>\u2013\u00a0Titulaire de la chaire \u00ab\u00a0Linguistique des Interactions\u00a0\u00bb \u00e0 l&rsquo;Institut Universitaire de France de 2000 \u00e0 2005.<\/p>\n<p>\u2013\u00a0Membre du jury de l&rsquo;IUF (Junior) (2003 et 2004).<\/p>\n<\/div>\n<p>&nbsp;<\/p>\n","protected":false},"excerpt":{"rendered":"<p>Responsabilit\u00e9s scientifiques \u2013\u00a0Cr\u00e9ation en 1983 et direction jusqu&rsquo;en 1999 du GRIC (Groupe de Recherches sur les Interactions Communicatives, devenu UMR en 1995). \u2013 Membre \u00e9lue du Comit\u00e9 National du CNRS, section 34, de 1987 \u00e0 1995. \u2013\u00a0Direction de l&rsquo;\u00c9cole doctorale &hellip; <a href=\"https:\/\/icar.cnrs.fr\/membre\/ckerbrat\/axes-de-recherche\/\">Continuer la lecture <span class=\"meta-nav\">&rarr;<\/span><\/a><\/p>\n","protected":false},"author":1,"featured_media":0,"parent":0,"menu_order":2,"comment_status":"closed","ping_status":"closed","template":"","meta":{"footnotes":""},"class_list":["post-39","page","type-page","status-publish","hentry"],"_links":{"self":[{"href":"https:\/\/icar.cnrs.fr\/membre\/ckerbrat\/wp-json\/wp\/v2\/pages\/39","targetHints":{"allow":["GET"]}}],"collection":[{"href":"https:\/\/icar.cnrs.fr\/membre\/ckerbrat\/wp-json\/wp\/v2\/pages"}],"about":[{"href":"https:\/\/icar.cnrs.fr\/membre\/ckerbrat\/wp-json\/wp\/v2\/types\/page"}],"author":[{"embeddable":true,"href":"https:\/\/icar.cnrs.fr\/membre\/ckerbrat\/wp-json\/wp\/v2\/users\/1"}],"replies":[{"embeddable":true,"href":"https:\/\/icar.cnrs.fr\/membre\/ckerbrat\/wp-json\/wp\/v2\/comments?post=39"}],"version-history":[{"count":16,"href":"https:\/\/icar.cnrs.fr\/membre\/ckerbrat\/wp-json\/wp\/v2\/pages\/39\/revisions"}],"predecessor-version":[{"id":163,"href":"https:\/\/icar.cnrs.fr\/membre\/ckerbrat\/wp-json\/wp\/v2\/pages\/39\/revisions\/163"}],"wp:attachment":[{"href":"https:\/\/icar.cnrs.fr\/membre\/ckerbrat\/wp-json\/wp\/v2\/media?parent=39"}],"curies":[{"name":"wp","href":"https:\/\/api.w.org\/{rel}","templated":true}]}}