{"id":4,"date":"2016-11-02T17:37:52","date_gmt":"2016-11-02T16:37:52","guid":{"rendered":"https:\/\/icar.cnrs.fr\/membre\/ckerbrat\/?page_id=4"},"modified":"2016-12-09T09:45:51","modified_gmt":"2016-12-09T08:45:51","slug":"accueil","status":"publish","type":"page","link":"https:\/\/icar.cnrs.fr\/membre\/ckerbrat\/","title":{"rendered":"Accueil"},"content":{"rendered":"<div class=\"cadregris\">\n<h3><strong><span class=\"Apple-style-span\">Catherine<\/span> <span class=\"Apple-style-span\">Kerbrat-Orecchioni<\/span><\/strong><\/h3>\n<p>Professeur \u00e9m\u00e9rite\u00a0<img loading=\"lazy\" decoding=\"async\" class=\"alignright size-full wp-image-159\" style=\"color: inherit; font: normal normal normal 15px\/normal 'Helvetica Neue', Helvetica, Arial, sans-serif; font-style: inherit; font-weight: inherit; line-height: 1.625; height: auto; max-width: 97.5%; float: right; display: inline; width: auto; outline-width: 1px; outline-style: solid; outline-color: #72777c; resize: none; padding: 6px; margin: 0.5em 0px 1.625em 1.625em; border: 1px solid #dddddd;\" src=\"https:\/\/icar.cnrs.fr\/membre\/ckerbrat\/wp-content\/uploads\/sites\/86\/2016\/11\/photo.jpeg\" alt=\"\" width=\"280\" height=\"175\" \/>depuis septembre 2006<\/p>\n<p>Email\u00a0:<br \/>\n<a href=\"mailto:Catherine.kerbrat-orecchioni@univ-lyon2.fr\">Catherine.kerbrat-orecchioni@univ-lyon2.fr<\/a><\/p>\n<p style=\"text-align: left;\"><strong>Laboratoire<br \/>\n<\/strong>UMR 5191 ICAR (Interactions, Corpus, Apprentissage, Repr\u00e9sentations)<br \/>\nEcole Normale Sup\u00e9rieure de Lyon<br \/>\n15 parvis Ren\u00e9 Descartes &#8211; BP 7000<br \/>\n69342 LYON Cedex 07<br \/>\nFrance<\/p>\n<\/div>\n","protected":false},"excerpt":{"rendered":"<p>Catherine Kerbrat-Orecchioni Professeur \u00e9m\u00e9rite\u00a0depuis septembre 2006 Email\u00a0: Catherine.kerbrat-orecchioni@univ-lyon2.fr Laboratoire UMR 5191 ICAR (Interactions, Corpus, Apprentissage, Repr\u00e9sentations) Ecole Normale Sup\u00e9rieure de Lyon 15 parvis Ren\u00e9 Descartes &#8211; BP 7000 69342 LYON Cedex 07 France<\/p>\n","protected":false},"author":1,"featured_media":0,"parent":0,"menu_order":0,"comment_status":"closed","ping_status":"closed","template":"","meta":{"footnotes":""},"class_list":["post-4","page","type-page","status-publish","hentry"],"_links":{"self":[{"href":"https:\/\/icar.cnrs.fr\/membre\/ckerbrat\/wp-json\/wp\/v2\/pages\/4","targetHints":{"allow":["GET"]}}],"collection":[{"href":"https:\/\/icar.cnrs.fr\/membre\/ckerbrat\/wp-json\/wp\/v2\/pages"}],"about":[{"href":"https:\/\/icar.cnrs.fr\/membre\/ckerbrat\/wp-json\/wp\/v2\/types\/page"}],"author":[{"embeddable":true,"href":"https:\/\/icar.cnrs.fr\/membre\/ckerbrat\/wp-json\/wp\/v2\/users\/1"}],"replies":[{"embeddable":true,"href":"https:\/\/icar.cnrs.fr\/membre\/ckerbrat\/wp-json\/wp\/v2\/comments?post=4"}],"version-history":[{"count":44,"href":"https:\/\/icar.cnrs.fr\/membre\/ckerbrat\/wp-json\/wp\/v2\/pages\/4\/revisions"}],"predecessor-version":[{"id":161,"href":"https:\/\/icar.cnrs.fr\/membre\/ckerbrat\/wp-json\/wp\/v2\/pages\/4\/revisions\/161"}],"wp:attachment":[{"href":"https:\/\/icar.cnrs.fr\/membre\/ckerbrat\/wp-json\/wp\/v2\/media?parent=4"}],"curies":[{"name":"wp","href":"https:\/\/api.w.org\/{rel}","templated":true}]}}