{"id":4,"date":"2016-11-02T17:37:52","date_gmt":"2016-11-02T16:37:52","guid":{"rendered":"https:\/\/icar.cnrs.fr\/membre\/cmondeme\/?page_id=4"},"modified":"2016-12-21T15:26:26","modified_gmt":"2016-12-21T14:26:26","slug":"accueil","status":"publish","type":"page","link":"https:\/\/icar.cnrs.fr\/membre\/cmondeme\/","title":{"rendered":"Accueil"},"content":{"rendered":"<div class=\"cadregris\">\n<h2><strong>Chlo\u00e9 Mond\u00e9m\u00e9<\/strong><\/h2>\n<p><img loading=\"lazy\" decoding=\"async\" class=\"alignright wp-image-159\" src=\"https:\/\/icar.cnrs.fr\/membre\/cmondeme\/wp-content\/uploads\/sites\/101\/2016\/11\/photo.jpg\" alt=\"\" width=\"168\" height=\"176\" \/>Chercheuse post-doctorante associ\u00e9e<\/p>\n<p><a href=\"http:\/\/social-objects.org\/home\/people\/chloe-mondeme\/\" target=\"_blank\">http:\/\/social-objects.org\/home\/people\/chloe-mondeme\/<\/a><\/p>\n<p align=\"left\"><strong>Adresse<br \/>\n<\/strong>Laboratoire ICAR<br \/>\nEcole Normale Sup\u00e9rieure de Lyon<br \/>\n15 parvis Ren\u00e9 Descartes &#8211; BP 7000<br \/>\n69342 LYON Cedex 07<br \/>\nFrance<\/p>\n<\/div>\n","protected":false},"excerpt":{"rendered":"<p>Chlo\u00e9 Mond\u00e9m\u00e9 Chercheuse post-doctorante associ\u00e9e http:\/\/social-objects.org\/home\/people\/chloe-mondeme\/ Adresse Laboratoire ICAR Ecole Normale Sup\u00e9rieure de Lyon 15 parvis Ren\u00e9 Descartes &#8211; BP 7000 69342 LYON Cedex 07 France<\/p>\n","protected":false},"author":1,"featured_media":0,"parent":0,"menu_order":0,"comment_status":"closed","ping_status":"closed","template":"","meta":{"footnotes":""},"class_list":["post-4","page","type-page","status-publish","hentry"],"_links":{"self":[{"href":"https:\/\/icar.cnrs.fr\/membre\/cmondeme\/wp-json\/wp\/v2\/pages\/4","targetHints":{"allow":["GET"]}}],"collection":[{"href":"https:\/\/icar.cnrs.fr\/membre\/cmondeme\/wp-json\/wp\/v2\/pages"}],"about":[{"href":"https:\/\/icar.cnrs.fr\/membre\/cmondeme\/wp-json\/wp\/v2\/types\/page"}],"author":[{"embeddable":true,"href":"https:\/\/icar.cnrs.fr\/membre\/cmondeme\/wp-json\/wp\/v2\/users\/1"}],"replies":[{"embeddable":true,"href":"https:\/\/icar.cnrs.fr\/membre\/cmondeme\/wp-json\/wp\/v2\/comments?post=4"}],"version-history":[{"count":47,"href":"https:\/\/icar.cnrs.fr\/membre\/cmondeme\/wp-json\/wp\/v2\/pages\/4\/revisions"}],"predecessor-version":[{"id":164,"href":"https:\/\/icar.cnrs.fr\/membre\/cmondeme\/wp-json\/wp\/v2\/pages\/4\/revisions\/164"}],"wp:attachment":[{"href":"https:\/\/icar.cnrs.fr\/membre\/cmondeme\/wp-json\/wp\/v2\/media?parent=4"}],"curies":[{"name":"wp","href":"https:\/\/api.w.org\/{rel}","templated":true}]}}