{"id":10,"date":"2016-11-02T17:39:41","date_gmt":"2016-11-02T16:39:41","guid":{"rendered":"https:\/\/icar.cnrs.fr\/membre\/cparpette\/?page_id=10"},"modified":"2016-12-02T14:09:09","modified_gmt":"2016-12-02T13:09:09","slug":"enseignements","status":"publish","type":"page","link":"https:\/\/icar.cnrs.fr\/membre\/cparpette\/enseignements\/","title":{"rendered":"Enseignements"},"content":{"rendered":"<p><strong>Didactique du fran\u00e7ais langue \u00e9trang\u00e8re (formation initiale)<\/strong><\/p>\n<p>Master Fran\u00e7ais Langue Etrang\u00e8re et Seconde<\/p>\n<p style=\"padding-left: 30px;\">&#8211; Fran\u00e7ais sur Objectif Sp\u00e9cifique<br \/>\n&#8211; Elaboration de mat\u00e9riel p\u00e9dagogique<\/p>\n<p>Master Didactique des langues et TICE<\/p>\n<p style=\"padding-left: 30px;\">&#8211; Concepts de base en didactique des langues<\/p>\n<p>D.U de Fran\u00e7ais Langue Etrang\u00e8re et Seconde<\/p>\n<p style=\"padding-left: 30px;\">&#8211; Enseignement de la syntaxe<\/p>\n<p><strong>Didactique du fran\u00e7ais langue \u00e9trang\u00e8re (formation continue d\u2019enseignants)<\/strong><\/p>\n<p><strong>En France\u00a0:<br \/>\n<\/strong>2009 &#8211; 2010\u00a0: Universit\u00e9 d\u2019\u00e9t\u00e9 de la CCIP\u00a0: Fran\u00e7ais sur objectif universitaire (enseignants fran\u00e7ais et \u00e9trangers)<\/p>\n<p>Depuis 2006\u00a0: Pr\u00e9paration \u00e0 la certification fran\u00e7ais langue seconde des enseignants de coll\u00e8ge<\/p>\n<p><strong>A l\u2019\u00e9tranger\u00a0<\/strong><strong>\u00a0. Formation continue d\u2019enseignants\u00a0<\/strong>de fran\u00e7ais des universit\u00e9s (formations intensives d\u2019une semaine). Parmi les plus r\u00e9centes\u00a0:<br \/>\n&#8211; Depuis 2005\u00a0: universit\u00e9s alg\u00e9riennes<br \/>\n<em>\u00a0\u00a0\u00a0\u00a0\u00a0\u00a0&#8211; les discours oraux<br \/>\n<\/em><em>\u00a0 \u00a0 \u00a0 &#8211; le fran\u00e7ais sur objectif sp\u00e9cifique<\/em><\/p>\n<p>&#8211; Syrie 2008\u00a0:\u00a0<em>quelle formation pour les boursiers syriens \u00e9tudiant en France\u00a0?<\/em><\/p>\n<p>&#8211; Maroc (universit\u00e9 de Rabat)\u00a0:\u00a0<em>m\u00e9thodes actives d\u2019enseignement du fran\u00e7ais<\/em><\/p>\n<p>&#8211; Arm\u00e9nie 2006 (universit\u00e9 fran\u00e7aise d\u2019Arm\u00e9nie \u2013 Erevan)\u00a0<em>probl\u00e9matique de l\u2019enseignement du fran\u00e7ais comme langue acad\u00e9mique en fili\u00e8re francophone<\/em><\/p>\n<p>&#8211; Roumanie (2006, 2005)\u00a0:\u00a0<em>m\u00e9thodes actives d\u2019eseignement du fran\u00e7ais<\/em><\/p>\n<p>&#8211; Lituanie (2005)\u00a0:\u00a0<em>l\u2019enseignement du fran\u00e7ais dans le cadre de l\u2019int\u00e9gration europ\u00e9enne<\/em><\/p>\n<blockquote>\n<div><em>\u00a0<\/em><\/div>\n<\/blockquote>\n<p>&nbsp;<\/p>\n","protected":false},"excerpt":{"rendered":"<p>Didactique du fran\u00e7ais langue \u00e9trang\u00e8re (formation initiale) Master Fran\u00e7ais Langue Etrang\u00e8re et Seconde &#8211; Fran\u00e7ais sur Objectif Sp\u00e9cifique &#8211; Elaboration de mat\u00e9riel p\u00e9dagogique Master Didactique des langues et TICE &#8211; Concepts de base en didactique des langues D.U de Fran\u00e7ais &hellip; <a href=\"https:\/\/icar.cnrs.fr\/membre\/cparpette\/enseignements\/\">Continuer la lecture <span class=\"meta-nav\">&rarr;<\/span><\/a><\/p>\n","protected":false},"author":1,"featured_media":0,"parent":0,"menu_order":3,"comment_status":"closed","ping_status":"closed","template":"","meta":{"footnotes":""},"class_list":["post-10","page","type-page","status-publish","hentry"],"_links":{"self":[{"href":"https:\/\/icar.cnrs.fr\/membre\/cparpette\/wp-json\/wp\/v2\/pages\/10","targetHints":{"allow":["GET"]}}],"collection":[{"href":"https:\/\/icar.cnrs.fr\/membre\/cparpette\/wp-json\/wp\/v2\/pages"}],"about":[{"href":"https:\/\/icar.cnrs.fr\/membre\/cparpette\/wp-json\/wp\/v2\/types\/page"}],"author":[{"embeddable":true,"href":"https:\/\/icar.cnrs.fr\/membre\/cparpette\/wp-json\/wp\/v2\/users\/1"}],"replies":[{"embeddable":true,"href":"https:\/\/icar.cnrs.fr\/membre\/cparpette\/wp-json\/wp\/v2\/comments?post=10"}],"version-history":[{"count":12,"href":"https:\/\/icar.cnrs.fr\/membre\/cparpette\/wp-json\/wp\/v2\/pages\/10\/revisions"}],"predecessor-version":[{"id":165,"href":"https:\/\/icar.cnrs.fr\/membre\/cparpette\/wp-json\/wp\/v2\/pages\/10\/revisions\/165"}],"wp:attachment":[{"href":"https:\/\/icar.cnrs.fr\/membre\/cparpette\/wp-json\/wp\/v2\/media?parent=10"}],"curies":[{"name":"wp","href":"https:\/\/api.w.org\/{rel}","templated":true}]}}