{"id":4,"date":"2016-11-02T17:37:52","date_gmt":"2016-11-02T16:37:52","guid":{"rendered":"https:\/\/icar.cnrs.fr\/membre\/cplantin\/?page_id=4"},"modified":"2025-07-09T15:36:00","modified_gmt":"2025-07-09T13:36:00","slug":"accueil","status":"publish","type":"page","link":"https:\/\/icar.cnrs.fr\/membre\/cplantin\/","title":{"rendered":"CONTACT"},"content":{"rendered":"<div class=\"cadregris\">\n<h2><strong>Christian\u00a0Plantin<\/strong><\/h2>\n<h2><img loading=\"lazy\" decoding=\"async\" class=\"wp-image-380 size-full alignright\" src=\"https:\/\/icar.cnrs.fr\/membre\/cplantin\/wp-content\/uploads\/sites\/107\/2018\/04\/Capture-d\u2019\u00e9cran-2018-04-30-\u00e0-18.39.37.png\" alt=\"\" width=\"139\" height=\"154\" \/><strong>Je suis\u00a0Directeur de Recherche Honoraire du CNRS<\/strong><\/h2>\n<p>Section 34, Sciences du langage<\/p>\n<p><strong style=\"color: #114b5a;\">Ancien Directeur de l&rsquo;UMR\u00a0ICAR<br \/>\n<\/strong><strong style=\"color: #114b5a;\"><em>Interactions, Corpus, Apprentissages, Repr\u00e9sentations<br \/>\n<\/em><\/strong><span style=\"font-weight: 300; background-color: #ffffff;\">CNRS, Universit\u00e9 Lumi\u00e8re Lyon 2, \u00c9cole Normale Sup\u00e9rieure de Lyon\u00a0 http:\/\/icar.univ-lyon2.<\/span><\/p>\n<\/div>\n<h2><strong>Ce blog permet d&rsquo;acc\u00e9der \u00e0 la plupart de mes publications.<br \/>\n<\/strong><strong><em>Si vous ne trouvez pas le texte que vous cherchez, merci de le demander!<\/em><\/strong><\/h2>\n<h2><strong><img loading=\"lazy\" decoding=\"async\" class=\"alignnone wp-image-961\" src=\"https:\/\/icar.cnrs.fr\/membre\/cplantin\/wp-content\/uploads\/sites\/107\/2021\/04\/Capture-d\u2019e\u0301cran-2021-04-21-a\u0300-16.45.22-300x36.png\" alt=\"\" width=\"579\" height=\"89\" \/><\/strong><\/h2>\n<h2><strong>Christian\u00a0Plantin<\/strong><\/h2>\n<p style=\"padding-left: 30px;\"><em><strong>Honorary Research Director<\/strong><\/em> at the French National Centre for Scientific Research<em>Centre national de la recherche scientifique<\/em>, CNRS, section 34, Language sciences.<br \/>\n<strong><br \/>\nMember<\/strong> and<strong> former Director<\/strong> of the Research Unit <a href=\"http:\/\/icar.univ-lyon2.fr\">ICAR\u00a0<em>Interactions, Corpus, Apprentissages, Repr\u00e9sentations<\/em><\/a>, (Interactions, Corpora, Learning, Representations)<\/p>\n<p><strong>My fields of research:<\/strong><\/p>\n<p>\u2014 <strong>Argumentation<\/strong> in language, discourse and interaction<br \/>\n\u2014 <strong>Emotion<\/strong> as an interactive condition<\/p>\n<hr \/>\n<p><strong>Mail :\u00a0<a href=\"mailto:Christian.Plantin@univ-lyon2.fr\">Christian.Plantin@univ-lyon2.fr<\/a><\/strong><\/p>\n","protected":false},"excerpt":{"rendered":"<p>Christian\u00a0Plantin Je suis\u00a0Directeur de Recherche Honoraire du CNRS Section 34, Sciences du langage Ancien Directeur de l&rsquo;UMR\u00a0ICAR Interactions, Corpus, Apprentissages, Repr\u00e9sentations CNRS, Universit\u00e9 Lumi\u00e8re Lyon 2, \u00c9cole Normale Sup\u00e9rieure de Lyon\u00a0 http:\/\/icar.univ-lyon2. Ce blog permet d&rsquo;acc\u00e9der \u00e0 la plupart de &hellip; <a href=\"https:\/\/icar.cnrs.fr\/membre\/cplantin\/\">Continuer la lecture <span class=\"meta-nav\">&rarr;<\/span><\/a><\/p>\n","protected":false},"author":1,"featured_media":0,"parent":0,"menu_order":0,"comment_status":"closed","ping_status":"closed","template":"","meta":{"footnotes":""},"class_list":["post-4","page","type-page","status-publish","hentry"],"_links":{"self":[{"href":"https:\/\/icar.cnrs.fr\/membre\/cplantin\/wp-json\/wp\/v2\/pages\/4","targetHints":{"allow":["GET"]}}],"collection":[{"href":"https:\/\/icar.cnrs.fr\/membre\/cplantin\/wp-json\/wp\/v2\/pages"}],"about":[{"href":"https:\/\/icar.cnrs.fr\/membre\/cplantin\/wp-json\/wp\/v2\/types\/page"}],"author":[{"embeddable":true,"href":"https:\/\/icar.cnrs.fr\/membre\/cplantin\/wp-json\/wp\/v2\/users\/1"}],"replies":[{"embeddable":true,"href":"https:\/\/icar.cnrs.fr\/membre\/cplantin\/wp-json\/wp\/v2\/comments?post=4"}],"version-history":[{"count":101,"href":"https:\/\/icar.cnrs.fr\/membre\/cplantin\/wp-json\/wp\/v2\/pages\/4\/revisions"}],"predecessor-version":[{"id":2670,"href":"https:\/\/icar.cnrs.fr\/membre\/cplantin\/wp-json\/wp\/v2\/pages\/4\/revisions\/2670"}],"wp:attachment":[{"href":"https:\/\/icar.cnrs.fr\/membre\/cplantin\/wp-json\/wp\/v2\/media?parent=4"}],"curies":[{"name":"wp","href":"https:\/\/api.w.org\/{rel}","templated":true}]}}