{"id":461,"date":"2018-05-01T19:12:35","date_gmt":"2018-05-01T17:12:35","guid":{"rendered":"https:\/\/icar.cnrs.fr\/membre\/cplantin\/?page_id=461"},"modified":"2024-01-30T19:33:45","modified_gmt":"2024-01-30T18:33:45","slug":"conferences-recentes","status":"publish","type":"page","link":"https:\/\/icar.cnrs.fr\/membre\/cplantin\/conferences-recentes\/","title":{"rendered":"CONF\u00c9RENCES 2016 &#8211; x"},"content":{"rendered":"<h2 style=\"text-align: center\"><span style=\"color: #993366\"><strong><span style=\"color: #008000\">Publications<\/span><\/strong><\/span><\/h2>\n<h2 style=\"text-align: center\"><span style=\"color: #ff6600\">CONF\u00c9RENCES R\u00c9CENTES<\/span><\/h2>\n<p style=\"text-align: center\"><strong>2022<\/strong><\/p>\n<p><strong>L&rsquo;\u00e9motion dans les textes et les interactions<\/strong><br \/>\nI Coloquio Ret\u00f3rica, Argumenta\u00e7\u00e3o e Emo\u00e7\u00f5es. Dias 27 e 29 de Junho 2022 &#8211; Confer\u00eancia de abertura, 27\/06\/22. UGMG Belo Horizonte, Br\u00e9sil. Visioconference.<\/p>\n<h2 style=\"text-align: center\"><span style=\"color: #ff0000\">2021<\/span><\/h2>\n<p><strong><span style=\"color: #ff0000\">Mai 2021<\/span><\/strong> <span id=\"ydpf9d4ab22yiv5076192763divtagdefaultwrapper\"><span style=\"color: #0000ff\"><strong>Subjectvidad afectiva, subjectvidad epist\u00e9mica y di\u00e1logo argumentativo.<\/strong><\/span><br \/>\n<\/span>Congreso de la Sociedad Argentina de Estudios Lingu\u0308i\u0301sticos (SAEL)<br \/>\n17 al 21 de mayo 2021. Visioconferencia.<\/p>\n<h2 style=\"text-align: center\">2020<\/h2>\n<p><span style=\"color: #993366\"><strong>Dictionnaire de l&rsquo;argumentation : trois parcours <\/strong><\/span><em>T\u00e9l\u00e9conf\u00e9rence<br \/>\n<\/em>Conf\u00e9rence ABRALIN, 26 oct. 2020<br \/>\n<iframe loading=\"lazy\" title=\"Christian Plantin\" width=\"584\" height=\"329\" src=\"https:\/\/www.youtube.com\/embed\/BTdFLiXr1cQ?feature=oembed\" frameborder=\"0\" allow=\"accelerometer; autoplay; clipboard-write; encrypted-media; gyroscope; picture-in-picture; web-share\" referrerpolicy=\"strict-origin-when-cross-origin\" allowfullscreen><\/iframe><\/p>\n<p><strong><span style=\"color: #993366\">La argumentaci\u00f3n como razonamiento natural<\/span> <\/strong><em>T\u00e9l\u00e9conf\u00e9rence<\/em><strong><br \/>\n<\/strong>Seminario, Doctorado Interinstitucional en educaci\u00f3n, \u201cLi\u0301neas del E\u0301nfasis de Lenguaje y Educacio\u0301n\u201d, Pra. Dora Ines Calder\u00f3n, Pra.Olga Le\u00f3n Corredor. Univerdidad Distrital Francisco Jos\u00e9 de Cald, Bogota, Colombia. 15, 22, 29 nov, 3X4h<\/p>\n<p><span style=\"color: #993366\"><strong>L&rsquo;expression des \u00e9motions dans l&rsquo;argumentation en espagnol.<\/strong><\/span><br \/>\nJourn\u00e9e d&rsquo;\u00e9tude CLAPI-ELE, <em>L&rsquo;\u00e9tude de l&rsquo;espagnol parl\u00e9 \u00e0 partir de copus \u00e9cologiques<\/em>. 20-21 janvir 2020, ENS Lyon.<\/p>\n<h2 style=\"text-align: center\">2019<\/h2>\n<p><span style=\"color: #993366\"><strong>An empirical, language-based approach to argumentation studies \u2014 <\/strong><em><strong>Basic concepts and methods<br \/>\n<\/strong><\/em><\/span><span style=\"color: #993366\"><span style=\"color: #000000\">Jan.14-18 2019. \u2014 <\/span><\/span>Institute of Logic and Cognition, Pr. Shier Ju, Sun Yat-Sen University, Guangzhu, China<\/p>\n<p><strong><span style=\"color: #993366\">Langage et discours de l\u2019\u00e9motion.<\/span><br \/>\n<\/strong>Colloque ICODOC 2019,\u00a0<em>Les sujets et leurs subjectivit\u00e9s\u00a0 \u00e0 travers les pratiques langagi\u00e8res et \u00e9ducatives<\/em> UMR ICAR &#8211; ENS Lyon, 7-9 Octobre 2019<\/p>\n<div class=\"page\" title=\"Page 2\">\n<div class=\"layoutArea\">\n<div class=\"column\">\n<p><span style=\"color: #993366\"><strong>L\u2019analyse du discours argumentatif<\/strong><\/span><br \/>\n7e Journe\u0301es E\u0301piste\u0301mologie Montpellier <em>L\u2019argumentation : une pratique multiforme ?<\/em> 22-23 mai 2019.<\/p>\n<\/div>\n<\/div>\n<\/div>\n<h2 style=\"text-align: center\"><strong><em>2018<\/em><\/strong><\/h2>\n<p><span style=\"color: #993366\"><strong><span style=\"color: #000000\">Christian Plantin <\/span><em>Raz\u00f3n y emociones en la argumentaci\u00f3n.<br \/>\n<\/em><\/strong>IV Jornadas da Associac\u0327a\u0303o Latino-americana de Reto\u0301rica (ALR) e V Congresso da Sociedade Brasileira de Reto\u0301rica (SBR) 20-24 ao\u00fbt 2018, Belo Horizonte &#8211; Ouro Preto, MG, Brazil. (Conf\u00e9rence).<br \/>\n\u2014 id. S\u00e9minaire, 9h.<br \/>\n<\/span><\/p>\n<p><strong>Christian Plantin, Nicole Tersis<span style=\"color: #800080\">\u00a0<\/span><\/strong><strong><span style=\"color: #800080\"><em>Stasis and Argument in Inuit&rsquo;s Duel Songs (<\/em>pisit<em>)<\/em><\/span><br \/>\n<\/strong>9th ISSA Conference,<br \/>\nAmsterdam, 3-6 July 2018 <strong>Abstract <a href=\"https:\/\/icar.cnrs.fr\/membre\/cplantin\/wp-content\/uploads\/sites\/107\/2018\/05\/Abstract-ISSA-Blog-1.pdf\">[pdf]<\/a><\/strong><\/p>\n<p><span style=\"color: #993366\"><strong><span style=\"color: #000000\">Christian Plantin <\/span><em>Naked Mole Rats\u2019 (\u201c)Social(\u201d) Behavior?<\/em><\/strong><\/span><strong><span style=\"color: #993366\">\u00a0 \/ Le Comportement \u201csocial\u201d\u00a0des rats taupes glabres?<\/span><br \/>\n<\/strong>Colloque <em>Metafora e Conflitto<br \/>\n<\/em>Universit\u00e0 di Torino, 12-3 avril 2018<\/p>\n<p><strong><span style=\"color: #993366\"><span style=\"color: #000000\">\u2014<\/span> La argumentaci\u00f3n y la cuesti\u00f3n de las emociones<\/span><br \/>\n<\/strong><em>IV SEDiAr<br \/>\n<\/em>UBA \u2013 Universidad de Buenos Aires, 16 Mars 2018<\/p>\n<p><span style=\"color: #993366\"><strong>\u2014 Fundamentos te\u00f3ricos del modelo dialogal, tril\u00f3gico, de la argumentaci\u00f3n<\/strong><\/span><em><br \/>\nSEDiAr <\/em>Minicurso (4h30h)<br \/>\nUBA \u2013 Universidad de Buenos Aires, 14-16 Mars 2018<\/p>\n<p><strong><em><span style=\"color: #993366\">\u2014 Minimisation et maximisation comme strat\u00e9gies argumentatives-\u00e9motionnelles<\/span><br \/>\n<\/em><\/strong><em>Conf\u00e9rence Argage Conference 2018<br \/>\n<\/em>USI \u2013 Universit\u00e0 della Svizzera italiana, Lugano, 7-9 F\u00e9vrier<\/p>\n<p><strong><span style=\"color: black\">\u2014<\/span> <em><span style=\"color: #993366\">Emotions in Language and Interactions: A Memo<\/span><\/em><\/strong><b><br \/>\n<\/b>SIG 20 \u2013 26 Meeting 2018 Jerusalem, Isra\u00ebl 9th \u2013 12th of October, 2018,<br \/>\n<strong>Abstract <a href=\"https:\/\/icar.cnrs.fr\/membre\/cplantin\/wp-content\/uploads\/sites\/107\/2018\/05\/9.-Abstract-1500_2-1.pdf\">[pdf]<\/a><\/strong><\/p>\n<p><strong>\u00a0<\/strong><\/p>\n<p style=\"text-align: center\"><span style=\"color: #008000\"><strong>2017<\/strong><\/span><\/p>\n<p><span style=\"color: #993366\"><span style=\"color: #000000\"><strong>Christian Plantin <\/strong><\/span><em><strong>Les arguments, th\u00e9orie et pratique d\u2019analyse<\/strong><\/em><\/span><br \/>\nTel Aviv University \u2013 Forum ADARR<br \/>\nAtelier, 17.janvier 2017<\/p>\n<p><span style=\"color: #993366\"><em><strong><span style=\"color: #000000\">\u2014<\/span> \u00c9motions, argumentations: Autour des primaires de droite et de gauche 2016-2017<\/strong><\/em><\/span><br \/>\nInstitut Fran\u00e7ais &#8211; Isra\u00ebl<br \/>\nTel Aviv, 17 janvier 2017<\/p>\n<p><span style=\"color: #993366\"><em><strong><span style=\"color: #000000\">\u2014<\/span> L\u2019\u00e9motion, une condition interactionnelle<\/strong><\/em><\/span><br \/>\nS\u00e9minaire CREM &#8211; PraxiTexte<br \/>\nMetz, 23-01-2017<\/p>\n<p><span style=\"color: #993366\"><em><strong><span style=\"color: #000000\">\u2014<\/span> Un <\/strong><\/em><strong>Dictionnaire<\/strong><em><strong> pour l\u2019argumentation<\/strong><\/em><\/span><br \/>\nS\u00e9minaire ADA \u2014\u00a0Discours de la presse, discours scientifiques<br \/>\nArras 07 avril 2017<\/p>\n<p><span style=\"color: #993366\"><em><strong><span style=\"color: #000000\">\u2014<\/span> La diss\u00e9mination de \u201c<\/strong><\/em><strong>\u00e9motion<\/strong><em><strong>\u201d dans le lexique<\/strong><\/em><\/span><br \/>\n1er Congr\u00e8s Mondial de Traductologie \u2014\u00a0ATELIER\u00a0\u00a0 Psycho-cognitivisme et traductologie,\u00a0coord. par Christine DURIEUX, U. de Caen \/ ISIT<br \/>\n10-14 avril 2017, Universit\u00e9 Paris Ouest-Nanterre-La D\u00e9fense<\/p>\n<p><span style=\"color: #993366\"><strong><em><span style=\"color: #000000\">\u2014<\/span> <\/em>Analyse linguistique des \u00e9motions<\/strong><\/span><br \/>\nAteliers &#8211; Universit\u00e9 de Heidelberg<br \/>\n20-24 juin 2018<\/p>\n<p><strong>Christian Plantin &amp; Matthieu Quignard, <span style=\"color: #993366\">La diss\u00e9mination lexicographique de emozione, \u00e9motion, emoci\u00f3n<\/span><\/strong><br \/>\nColloque \u00ab Emo-tissage\/Emo-learning : Affects dans l\u2019apprentissage des langues \u00bb &#8211; Louvain-la-Neuve \u2013 5-7 juillet 2017<\/p>\n<p><span style=\"color: #993366\"><strong><span style=\"color: #000000\">Christian Plantin<\/span> <\/strong><strong><em>Points de vue linguistiques<\/em> sur l\u2019argumentation et le d\u00e9bat<\/strong><\/span><br \/>\nColloque <em>D\u00e9battre pour former le citoyen \u2014\u00a0<\/em>Table Ronde \u201c\u00c0 l&rsquo;\u00e9cole du d\u00e9bat\u201d<br \/>\nESPE, Lyon 6 juillet 2017<\/p>\n<p><span style=\"color: #993366\"><em><strong><span style=\"color: #000000\">\u2014<\/span> La argumentaci\u00f3n y la cuesti\u00f3n de las emociones<\/strong><\/em><\/span><br \/>\nInstituto de filosof\u00eda \u2013 Universidad EAFIT, Medell\u00edn,\u00a06 sept 2017<\/p>\n<p><strong><span style=\"color: #993366\"><em><span style=\"color: #000000\">\u2014<\/span> L&rsquo;argumentation et la question des \u00e9motions<\/em><\/span><br \/>\n<\/strong>Colloque de Philosophie en Fran\u00e7ais<br \/>\nInstituto de Filosof\u00eda,\u00a0Universidad de Antioquia, Medell\u00edn, 7 sept 2017<\/p>\n<p><span style=\"color: #800000\"><em><b>\u2014 Contre les m\u00e9taphores \u2014\u00a0<\/b><b>Une approche par la r\u00e9futation\u00a0<\/b><\/em><\/span><b><i><span style=\"color: #800000\">de la m\u00e9taphore argumentative<\/span><br \/>\n<\/i><\/b>Journ\u00e9e d\u2019\u00e9tude <i>La m\u00e9taphore argumentative<\/i>\u00a0coord. par M. Bonhomme, A.-M. Paillet, Ph. Wahl.\u00a0ENS Paris, 09-09-2016<\/p>\n<h2 style=\"text-align: center\"><span style=\"color: #008080\"><strong>2016<\/strong><\/span><\/h2>\n<p><strong><span style=\"color: #993366\"><span style=\"color: #000000\">\u2014<\/span> L\u2019\u00e9motion comme condition interactionnelle<\/span><br \/>\n<\/strong>Colloque PsyPhine 2016: \u201c<em>Projections, Interactions, Emotions<\/em>\u201d<br \/>\nNancy, 13-14 d\u00e9c. 2016<\/p>\n<p><strong><span style=\"color: #993366\"><span style=\"color: #000000\">\u2014<\/span> Pourquoi un <em>Dictionnaire de l\u2019argumentation<\/em>?<\/span><br \/>\n<\/strong>S\u00e9minaire <em>Modyco<br \/>\n<\/em>Paris X Nanterre,18 oct. 2016<\/p>\n<p><strong><span style=\"color: #993366\"><span style=\"color: #000000\">\u2014<\/span> Argumentaci\u00f3n y Educaci\u00f3n<\/span><br \/>\n<\/strong>Seminario, <strong>\u2028<\/strong>Doctorado Interinstitucional en Educaci\u00f3n<br \/>\nUDFJC (Universidad Distrital Francisco Jos\u00e9 de Caldas)<br \/>\nBogot\u00e1, Colombia,\u00a003 \u2013\u00a007 de Oct. 2016<\/p>\n<p><span style=\"color: #993366\"><strong><em>\u2014 Raz\u00f3n y emoci\u00f3n en el discurso argumentativo:\u00a0<\/em><\/strong><\/span><strong><em><span style=\"color: #993366\">una perspectiva educativa<\/span><br \/>\n<\/em><\/strong>Conferencia, Doctorado Interinstitucional en Educaci\u00f3n<br \/>\nUDFJC, 07 de Oct. 2016<\/p>\n<h2 style=\"text-align: center\"><strong>2015<\/strong><\/h2>\n<p><strong><em>Traditions, r\u00e9novations et innovations dans les \u00e9tudes d\u2019argumentation<\/em><br \/>\n<\/strong>Actes du Colloque \u201cDe la Cr\u00e9ativit\u00e9 dans les \u00c9tudes Linguistiques et Litt\u00e9raires\u201d<br \/>\nUniversit\u00e9 El Azhar, Le Caire 14-15 avril 2015. <strong><a href=\"https:\/\/icar.cnrs.fr\/membre\/cplantin\/wp-content\/uploads\/sites\/107\/2018\/05\/Tradition-et-innovation-dans-les-\u00e9tudes-dargumentation.pdf\">PDF<\/a><\/strong><\/p>\n","protected":false},"excerpt":{"rendered":"<p>Publications CONF\u00c9RENCES R\u00c9CENTES 2022 L&rsquo;\u00e9motion dans les textes et les interactions I Coloquio Ret\u00f3rica, Argumenta\u00e7\u00e3o e Emo\u00e7\u00f5es. Dias 27 e 29 de Junho 2022 &#8211; Confer\u00eancia de abertura, 27\/06\/22. UGMG Belo Horizonte, Br\u00e9sil. Visioconference. 2021 Mai 2021 Subjectvidad afectiva, subjectvidad &hellip; <a href=\"https:\/\/icar.cnrs.fr\/membre\/cplantin\/conferences-recentes\/\">Continuer la lecture <span class=\"meta-nav\">&rarr;<\/span><\/a><\/p>\n","protected":false},"author":97,"featured_media":0,"parent":0,"menu_order":0,"comment_status":"closed","ping_status":"closed","template":"","meta":{"footnotes":""},"class_list":["post-461","page","type-page","status-publish","hentry"],"_links":{"self":[{"href":"https:\/\/icar.cnrs.fr\/membre\/cplantin\/wp-json\/wp\/v2\/pages\/461","targetHints":{"allow":["GET"]}}],"collection":[{"href":"https:\/\/icar.cnrs.fr\/membre\/cplantin\/wp-json\/wp\/v2\/pages"}],"about":[{"href":"https:\/\/icar.cnrs.fr\/membre\/cplantin\/wp-json\/wp\/v2\/types\/page"}],"author":[{"embeddable":true,"href":"https:\/\/icar.cnrs.fr\/membre\/cplantin\/wp-json\/wp\/v2\/users\/97"}],"replies":[{"embeddable":true,"href":"https:\/\/icar.cnrs.fr\/membre\/cplantin\/wp-json\/wp\/v2\/comments?post=461"}],"version-history":[{"count":24,"href":"https:\/\/icar.cnrs.fr\/membre\/cplantin\/wp-json\/wp\/v2\/pages\/461\/revisions"}],"predecessor-version":[{"id":2512,"href":"https:\/\/icar.cnrs.fr\/membre\/cplantin\/wp-json\/wp\/v2\/pages\/461\/revisions\/2512"}],"wp:attachment":[{"href":"https:\/\/icar.cnrs.fr\/membre\/cplantin\/wp-json\/wp\/v2\/media?parent=461"}],"curies":[{"name":"wp","href":"https:\/\/api.w.org\/{rel}","templated":true}]}}