{"id":507,"date":"2018-05-02T10:35:27","date_gmt":"2018-05-02T08:35:27","guid":{"rendered":"https:\/\/icar.cnrs.fr\/membre\/cplantin\/?page_id=507"},"modified":"2021-10-11T13:44:04","modified_gmt":"2021-10-11T11:44:04","slug":"dictionnaire-dictionary","status":"publish","type":"page","link":"https:\/\/icar.cnrs.fr\/membre\/cplantin\/dictionnaire-dictionary\/","title":{"rendered":"Prepoub -RECHERCHE"},"content":{"rendered":"<h1><\/h1>\n<h1>Axes de recherche<\/h1>\n<h1><em><strong><a href=\"https:\/\/icar.cnrs.fr\/membre\/cplantin\/emotions\/\">\u2014 Sur les \u00e9motions \u2014 PROGRAMME<\/a><br \/>\n<\/strong><\/em><\/h1>\n<p>2011:<strong> Les Bonnes raisons des \u00e9motions \u2014 Principes et m\u00e9thode pour l&rsquo;\u00e9tude du discours \u00e9motionn\u00e9. <\/strong>Berne, Peter Lang<br \/>\n<em>2015,<\/em>\u00a0\u00a0<strong>Emotion and Affect<\/strong>, in Tracy, Karen (ed.).\u00a0International Encyclopedia of Language and Social Interaction. Wiley: Chichester.<\/p>\n<p><em><strong><a href=\"https:\/\/icar.cnrs.fr\/membre\/cplantin\/axes-de-recherche\/argumentation\/\">\u2014Sur l\u2019argumentation \u2013 PROGRAMME<\/a><br \/>\n<\/strong><\/em>2016:\u00a0<strong><em>Dictionnaire de l\u2019argumentation, <\/em><\/strong>Lyon, ENS \u00c9ditions.<br \/>\n2018: <em><strong>Dictionary of Argumentation, <\/strong><\/em>London, College Publications<br \/>\n2021 : <strong>Diccionario de la Argumentaci\u00f3n, <\/strong>Buenos Aires, UNM<\/p>\n<p>2021 <em><strong>(ed.) <\/strong><\/em><strong>Argumentation through Languages and Cultures<\/strong><em><strong>. Argumentation, Special Issue.<\/strong><\/em><\/p>\n<p>&nbsp;<\/p>\n<p>&nbsp;<\/p>\n<p>&nbsp;<\/p>\n<p>&nbsp;<\/p>\n<p>&nbsp;<\/p>\n<p>&nbsp;<\/p>\n","protected":false},"excerpt":{"rendered":"<p>Axes de recherche \u2014 Sur les \u00e9motions \u2014 PROGRAMME 2011: Les Bonnes raisons des \u00e9motions \u2014 Principes et m\u00e9thode pour l&rsquo;\u00e9tude du discours \u00e9motionn\u00e9. Berne, Peter Lang 2015,\u00a0\u00a0Emotion and Affect, in Tracy, Karen (ed.).\u00a0International Encyclopedia of Language and Social Interaction. &hellip; <a href=\"https:\/\/icar.cnrs.fr\/membre\/cplantin\/dictionnaire-dictionary\/\">Continuer la lecture <span class=\"meta-nav\">&rarr;<\/span><\/a><\/p>\n","protected":false},"author":97,"featured_media":0,"parent":0,"menu_order":0,"comment_status":"open","ping_status":"closed","template":"","meta":{"footnotes":""},"class_list":["post-507","page","type-page","status-publish","hentry"],"_links":{"self":[{"href":"https:\/\/icar.cnrs.fr\/membre\/cplantin\/wp-json\/wp\/v2\/pages\/507","targetHints":{"allow":["GET"]}}],"collection":[{"href":"https:\/\/icar.cnrs.fr\/membre\/cplantin\/wp-json\/wp\/v2\/pages"}],"about":[{"href":"https:\/\/icar.cnrs.fr\/membre\/cplantin\/wp-json\/wp\/v2\/types\/page"}],"author":[{"embeddable":true,"href":"https:\/\/icar.cnrs.fr\/membre\/cplantin\/wp-json\/wp\/v2\/users\/97"}],"replies":[{"embeddable":true,"href":"https:\/\/icar.cnrs.fr\/membre\/cplantin\/wp-json\/wp\/v2\/comments?post=507"}],"version-history":[{"count":49,"href":"https:\/\/icar.cnrs.fr\/membre\/cplantin\/wp-json\/wp\/v2\/pages\/507\/revisions"}],"predecessor-version":[{"id":1213,"href":"https:\/\/icar.cnrs.fr\/membre\/cplantin\/wp-json\/wp\/v2\/pages\/507\/revisions\/1213"}],"wp:attachment":[{"href":"https:\/\/icar.cnrs.fr\/membre\/cplantin\/wp-json\/wp\/v2\/media?parent=507"}],"curies":[{"name":"wp","href":"https:\/\/api.w.org\/{rel}","templated":true}]}}