{"id":613,"date":"2018-05-03T09:59:39","date_gmt":"2018-05-03T07:59:39","guid":{"rendered":"https:\/\/icar.cnrs.fr\/membre\/cplantin\/?page_id=613"},"modified":"2021-02-06T12:51:52","modified_gmt":"2021-02-06T11:51:52","slug":"ouvrages","status":"publish","type":"page","link":"https:\/\/icar.cnrs.fr\/membre\/cplantin\/publications\/ouvrages\/","title":{"rendered":"Ouvrages"},"content":{"rendered":"<h3 style=\"text-align: center\"><strong>1. OUVRAGES\u00a0<\/strong><\/h3>\n<p style=\"text-align: left\">Christian Plantin,\u2028 2018.\u00a0<span style=\"color: #800080\"><strong><em>Dictionary of Argumentation. \u00a0An Introduction to Argumentation Studies.<\/em><\/strong><\/span>\u00a0With a <span style=\"color: #800080\"><em><strong>Preface<\/strong><\/em><\/span> by J. Anthony Blair. London, College Publications.<\/p>\n<p style=\"text-align: left\">Christian Plantin,\u2028 2016.\u00a0<strong><em><span style=\"color: #800080\">Dictionnaire de l\u2019argumentation<\/span> \u2028<\/em><\/strong><em>\u00a0Une introduction aux \u00e9tudes d\u2019argumentation<\/em>, Lyon\u00a0: ENS \u00c9ditions.<\/p>\n<p style=\"text-align: center\"><em><strong><a href=\"https:\/\/icar.cnrs.fr\/membre\/cplantin\/dictionnaire-dictionary\/\">PLUS\u2026 MORE\u2026<\/a><\/strong><\/em><\/p>\n<hr \/>\n<p>Plantin Chr. 2011<em>\u00a0.\u00a0<\/em><span style=\"color: #800080\"><strong><em>Les bonnes raisons des \u00e9motions. Principes et m\u00e9thode pour l\u2019\u00e9tude du discours \u00e9motionn\u00e9<\/em><\/strong><\/span><strong>.\u00a0<\/strong>Berne, Peter Lang. <em><strong><a href=\"https:\/\/icar.cnrs.fr\/membre\/cplantin\/wp-content\/uploads\/sites\/107\/2018\/05\/Emotions_Plantin.pdf\">PLUS\u2026<\/a><\/strong><\/em><\/p>\n<blockquote><p>Trad. espagnole 2014.\u00a0<span style=\"color: #800080\"><strong><em>Las buenas razones de las emociones<\/em><\/strong>.<\/span> Universidad Nacional de General Sarmiento \/ UNM Editora: Moreno, Buenos Aires.<\/p><\/blockquote>\n<hr \/>\n<p>Plantin Chr., Mu\u00f1oz, Nora 2011.<span style=\"color: #800080\">\u00a0<strong><em>El Hacer argumentativo<\/em><\/strong><\/span>\u00a0Biblos, Buenos Aires. <em><strong><a href=\"https:\/\/icar.cnrs.fr\/membre\/cplantin\/wp-content\/uploads\/sites\/107\/2018\/05\/El-Hacer_Informaciones-1.pdf\">M\u00c1S<\/a>\u2026<\/strong><\/em><\/p>\n<hr \/>\n<p>Plantin Chr. \u00a02005\u00a0<strong><span style=\"color: #800080\"><em>L\u2019argumentation \u2013 Histoire, th\u00e9ories, perspectives<\/em><\/span><\/strong>\u00a0Paris : PUF (Coll. \u201cQue Sais-Je ?\u201d).<\/p>\n<blockquote>\n<p style=\"padding-left: 30px\">\u2014 Traduction portugaise 2008\u00a0<em>\u00a0<span style=\"color: #993366\"><strong>A Argumenta\u00e7\u00e3o: Hist\u00f3ria, teoria, perspectivas<\/strong><\/span><\/em><span style=\"color: #993366\"><strong>.<\/strong><\/span> Trad. de Marcos Marcionilo \u2028S\u00e3o Paulo, Parabola.<br \/>\n\u2014 Traduction espagnole, 2012\u00a0<strong><span style=\"color: #993366\"><em>La argumentaci\u00f3n. Historia, teor\u00edas, perspectivas<\/em><\/span><\/strong>. Trad. de N. I. Mu\u00f1oz, pr\u00f3logo de R. Marafioti. Buenos Aires, Biblos, \u201cCiencias del lenguaje\u201d. 114 p.<\/p><\/blockquote>\n<hr \/>\n<p>\u2014\u00a01996\u00a0<strong><em><span style=\"color: #800080\">L\u2019argumentation<\/span>\u00a0<\/em><\/strong>Paris : Le Seuil.<\/p>\n<blockquote>\n<p style=\"padding-left: 30px\">\u2014 Traduction espagnole par \u00c1mparo Tus\u00f3n,\u00a0<em><span style=\"color: #993366\"><strong>La argumentaci\u00f3n<\/strong><\/span>\u00a0<\/em>Barcelona, Ariel, 1998.<br \/>\n\u2014 Traduction portugaise par Rui A. Gr\u00e1cio et M. Matozzi.\u00a0<span style=\"color: #993366\"><strong>A argumenta\u00e7\u00e3o<\/strong><\/span>. Gr\u00e1cio Editor, Coimbra, 2010.<\/p>\n<p style=\"padding-left: 30px\">\u2014 Traduction arabepar Abdelkader M\u2019hiri.Tunis:\u00a0Cenatra, 2009.<br \/>\n\u2014 Traduction croate par Vjekoslav C&rsquo;osic&rsquo;, <span style=\"color: #800080\"><strong>A<\/strong><\/span><span style=\"color: #993366\"><strong>rgumentacija ili Dokazivanje<\/strong><\/span>. Biakova, Zagreb, 2015.<\/p>\n<\/blockquote>\n<p>Plantin Chr. &amp; al. \u00a01990<strong><em>\u00a0<span style=\"color: #800080\">Les domaines de l\u2019argumentation. Textes et analyses.<\/span>\u00a0<\/em><\/strong>\u2028CNDP: Paris<\/p>\n<hr \/>\n<p>Plantin Chr. \u00a01990.\u00a0<em><span style=\"color: #800080\"><strong>Essais sur l\u2019argumentation<\/strong><\/span>\u00a0<\/em>\u2028Kim\u00e9 : Paris.<\/p>\n<hr \/>\n<p>\u2014\u00a01989<strong><em>\u00a0<span style=\"color: #800080\">Argumenter. De la langue de l\u2019argumentation au discours argument\u00e9<\/span>\u00a0<\/em><\/strong>CNDP : Paris.<\/p>\n<h3 style=\"text-align: center\"><strong>2. Direction d\u2019ouvrages\u00a0<\/strong><\/h3>\n<p>Plantin Chr. (ed), 2021, <a href=\"https:\/\/philpapers.org\/go.pl?id=PLAATL&amp;proxyId=&amp;u=http%3A%2F%2Fdx.doi.org%2F10.1007%2Fs10503-020-09529-9\" target=\"_blank\" rel=\"nofollow noopener\">Argumentation Through Languages and Cultures.<br \/>\n<em class=\"pubName\"><a class=\"discreet\" href=\"https:\/\/philpapers.org\/asearch.pl?pub=92\">Argumentation<\/a><\/em> 35 (1):1-7<\/a><\/p>\n<p>Plantin Chr., Padilla, Constanza (eds) 2012\u00a0<strong><em>Pr\u00e1cticas argumentativas a trav\u00e9s de las disciplinas<br \/>\n<\/em><\/strong><em>RILL<\/em>\u00a0\u2013\u00a0<em>Revista de Investigaciones Ling\u00fcisticas y Literarias<\/em>, Universidad Nacional de Tucum\u00e1n, Argentina.<br \/>\n<a href=\"http:\/\/www.insil.com.ar\/adminis\/up-load\/upload\/rill2012\/RILL%202012%20-%20Completo.pdf\">http:\/\/www.insil.com.ar\/adminis\/up-load\/upload\/rill2012\/RILL%202012%20-%20Completo.pdf<\/a><\/p>\n<p>Sousa do Nascimento Silvania, Plantin Chr. (orgs) 2009.\u00a0<strong><em>Argumenta\u00e7\u00e3o e ensino de ci\u00eancias.<\/em><\/strong>Curitiba\u00a0: Editora CRV.<\/p>\n<p>Bacot, P., Coulomb-Gully M., Honor\u00e9 J.-P., Le Bart, Chr., Plantin Chr. 2010 (\u00e9ds)\u00a0<strong>Trente ans d\u2019\u00e9tude des langages du politique (1980-2010)<\/strong>\u00a0.\u00a0<em>Mots<\/em>\u00a094.<\/p>\n<p>Buty Christian et Plantin Chr.(dirs), 2009 <strong><em>Argumenter en classe de sciences. Du d\u00e9bat \u00e0 l\u2019apprentissage et didactique des sciences.\u00a0<\/em><\/strong>Lyon : INRP.<\/p>\n<p>Plantin Chr. Doury Marianne, Traverso V\u00e9ronique (\u00e9ds).\u2028 2000d\u00a0<strong><em>Les \u00e9motions dans les interactions<\/em><\/strong>.\u2028Lyon\u00a0: PUL (ouvrage avec c\u00e9d\u00e9rom)<\/p>\n<p>Chr. Plantin1999a\u00a0<strong><em>La argumentaci\u00f3n\u00a0<\/em><\/strong>\u2028(\u00e9diteur) N\u00b0 sp\u00e9cial de la revue\u00a0<em>Escritos\u00a0<\/em>Puebla\u00a0: Universit\u00e9 de Puebla, Mexique.<\/p>\n<p>Kerbrat-Orecchioni C., Plantin Chr.<strong>\u00a01995 <em>Le Trilogue\u00a0<\/em><\/strong>\u2028Co-\u00e9diteur, avec C. Kerbrat-Orecchioni. Lyon : PUL.<\/p>\n<p>Chr. Plantin<strong>\u00a01993b\u00a0<em>Lieux communs, topoi, st\u00e9r\u00e9otypes, clich\u00e9s\u00a0<\/em><\/strong>Editeur. Paris : Kim\u00e9.<\/p>\n<p>Plantin Chr. (\u00e9d.).\u00a0<strong>1985e\u00a0<em>Langage, argumentation et p\u00e9dagogie<\/em><\/strong>.\u00a0<em>Revue internationale de philosophie\u00a0<\/em>, 155, fasc.4.<\/p>\n<h3><strong>3.\u00a0Th\u00e8ses, Habilitation\u00a0<\/strong><\/h3>\n<p><strong>1995\u00a0<em><span style=\"color: #800080\">L\u2019interaction argumentative<\/span>\u00a0<\/em><\/strong>Document de synth\u00e8se pr\u00e9sent\u00e9 pour l\u2019Habilitation \u00e0 diriger les recherches, Universit\u00e9 Lyon 2.<\/p>\n<p><strong>1988\u00a0<em><span style=\"color: #800080\">Les Mots, les arguments, le texte<\/span>\u00a0<\/em><\/strong>\u2028Th\u00e8se en Philosophie et Lettres (\u201cLangue et linguistique\u201d), Universit\u00e9 de Bruxelles. Sous la direction de M. Dominicy. \u2028 Mention : avec la Plus Grande Distinction<em>.\u00a0<\/em>M\u00e9daille d\u2019or de la Commission Fran\u00e7aise de la Culture de l\u2019Agglom\u00e9ration de Bruxelles.<\/p>\n<p><strong>1978\u00a0<span style=\"color: #800080\">Oui\u00a0<em>,\u00a0<\/em>non\u00a0<em>,\u00a0<\/em>si\u00a0<\/span><em><span style=\"color: #800080\">\u2013 Etude des encha\u00eenements dans le dialogue<\/span> \u2028<\/em><\/strong>\u00a0Th\u00e8se de 3e Cycle en linguistique, EHESS \u2013 Universit\u00e9 de PARIS VIII. Sous la direction de O. Ducrot. Jury : J. Bouveresse, J.-C. Chevalier, O. Ducrot. Mention Tr\u00e8s Bien.<\/p>\n","protected":false},"excerpt":{"rendered":"<p>1. OUVRAGES\u00a0 Christian Plantin,\u2028 2018.\u00a0Dictionary of Argumentation. \u00a0An Introduction to Argumentation Studies.\u00a0With a Preface by J. Anthony Blair. London, College Publications. Christian Plantin,\u2028 2016.\u00a0Dictionnaire de l\u2019argumentation \u2028\u00a0Une introduction aux \u00e9tudes d\u2019argumentation, Lyon\u00a0: ENS \u00c9ditions. PLUS\u2026 MORE\u2026 Plantin Chr. 2011\u00a0.\u00a0Les bonnes &hellip; <a href=\"https:\/\/icar.cnrs.fr\/membre\/cplantin\/publications\/ouvrages\/\">Continuer la lecture <span class=\"meta-nav\">&rarr;<\/span><\/a><\/p>\n","protected":false},"author":97,"featured_media":0,"parent":8,"menu_order":0,"comment_status":"closed","ping_status":"closed","template":"","meta":{"footnotes":""},"class_list":["post-613","page","type-page","status-publish","hentry"],"_links":{"self":[{"href":"https:\/\/icar.cnrs.fr\/membre\/cplantin\/wp-json\/wp\/v2\/pages\/613","targetHints":{"allow":["GET"]}}],"collection":[{"href":"https:\/\/icar.cnrs.fr\/membre\/cplantin\/wp-json\/wp\/v2\/pages"}],"about":[{"href":"https:\/\/icar.cnrs.fr\/membre\/cplantin\/wp-json\/wp\/v2\/types\/page"}],"author":[{"embeddable":true,"href":"https:\/\/icar.cnrs.fr\/membre\/cplantin\/wp-json\/wp\/v2\/users\/97"}],"replies":[{"embeddable":true,"href":"https:\/\/icar.cnrs.fr\/membre\/cplantin\/wp-json\/wp\/v2\/comments?post=613"}],"version-history":[{"count":3,"href":"https:\/\/icar.cnrs.fr\/membre\/cplantin\/wp-json\/wp\/v2\/pages\/613\/revisions"}],"predecessor-version":[{"id":719,"href":"https:\/\/icar.cnrs.fr\/membre\/cplantin\/wp-json\/wp\/v2\/pages\/613\/revisions\/719"}],"up":[{"embeddable":true,"href":"https:\/\/icar.cnrs.fr\/membre\/cplantin\/wp-json\/wp\/v2\/pages\/8"}],"wp:attachment":[{"href":"https:\/\/icar.cnrs.fr\/membre\/cplantin\/wp-json\/wp\/v2\/media?parent=613"}],"curies":[{"name":"wp","href":"https:\/\/api.w.org\/{rel}","templated":true}]}}