{"id":637,"date":"2018-05-03T20:44:11","date_gmt":"2018-05-03T18:44:11","guid":{"rendered":"https:\/\/icar.cnrs.fr\/membre\/cplantin\/?page_id=637"},"modified":"2024-02-16T14:09:36","modified_gmt":"2024-02-16T13:09:36","slug":"publications-emotions","status":"publish","type":"page","link":"https:\/\/icar.cnrs.fr\/membre\/cplantin\/publications-emotions\/","title":{"rendered":"Publications \u00c9motions"},"content":{"rendered":"<h4 align=\"center\"><span style=\"color: #0000ff\"><em><strong>LES \u00c9MOTIONS DANS LE TEXTES ET LES INTERACTIONS<br \/>\nPUBLICATIONS<br \/>\n<\/strong><\/em><\/span><\/h4>\n<p>&nbsp;<\/p>\n<p><strong>2023 <a href=\"https:\/\/icar.cnrs.fr\/membre\/cplantin\/wp-content\/uploads\/sites\/107\/2023\/02\/Plantin-E\u0301motion-03-janvier.pdf\"><span dir=\"ltr\" role=\"presentation\">\u00c9motion<\/span> <span dir=\"ltr\" role=\"presentation\">: Le concept et le mo<\/span>t.<\/a><br \/>\n<\/strong>Dans Cristelle Cavalla, Fran\u00e7oise Berdal-Masuy, Simon Coffey, Jacqueline Pairon (coord.) \u00a0<em>\u00c9motion et cr\u00e9ativit\u00e9s en classe de langue. Le Langage et l&rsquo;Homme<\/em>, 572.<\/p>\n<p><strong>2021<\/strong> <a href=\"https:\/\/icar.cnrs.fr\/membre\/cplantin\/wp-content\/uploads\/sites\/107\/2021\/11\/AP-Le\u0301motion-comme-condition-interactionnelle.pdf\"><strong>L&rsquo;e\u0301motion comme condition interactionnelle<\/strong><\/a><br \/>\nIn\u00a0 <em>Que pr\u00eatons-nous aux machines ? <\/em>Collectif Psyphine. Presses Universitaires de Nancy &#8211; \u00c9ditions Universitaires de Lorraine.<\/p>\n<p><strong>2020<\/strong> <strong><a href=\"https:\/\/www.shs-conferences.org\/articles\/shsconf\/pdf\/2020\/09\/shsconf_icodoc2019_01001.pdf\">Une m\u00e9thode d&rsquo;approche de l&rsquo;\u00e9motion dans le discours et les interactions<\/a><br \/>\n<\/strong>SHS Web of Conferences 81, 01001 (2020)<br \/>\nhttps:\/\/doi.org\/10.1051\/shsconf\/20208101001<\/p>\n<div class=\"page\" title=\"Page 1\">\n<div class=\"layoutArea\">\n<div class=\"column\">\n<p><strong>2019,<\/strong> <a href=\"https:\/\/www.erudit.org\/fr\/revues\/informallogic\/2019-v39-n4-informallogic05074\/1066683ar\"><strong><span class=\"titre\">Tense Arguments. <\/span><\/strong><\/a><span class=\"sstitre\"><a href=\"https:\/\/www.erudit.org\/fr\/revues\/informallogic\/2019-v39-n4-informallogic05074\/1066683ar\"><strong>Questions, Exclamations, Emotions<\/strong><\/a>.<br \/>\n<\/span><span class=\"sstitre\"><em>Informal Logic,<\/em> <span class=\"volumaison\"><span class=\"volume\">39<\/span>, 2019<\/span>, p.\u00a0347\u2013371<\/span><\/p>\n<p><strong>2018 <a href=\"https:\/\/icar.cnrs.fr\/membre\/cplantin\/wp-content\/uploads\/sites\/107\/2021\/11\/0.-Emotions_Helcira-ok.pdf\">Emotions in Speech and Interaction<\/a><br \/>\n<\/strong>IV Jornadas da Associa\u00e7\u00e3o Latino-Americana de Ret\u00f3rica &#8211; V Congresso Brasileiro de Ret\u00f3rica, 2018, Belo Horizonte &#8211; Ouro Preto.<\/p>\n<p><strong>2018<\/strong> <strong><a href=\"https:\/\/icar.cnrs.fr\/membre\/cplantin\/wp-content\/uploads\/sites\/107\/2017\/01\/Lo-que-la-lengua-cuenta-de-sus-emociones.pdf\">Lo que la lengua cuenta de sus emociones<\/a><br \/>\n<\/strong>En: Bein, Roberto; Bonnin, Juan Eduardo; di Stefano, Mariana; Lauria, Daniela; Pereira, Mar\u00eda Cecilia (eds). <em><a href=\"https:\/\/icar.cnrs.fr\/membre\/cplantin\/wp-content\/uploads\/sites\/107\/2021\/11\/10-Homenaje-a-Elvira-Arnoux-Tomo-VI_interactivo_0.pdf\">Homenaje a Elvira Arnoux Tomo VI_interactivo<\/a> An\u00e1lisis del discurso<\/em>. Buenos Aires, UBA.<\/p>\n<p><strong>2018 <a href=\"https:\/\/icar.cnrs.fr\/membre\/cplantin\/wp-content\/uploads\/sites\/107\/2018\/05\/Honte_TLFi-3.pdf\">La diss\u00e9mination de <em>honte <\/em>d<\/a><\/strong><a href=\"https:\/\/icar.cnrs.fr\/membre\/cplantin\/wp-content\/uploads\/sites\/107\/2018\/05\/Honte_TLFi-3.pdf\"><strong>ans le <\/strong><strong><em>Tr\u00e9sor de la Langue Fran\u00e7aise informatis\u00e9<\/em><\/strong>.<\/a> Dans Hugues Constantin de Chanay, Steeve Ferron. (\u00e9d.). <em>Les observables en Analyse du discours. Num\u00e9ro offert \u00e0 Catherine Kerbrat-Orecchioni<\/em>. <em>Le discours et la langue<\/em>, 92. 61-74.<\/p>\n<p><strong>2017<\/strong> <a href=\"https:\/\/icar.cnrs.fr\/membre\/cplantin\/wp-content\/uploads\/sites\/107\/2021\/11\/Disse\u0301mination-de-Cole\u0300re-dans-le-lexique-franc\u0327ais-un-exercice-sur-les-termes-et-les-expressions-de\u0301motion.pdf\"><strong>La disse\u0301mination de <em>cole\u0300re<\/em> dans le lexique franc\u0327ais \u2014 Un exercice sur les termes et les expressions d&rsquo;e\u0301motion<\/strong><\/a><br \/>\n<a href=\"http:\/\/cehum.ilch.uminho.pt\/myriades\/volume3?info=indice\">Myriades, 3:<\/a><em><a href=\"http:\/\/cehum.ilch.uminho.pt\/myriades\/volume3?info=indice\"> <span dir=\"ltr\" role=\"presentation\">Impact des courants linguistiques <\/span><span dir=\"ltr\" role=\"presentation\">d\u2019inspiratiion francophone dans la <\/span><\/a><span dir=\"ltr\" role=\"presentation\"><a href=\"http:\/\/cehum.ilch.uminho.pt\/myriades\/volume3?info=indice\">recherche contemporaine<\/a><\/span><\/em><\/p>\n<p><strong>2016 <a href=\"https:\/\/icar.cnrs.fr\/membre\/cplantin\/dissemination-de-emotion-dans-le-lexique\/\">La diss\u00e9mination de <em>\u00e9motion<\/em> dans le lexique<\/a><br \/>\n<\/strong>Dans Krzyzanowsksa, Anna, Wolowska, Katarzyna. <i>Les \u00e9motions et les valeurs dans la communication. <\/i>Berne, Peter Lang<i>.<\/i> pp.109-133. <a href=\"https:\/\/halshs.archives-ouvertes.fr\/halshs-01513016\" target=\"_blank\" rel=\"noopener\">\u27e8halshs-01513016\u27e9<\/a><strong><br \/>\n<\/strong><\/p>\n<\/div>\n<\/div>\n<\/div>\n<p><strong>2015<\/strong>\u00a0<a href=\"https:\/\/icar.cnrs.fr\/membre\/cplantin\/wp-content\/uploads\/sites\/107\/2021\/11\/2015a.-EA.pdf\"><strong>Emotion and Affect<\/strong><\/a><br \/>\nIn Tracy, Karen, Ilie, Cornelia &amp; Sandel, Todd (eds.) (2015).\u00a0<em>The International Encyclopedia of Language and Social Interactio n<\/em>. Boston: John Wiley &amp; Sons.<\/p>\n<p><strong>2015 <a href=\"https:\/\/icar.cnrs.fr\/membre\/cplantin\/wp-content\/uploads\/sites\/107\/2018\/05\/2015c-Merde.pdf\">Micro-\u00e9motions en interaction: \u201c<em>ah merde ya rien pour maman<\/em>\u00ab\u00a0<\/a><br \/>\n<\/strong>Dans Veiras Sophie (ed.)<em>\u00a0Les \u00e9motions et leurs implications dans le discours, les interactions et l\u2019apprentissage.\u00a0Voix Plurielles<\/em>, 12, 1. 5-21.<\/p>\n<p><strong>2015\u00a0<a href=\"https:\/\/icar.cnrs.fr\/membre\/cplantin\/wp-content\/uploads\/sites\/107\/2021\/11\/Y.-Emozione.pdf\"><em>Paura<\/em>, <em>emozione<\/em>,<em> passione<\/em>, <em>sentimento<\/em>\u2026 : \u00c9tude de la contagion \u00e9motionnelle d&rsquo;apr\u00e8s le \u201c<em>Dizionario Combinatorio Italned<\/em>\u201d<\/a><br \/>\n<\/strong><a href=\"https:\/\/www.editions-harmattan.fr\/index.asp?navig=catalogue&amp;obj=revue&amp;no=920\"><em>Le Langage et l\u2019Homme<\/em>\u00a0, vol. L, n\u00b0 2. 43-58.<\/a><\/p>\n<p><strong>2014. <a href=\"https:\/\/icar.cnrs.fr\/membre\/cplantin\/wp-content\/uploads\/sites\/107\/2022\/07\/14.-Pustka.pdf\">Construire, signifier, g\u00e9rer l&rsquo;\u00e9motion en interaction.<\/a><br \/>\n<\/strong>Dans Pustka Elissa, Goldschmitt Stefanie (Hg)\u00a0<em>Emotionen<\/em>,\u00a0<em>Expressivit\u00e4t, Emphase.\u00a0<\/em>Berlin, Eric Schmidt. 57-78.<strong><br \/>\n<\/strong><\/p>\n<hr \/>\n<p style=\"text-align: center\"><span style=\"color: #993366\">2014<br \/>\n<strong><em>LAS BUENAS RAZONES DE LAS EMOCIONES<\/em><\/strong><\/span><br \/>\n<span style=\"color: #993366\">Universidad Nacional de General Sarmiento \/ UNM Editora: Moreno, Buenos Aires.<\/span><br \/>\n<span style=\"color: #993366\">Trad. espagnole de [2011] <em>Les bonnes raisons des \u00e9motions.<\/em><\/span><\/p>\n<hr \/>\n<p>2013 Polo, Claire, Plantin, Christian., Lund, Kris, Niccolai, Gerald P.<br \/>\n<a href=\"https:\/\/hal.archives-ouvertes.fr\/hal-00834481\/document\"><strong>Quand construire une position \u00e9motionnelle, c\u2019est choisir une conclusion argumentative: le cas d\u2019un caf\u00e9-d\u00e9bat sur l\u2019eau potable au Mexique<\/strong><\/a>.<br \/>\n<em>Semen<\/em>\u00a035, 41-64.<\/p>\n<p>2012. <a href=\"https:\/\/www.shs-conferences.org\/articles\/shsconf\/abs\/2012\/01\/shsconf_cmlf12_000218\/shsconf_cmlf12_000218.html\"><strong>Les s\u00e9quences discursives \u00e9motionn\u00e9es : D\u00e9finition et application \u00e0 des donn\u00e9es tir\u00e9es de la base CLAPI<\/strong>. \u2028<\/a><br \/>\n3e Congr\u00e8s Mondial de Linguistique Fran\u00e7aise, Lyon. Section<em>Discours, Pragmatique et Interaction<\/em>, L. Rosier (Pr\u00e9s.), J. Bres (coord.)\u00a0<a href=\"http:\/\/dx.doi.org\/10.1051\/shsconf\/20120100218\">http:\/\/dx.doi.org\/10.1051\/shsconf\/20120100218<\/a><\/p>\n<p>2013, <strong><a href=\"https:\/\/icar.cnrs.fr\/membre\/cplantin\/wp-content\/uploads\/sites\/107\/2022\/05\/E\u0301motion-DicoPart.pdf\">E\u0301motion <\/a><\/strong> <em>in <\/em>Casillo I. avec Barbier R., Blondiaux L., Ch\u00e2teaureynaud F., Fourniau J-M., Lefebvre R., Neveu C. et Salles D. (dir.), <em>Dictionnaire critique et interdisciplinaire de la participation<\/em>, Paris, GIS De\u0301mocratie et Participation, 2013, ISSN : 2268-5863.<\/p>\n<p>2012 <em><strong><a href=\"https:\/\/icar.cnrs.fr\/membre\/cplantin\/wp-content\/uploads\/sites\/107\/2021\/11\/2012.-Indign-.pdf-ok.pdf\">Indignes indignit\u00e9s, indign\u00e9s: la construction argumentative de l&rsquo;indignation<\/a><br \/>\n<\/strong><\/em><em>Les discours en classe de fran\u00e7ais<\/em>.\u00a0<em>Recherches. Revue de didactique et de p\u00e9dagogie du fran\u00e7ais<\/em>, 1. 163-182.<\/p>\n<p>2011. \u201cRh\u00e9torique du pathos: la preuve par l\u2019\u00e9motion \u201d \u2028In Krzyzanowska A., Jakubczyk R. (dir.), Parler des emotions: entre langue et litt\u00e9rature. \u2028Lublin: Editions de l\u2019Universit\u00e9 M. Curie-Sklodovska. 103-111.<\/p>\n<hr \/>\n<p style=\"text-align: center\"><span style=\"color: #993366\"><strong>2011<\/strong> <\/span><br \/>\n<span style=\"color: #000000\"><a style=\"font-weight: bold;font-style: italic;color: #000000\" href=\"\/\/\/Users\/christian\/Downloads\/pdfcoffee.com_raisons-emotions-pdf-free.pdf\"><span style=\"color: #993366\">LES BONNES RAISONS DES \u00c9MOTIONS.<\/span><br \/>\n<span style=\"color: #993366\">PRINCIPES ET M\u00c9THODE POUR L&rsquo;\u00c9TUDE DU DISCOURS \u00c9MOTIONN\u00c9<\/span><\/a> <\/span><br \/>\n<span style=\"color: #993366\">Berne, Peter Lang.<\/span><\/p>\n<hr \/>\n<p align=\"left\">2010. Guti\u00e9rrez, S. Plantin Chr. <a href=\"https:\/\/www.researchgate.net\/publication\/278824341_Argumentar_por_medio_de_las_emociones_la_%27campana_del_miedo%27_del_2006\"><strong>Argumentar por medio de las emociones: la \u2018<em>campa\u00f1a del miedo<\/em>\u2019 del 2006<\/strong>\u201d.<\/a><br \/>\nVersi\u00f3n. Estudios de Comunicaci\u00f3n y Pol\u00edtica , 24. 41-69.<\/p>\n<p>2010 <a href=\"https:\/\/journals.openedition.org\/mots\/19856\">\u201c<strong>Argumentation rh\u00e9torique\u00a0: les eaux m\u00eal\u00e9es<\/strong>\u201d. <\/a><br \/>\nIn Bacot, P., Coulomb-Gully M., Honor\u00e9 J.-P., Le Bart, Chr., Plantin Chr. <em>Trente ans d\u2019\u00e9tude des langages du politique<\/em> (1980-2010). Mots 94. 22-30.<\/p>\n<p>2010\u00a0 <strong>\u201cAs Raz\u00f5es das emo\u00e7\u00f4es\u201d.<\/strong><br \/>\nIn Mendes E., Machado I. L., (org.)\u00a0<em>As Emo\u00e7\u00f5es no discurso<\/em>, Vol. II. Campinas Mercado de Letras. 57-80.<\/p>\n<p>2009. <a href=\"https:\/\/vdocumento.com\/reader\/full\/plantin-ch-significar-la-propia-emocion-e-irse-sin-pagar\"><strong>Significar la propia emoci\u00f3n (e\u00a0<em>irse sin pagar<\/em>)<\/strong><\/a><br \/>\n<em>P\u00e1ginas de Guarda<\/em>. Universit\u00e9 de Buenos Aires.<\/p>\n<p>Plantin Chr. Guti\u00e9rrez, S. 2009. \u201c<strong>La construcci\u00f3n pol\u00edtica del miedo<\/strong>\u201d. \u2028 In Shiro M., Bentivoglio P., Erlich F. de (eds) Haciendo Discurso. Homenaje a Adriana Bolivar. \u2028 Universidad Central de Venezuela, Caracas, Venezuela. 491-509.<\/p>\n<h4><strong>Chr. Plantin, V. Traverso et L. Vosghanian 2008. Parcours des \u00e9motions en interaction.<br \/>\n<\/strong>In M. Rinn (ed)\u00a0<em>Emotions et discours\u00a0<\/em>. Presses Universitaires de Rennes.<br \/>\n141-162<\/h4>\n<p class=\"premiere_ligne_negatif\"><strong>2008.\u00a0<em>Avant propos\u00a0<\/em><\/strong>\u00e0 S. Cigada,\u00a0<em>Les \u00e9motions dans le discours de la construction europ\u00e9enne\u00a0<\/em>. Milan, Universit\u00e0 Cattolica del Sacro Cuore.<\/p>\n<p class=\"premiere_ligne_negatif\"><strong>2007. Moving demonstrations<br \/>\n<\/strong>In F. H. van Eemeren, J. A. Blair, C. A. Willard, B Garssens (eds)\u00a0<em>Proceedings of the 6th Conference of the International Society for the Study of Argumentation\u00a0<\/em>. Amsterdam, SICSAT. 1065-1071<\/p>\n<p class=\"premiere_ligne_negatif\"><strong>2006 Ohne Demonstration und Emotion?<br \/>\n<\/strong>In J. Kopperschmidt (Hrsg)\u00a0<em>Die Neue Rhetorik. Studien zu Chaim Perelman\u00a0<\/em>. M\u00fcnchen\u00a0: Wilhelm Fink. 281-295<br \/>\n<em>[version allemande d\u00e9velopp\u00e9e de 2004a Sans d\u00e9montrer ni s\u2019\u00e9mouvoir].\u00a0<\/em><\/p>\n<p class=\"premiere_ligne_negatif\"><strong>2004. Sans d\u00e9montrer ni (s\u2019)\u00e9mouvoir<br \/>\n<\/strong><em>In\u00a0<\/em>M. Meyer (\u00e9d.)\u00a0<em>Perelman \u2013 Le renouveau de la rh\u00e9torique\u00a0<\/em>.<br \/>\nParis: PUF. 65-80<\/p>\n<p class=\"premiere_ligne_negatif\"><strong>2004 On the inseparability of emotion and reason in argumentation<br \/>\n<\/strong>In E. Weigand (ed.)\u00a0<em>Emotions in Dialogic Interactions.\u00a0<\/em><br \/>\nAmsterdam, John Benjamins. 265-276<\/p>\n<p class=\"premiere_ligne_negatif\"><strong>2004 <em>Ad\u00a0passionnes:<\/em>\u00a0Sur les affects de l\u2019argumentation<br \/>\n<\/strong>In\u00a0<em>Pr\u00e1cticas de Investiga\u00e7\u00e3o em An\u00e1lise Lingu\u00edstica do Discurso\u00a0<\/em>, M A. Marques, M. A. Pereira, R. Ramos, I. Ermida (eds), Braga, Universidade do Minho. 163-179<\/p>\n<p class=\"premiere_ligne_negatif\"><strong>2003 Structures verbales de l\u2019\u00e9motion parl\u00e9e et de la parole \u00e9mue<br \/>\n<\/strong>In Colletta, J.-M. &amp; Tcherkassof, A. (dir.),\u00a0<em>Les \u00e9motions. Cognition, langage et d\u00e9veloppement\u00a0<\/em>, Li\u00e9ge\u00a0: Mardaga. 97-130<\/p>\n<p class=\"premiere_ligne_negatif\"><strong>2002\u00a0<em>Ad quietem\u00a0<\/em>, o el rechazo del debate<br \/>\n<\/strong>In I. L. Machado &amp; al (eds) Actes du II Simp\u00f3sio Internacional sobre An\u00e1lise do Discurso,\u00a0<em>Discurso, A\u00e7\u00e3o e Sociedade\u00a0<\/em>. UFMG (Universit\u00e9 F\u00e9d\u00e9rale du Minas Gerais), Belo Horizonte. 351-387<\/p>\n<p class=\"premiere_ligne_negatif\"><strong>2000\u00a0<a href=\"https:\/\/icar.cnrs.fr\/pageperso\/cplantin\/documents\/2002b.doc\">Se mettre en col\u00e8re en justifiant sa col\u00e8re<\/a><br \/>\n<\/strong>In Ch. Plantin, M. Doury &amp; V. Traverso (\u00e9ds),\u00a0<em>Les \u00e9motions dans les interactions\u00a0<\/em>, Lyon\u00a0: PUL. (Article sur c\u00e9d\u00e9rom).<\/p>\n<hr \/>\n<p class=\"premiere_ligne_negatif\" style=\"text-align: center\"><span style=\"color: #993366\"><strong>2000<br \/>\nLES \u00c9MOTIONS DANS LES INTERACTIONS.<br \/>\n<\/strong>Ch. Plantin, M. Doury &amp; V. Traverso (\u00e9ds)<\/span><br \/>\n<span style=\"color: #993366\">Lyon\u00a0: PUL<\/span><\/p>\n<hr \/>\n<p class=\"premiere_ligne_negatif\"><strong>\u2014\u2014 Pr\u00e9sentation<br \/>\n<\/strong>Ch. Plantin, M. Doury &amp; V. Traverso (\u00e9ds),\u00a0<em>Les \u00e9motions dans les interactions\u00a0<\/em>. Lyon : PUL (ouvrage avec c\u00e9d\u00e9rom)<\/p>\n<p class=\"premiere_ligne_negatif\"><strong>1999<a href=\"https:\/\/icar.cnrs.fr\/pageperso\/cplantin\/documents\/1999b.doc\">\u00a0La construction rh\u00e9torique des \u00e9motions<\/a><br \/>\n<\/strong><em>In\u00a0<\/em>E. Rigotti (\u00e9d.),\u00a0<em>Rhetoric and argumentation\u00a0<\/em>. Proceedings of the 1997 IADA International conference, Lugano, 22 avril 1997. 203-219.<\/p>\n<p class=\"premiere_ligne_negatif\"><strong>1999 <a href=\"https:\/\/icar.cnrs.fr\/pageperso\/cplantin\/documents\/1999e.doc\">Arguing emotions<\/a><br \/>\n<\/strong><em>In\u00a0<\/em>van Eemeren F. &amp; al.,\u00a0<em>Proceedings of the Fourth International Conference of the International Society for the Study of Argumentation\u00a0<\/em>, 1998. 631-638.<\/p>\n<p class=\"premiere_ligne_negatif\"><strong>1998\u00a0<a href=\"https:\/\/icar.cnrs.fr\/pageperso\/cplantin\/documents\/1998a.doc\">Les raisons des \u00e9motions<\/a><br \/>\n<\/strong><em>In\u00a0<\/em>M. Bondi (ed.)\u00a0<em>Forms of argumentative discourse \/ Per un\u2019analisi linguistica dell\u2019argomentare\u00a0<\/em>. Bologne\u00a0: CLUEB. 3-50<br \/>\n<em>[Trad. en portugais br\u00e9silien]\u00a0<\/em><\/p>\n<p class=\"premiere_ligne_negatif\"><strong>1997 <a href=\"https:\/\/www.persee.fr\/doc\/prati_0338-2389_1997_num_96_1_2475\">L\u2019argumentation dans l\u2019\u00e9motion<\/a><br \/>\n<\/strong><em>Pratiques\u00a0<\/em>96. 81-100.<\/p>\n<div id=\"res_script\">\n<dl class=\"NoticeRes\">\n<dd class=\"ValeurRes ref_biblio\"><\/dd>\n<\/dl>\n<dl class=\"NoticeRes\"><\/dl>\n<p class=\"SousRubrique\">\n<\/div>\n","protected":false},"excerpt":{"rendered":"<p>LES \u00c9MOTIONS DANS LE TEXTES ET LES INTERACTIONS PUBLICATIONS &nbsp; 2023 \u00c9motion : Le concept et le mot. Dans Cristelle Cavalla, Fran\u00e7oise Berdal-Masuy, Simon Coffey, Jacqueline Pairon (coord.) \u00a0\u00c9motion et cr\u00e9ativit\u00e9s en classe de langue. Le Langage et l&rsquo;Homme, 572. &hellip; <a href=\"https:\/\/icar.cnrs.fr\/membre\/cplantin\/publications-emotions\/\">Continuer la lecture <span class=\"meta-nav\">&rarr;<\/span><\/a><\/p>\n","protected":false},"author":97,"featured_media":0,"parent":0,"menu_order":0,"comment_status":"closed","ping_status":"closed","template":"","meta":{"footnotes":""},"class_list":["post-637","page","type-page","status-publish","hentry"],"_links":{"self":[{"href":"https:\/\/icar.cnrs.fr\/membre\/cplantin\/wp-json\/wp\/v2\/pages\/637","targetHints":{"allow":["GET"]}}],"collection":[{"href":"https:\/\/icar.cnrs.fr\/membre\/cplantin\/wp-json\/wp\/v2\/pages"}],"about":[{"href":"https:\/\/icar.cnrs.fr\/membre\/cplantin\/wp-json\/wp\/v2\/types\/page"}],"author":[{"embeddable":true,"href":"https:\/\/icar.cnrs.fr\/membre\/cplantin\/wp-json\/wp\/v2\/users\/97"}],"replies":[{"embeddable":true,"href":"https:\/\/icar.cnrs.fr\/membre\/cplantin\/wp-json\/wp\/v2\/comments?post=637"}],"version-history":[{"count":55,"href":"https:\/\/icar.cnrs.fr\/membre\/cplantin\/wp-json\/wp\/v2\/pages\/637\/revisions"}],"predecessor-version":[{"id":2515,"href":"https:\/\/icar.cnrs.fr\/membre\/cplantin\/wp-json\/wp\/v2\/pages\/637\/revisions\/2515"}],"wp:attachment":[{"href":"https:\/\/icar.cnrs.fr\/membre\/cplantin\/wp-json\/wp\/v2\/media?parent=637"}],"curies":[{"name":"wp","href":"https:\/\/api.w.org\/{rel}","templated":true}]}}