{"id":8,"date":"2016-11-02T17:38:51","date_gmt":"2016-11-02T16:38:51","guid":{"rendered":"https:\/\/icar.cnrs.fr\/membre\/cplantin\/?page_id=8"},"modified":"2022-09-22T11:06:27","modified_gmt":"2022-09-22T09:06:27","slug":"publications","status":"publish","type":"page","link":"https:\/\/icar.cnrs.fr\/membre\/cplantin\/publications\/","title":{"rendered":"M-TOUTES LES PUBLICATIONS"},"content":{"rendered":"<h3 style=\"text-align: center\"><strong>TOUTES LES PUBLICATIONS<br \/>\nARGUMENTATION \u2014 \u00c9MOTIONS<br \/>\n<\/strong><\/h3>\n<h3><a href=\"https:\/\/icar.cnrs.fr\/membre\/cplantin\/au-lecteur\/\"><strong>ACTUALIT\u00c9S<\/strong><\/a><\/h3>\n<h2><a href=\"https:\/\/icar.cnrs.fr\/membre\/cplantin\/conferences-recentes\/\"><strong>Conf\u00e9rences R\u00c9CENTES<\/strong><\/a><\/h2>\n<h2><a href=\"https:\/\/icar.cnrs.fr\/membre\/cplantin\/publications\/ouvrages\/\">OUVRAGES &#8211; Direction d&rsquo;Ouvrages<\/a><\/h2>\n<h2><a href=\"https:\/\/icar.cnrs.fr\/membre\/cplantin\/publications\/articles\/\">ARTICLES, CHAPITRES D&rsquo;OUVRAGES<\/a><\/h2>\n<p>&nbsp;<\/p>\n<p><img loading=\"lazy\" decoding=\"async\" class=\"wp-image-1027 aligncenter\" src=\"https:\/\/icar.cnrs.fr\/membre\/cplantin\/wp-content\/uploads\/sites\/107\/2021\/04\/Capture-d\u2019e\u0301cran-2021-04-25-a\u0300-16.01.41-300x25.png\" alt=\"\" width=\"419\" height=\"47\" \/><\/p>\n<h3><\/h3>\n<h3><strong>Publications sur<\/strong>\u00a0<a href=\"https:\/\/icar.cnrs.fr\/membre\/cplantin\/publications-emotions\/\"><strong>LES \u00c9MOTIONS <\/strong><\/a><strong>(<\/strong><strong>langue, discours, interactions)<\/strong><\/h3>\n<p>&nbsp;<\/p>\n<h3 style=\"text-align: center\"><strong><img loading=\"lazy\" decoding=\"async\" class=\"alignnone wp-image-1029\" src=\"https:\/\/icar.cnrs.fr\/membre\/cplantin\/wp-content\/uploads\/sites\/107\/2021\/04\/Capture-d\u2019e\u0301cran-2021-04-25-a\u0300-16.04.00-1-300x38.png\" alt=\"\" width=\"307\" height=\"50\" \/><\/strong><\/h3>\n<h3 style=\"text-align: center\"><strong>PUBLICATIONS PAR LANGUES<\/strong><\/h3>\n<h3><strong>&#8211; Publications <a href=\"https:\/\/icar.cnrs.fr\/membre\/cplantin\/publicaciones-en-espanol\/\">EN ESPA\u00f1OL<\/a><\/strong><\/h3>\n<h3><strong>&#8211; Publications<a href=\"https:\/\/icar.cnrs.fr\/membre\/cplantin\/publications-in-english\/\"> IN ENGLISH<\/a><\/strong><\/h3>\n<h3><strong>&#8211; Publications <a href=\"https:\/\/icar.cnrs.fr\/membre\/cplantin\/publicacoes-portuguesas\/\">EM PORTUGU\u00cbS<\/a><\/strong><\/h3>\n<h3><\/h3>\n<h2 style=\"text-align: center\"><\/h2>\n<h2 style=\"padding-left: 30px\"><\/h2>\n<h2 style=\"text-align: left;padding-left: 30px\"><\/h2>\n<p>&nbsp;<\/p>\n<p>&nbsp;<\/p>\n<p>&nbsp;<\/p>\n<p>&nbsp;<\/p>\n","protected":false},"excerpt":{"rendered":"<p>TOUTES LES PUBLICATIONS ARGUMENTATION \u2014 \u00c9MOTIONS ACTUALIT\u00c9S Conf\u00e9rences R\u00c9CENTES OUVRAGES &#8211; Direction d&rsquo;Ouvrages ARTICLES, CHAPITRES D&rsquo;OUVRAGES &nbsp; Publications sur\u00a0LES \u00c9MOTIONS (langue, discours, interactions) &nbsp; PUBLICATIONS PAR LANGUES &#8211; Publications EN ESPA\u00f1OL &#8211; Publications IN ENGLISH &#8211; Publications EM PORTUGU\u00cbS &nbsp; &hellip; <a href=\"https:\/\/icar.cnrs.fr\/membre\/cplantin\/publications\/\">Continuer la lecture <span class=\"meta-nav\">&rarr;<\/span><\/a><\/p>\n","protected":false},"author":1,"featured_media":0,"parent":0,"menu_order":2,"comment_status":"closed","ping_status":"closed","template":"","meta":{"footnotes":""},"class_list":["post-8","page","type-page","status-publish","hentry"],"_links":{"self":[{"href":"https:\/\/icar.cnrs.fr\/membre\/cplantin\/wp-json\/wp\/v2\/pages\/8","targetHints":{"allow":["GET"]}}],"collection":[{"href":"https:\/\/icar.cnrs.fr\/membre\/cplantin\/wp-json\/wp\/v2\/pages"}],"about":[{"href":"https:\/\/icar.cnrs.fr\/membre\/cplantin\/wp-json\/wp\/v2\/types\/page"}],"author":[{"embeddable":true,"href":"https:\/\/icar.cnrs.fr\/membre\/cplantin\/wp-json\/wp\/v2\/users\/1"}],"replies":[{"embeddable":true,"href":"https:\/\/icar.cnrs.fr\/membre\/cplantin\/wp-json\/wp\/v2\/comments?post=8"}],"version-history":[{"count":92,"href":"https:\/\/icar.cnrs.fr\/membre\/cplantin\/wp-json\/wp\/v2\/pages\/8\/revisions"}],"predecessor-version":[{"id":2403,"href":"https:\/\/icar.cnrs.fr\/membre\/cplantin\/wp-json\/wp\/v2\/pages\/8\/revisions\/2403"}],"wp:attachment":[{"href":"https:\/\/icar.cnrs.fr\/membre\/cplantin\/wp-json\/wp\/v2\/media?parent=8"}],"curies":[{"name":"wp","href":"https:\/\/api.w.org\/{rel}","templated":true}]}}