{"id":157,"date":"2017-04-05T14:23:36","date_gmt":"2017-04-05T12:23:36","guid":{"rendered":"https:\/\/icar.cnrs.fr\/membre\/dcaillat\/?page_id=157"},"modified":"2024-01-03T17:13:46","modified_gmt":"2024-01-03T16:13:46","slug":"publicationscommunications","status":"publish","type":"page","link":"https:\/\/icar.cnrs.fr\/membre\/dcaillat\/publicationscommunications\/","title":{"rendered":"Communications"},"content":{"rendered":"<p>[cette page n&rsquo;est plus mise \u00e0 jour]<\/p>\n<h1>Colloques et journ\u00e9es d\u2019\u00e9tude<\/h1>\n<p><strong>D\u00e9cembre 2018<\/strong>: \u00ab\u00a0La place des gestes dans la communication et le discours : ce que disent les gestes dans le discours politique\u00a0\u00bb, en collaboration avec Catherine Kerbrat-Orecchioni, journ\u00e9es <em>Les gestes ont la parole !<\/em>, Centre culturel de Goutelas.<\/p>\n<p><strong>Novembre 2017<\/strong>: \u00ab\u00a0Les fronti\u00e8res du discours rapport\u00e9 \u00e0 l\u2019oral : le r\u00f4le des donn\u00e9es cotextuelles, contextuelles et to-textuelles\u00a0\u00bb, journ\u00e9es d&rsquo;\u00e9tude <em>Aux Fronti\u00e8res des Discours Rapport\u00e9s<\/em>, Laboratoire FoReLL, Universit\u00e9 de Poitiers.<\/p>\n<p><strong>Juin 2017\u00a0: <\/strong>\u00ab\u00a0La repr\u00e9sentation de la parole de l\u2019adversaire dans les d\u00e9bats politiques t\u00e9l\u00e9vis\u00e9s\u00a0: de l\u2019indispensable reprise \u00e0 la reformulation orient\u00e9e\u00a0\u00bb, colloque international <em>La reformulation : \u00e0 la recherche d\u2019une fronti\u00e8re<\/em>, Universit\u00e9 d\u2019Uppsala (Su\u00e8de).<\/p>\n<p><strong>Mai 2017:<\/strong> \u00ab\u00a0Si j&rsquo;avais su j&rsquo;aurais pas venu! (La fabuleuse histoire de la grammaire&#8230;) \u00bb, mini-conf\u00e9rence dans le cadre du cycle \u00ab\u00a0Clair de conf \u00bb du Festival <em>Contes et autres cl\u00e9rieuzit\u00e9s<\/em>, Cl\u00e9rieux (France).<\/p>\n<p><strong>Novembre 2016\u00a0<\/strong>: (sur invitation de M. Kostro) \u00ab\u00a0La place du discours rapport\u00e9 dans les d\u00e9bats politiques t\u00e9l\u00e9vis\u00e9s : le cas des d\u00e9bats de l\u2019entre-deux-tours des pr\u00e9sidentielles fran\u00e7aises \u00bb, journ\u00e9e d&rsquo;\u00e9tude Le discours repr\u00e9sent\u00e9 dans les genres \u00e9crits et oraux, Universit\u00e9 de Varsovie (Pologne).<\/p>\n<p><strong>Octobre 2016\u00a0<\/strong>: \u00ab\u00a0S\u00e9duction et stigmatisation des \u00e9lecteurs communistes et frontistes: des positionnements strat\u00e9giques. Le cas des d\u00e9bats de l\u2019entre-deux tours des pr\u00e9sidentielles fran\u00e7aises (1974-2012) \u00bb, colloque international <em>Political Discourse and the Extremes in the Romance Speaking Countries: Linguistics and Social Science perspectives<\/em>, Universit\u00e9 de Stockholm (Su\u00e8de).<\/p>\n<p><strong>Novembre 2015\u00a0<\/strong>: \u00ab\u00a0Discours rapport\u00e9s et d\u00e9bats politiques t\u00e9l\u00e9vis\u00e9s\u00a0: l\u00e9gitimation de soi et d\u00e9l\u00e9gitimation de l\u2019adversaire\u00a0\u00bb, XIe Congr\u00e8s International de Linguistique Fran\u00e7aise, <em>Le discours politique et les discours politiques<\/em>, Universit\u00e9 de Saragosse (Espagne).<\/p>\n<p><strong>Octobre 2014\u00a0:<\/strong> \u00ab\u00a0Les d\u00e9bats politiques \u00e9lectoraux \u00e0 la t\u00e9l\u00e9vision fran\u00e7aise\u00a0: \u00e9tude contrastive Pr\u00e9sidentielles\/Primaires \u00e0 travers le prisme du discours rapport\u00e9\u00a0\u00bb, en collaboration avec M. Sandr\u00e9 (Montpellier 3, Praxiling), colloque <em>Political discourse<\/em>, Universit\u00e9 de Stockholm (Su\u00e8de).<\/p>\n<p><strong>Mars 2014\u00a0<\/strong>: \u00ab\u00a0Multimodalit\u00e9 et strat\u00e9gies argumentatives:\u00a0le cas du discours rapport\u00e9 dans les d\u00e9bats politico-m\u00e9diatiques\u00a0\u00bb, journ\u00e9e d\u2019\u00e9tude ASLAN (laboratoire d&rsquo;excellence Advanced Studies on LANguage complexity) \/ ICAR (Laboratoire Interactions, Corpus, Apprentissages, Repr\u00e9sentations), <em>Quand les gestes rencontrent la langue (et le discours)\u00a0: ressources multimodales et complexit\u00e9s interactionnelles<\/em>, ENS de Lyon.<\/p>\n<p><strong>Mars 2013\u00a0<\/strong>: \u00ab\u00a0Et pourquoi pas de la linguistique?\u00a0\u00bb en collaboration avec L. Faivre (doctorante en Sciences du langage et en \u00c9tudes germaniques), Cycle de mini-conf\u00e9rences Marathon du savoir, \u00ab\u00a0Et pourquoi pas ?\u00a0\u00bb, ENS de Lyon.<\/p>\n<p><strong>Septembre 2012\u00a0<\/strong>: \u00ab\u00a0Le traitement multimodal des discours rapport\u00e9s directs \u00e0 l\u2019oral\u00a0: proc\u00e9d\u00e9s argumentatifs du recours aux \u00e9motions\u00a0\u00bb, journ\u00e9es d\u2019\u00e9tude <em>L\u2019\u00e9motion argument\u00e9e<\/em>, IUFM de Lyon.<\/p>\n<p><strong>Juillet 2012\u00a0<\/strong>: \u00ab\u00a0 La notion de temporalit\u00e9 au c\u0153ur des proc\u00e9d\u00e9s de discours rapport\u00e9s \u00e0 l\u2019oral\u00a0: le cas du d\u00e9bat de l\u2019entre-deux tours des pr\u00e9sidentielles de 2007\u00a0\u00bb, Congr\u00e8s Mondial de Linguistique Fran\u00e7aise, Universit\u00e9 Lumi\u00e8re Lyon 2.<\/p>\n<p><strong>Juin 2012\u00a0<\/strong>: \u00ab\u00a0Les recours au discours rapport\u00e9 dans le d\u00e9bat pr\u00e9sidentiel de l\u2019entre-deux-tours de 2007 : des usages sexu\u00e9s\u00a0?\u00a0\u00bb, Colloque international de Ci-Dit, <em>Rapporter et \u00eatre rapport\u00e9(e)\u00a0: une affaire de genre(s)\u00a0?<\/em>, Universit\u00e9 de Stockholm (Su\u00e8de).<\/p>\n<p><strong>Juin 2012\u00a0<\/strong>: \u00ab\u00a0Gestion multimodale de l\u2019\u00e9nonciation \u00e0 l\u2019oral\u00a0: le cas du discours repr\u00e9sent\u00e9 direct\u00a0\u00bb, Journ\u00e9e d\u2019\u00e9tude sur l\u2019oral, Universit\u00e9 Lumi\u00e8re Lyon 2.<\/p>\n<p><strong>Septembre 2011\u00a0<\/strong>: \u00ab\u00a0Le Discours Rapport\u00e9 Direct dans les interactions orales: une mise en sc\u00e8ne multimodale pr\u00e9tendument fid\u00e8le\u00a0\u00bb, Colloque <em>Imitation et simulacre dans l\u2019espace francophone<\/em>, Universit\u00e9 de Valladolid (Espagne).<\/p>\n<p><strong>Septembre 2011\u00a0<\/strong>: \u00ab\u00a0Prosodic characteristics of direct reported speech in spoken French: tagging properties, expressive games and argumentative impact\u00a0\u00bb, <em>International congress Prosody and discourse Interface<\/em>, Salford University, Manchester (Grande Bretagne).<\/p>\n<p><strong>Mai 2011\u00a0<\/strong>: \u00ab\u00a0Le discours rapport\u00e9 direct dans les conversations orales: un syst\u00e8me de balisage multimodal\u00a0\u00bb, colloque international <em>Le discours rapport\u00e9 et ses marques<\/em>, Universit\u00e9 de Bergame (Italie).<\/p>\n<p><strong>D\u00e9cembre 2006\u00a0<\/strong>: \u00ab\u00a0Poly-structuration multimodale et poly-fonctionnalit\u00e9 \u00e9nonciative dans la narration orale professionnelle\u00a0: gestion du r\u00e9cit et gestion de l\u2019\u00e9coute dans la \u00ab\u00a0mise en bouche\u00a0\u00bb d\u2019un conte de No\u00ebl\u00a0\u00bb en collaboration avec H. Constantin de Chanay, colloque <em>La narration orale<\/em>, Universit\u00e9 Paris 7.<\/p>\n<h1>S\u00e9minaires et formations<\/h1>\n<p><strong>Mars 2017\u00a0:<\/strong> (sur invitation de R. Varga) \u00ab\u00a0Les d\u00e9bats politiques t\u00e9l\u00e9vis\u00e9s\u00a0: des strat\u00e9gies d\u2019influence\u00a0\u00bb, S\u00e9minaire GERiiCO (Groupe d&rsquo;\u00c9tudes et de Recherche Interdisciplinaire en Information et Communication), <em>De l\u2019influence en sciences de l\u2019information et de la communication<\/em>, Universit\u00e9 de Lille 3.<\/p>\n<p><strong>F\u00e9vrier 2014\u00a0:<\/strong> (sur invitation du Rectorat de Lyon), \u00ab\u00a0Les d\u00e9bats pr\u00e9sidentiels en spectacle\u00a0\u00bb, en collaboration avec C. Kerbrat-Orecchioni, formation des professeurs du lyc\u00e9e, Rectorat de Lyon.<\/p>\n<p><strong>Octobre 2013\u00a0:<\/strong> \u00ab\u00a0La construction interactionnelle de l&rsquo;\u00e9thos dans les d\u00e9bats politico-m\u00e9diatiques. Le cas des d\u00e9bats de l&rsquo;entre-deux tours des pr\u00e9sidentielles fran\u00e7aises\u00a0\u00bb, en collaboration avec C. Kerbrat-Orecchioni, S\u00e9minaire LexPoPoLex (LEXicologie POlitique et POlitologie LEXicale), Institut d\u2019\u00c9tudes Politiques de Lyon.<\/p>\n<p><strong>Mars 2013\u00a0:<\/strong> \u00ab\u00a0Construire de la connivence dans les d\u00e9bats politico-m\u00e9diatiques \u2013 avec qui, par quels moyens, pour quoi faire\u00a0?\u00a0\u00bb, en collaboration avec C. Kerbrat-Orecchioni, S\u00e9minaire GADGES (Groupe d&rsquo;Analyse de la Dynamique des Genres Et des Styles), Universit\u00e9 Jean Moulin Lyon 3.<\/p>\n<p><strong>Mars 2012\u00a0:<\/strong> \u00ab\u00a0Le discours rapport\u00e9 \u00e0 l\u2019oral\u00a0: gestion multimodale et proc\u00e9d\u00e9s argumentatifs\u00a0\u00bb, s\u00e9minaire ICAR, \u00e9quipe S3 (Syntaxe, S\u00e9mantique, S\u00e9miotique), Universit\u00e9 Lumi\u00e8re Lyon 2.<\/p>\n<p><strong>Janvier 2007\u00a0:<\/strong> \u00ab\u00a0Poly-structuration multimodale et poly-fonctionnalit\u00e9 \u00e9nonciative dans la narration orale professionnelle\u00a0: gestion du r\u00e9cit et gestion de l\u2019\u00e9coute dans la \u00ab\u00a0mise en bouche\u00a0\u00bb d\u2019un conte de No\u00ebl\u00a0\u00bb en collaboration avec Hugues Constantin de Chanay, s\u00e9minaire Rh\u00eama du laboratoire ICAR, Universit\u00e9 Lumi\u00e8re Lyon 2.<\/p>\n","protected":false},"excerpt":{"rendered":"<p>[cette page n&rsquo;est plus mise \u00e0 jour] Colloques et journ\u00e9es d\u2019\u00e9tude D\u00e9cembre 2018: \u00ab\u00a0La place des gestes dans la communication et le discours : ce que disent les gestes dans le discours politique\u00a0\u00bb, en collaboration avec Catherine Kerbrat-Orecchioni, journ\u00e9es Les &hellip; <a href=\"https:\/\/icar.cnrs.fr\/membre\/dcaillat\/publicationscommunications\/\">Continuer la lecture <span class=\"meta-nav\">&rarr;<\/span><\/a><\/p>\n","protected":false},"author":16,"featured_media":0,"parent":0,"menu_order":0,"comment_status":"closed","ping_status":"closed","template":"","meta":{"footnotes":""},"class_list":["post-157","page","type-page","status-publish","hentry"],"_links":{"self":[{"href":"https:\/\/icar.cnrs.fr\/membre\/dcaillat\/wp-json\/wp\/v2\/pages\/157","targetHints":{"allow":["GET"]}}],"collection":[{"href":"https:\/\/icar.cnrs.fr\/membre\/dcaillat\/wp-json\/wp\/v2\/pages"}],"about":[{"href":"https:\/\/icar.cnrs.fr\/membre\/dcaillat\/wp-json\/wp\/v2\/types\/page"}],"author":[{"embeddable":true,"href":"https:\/\/icar.cnrs.fr\/membre\/dcaillat\/wp-json\/wp\/v2\/users\/16"}],"replies":[{"embeddable":true,"href":"https:\/\/icar.cnrs.fr\/membre\/dcaillat\/wp-json\/wp\/v2\/comments?post=157"}],"version-history":[{"count":9,"href":"https:\/\/icar.cnrs.fr\/membre\/dcaillat\/wp-json\/wp\/v2\/pages\/157\/revisions"}],"predecessor-version":[{"id":235,"href":"https:\/\/icar.cnrs.fr\/membre\/dcaillat\/wp-json\/wp\/v2\/pages\/157\/revisions\/235"}],"wp:attachment":[{"href":"https:\/\/icar.cnrs.fr\/membre\/dcaillat\/wp-json\/wp\/v2\/media?parent=157"}],"curies":[{"name":"wp","href":"https:\/\/api.w.org\/{rel}","templated":true}]}}