{"id":165,"date":"2017-06-09T11:22:25","date_gmt":"2017-06-09T09:22:25","guid":{"rendered":"https:\/\/icar.cnrs.fr\/membre\/dcaillat\/?page_id=165"},"modified":"2024-01-03T17:03:03","modified_gmt":"2024-01-03T16:03:03","slug":"publications","status":"publish","type":"page","link":"https:\/\/icar.cnrs.fr\/membre\/dcaillat\/publications\/","title":{"rendered":"Publications"},"content":{"rendered":"<h2>Liste des publications sur HAL<\/h2>\n<h2 class='hal7'>Articles avec comit\u00e9 de lecture<\/h2><h3 class='hal7'>2022<\/h3><p class='hal7'>Domitille Caillat. Ruth AMOSSY (dir.) (2018), \u00ab\u00a0La r\u00e9paration d\u2019image dans le discours de campagne. Perspectives discursives et argumentatives\u00a0\u00bb. <i>Communication [Information M\u00e9dias Th\u00e9ories] : revue qu\u00e9b\u00e9coise des recherches et des pratiques en communication et information<\/i>, 2022, Vol. 39\/2, <a target=\"_blank\" href=\"https:\/\/dx.doi.org\/10.4000\/communication.16025\">&#x27E8;10.4000\/communication.16025&#x27E9;<\/a>. <a target=\"_blank\" href=\"https:\/\/hal.science\/hal-04962367v1\">&#x27E8;hal-04962367&#x27E9;<\/a><\/p><h3 class='hal7'>2021<\/h3><p class='hal7'>Domitille Caillat. La dimension mimo-posturo-gestuelle du discours rapport\u00e9 \u00e0 l\u2019oral\u00a0: ancrage \u00e9nonciatif et implications interactionnelles. <i>Les cahiers de prax\u00e9matique<\/i>, 2021, H\u00e9t\u00e9rog\u00e9n\u00e9it\u00e9 \u00e9nonciative et discours en interaction (1). L\u2019autre en dialogue : h\u00e9t\u00e9rog\u00e9n\u00e9it\u00e9 \u00e9nonciative et genres de l\u2019oral, 75, <a target=\"_blank\" href=\"https:\/\/dx.doi.org\/10.4000\/praxematique.6808\">&#x27E8;10.4000\/praxematique.6808&#x27E9;<\/a>. <a target=\"_blank\" href=\"https:\/\/hal.science\/hal-03643414v1\">&#x27E8;hal-03643414&#x27E9;<\/a><\/p><p class='hal7'>Olga Artyushkina, Domitille Caillat, Hugues Constantin De Chanay, Aleksandra Nowakowska. H\u00e9t\u00e9rog\u00e9n\u00e9it\u00e9 \u00e9nonciative et discours en interaction dans les genres de l\u2019oral. <i>Les cahiers de prax\u00e9matique<\/i>, 2021, 75, pp.1-11. <a target=\"_blank\" href=\"https:\/\/dx.doi.org\/10.4000\/praxematique.7588\">&#x27E8;10.4000\/praxematique.7588&#x27E9;<\/a>. <a target=\"_blank\" href=\"https:\/\/hal.science\/hal-04159649v1\">&#x27E8;hal-04159649&#x27E9;<\/a><\/p><p class='hal7'>Olga Artyushkina, Domitille Caillat, Hugues Constantin de Chanay, Aleksandra Nowakowska. H\u00e9t\u00e9rog\u00e9n\u00e9it\u00e9 \u00e9nonciative et discours en interaction dans les genres de l\u2019\u00e9crit. <i>Les cahiers de prax\u00e9matique<\/i>, 2021, 76, pp.1-12. <a target=\"_blank\" href=\"https:\/\/dx.doi.org\/10.4000\/praxematique.7589\">&#x27E8;10.4000\/praxematique.7589&#x27E9;<\/a>. <a target=\"_blank\" href=\"https:\/\/hal.science\/hal-03725364v1\">&#x27E8;hal-03725364&#x27E9;<\/a><\/p><h3 class='hal7'>2020<\/h3><p class='hal7'>Domitille Caillat, Marion Ballet, Hugues Constantin de Chanay, Dominique Desmarchelier. Pourquoi reprendre la parole de l'autre en politique?. <i>Mots : les langages du politique<\/i>, 2020, 122, pp.9-19. <a target=\"_blank\" href=\"https:\/\/dx.doi.org\/10.4000\/mots.26000\">&#x27E8;10.4000\/mots.26000&#x27E9;<\/a>. <a target=\"_blank\" href=\"https:\/\/hal.science\/hal-03643393v1\">&#x27E8;hal-03643393&#x27E9;<\/a><\/p><h3 class='hal7'>2013<\/h3><p class='hal7'>Domitille Caillat. Le traitement multimodal des discours rapport\u00e9s (en style direct) \u00e0 l'oral : proc\u00e9d\u00e9s \u00e9nonciatifs et argumentatifs du recours aux \u00e9motions. <i>Semen - Revue de s\u00e9mio-linguistique des textes et discours<\/i>, 2013, 35, pp.83-101. <a target=\"_blank\" href=\"https:\/\/dx.doi.org\/10.4000\/semen.9816\">&#x27E8;10.4000\/semen.9816&#x27E9;<\/a>. <a target=\"_blank\" href=\"https:\/\/shs.hal.science\/halshs-00825689v1\">&#x27E8;halshs-00825689&#x27E9;<\/a><\/p><h3 class='hal7'>2012<\/h3><p class='hal7'>Domitille Caillat. Le discours repr\u00e9sent\u00e9 direct dans les conversations orales: une gestion multimodale des d\u00e9crochements \u00e9nonciatifs. <i>Le Discours et la Langue Revue de linguistique fran\u00e7aise et d'analyse du discours<\/i>, 2012, 2.2, pp.113-122. <a target=\"_blank\" href=\"https:\/\/hal.science\/hal-00814750v1\">&#x27E8;hal-00814750&#x27E9;<\/a><\/p><h2 class='hal7'>Communications avec actes<\/h2><h3 class='hal7'>2025<\/h3><p class='hal7'>Micka\u00eblla Grondin-Verdon, Domitille Caillat, Louis Abel, Slim Ouni. Evaluating Automatic Hand-Gesture Generation Using Multimodal Corpus Annotations: The Benefits of a Multidisciplinary Approach. <i>MM '25:The 33rd ACM International Conference on Multimedia<\/i>, Taras Kucherenko; Laura B. Hensel, Oct 2025, Dublin, Ireland. pp.3-11, <a target=\"_blank\" href=\"https:\/\/dx.doi.org\/10.1145\/3746268.3759430\">&#x27E8;10.1145\/3746268.3759430&#x27E9;<\/a>. <a target=\"_blank\" href=\"https:\/\/hal.science\/hal-05330689v1\">&#x27E8;hal-05330689&#x27E9;<\/a><\/p><h3 class='hal7'>2024<\/h3><p class='hal7'>Micka\u00eblla Grondin-Verdon, Domitille Caillat, Slim Ouni. Qualitative study of gesture annotation corpus : Challenges and perspectives. <i>ICMI Companion '24: Companion Proceedings of the 26th International Conference on Multimodal Interaction<\/i>, Nov 2024, San Jose, Costa Rica. pp.147-155, <a target=\"_blank\" href=\"https:\/\/dx.doi.org\/10.1145\/3686215.3688820\">&#x27E8;10.1145\/3686215.3688820&#x27E9;<\/a>. <a target=\"_blank\" href=\"https:\/\/hal.science\/hal-04767088v1\">&#x27E8;hal-04767088&#x27E9;<\/a><\/p><h3 class='hal7'>2012<\/h3><p class='hal7'>Domitille Caillat. La notion de temporalit\u00e9 au c\u0153ur de l'analyse des discours repr\u00e9sent\u00e9s \u00e0 l'oral : essai de typologie, proc\u00e9d\u00e9s rh\u00e9toriques et port\u00e9es argumentatives des DR dans le d\u00e9bat pr\u00e9sidentiel fran\u00e7ais de 2007. <i>IIIe Congr\u00e8s Mondial de Linguistique Fran\u00e7aise<\/i>, Jul 2012, Lyon, France. pp.427 - 439, <a target=\"_blank\" href=\"https:\/\/dx.doi.org\/10.1051\/shsconf\/20120100329\">&#x27E8;10.1051\/shsconf\/20120100329&#x27E9;<\/a>. <a target=\"_blank\" href=\"https:\/\/shs.hal.science\/halshs-00818408v1\">&#x27E8;halshs-00818408&#x27E9;<\/a><\/p><h2 class='hal7'>Communications sans actes<\/h2><h3 class='hal7'>2026<\/h3><p class='hal7'>Domitille Caillat. Transcribing spoken language: principles and challenges. <i>Beyond Parliament: AI-Enhanced Multilingual Corpus Using Innovative Methodology for Non-Institutional Speechez in German, French, Spanish and Italian<\/i>, Universit\u00e9 de Mod\u00e8ne et de Reggio d'\u00c9milie, Feb 2026, Mod\u00e8ne, Italy. <a target=\"_blank\" href=\"https:\/\/shs.hal.science\/halshs-05590145v1\">&#x27E8;halshs-05590145&#x27E9;<\/a><\/p><p class='hal7'>Domitille Caillat. Transcrire l\u2019oral: Principes et enjeux. <i>Beyond Parliament : AI-Enhanced Multilingual Corpus Using Innovative Methodology for Non-Institutional Speeches in German, French, Spanish and Italian<\/i>, Universit\u00e9 de Mod\u00e8ne et de Reggio d'\u00c9milie, Feb 2026, Mod\u00e8ne, Italie. <a target=\"_blank\" href=\"https:\/\/hal.science\/hal-05533626v1\">&#x27E8;hal-05533626&#x27E9;<\/a><\/p><h3 class='hal7'>2025<\/h3><p class='hal7'>Domitille Caillat, Micka\u00eblla Grondin-Verdon, Slim Ouni. Exploring Gesture Formalization: Encoding Features and Automation Strategies. <i>10th Conference of the International Society for Gesture Studies<\/i>, Jul 2025, Nijmegen, Netherlands. <a target=\"_blank\" href=\"https:\/\/hal.science\/hal-05180973v1\">&#x27E8;hal-05180973&#x27E9;<\/a><\/p><p class='hal7'>Domitille Caillat, Micka\u00eblla Grondin-Verdon, Slim Ouni. Iconic Co-verbal Gestures: Study of Some Facets of Iconicity. <i>Workshop on dimensions of iconicity in the visual modality<\/i>, Feb 2025, G\u00f6ttingen, Germany. <a target=\"_blank\" href=\"https:\/\/hal.science\/hal-04962406v1\">&#x27E8;hal-04962406&#x27E9;<\/a><\/p><p class='hal7'>Micka\u00eblla Grondin-Verdon, Domitille Caillat, Slim Ouni. Encoding the Spatial Features of Co-Verbal Manual Gestures: a Framework for Automated Annotation. <i>12th International Conference on Multimodality (ICOM)<\/i>, University of Groningen, Oct 2025, Groningen, Netherlands. <a target=\"_blank\" href=\"https:\/\/hal.science\/hal-05343752v1\">&#x27E8;hal-05343752&#x27E9;<\/a><\/p><h3 class='hal7'>2022<\/h3><p class='hal7'>Agata Jackiewicz, Domitille Caillat, Luce Lefeuvre. LEs eKiPes SnCF et rTE mEttENt toUt eN oEUvrE pOuR ReTAbLir LeLEcTrIciT\u00c9.. <i>8e colloque international et pluridisciplinaire Ci-Dit, Mat\u00e9rialit\u00e9s du Discours Rapport\u00e9<\/i>, Universite\u0301 du Luxembourg, Jun 2022, Luxembourg, Luxembourg. <a target=\"_blank\" href=\"https:\/\/hal.science\/hal-04441788v1\">&#x27E8;hal-04441788&#x27E9;<\/a><\/p><p class='hal7'>Domitille Caillat, Ludovic Marin, Christelle Dodane, Fabrice Hirsch, Slim Ouni, et al.. Synchronization of speech and gestures in an interactional context (SyncoGest Project). <i>ISGS 2022 - 9th Conference of the International Society for Gesture Studies<\/i>, Jul 2022, Chicago, United States. <a target=\"_blank\" href=\"https:\/\/imt-mines-ales.hal.science\/hal-03875218v1\">&#x27E8;hal-03875218&#x27E9;<\/a><\/p><h3 class='hal7'>2021<\/h3><p class='hal7'>Domitille Caillat, Agata Jackiewicz, Luce Lefeuvre. Quelle perception de l\u2019Information Voyageurs en situation perturb\u00e9e ? Le ressenti des voyageurs \u00e0 la lumi\u00e8re de la linguistique de corpus et de l\u2019analyse du discours. <i>3\u00e8mes Rencontres Francophones Transport Mobilit\u00e9, session De la collecte \u00e0 l\u2019analyse des donn\u00e9es textuelles pour l\u2019\u00e9tude des mobilit\u00e9s quotidiennes<\/i>, Jun 2021, Marne La Vallee, France. <a target=\"_blank\" href=\"https:\/\/hal.science\/hal-04442150v1\">&#x27E8;hal-04442150&#x27E9;<\/a><\/p><p class='hal7'>Domitille Caillat. Le discours rapport\u00e9 \u201cco-locutif\u201d, ou comment forcer l\u2019adh\u00e9sion de son interlocuteur. <i>XIIIe Colloque international de linguistique fran\u00e7aise, Autour de l\u2019\u00e9nonciation : des strat\u00e9gies aux op\u00e9rateurs<\/i>, Sep 2021, Oviedo, Spain. <a target=\"_blank\" href=\"https:\/\/hal.science\/hal-04962408v1\">&#x27E8;hal-04962408&#x27E9;<\/a><\/p><h3 class='hal7'>2017<\/h3><p class='hal7'>Domitille Caillat. Les fronti\u00e8res du discours rapport\u00e9 \u00e0 l\u2019oral : le r\u00f4le des donn\u00e9es cotextuelles, contextuelles et to-textuelles. <i>Aux Fronti\u00e8res des Discours Rapport\u00e9s<\/i>, Nov 2017, Poitiers, France. <a target=\"_blank\" href=\"https:\/\/hal.science\/hal-04962452v1\">&#x27E8;hal-04962452&#x27E9;<\/a><\/p><h3 class='hal7'>2016<\/h3><p class='hal7'>Domitille Caillat. La place du discours rapport\u00e9 dans les d\u00e9bats politiques t\u00e9l\u00e9vis\u00e9s : le cas des d\u00e9bats de l\u2019entre-deux-tours des pr\u00e9sidentielles fran\u00e7aises. <i>Le discours repr\u00e9sent\u00e9 dans les genres \u00e9crits et oraux<\/i>, Nov 2016, Varsovie, Poland. <a target=\"_blank\" href=\"https:\/\/hal.science\/hal-04962411v1\">&#x27E8;hal-04962411&#x27E9;<\/a><\/p><p class='hal7'>Domitille Caillat. S\u00e9duction et stigmatisation des \u00e9lecteurs communistes et frontistes : des positionnements strat\u00e9giques. Le cas des d\u00e9bats de l\u2019entre-deux tours des pr\u00e9sidentielles fran\u00e7aises (1974-2012). <i>Political Discourse and the Extremes in the Romance Speaking Countries: Linguistics and Social Science perspectives<\/i>, Oct 2016, Stockholm, Sweden. <a target=\"_blank\" href=\"https:\/\/hal.science\/hal-04962413v1\">&#x27E8;hal-04962413&#x27E9;<\/a><\/p><h3 class='hal7'>2015<\/h3><p class='hal7'>Domitille Caillat. Discours rapport\u00e9s et d\u00e9bats politiques t\u00e9l\u00e9vis\u00e9s : l\u00e9gitimation de soi et d\u00e9l\u00e9gitimation de l\u2019adversaire. <i>XIe Congr\u00e8s International de Linguistique Fran\u00e7aise (CILF), Le discours politique et les discours politiques<\/i>, Nov 2015, Saragosse (Universit\u00e9), Spain. <a target=\"_blank\" href=\"https:\/\/hal.science\/hal-04962415v1\">&#x27E8;hal-04962415&#x27E9;<\/a><\/p><h3 class='hal7'>2014<\/h3><p class='hal7'>Domitille Caillat, Marion Sandr\u00e9. Les d\u00e9bats politiques \u00e9lectoraux \u00e0 la t\u00e9l\u00e9vision fran\u00e7aise : \u00e9tude contrastive Pr\u00e9sidentielles\/Primaires \u00e0 travers le prisme du discours rapport\u00e9. <i>Political discourse in the Romance speaking countries: new perspectives at the crossroads of linguistics and social sciences<\/i>, Oct 2014, Stockholm, Sweden. <a target=\"_blank\" href=\"https:\/\/hal.science\/hal-04962423v1\">&#x27E8;hal-04962423&#x27E9;<\/a><\/p><p class='hal7'>Domitille Caillat. Multimodalit\u00e9 et strat\u00e9gies argumentatives : le cas du discours rapport\u00e9 dans les d\u00e9bats politico-m\u00e9diatiques. <i>Quand les gestes rencontrent la langue (et le discours) : ressources multimodales et complexit\u00e9s interactionnelles<\/i>, Mar 2014, Lyon (ENS de Lyon), France. <a target=\"_blank\" href=\"https:\/\/hal.science\/hal-04962455v1\">&#x27E8;hal-04962455&#x27E9;<\/a><\/p><h3 class='hal7'>2013<\/h3><p class='hal7'>Domitille Caillat, La\u00ebtitia Faivre. Et pourquoi pas de la linguistique ?. <i>Marathon du savoir<\/i>, Mar 2013, Lyon (ENS de Lyon), France. <a target=\"_blank\" href=\"https:\/\/hal.science\/hal-04962459v1\">&#x27E8;hal-04962459&#x27E9;<\/a><\/p><h3 class='hal7'>2012<\/h3><p class='hal7'>Domitille Caillat. Le traitement multimodal des discours rapport\u00e9s directs \u00e0 l\u2019oral : proc\u00e9d\u00e9s argumentatifs du recours aux \u00e9motions. <i>L\u2019\u00e9motion argument\u00e9e<\/i>, Sep 2012, Lyon (FR), France. <a target=\"_blank\" href=\"https:\/\/hal.science\/hal-04962427v1\">&#x27E8;hal-04962427&#x27E9;<\/a><\/p><p class='hal7'>Domitille Caillat. Les recours au discours rapport\u00e9 dans le d\u00e9bat pr\u00e9sidentiel de l\u2019entre-deux-tours de 2007 : des usages sexu\u00e9s?. <i>Colloque international Ci-Dit, Rapporter et \u00eatre rapport\u00e9(e) : une affaire de genre(s) ?<\/i>, Jun 2012, Stockholm, Sweden. <a target=\"_blank\" href=\"https:\/\/hal.science\/hal-04962434v1\">&#x27E8;hal-04962434&#x27E9;<\/a><\/p><h3 class='hal7'>2011<\/h3><p class='hal7'>Domitille Caillat. Le Discours Rapport\u00e9 Direct dans les interactions orales : une mise en sc\u00e8ne multimodale pr\u00e9tendument fid\u00e8le. <i>Imitation et simulacre dans l\u2019espace francophone<\/i>, Sep 2011, Valladolid, Spain. <a target=\"_blank\" href=\"https:\/\/hal.science\/hal-04962440v1\">&#x27E8;hal-04962440&#x27E9;<\/a><\/p><p class='hal7'>Domitille Caillat. Le discours rapport\u00e9 direct dans les conversations orales : un syst\u00e8me de balisage multimodal. <i>Le discours rapport\u00e9 et ses marques<\/i>, May 2011, Bergame, Italy. <a target=\"_blank\" href=\"https:\/\/hal.science\/hal-04962443v1\">&#x27E8;hal-04962443&#x27E9;<\/a><\/p><p class='hal7'>Domitille Caillat. Prosodic characteristics of direct reported speech in spoken French: tagging properties, expressive games and argumentative impact. <i>Prosody and discourse Interface<\/i>, Sep 2011, Manchester, United Kingdom. <a target=\"_blank\" href=\"https:\/\/hal.science\/hal-04962438v1\">&#x27E8;hal-04962438&#x27E9;<\/a><\/p><h3 class='hal7'>2006<\/h3><p class='hal7'>Domitille Caillat, Hugues Constantin de Chanay. Poly-structuration multimodale et poly-fonctionnalit\u00e9 \u00e9nonciative dans la narration orale professionnelle : gestion du r\u00e9cit et gestion de l\u2019\u00e9coute dans la \u201cmise en bouche\u201d d\u2019un conte de No\u00ebl. <i>La narration orale<\/i>, Nov 2006, Paris, France. <a target=\"_blank\" href=\"https:\/\/hal.science\/hal-04962446v1\">&#x27E8;hal-04962446&#x27E9;<\/a><\/p><h2 class='hal7'>Posters<\/h2><h3 class='hal7'>2025<\/h3><p class='hal7'>Micka\u00eblla Grondin-Verdon, Domitille Caillat, Slim Ouni. COSMOS: Semi-automatic tool development for co-speech gesture segmentation based on expert frame annotations. <i>GENEA 2025 - Generation and Evaluation of Non-verbal Behaviour for Embodied Agents Workshop<\/i>, Oct 2025, Dublin, Ireland. 2025. <a target=\"_blank\" href=\"https:\/\/hal.science\/hal-05280497v1\">&#x27E8;hal-05280497&#x27E9;<\/a><\/p><h2 class='hal7'>Ouvrages<\/h2><h3 class='hal7'>2024<\/h3><p class='hal7'>Domitille Caillat, Bertrand Verine. Manuel d'analyse du discours. Perspectives contemporaines. <a target=\"_blank\" href=\"https:\/\/www.deboecksuperieur.com\/ouvrage\/9782807360556-manuel-d-analyse-du-discours\">De Boeck Sup\u00e9rieur<\/a>, 2024, Culture & Communication, 9782807360556. <a target=\"_blank\" href=\"https:\/\/hal.science\/hal-04919971v1\">&#x27E8;hal-04919971&#x27E9;<\/a><\/p><h2 class='hal7'>Chapitres d'ouvrage<\/h2><h3 class='hal7'>2024<\/h3><p class='hal7'>Agata Jackiewicz, Domitille Caillat, Luce Lefeuvre. #UnAgentVousManqueEtToutEstD\u00e9peupl\u00e9. Quand la mat\u00e9rialit\u00e9 des tweets informe sur la r\u00e9ception de l\u2019information voyageur. <i>Mat\u00e9rialit\u00e9s du discours rapport\u00e9<\/i>, Academia, pp.93-112, 2024, Mat\u00e9rialit\u00e9s du discours rapport\u00e9, 978-2-8061-3748-7. <a target=\"_blank\" href=\"https:\/\/hal.science\/hal-04442192v1\">&#x27E8;hal-04442192&#x27E9;<\/a><\/p><p class='hal7'>Domitille Caillat, Jacques Bres, Fr\u00e9d\u00e9ric Calas, Jean Marc Sarale, Bertrand Verine. Structuration, Chapitre III. Domitille Caillat; Bertrand Verine. <i>Manuel d'analyse du discours. Perspectives contemporaines<\/i>, <a target=\"_blank\" href=\"https:\/\/www.deboecksuperieur.com\/ouvrage\/9782807360556-manuel-d-analyse-du-discours\">De Boeck Sup\u00e9rieur<\/a>, pp.49-69, 2024, Culture & Communication, 9782807360556. <a target=\"_blank\" href=\"https:\/\/hal.science\/hal-04919998v1\">&#x27E8;hal-04919998&#x27E9;<\/a><\/p><p class='hal7'>Fr\u00e9d\u00e9ric Calas, Domitille Caillat, Jean Marc Sarale. \"Argumentation\". Chapitre VI.. Domitille Caillat; Bertrand Verine. <i>Manuel d'analyse du discours : perspectives contemporaines.<\/i>, <a target=\"_blank\" href=\"https:\/\/www.deboecksuperieur.com\/ouvrage\/9782807360556-manuel-d-analyse-du-discours\">De Boeck Sup\u00e9rieur<\/a>, pp.115-133, 2024, Culture et Communication, 9782807360556. <a target=\"_blank\" href=\"https:\/\/hal.science\/hal-04919986v1\">&#x27E8;hal-04919986&#x27E9;<\/a><\/p><p class='hal7'>Sascha Diwersy, Domitille Caillat, Christelle Dodane, Fabrice Hirsch, Giancarlo Luxardo, et al.. Analyses outill\u00e9es. Domitille Caillat; Bertrand Verine. <i>Manuel d'analyse du discours<\/i>, De Boeck Sup\u00e9rieur, pp.135-161, 2024. <a target=\"_blank\" href=\"https:\/\/hal.science\/hal-04895975v1\">&#x27E8;hal-04895975&#x27E9;<\/a><\/p><h3 class='hal7'>2019<\/h3><p class='hal7'>Domitille Caillat. La repr\u00e9sentation de la parole de l'adversaire dans les d\u00e9bats politiques t\u00e9l\u00e9vis\u00e9s: de l'indispensable reprise \u00e0 la reformulation orient\u00e9e. Houda LANDOLSI, Maria SVENSSON et Coco NOREN. <i>La reformulation : \u00e0 la recherche d'une fronti\u00e8re<\/i>, 87, Uppsala Universitet, pp.115-127., 2019, Studia Romanica Upsaliensia, 978915&306766. <a target=\"_blank\" href=\"https:\/\/hal.science\/hal-03643440v1\">&#x27E8;hal-03643440&#x27E9;<\/a><\/p><p class='hal7'>Domitille Caillat. \u00ab Un proc\u00e9d\u00e9 argumentatif particulier : le discours rapport\u00e9 \u00bb. <i>Le d\u00e9bat Macron\/Le Pen de 2017 : un d\u00e9bat disruptif ?<\/i>, 2019. <a target=\"_blank\" href=\"https:\/\/hal.science\/hal-02329770v1\">&#x27E8;hal-02329770&#x27E9;<\/a><\/p><h3 class='hal7'>2017<\/h3><p class='hal7'>Domitille Caillat. La place du discours rapport\u00e9 dans les d\u00e9bats politiques t\u00e9l\u00e9vis\u00e9s: le cas des d\u00e9bats de l\u2019entre-deux-tours des pr\u00e9sidentielles fran\u00e7aises. A. Ma\u0144kowska; M. Kostro. <i>Le discours repr\u00e9sent\u00e9 dans les genres \u00e9crits et oraux<\/i>, Werset, 2017. <a target=\"_blank\" href=\"https:\/\/shs.hal.science\/halshs-01628039v1\">&#x27E8;halshs-01628039&#x27E9;<\/a><\/p><h3 class='hal7'>2014<\/h3><p class='hal7'>Domitille Caillat. Le discours rapport\u00e9 direct \u00e0 l\u2019oral: un simulacre multimodal. Presse de l\u2019Universit\u00e9 de Valladolid. <i>Imitation et simulacre dans l\u2019espace francophone<\/i>, 2014. <a target=\"_blank\" href=\"https:\/\/shs.hal.science\/halshs-01628032v1\">&#x27E8;halshs-01628032&#x27E9;<\/a><\/p><p class='hal7'>Domitille Caillat. Les recours au discours rapport\u00e9 dans le d\u00e9bat pr\u00e9sidentiel de 2007 : rapport de force et question de genre. F. Sullet-Nylander; M. Roitman; M. Lopez-Mu\u00f1oz; S. Marnette; L. Rosier. <i>Discours rapport\u00e9, genre(s) et m\u00e9dia<\/i>, Stockholm University Press, pp.117-129, 2014. <a target=\"_blank\" href=\"https:\/\/shs.hal.science\/halshs-01628035v1\">&#x27E8;halshs-01628035&#x27E9;<\/a><\/p><h3 class='hal7'>2013<\/h3><p class='hal7'>Domitille Caillat. Le discours rapport\u00e9 direct dans les conversations orales: un syst\u00e8me de balisage multimodal. C\u00e9cile Desoutter; Caroline Mellet. <i>Le discours rapport\u00e9 et ses marques<\/i>, 178, <a target=\"_blank\" href=\"https:\/\/www.peterlang.com\/view\/product\/45857\">Peter Lang<\/a>, pp.63-80, 2013, Linguistic Insights. <a target=\"_blank\" href=\"https:\/\/hal.science\/hal-01546910v1\">&#x27E8;hal-01546910&#x27E9;<\/a><\/p><h2 class='hal7'>Autres publications<\/h2><h3 class='hal7'>2021<\/h3><p class='hal7'>Olga Artyushkina, Domitille Caillat, Hugues Constantin de Chanay, Aleksandra Nowakowska-Genieys. H\u00e9t\u00e9rog\u00e9n\u00e9it\u00e9 \u00e9nonciative et discours en interaction (1). L\u2019autre en dialogue : h\u00e9t\u00e9rog\u00e9n\u00e9it\u00e9 \u00e9nonciative et genres de l\u2019oral. <i>Les cahiers de prax\u00e9matique<\/i>, 75, 2021, <a target=\"_blank\" href=\"https:\/\/dx.doi.org\/10.4000\/praxematique.6744\">&#x27E8;10.4000\/praxematique.6744&#x27E9;<\/a>. <a target=\"_blank\" href=\"https:\/\/hal.science\/hal-03643400v1\">&#x27E8;hal-03643400&#x27E9;<\/a><\/p><p class='hal7'>Olga Artyushkina, Domitille Caillat, Hugues Constantin de Chanay, Aleksandra Nowakowska-Genieys. H\u00e9t\u00e9rog\u00e9n\u00e9it\u00e9 \u00e9nonciative et discours en interaction (2). Dialogalit\u00e9, h\u00e9t\u00e9rog\u00e9n\u00e9it\u00e9 \u00e9nonciative et genres de l\u2019\u00e9crit. <i>Les cahiers de prax\u00e9matique<\/i>, 76, 2021, <a target=\"_blank\" href=\"https:\/\/dx.doi.org\/10.4000\/praxematique.6746\">&#x27E8;10.4000\/praxematique.6746&#x27E9;<\/a>. <a target=\"_blank\" href=\"https:\/\/hal.science\/hal-03643408v1\">&#x27E8;hal-03643408&#x27E9;<\/a><\/p><h3 class='hal7'>2020<\/h3><p class='hal7'>Marion Ballet, Domitille Caillat, Hugues Constantin de Chanay, Dominique Desmarchelier. Reprendre la parole de l\u2019autre en politique. <i>Mots : les langages du politique<\/i>, 122, 2020, <a target=\"_blank\" href=\"https:\/\/dx.doi.org\/10.4000\/mots.25980\">&#x27E8;10.4000\/mots.25980&#x27E9;<\/a>. <a target=\"_blank\" href=\"https:\/\/hal.science\/hal-03643387v1\">&#x27E8;hal-03643387&#x27E9;<\/a><\/p>\r\n\r\n\n<p style=\"padding-left: 30px\">\n","protected":false},"excerpt":{"rendered":"<p>Liste des publications sur HAL<\/p>\n","protected":false},"author":16,"featured_media":0,"parent":0,"menu_order":0,"comment_status":"closed","ping_status":"closed","template":"","meta":{"footnotes":""},"class_list":["post-165","page","type-page","status-publish","hentry"],"_links":{"self":[{"href":"https:\/\/icar.cnrs.fr\/membre\/dcaillat\/wp-json\/wp\/v2\/pages\/165","targetHints":{"allow":["GET"]}}],"collection":[{"href":"https:\/\/icar.cnrs.fr\/membre\/dcaillat\/wp-json\/wp\/v2\/pages"}],"about":[{"href":"https:\/\/icar.cnrs.fr\/membre\/dcaillat\/wp-json\/wp\/v2\/types\/page"}],"author":[{"embeddable":true,"href":"https:\/\/icar.cnrs.fr\/membre\/dcaillat\/wp-json\/wp\/v2\/users\/16"}],"replies":[{"embeddable":true,"href":"https:\/\/icar.cnrs.fr\/membre\/dcaillat\/wp-json\/wp\/v2\/comments?post=165"}],"version-history":[{"count":18,"href":"https:\/\/icar.cnrs.fr\/membre\/dcaillat\/wp-json\/wp\/v2\/pages\/165\/revisions"}],"predecessor-version":[{"id":229,"href":"https:\/\/icar.cnrs.fr\/membre\/dcaillat\/wp-json\/wp\/v2\/pages\/165\/revisions\/229"}],"wp:attachment":[{"href":"https:\/\/icar.cnrs.fr\/membre\/dcaillat\/wp-json\/wp\/v2\/media?parent=165"}],"curies":[{"name":"wp","href":"https:\/\/api.w.org\/{rel}","templated":true}]}}